{"id":276,"date":"2017-06-27T11:07:33","date_gmt":"2017-06-27T11:07:33","guid":{"rendered":"http:\/\/blogsaverroes.juntadeandalucia.es\/ceiptiernogalvancadiz\/?page_id=276"},"modified":"2017-06-28T07:39:55","modified_gmt":"2017-06-28T07:39:55","slug":"plan-de-coeducacion","status":"publish","type":"page","link":"https:\/\/blogsaverroes.juntadeandalucia.es\/ceiptiernogalvancadiz\/plan-de-coeducacion\/","title":{"rendered":"Plan de Coeducaci\u00f3n"},"content":{"rendered":"<p><span style=\"font-family: Comic Sans MS,serif\"><span style=\"font-size: small\">Cumpliendo el acuerdo del 16 de febrero de 2016 por el que se aprueba el II Plan Estrat\u00e9gico de Igualdad, los objetivos generales son los siguientes:<\/span><\/span><\/p>\n<p><span style=\"color: #001323\"><span style=\"font-family: Comic Sans MS,serif\"><span style=\"font-size: small\">1. Establecer condiciones para que los centros implementen Planes de Centro coeducativos a trav\u00e9s de una organizaci\u00f3n escolar y un curr\u00edculo sin sesgos de g\u00e9nero.<\/span><\/span><\/span><span style=\"color: #001323\"><span style=\"font-family: Comic Sans MS,serif\"><span style=\"font-size: small\"><br \/>\n<\/span><\/span><\/span><span style=\"color: #001323\"><span style=\"font-family: Comic Sans MS,serif\"><span style=\"font-size: small\">2. Realizar acciones de sensibilizaci\u00f3n, formaci\u00f3n e implicaci\u00f3n de la comunidad educativa en materia de igualdad de g\u00e9nero, coeducaci\u00f3n y prevenci\u00f3n de la violencia de g\u00e9nero.<\/span><\/span><\/span><span style=\"color: #001323\"><span style=\"font-family: Comic Sans MS,serif\"><span style=\"font-size: small\"><br \/>\n<\/span><\/span><\/span><span style=\"color: #001323\"><span style=\"font-family: Comic Sans MS,serif\"><span style=\"font-size: small\">3. Promover actuaciones de sensibilizaci\u00f3n y prevenci\u00f3n de la violencia de g\u00e9nero para contribuir a su erradicaci\u00f3n, asegurando una intervenci\u00f3n adecuada ante posibles casos de violencia de g\u00e9nero en el \u00e1mbito educativo.<\/span><\/span><\/span><span style=\"color: #001323\"><span style=\"font-family: Comic Sans MS,serif\"><span style=\"font-size: small\"><br \/>\n<\/span><\/span><\/span><span style=\"color: #001323\"><span style=\"font-family: Comic Sans MS,serif\"><span style=\"font-size: small\">4. Fomentar la integraci\u00f3n de la perspectiva de g\u00e9nero en el funcionamiento de la Administraci\u00f3n educativa, sus organismos adscritos y los centros docentes dependientes de ella.<\/span><\/span><\/span><\/p>\n<p align=\"center\"><span style=\"color: #ff0000\"><span style=\"font-family: Comic Sans MS,serif\"><span style=\"font-size: large\"><b>OBJETIVOS ESPEC\u00cdFICOS PLAN DE IGUALDAD 2016-17<\/b><\/span><\/span><\/span><\/p>\n<p><span style=\"font-family: Comic Sans MS,serif\"><span style=\"font-size: small\">Analizando todos los aspectos tratados hemos decidido elaborar los siguientes objetivos espec\u00edficos . Estos objetivos buscan la implicaci\u00f3n de toda la comunidad educativa del CEIP Profesor Tierno Galv\u00e1n en la puesta en marcha de distintas actuaciones en base a los principios del II Plan de Igualdad. <\/span><\/span><\/p>\n<p><span style=\"font-family: Comic Sans MS,serif\"><span style=\"font-size: small\">1.- Fomentar la transversalidad de nuestro plan de igualdad incorpor\u00e1ndolo a las programaciones did\u00e1cticas a lo largo de todo el curso acad\u00e9mico y propiciando as\u00ed el desarrollo de las competencias b\u00e1sicas.<\/span><\/span><\/p>\n<p><span style=\"font-family: Comic Sans MS,serif\"><span style=\"font-size: small\">2.- Fomentar el principio de transversalidad siguiendo las recomendaciones de Naciones Unidas en sus propuestas de los \u00abDias de\u00bb .<\/span><\/span><\/p>\n<p><span style=\"font-family: Comic Sans MS,serif\"><span style=\"font-size: small\">3.- Fomentar el principio de visibilidad destacando la contribuci\u00f3n de muchas mujeres al desarrollo de la sociedad y valorando el trabajo que tradicionalmente han desarrollado.<\/span><\/span><\/p>\n<p><span style=\"font-family: Comic Sans MS,serif\"><span style=\"font-size: small\">4.- Fomentar el principio de paridad desarrollando la autonom\u00eda personal as\u00ed como el sentido de la responsabilidad del alumnado, de forma que vayan asumiendo las tareas familiares y sociales sin discriminaciones por sexo.<\/span><\/span><\/p>\n<p><span style=\"font-family: Comic Sans MS,serif\"><span style=\"font-size: small\">5.- Fomentar los principios de inclusi\u00f3n y paridad eliminando en cualquier actividad del centro (juegos, lenguaje, deporte, actividades extraescolares, recreos&#8230;) estereotipos de g\u00e9nero que sean discriminatorios o fomenten la desigualdad.<\/span><\/span><\/p>\n<p><span style=\"font-family: Comic Sans MS,serif\"><span style=\"font-size: small\">6.- Asegurar la utilizaci\u00f3n de un lenguaje no sexista en el centro (documentaci\u00f3n del centro, recursos y materiales did\u00e1cticos, carteler\u00eda del centro, blogs del centro, comunicaci\u00f3n a las familias, etc) as\u00ed como el utilizado por todos los miembros de la comunidad educativa.<\/span><\/span><\/p>\n<p><span style=\"font-family: Comic Sans MS,serif\"><span style=\"font-size: small\">7.- Fomentar la participaci\u00f3n del profesorado en las actividades propuestas facilitando la informaci\u00f3n y colaborando con ellos en el desarrollo de las mismas<\/span><\/span><\/p>\n<p><span style=\"font-family: Comic Sans MS,serif\"><span style=\"font-size: small\">8.- Fomentar la participaci\u00f3n del alumnado propiciando actividades din\u00e1micas basadas en juegos, debates, trabajos colaborativos , asistencia a eventos etc.<\/span><\/span><\/p>\n<p><span style=\"font-family: Comic Sans MS,serif\"><span style=\"font-size: small\">9.- <\/span><\/span><span style=\"font-family: Comic Sans MS,serif\"><span style=\"font-size: small\">Fomentar la realizaci\u00f3n de actividades que sensibilicen y hagan reflexionar sobre la violencia de g\u00e9nero a toda la comunidad educativa, adapt\u00e1ndonos en todo momento a la edad de nuestro alumnado y poniendo medios para erradicarla<\/span><\/span><\/p>\n<p><span style=\"font-family: Comic Sans MS,serif\"><span style=\"font-size: small\">10.- Fomentar el conocimiento y la participaci\u00f3n de toda la comunidad educativa en distintas actividades online que se ofrecen a trav\u00e9s del blog de igualdad del centro.<\/span><\/span><\/p>\n<p><span style=\"font-family: Comic Sans MS,serif\"><span style=\"font-size: small\">11.- Favorecer la comunicaci\u00f3n, sensibilizaci\u00f3n e implicaci\u00f3n de las familias haci\u00e9ndoles part\u00edcipes de las actividades que se realizan en el centro, manteniendo una comunicaci\u00f3n activa a trav\u00e9s del blog, de comunicados , agendas, directamente en las tutor\u00edas. o a trav\u00e9s del tabl\u00f3n de coeducaci\u00f3n o la coordinadora de igualdad. <\/span><\/span><\/p>\n<p><span style=\"font-family: Comic Sans MS,serif\"><span style=\"font-size: small\">12.- Fomentar la participaci\u00f3n e implicaci\u00f3n de las familias a trav\u00e9s de actividades dise\u00f1adas por ellos o por la coordinadora de igualdad, siempre en coordinaci\u00f3n con el equipo directivo.<\/span><\/span><\/p>\n<p><span style=\"font-family: Comic Sans MS,serif\"><span style=\"font-size: small\">13.- Animar a distintos sectores de comunidad educativa as\u00ed como a entidades p\u00fablicas o privadas a participar en nuestro centro en forma de charlas , coloquios , representaciones&#8230;etc sobre temas relacionados con la coeducaci\u00f3n y la igualdad.<\/span><\/span><\/p>\n<p><span style=\"font-family: Comic Sans MS,serif\"><span style=\"font-size: small\">14.- Promover actividades que se solidaricen con el entorno m\u00e1s cercano de nuestro centro y ciudad visibilizando las dificultades que determinados colectivos presentan y que se agravan al no responder con los principios de paridad e inclusi\u00f3n nuestra sociedad.<\/span><\/span><\/p>\n","protected":false},"excerpt":{"rendered":"<p>Cumpliendo el acuerdo del 16 de febrero de 2016 por el que se aprueba el II Plan Estrat\u00e9gico de Igualdad, los objetivos generales son los siguientes: 1. Establecer condiciones para que los centros implementen Planes de Centro coeducativos a trav\u00e9s de una organizaci\u00f3n escolar y un curr\u00edculo sin sesgos de&#46;&#46;&#46;<\/p>\n","protected":false},"author":3206,"featured_media":0,"parent":0,"menu_order":0,"comment_status":"closed","ping_status":"closed","template":"","meta":{"ngg_post_thumbnail":0,"footnotes":""},"aioseo_notices":[],"_links":{"self":[{"href":"https:\/\/blogsaverroes.juntadeandalucia.es\/ceiptiernogalvancadiz\/wp-json\/wp\/v2\/pages\/276"}],"collection":[{"href":"https:\/\/blogsaverroes.juntadeandalucia.es\/ceiptiernogalvancadiz\/wp-json\/wp\/v2\/pages"}],"about":[{"href":"https:\/\/blogsaverroes.juntadeandalucia.es\/ceiptiernogalvancadiz\/wp-json\/wp\/v2\/types\/page"}],"author":[{"embeddable":true,"href":"https:\/\/blogsaverroes.juntadeandalucia.es\/ceiptiernogalvancadiz\/wp-json\/wp\/v2\/users\/3206"}],"replies":[{"embeddable":true,"href":"https:\/\/blogsaverroes.juntadeandalucia.es\/ceiptiernogalvancadiz\/wp-json\/wp\/v2\/comments?post=276"}],"version-history":[{"count":4,"href":"https:\/\/blogsaverroes.juntadeandalucia.es\/ceiptiernogalvancadiz\/wp-json\/wp\/v2\/pages\/276\/revisions"}],"predecessor-version":[{"id":303,"href":"https:\/\/blogsaverroes.juntadeandalucia.es\/ceiptiernogalvancadiz\/wp-json\/wp\/v2\/pages\/276\/revisions\/303"}],"wp:attachment":[{"href":"https:\/\/blogsaverroes.juntadeandalucia.es\/ceiptiernogalvancadiz\/wp-json\/wp\/v2\/media?parent=276"}],"curies":[{"name":"wp","href":"https:\/\/api.w.org\/{rel}","templated":true}]}}