{"id":296,"date":"2017-06-27T11:39:26","date_gmt":"2017-06-27T11:39:26","guid":{"rendered":"http:\/\/blogsaverroes.juntadeandalucia.es\/ceiptiernogalvancadiz\/?page_id=296"},"modified":"2022-05-26T08:15:36","modified_gmt":"2022-05-26T08:15:36","slug":"aula-matinal","status":"publish","type":"page","link":"https:\/\/blogsaverroes.juntadeandalucia.es\/ceiptiernogalvancadiz\/aula-matinal\/","title":{"rendered":"Aula Matinal"},"content":{"rendered":"<p>Horario: 07.30-9.00h<\/p>\n<p>Empresa de animaci\u00f3n infantil: <strong><span style=\"text-decoration: underline\"><a href=\"http:\/\/grupo-senda.com\/\">SENDA<\/a><\/span><\/strong><\/p>\n<p class=\"western\" align=\"justify\"><span style=\"color: #000000\"><span style=\"font-family: Times New Roman,serif\"><span style=\"font-size: small\"><span lang=\"es-ES\">Al mismo tiempo que la matr\u00edcula se podr\u00e1 entregar la solicitud de Plan de Familia. El plazo suele terminar sobre el 10-12 de cada junio<\/span><\/span><\/span><\/span><span style=\"color: #000000\"><span style=\"font-family: Times New Roman,serif\"><span style=\"font-size: small\"><span lang=\"es-ES\"><b>.<\/b><\/span><\/span><\/span><\/span><span style=\"color: #000000\"><span style=\"font-family: Times New Roman,serif\"><span style=\"font-size: small\"><span lang=\"es-ES\"> Dicha solicitud, la tienen en la Conserjer\u00eda del Centro y en la barra superior y lateral de la p\u00e1gina web. Es imprescindible hacer constar todos los datos en el impreso de solicitud y justificar documentalmente las circunstancias que se aleguen. <\/span><\/span><\/span><\/span><span style=\"color: #000000\"><span style=\"font-family: Times New Roman,serif\"><span style=\"font-size: small\"><span lang=\"es-ES\"><b>En caso de alegar que ambos progenitores se encuentran trabajando en horario de Comedor, se deber\u00e1 justificar adjuntando a la solicitud un Certificado de Trabajo en el que conste el horario laboral.<\/b><\/span><\/span><\/span><\/span><span style=\"color: #000000\"><span style=\"font-family: Times New Roman,serif\"><span style=\"font-size: small\"><span lang=\"es-ES\"> En el caso de ser familia monoparental, s\u00f3lo podr\u00e1 documentarse con el libro de familia en el que conste esta circunstancia.<\/span><\/span><\/span><\/span><\/p>\n<p class=\"western\" align=\"justify\"><span style=\"font-family: Times New Roman,serif\"><span style=\"font-size: small\"><b>No se admitir\u00e1 ninguna solicitud de Plan de Familia que no est\u00e9 recogida y sellada en Secretar\u00eda.<\/b><\/span><\/span><\/p>\n<p class=\"western\"><span style=\"font-family: Times New Roman,serif\"><span style=\"font-size: small\"><b>No se tramitar\u00e1 ninguna solicitud sin estar al d\u00eda de pago de las actividades, aula matinal o comedor.<\/b><\/span><\/span><\/p>\n","protected":false},"excerpt":{"rendered":"<p>Horario: 07.30-9.00h Empresa de animaci\u00f3n infantil: SENDA Al mismo tiempo que la matr\u00edcula se podr\u00e1 entregar la solicitud de Plan de Familia. El plazo suele terminar sobre el 10-12 de cada junio. Dicha solicitud, la tienen en la Conserjer\u00eda del Centro y en la barra superior y lateral de la&#46;&#46;&#46;<\/p>\n","protected":false},"author":3206,"featured_media":0,"parent":0,"menu_order":0,"comment_status":"closed","ping_status":"closed","template":"","meta":{"ngg_post_thumbnail":0,"footnotes":""},"aioseo_notices":[],"_links":{"self":[{"href":"https:\/\/blogsaverroes.juntadeandalucia.es\/ceiptiernogalvancadiz\/wp-json\/wp\/v2\/pages\/296"}],"collection":[{"href":"https:\/\/blogsaverroes.juntadeandalucia.es\/ceiptiernogalvancadiz\/wp-json\/wp\/v2\/pages"}],"about":[{"href":"https:\/\/blogsaverroes.juntadeandalucia.es\/ceiptiernogalvancadiz\/wp-json\/wp\/v2\/types\/page"}],"author":[{"embeddable":true,"href":"https:\/\/blogsaverroes.juntadeandalucia.es\/ceiptiernogalvancadiz\/wp-json\/wp\/v2\/users\/3206"}],"replies":[{"embeddable":true,"href":"https:\/\/blogsaverroes.juntadeandalucia.es\/ceiptiernogalvancadiz\/wp-json\/wp\/v2\/comments?post=296"}],"version-history":[{"count":4,"href":"https:\/\/blogsaverroes.juntadeandalucia.es\/ceiptiernogalvancadiz\/wp-json\/wp\/v2\/pages\/296\/revisions"}],"predecessor-version":[{"id":1723,"href":"https:\/\/blogsaverroes.juntadeandalucia.es\/ceiptiernogalvancadiz\/wp-json\/wp\/v2\/pages\/296\/revisions\/1723"}],"wp:attachment":[{"href":"https:\/\/blogsaverroes.juntadeandalucia.es\/ceiptiernogalvancadiz\/wp-json\/wp\/v2\/media?parent=296"}],"curies":[{"name":"wp","href":"https:\/\/api.w.org\/{rel}","templated":true}]}}