{"id":437,"date":"2017-06-29T10:32:16","date_gmt":"2017-06-29T10:32:16","guid":{"rendered":"http:\/\/blogsaverroes.juntadeandalucia.es\/ceiptiernogalvancadiz\/?page_id=437"},"modified":"2021-09-09T10:51:54","modified_gmt":"2021-09-09T10:51:54","slug":"normas-de-uso","status":"publish","type":"page","link":"https:\/\/blogsaverroes.juntadeandalucia.es\/ceiptiernogalvancadiz\/normas-de-uso\/","title":{"rendered":"Normas de uso"},"content":{"rendered":"<p align=\"center\"><strong><span style=\"color: #ff6600\">Actualmente, con las medidas de salud aprobadas y en aplicaci\u00f3n del protocolo covid, la biblioteca no funcionar\u00e1 como tal, sino como aula espor\u00e1dica y sala adicional de comedor, manteni\u00e9ndose el fomento de la lectura y los pr\u00e9stamos a trav\u00e9s de las tutor\u00edas.<\/span><\/strong><\/p>\n<p class=\"western\" align=\"center\"><span style=\"color: #ff0000\"><strong><span style=\"font-family: Comic Sans MS,cursive\"><span style=\"font-size: small\"><u><b>HORARIO<\/b><\/u><\/span><\/span><\/strong><\/span><\/p>\n<ul>\n<li>\n<p class=\"western\" align=\"justify\"><span style=\"font-family: Comic Sans MS,cursive\"><span style=\"font-size: small\">La Biblioteca permanecer\u00e1 abierta durante durante los recreos.&nbsp; Se permitir\u00e1 la entrada hasta las 11:25. Se cerrar\u00e1 cinco minutos antes de que toque el timbre, para que los alumnos no lleguen tarde a la fila.<\/span><\/span><\/p>\n<\/li>\n<li>\n<p class=\"western\" align=\"justify\"><span style=\"font-family: Comic Sans MS,cursive\"><span style=\"font-size: small\">Los grupos de alumnos\/as acudir\u00e1n siempre acompa\u00f1ados de un profesor\/a y en la hora que previamente se haya asignado de acuerdo con el equipo de Biblioteca.<\/span><\/span><\/p>\n<\/li>\n<li>\n<p class=\"western\" align=\"justify\"><span style=\"font-family: Comic Sans MS,cursive\"><span style=\"font-size: small\">Durante el tiempo de recreo (de 11:15 a 11:45 horas), la Biblioteca est\u00e1 abierta a disposici\u00f3n de los alumnos, si bien \u00fanicamente para leer, estudiar o realizar tareas escolares.<\/span><\/span><\/p>\n<\/li>\n<li>\n<p class=\"western\" align=\"justify\"><span style=\"font-family: Comic Sans MS,cursive\"><span style=\"font-size: small\">Para aprovechar bien los recursos se requiere un ambiente de trabajo adecuado que entre todos intentaremos mantener. El silencio es necesario para garantizar la tranquilidad y el bienestar de todos.<\/span><\/span><\/p>\n<\/li>\n<\/ul>\n<p class=\"western\" align=\"center\"><strong><span style=\"color: #be0036\"><span style=\"font-family: Comic Sans MS,cursive\"><span style=\"font-size: small\"><u><b>NORMAS DE FUNCIONAMIENTO DE LA BIBLIOTECA<\/b><\/u><\/span><\/span><\/span><\/strong><\/p>\n<ul>\n<li>\n<p class=\"western\" align=\"justify\"><span style=\"font-family: Comic Sans MS,cursive\"><span style=\"font-size: small\">Est\u00e1 prohibido comer y beber. (incluidas chucher\u00edas)<\/span><\/span><\/p>\n<\/li>\n<li>\n<p class=\"western\" align=\"justify\"><span style=\"font-family: Comic Sans MS,cursive\"><span style=\"font-size: small\">Es un lugar de trabajo y estudio, donde se tiene que guardar silencio (no convertirse en un&nbsp;gallinero).<\/span><\/span><\/p>\n<\/li>\n<li>\n<p class=\"western\" align=\"justify\"><span style=\"color: #000000\">&nbsp;<span style=\"font-family: Comic Sans MS,cursive\"><span style=\"font-size: small\">No se puede<\/span><\/span><\/span><span style=\"color: #000000\"><span style=\"font-family: Comic Sans MS,cursive\"><span style=\"font-size: small\"> estar de pie y circular por ella como si de un pasillo se tratara. (si no hubiera sitio donde sentarse, o bien no se entra, o bien se abandona.<\/span><\/span><\/span><\/p>\n<\/li>\n<li>\n<p class=\"western\" align=\"justify\"><span style=\"font-family: Comic Sans MS,cursive\"><span style=\"font-size: small\">Antes de que toque el timbre se abandonar\u00e1 la biblioteca, dejando las sillas en su sitio correctamente colocadas y los libros en el lugar y estanter\u00eda&nbsp;&nbsp;donde se cogieron.<\/span><\/span><\/p>\n<\/li>\n<li>\n<p class=\"western\" align=\"justify\"><span style=\"font-family: Comic Sans MS,cursive\"><span style=\"font-size: small\">Se usar\u00e1n los marcadores para se\u00f1alar donde est\u00e1n los libros que cogemos para leer o consultar<\/span><\/span><\/p>\n<\/li>\n<li>\n<p class=\"western\" align=\"justify\"><strong><span style=\"color: #000000\"><span style=\"font-family: Comic Sans MS,cursive\"><span style=\"font-size: small\">La inobservancia de algunas de estas normas puede acarrear el desalojo total o parcial y conllevar la prohibici\u00f3n a su acceso de aquellos alumnos que perturben su normal funcionamiento<\/span><\/span><\/span><\/strong><span style=\"color: #000000\"><span style=\"font-family: Comic Sans MS,cursive\"><span style=\"font-size: small\">.<\/span><\/span><\/span><\/p>\n<\/li>\n<\/ul>\n<p class=\"western\" align=\"center\"><strong><span style=\"color: #be0036\"><span style=\"font-family: Comic Sans MS,cursive\"><span style=\"font-size: small\"><u><b>SERVICIO DE PR\u00c9STAMO<\/b><\/u><\/span><\/span><\/span><\/strong><\/p>\n<ul>\n<li>\n<p class=\"western\" align=\"justify\"><span style=\"font-family: Comic Sans MS,cursive\"><span style=\"font-size: small\">El servicio de pr\u00e9stamos y devoluciones se realizar\u00e1 por el tutor en la hora que tiene asignada de biblioteca.<\/span><\/span><\/p>\n<\/li>\n<li>\n<p class=\"western\" align=\"justify\"><span style=\"font-family: Comic Sans MS,cursive\"><span style=\"font-size: small\">El pr\u00e9stamo de libros a domicilio es por un m\u00e1ximo de 15 d\u00edas. <\/span><\/span><\/p>\n<\/li>\n<li>\n<p class=\"western\" align=\"justify\"><span style=\"font-family: Comic Sans MS,cursive\"><span style=\"font-size: small\">En caso que el alumno falte el d\u00eda que tenga que devolver el material de la biblioteca, lo har\u00e1 a la tutora el d\u00eda siguiente.<\/span><\/span><\/p>\n<\/li>\n<li>\n<p class=\"western\" align=\"justify\"><span style=\"font-family: Comic Sans MS,cursive\"><span style=\"font-size: small\">El da\u00f1o por deterioro o extrav\u00edo del material de biblioteca en pr\u00e9stamo ser\u00e1 asumido por el lector\/a, que deber\u00e1 restaurarlo o sustituir por otro igual o equivalente.<\/span><\/span><\/p>\n<\/li>\n<\/ul>\n","protected":false},"excerpt":{"rendered":"<p>Actualmente, con las medidas de salud aprobadas y en aplicaci\u00f3n del protocolo covid, la biblioteca no funcionar\u00e1 como tal, sino como aula espor\u00e1dica y sala adicional de comedor, manteni\u00e9ndose el fomento de la lectura y los pr\u00e9stamos a trav\u00e9s de las tutor\u00edas. HORARIO La Biblioteca permanecer\u00e1 abierta durante durante los&#46;&#46;&#46;<\/p>\n","protected":false},"author":3206,"featured_media":0,"parent":0,"menu_order":0,"comment_status":"closed","ping_status":"closed","template":"","meta":{"ngg_post_thumbnail":0,"footnotes":""},"aioseo_notices":[],"_links":{"self":[{"href":"https:\/\/blogsaverroes.juntadeandalucia.es\/ceiptiernogalvancadiz\/wp-json\/wp\/v2\/pages\/437"}],"collection":[{"href":"https:\/\/blogsaverroes.juntadeandalucia.es\/ceiptiernogalvancadiz\/wp-json\/wp\/v2\/pages"}],"about":[{"href":"https:\/\/blogsaverroes.juntadeandalucia.es\/ceiptiernogalvancadiz\/wp-json\/wp\/v2\/types\/page"}],"author":[{"embeddable":true,"href":"https:\/\/blogsaverroes.juntadeandalucia.es\/ceiptiernogalvancadiz\/wp-json\/wp\/v2\/users\/3206"}],"replies":[{"embeddable":true,"href":"https:\/\/blogsaverroes.juntadeandalucia.es\/ceiptiernogalvancadiz\/wp-json\/wp\/v2\/comments?post=437"}],"version-history":[{"count":3,"href":"https:\/\/blogsaverroes.juntadeandalucia.es\/ceiptiernogalvancadiz\/wp-json\/wp\/v2\/pages\/437\/revisions"}],"predecessor-version":[{"id":1591,"href":"https:\/\/blogsaverroes.juntadeandalucia.es\/ceiptiernogalvancadiz\/wp-json\/wp\/v2\/pages\/437\/revisions\/1591"}],"wp:attachment":[{"href":"https:\/\/blogsaverroes.juntadeandalucia.es\/ceiptiernogalvancadiz\/wp-json\/wp\/v2\/media?parent=437"}],"curies":[{"name":"wp","href":"https:\/\/api.w.org\/{rel}","templated":true}]}}