{"id":1210,"date":"2024-10-16T11:57:23","date_gmt":"2024-10-16T10:57:23","guid":{"rendered":"https:\/\/blogsaverroes.juntadeandalucia.es\/ceiptiernogalvanelejido\/?page_id=1210"},"modified":"2024-10-16T11:57:23","modified_gmt":"2024-10-16T10:57:23","slug":"equipo-directivo","status":"publish","type":"page","link":"https:\/\/blogsaverroes.juntadeandalucia.es\/ceiptiernogalvanelejido\/equipo-directivo\/","title":{"rendered":"Equipo Directivo"},"content":{"rendered":"<p>Directora: Yolanda S\u00e1nchez F\u00e1bregas<\/p>\n<p>Jefa de Estudios: Remedios Roc\u00edo Subires Mu\u00f1oz<\/p>\n<p>Secretario: Fernando Rubio Cortes&nbsp;<\/p>\n","protected":false},"excerpt":{"rendered":"<p>Directora: Yolanda S\u00e1nchez F\u00e1bregas Jefa de Estudios: Remedios Roc\u00edo Subires Mu\u00f1oz Secretario: Fernando Rubio Cortes&nbsp;<\/p>\n","protected":false},"author":16568,"featured_media":0,"parent":0,"menu_order":0,"comment_status":"closed","ping_status":"closed","template":"","meta":{"_et_pb_use_builder":"","_et_pb_old_content":"","_et_gb_content_width":"","ngg_post_thumbnail":0,"footnotes":""},"aioseo_notices":[],"_links":{"self":[{"href":"https:\/\/blogsaverroes.juntadeandalucia.es\/ceiptiernogalvanelejido\/wp-json\/wp\/v2\/pages\/1210"}],"collection":[{"href":"https:\/\/blogsaverroes.juntadeandalucia.es\/ceiptiernogalvanelejido\/wp-json\/wp\/v2\/pages"}],"about":[{"href":"https:\/\/blogsaverroes.juntadeandalucia.es\/ceiptiernogalvanelejido\/wp-json\/wp\/v2\/types\/page"}],"author":[{"embeddable":true,"href":"https:\/\/blogsaverroes.juntadeandalucia.es\/ceiptiernogalvanelejido\/wp-json\/wp\/v2\/users\/16568"}],"replies":[{"embeddable":true,"href":"https:\/\/blogsaverroes.juntadeandalucia.es\/ceiptiernogalvanelejido\/wp-json\/wp\/v2\/comments?post=1210"}],"version-history":[{"count":2,"href":"https:\/\/blogsaverroes.juntadeandalucia.es\/ceiptiernogalvanelejido\/wp-json\/wp\/v2\/pages\/1210\/revisions"}],"predecessor-version":[{"id":1213,"href":"https:\/\/blogsaverroes.juntadeandalucia.es\/ceiptiernogalvanelejido\/wp-json\/wp\/v2\/pages\/1210\/revisions\/1213"}],"wp:attachment":[{"href":"https:\/\/blogsaverroes.juntadeandalucia.es\/ceiptiernogalvanelejido\/wp-json\/wp\/v2\/media?parent=1210"}],"curies":[{"name":"wp","href":"https:\/\/api.w.org\/{rel}","templated":true}]}}