{"id":1287,"date":"2024-10-21T15:58:30","date_gmt":"2024-10-21T14:58:30","guid":{"rendered":"https:\/\/blogsaverroes.juntadeandalucia.es\/ceiptiernogalvanelejido\/?page_id=1287"},"modified":"2025-05-29T17:01:35","modified_gmt":"2025-05-29T16:01:35","slug":"tde","status":"publish","type":"page","link":"https:\/\/blogsaverroes.juntadeandalucia.es\/ceiptiernogalvanelejido\/tde\/","title":{"rendered":"TDE"},"content":{"rendered":"<p><span style=\"color: #808000\"><strong><span style=\"font-family: 'comic sans ms', sans-serif;font-size: 18pt\">Informaci\u00f3n sobre c\u00f3mo acompa\u00f1ar con el primer m\u00f3vil<\/span><\/strong><\/span><\/p>\n<p style=\"text-align: center\"><iframe loading=\"lazy\" src=\"\/\/www.youtube.com\/embed\/LaWJOQ5vK3I?si=cjwl1k87U_Qsx6D0\" width=\"560\" height=\"315\" frameborder=\"0\"><\/iframe><\/p>\n<p style=\"text-align: center\"><iframe loading=\"lazy\" src=\"\/\/www.youtube.com\/embed\/YpDk_XpqRQg?si=qSD4K9zKjivA_IlU\" width=\"560\" height=\"315\" frameborder=\"0\"><\/iframe><\/p>\n<p style=\"text-align: center\"><iframe loading=\"lazy\" src=\"\/\/www.youtube.com\/embed\/6DtmA7ZpVAM?si=J0zyk0YuSe_5TBir\" width=\"560\" height=\"315\" frameborder=\"0\"><\/iframe><\/p>\n<p style=\"text-align: center\"><iframe loading=\"lazy\" src=\"\/\/www.youtube.com\/embed\/3eWV1IgZK8k?si=mlZZZEgKKgKcEuGN\" width=\"560\" height=\"315\" frameborder=\"0\"><\/iframe><\/p>\n<p>&nbsp;<\/p>\n<p>&nbsp;<\/p>\n<p><a href=\"https:\/\/blogsaverroes.juntadeandalucia.es\/ceiptiernogalvanelejido\/files\/2024\/12\/guia_concilia-tic_2022_0.pdf\"><img loading=\"lazy\" decoding=\"async\" class=\"aligncenter wp-image-1391 size-full\" src=\"https:\/\/blogsaverroes.juntadeandalucia.es\/ceiptiernogalvanelejido\/files\/2024\/12\/Concilia-TIC.png\" alt=\"\" width=\"708\" height=\"709\" srcset=\"https:\/\/blogsaverroes.juntadeandalucia.es\/ceiptiernogalvanelejido\/files\/2024\/12\/Concilia-TIC.png 708w, https:\/\/blogsaverroes.juntadeandalucia.es\/ceiptiernogalvanelejido\/files\/2024\/12\/Concilia-TIC-480x481.png 480w\" sizes=\"(min-width: 0px) and (max-width: 480px) 480px, (min-width: 481px) 708px, 100vw\" \/><\/a><\/p>\n<p>&nbsp;<\/p>\n<p><a href=\"https:\/\/blogsaverroes.juntadeandalucia.es\/ceiptiernogalvanelejido\/files\/2024\/11\/guia-proteccion-datos-centros-educativos-andalucia.pdf\"><img loading=\"lazy\" decoding=\"async\" class=\"aligncenter wp-image-1353 size-full\" src=\"https:\/\/blogsaverroes.juntadeandalucia.es\/ceiptiernogalvanelejido\/files\/2024\/11\/Proteccion-de-datos.jpg\" alt=\"\" width=\"719\" height=\"1026\" srcset=\"https:\/\/blogsaverroes.juntadeandalucia.es\/ceiptiernogalvanelejido\/files\/2024\/11\/Proteccion-de-datos.jpg 719w, https:\/\/blogsaverroes.juntadeandalucia.es\/ceiptiernogalvanelejido\/files\/2024\/11\/Proteccion-de-datos-480x685.jpg 480w\" sizes=\"(min-width: 0px) and (max-width: 480px) 480px, (min-width: 481px) 719px, 100vw\" \/><\/a><\/p>\n<p>&nbsp;<\/p>\n<p><a href=\"https:\/\/blogsaverroes.juntadeandalucia.es\/ceiptiernogalvanelejido\/files\/2024\/10\/Guia-buen-uso-del-movil-2024-1.pdf\"><img loading=\"lazy\" decoding=\"async\" class=\"aligncenter wp-image-1288 size-full\" src=\"https:\/\/blogsaverroes.juntadeandalucia.es\/ceiptiernogalvanelejido\/files\/2024\/10\/Guia-buen-uso-del-movil-2024-1_001.jpg\" alt=\"\" width=\"425\" height=\"425\" srcset=\"https:\/\/blogsaverroes.juntadeandalucia.es\/ceiptiernogalvanelejido\/files\/2024\/10\/Guia-buen-uso-del-movil-2024-1_001.jpg 425w, https:\/\/blogsaverroes.juntadeandalucia.es\/ceiptiernogalvanelejido\/files\/2024\/10\/Guia-buen-uso-del-movil-2024-1_001-300x300.jpg 300w, https:\/\/blogsaverroes.juntadeandalucia.es\/ceiptiernogalvanelejido\/files\/2024\/10\/Guia-buen-uso-del-movil-2024-1_001-150x150.jpg 150w\" sizes=\"(max-width: 425px) 100vw, 425px\" \/><\/a><\/p>\n<p><img loading=\"lazy\" decoding=\"async\" class=\"aligncenter wp-image-1310 size-full\" src=\"https:\/\/blogsaverroes.juntadeandalucia.es\/ceiptiernogalvanelejido\/files\/2024\/10\/WhatsApp-Image-2024-10-16-at-13.23.46.jpeg\" alt=\"\" width=\"724\" height=\"1024\" srcset=\"https:\/\/blogsaverroes.juntadeandalucia.es\/ceiptiernogalvanelejido\/files\/2024\/10\/WhatsApp-Image-2024-10-16-at-13.23.46.jpeg 724w, https:\/\/blogsaverroes.juntadeandalucia.es\/ceiptiernogalvanelejido\/files\/2024\/10\/WhatsApp-Image-2024-10-16-at-13.23.46-480x679.jpeg 480w\" sizes=\"(min-width: 0px) and (max-width: 480px) 480px, (min-width: 481px) 724px, 100vw\" \/><\/p>\n<p>&nbsp;<\/p>\n<p><span style=\"font-size: 18pt\"><strong>Acceso a Moodle Centros.<\/strong><\/span><\/p>\n<div style=\"width: 1080px;\" class=\"wp-video\"><!--[if lt IE 9]><script>document.createElement('video');<\/script><![endif]-->\n<video class=\"wp-video-shortcode\" id=\"video-1287-1\" width=\"1080\" height=\"608\" preload=\"metadata\" controls=\"controls\"><source type=\"video\/mp4\" src=\"https:\/\/blogsaverroes.juntadeandalucia.es\/ceiptiernogalvanelejido\/files\/2024\/10\/WhatsApp-Video-2024-10-16-at-13.16.42.mp4?_=1\" \/><a href=\"https:\/\/blogsaverroes.juntadeandalucia.es\/ceiptiernogalvanelejido\/files\/2024\/10\/WhatsApp-Video-2024-10-16-at-13.16.42.mp4\">https:\/\/blogsaverroes.juntadeandalucia.es\/ceiptiernogalvanelejido\/files\/2024\/10\/WhatsApp-Video-2024-10-16-at-13.16.42.mp4<\/a><\/video><\/div>\n<p>&nbsp;<\/p>\n<p><strong><span style=\"font-size: 18pt\">TUTORIALES DE PASEN \/ IPASEN.<\/span><\/strong><\/p>\n<p><a href=\"https:\/\/blogsaverroes.juntadeandalucia.es\/ceiptiernogalvanelejido\/files\/2024\/11\/Uso-de-Pasen-para-alumnado-madres-y-padres.mp4\"><img loading=\"lazy\" decoding=\"async\" class=\"alignleft wp-image-1372 size-full\" src=\"https:\/\/blogsaverroes.juntadeandalucia.es\/ceiptiernogalvanelejido\/files\/2024\/11\/Pasen.png\" alt=\"\" width=\"190\" height=\"69\"><\/a>&nbsp; &nbsp; &nbsp; &nbsp; &nbsp; &nbsp; &nbsp; &nbsp; &nbsp; &nbsp; &nbsp; &nbsp; &nbsp; &nbsp; &nbsp; &nbsp; &nbsp; &nbsp; &nbsp; &nbsp; &nbsp; &nbsp; &nbsp; &nbsp; &nbsp; &nbsp; &nbsp; &nbsp; &nbsp; &nbsp; &nbsp; <a href=\"https:\/\/blogsaverroes.juntadeandalucia.es\/ceiptiernogalvanelejido\/files\/2024\/11\/tutorial-de-ipasen-para-padres.mp4\"><img loading=\"lazy\" decoding=\"async\" class=\"aligncenter wp-image-1373 size-thumbnail\" src=\"https:\/\/blogsaverroes.juntadeandalucia.es\/ceiptiernogalvanelejido\/files\/2024\/11\/Ipasen-150x150.jpg\" alt=\"\" width=\"150\" height=\"150\"><\/a><\/p>\n<p>&nbsp;<\/p>\n","protected":false},"excerpt":{"rendered":"<p>Informaci\u00f3n sobre c\u00f3mo acompa\u00f1ar con el primer m\u00f3vil &nbsp; &nbsp; &nbsp; &nbsp; &nbsp; Acceso a Moodle Centros. &nbsp; TUTORIALES DE PASEN \/ IPASEN. &nbsp; &nbsp; &nbsp; &nbsp; &nbsp; &nbsp; &nbsp; &nbsp; &nbsp; &nbsp; &nbsp; &nbsp; &nbsp; &nbsp; &nbsp; &nbsp; &nbsp; &nbsp; &nbsp; &nbsp; &nbsp; &nbsp; &nbsp; &nbsp; &nbsp; &nbsp; &nbsp; &nbsp; &nbsp; &nbsp; &nbsp; &nbsp;<\/p>\n","protected":false},"author":16568,"featured_media":0,"parent":0,"menu_order":0,"comment_status":"closed","ping_status":"closed","template":"","meta":{"_et_pb_use_builder":"","_et_pb_old_content":"","_et_gb_content_width":"","ngg_post_thumbnail":0,"footnotes":""},"aioseo_notices":[],"_links":{"self":[{"href":"https:\/\/blogsaverroes.juntadeandalucia.es\/ceiptiernogalvanelejido\/wp-json\/wp\/v2\/pages\/1287"}],"collection":[{"href":"https:\/\/blogsaverroes.juntadeandalucia.es\/ceiptiernogalvanelejido\/wp-json\/wp\/v2\/pages"}],"about":[{"href":"https:\/\/blogsaverroes.juntadeandalucia.es\/ceiptiernogalvanelejido\/wp-json\/wp\/v2\/types\/page"}],"author":[{"embeddable":true,"href":"https:\/\/blogsaverroes.juntadeandalucia.es\/ceiptiernogalvanelejido\/wp-json\/wp\/v2\/users\/16568"}],"replies":[{"embeddable":true,"href":"https:\/\/blogsaverroes.juntadeandalucia.es\/ceiptiernogalvanelejido\/wp-json\/wp\/v2\/comments?post=1287"}],"version-history":[{"count":8,"href":"https:\/\/blogsaverroes.juntadeandalucia.es\/ceiptiernogalvanelejido\/wp-json\/wp\/v2\/pages\/1287\/revisions"}],"predecessor-version":[{"id":1308,"href":"https:\/\/blogsaverroes.juntadeandalucia.es\/ceiptiernogalvanelejido\/wp-json\/wp\/v2\/pages\/1287\/revisions\/1308"}],"wp:attachment":[{"href":"https:\/\/blogsaverroes.juntadeandalucia.es\/ceiptiernogalvanelejido\/wp-json\/wp\/v2\/media?parent=1287"}],"curies":[{"name":"wp","href":"https:\/\/api.w.org\/{rel}","templated":true}]}}