{"id":5569,"date":"2022-05-06T11:40:38","date_gmt":"2022-05-06T11:40:38","guid":{"rendered":"https:\/\/blogsaverroes.juntadeandalucia.es\/ceiptiernogalvansevilla\/?page_id=5569"},"modified":"2022-05-06T11:40:38","modified_gmt":"2022-05-06T11:40:38","slug":"conoce-nuestro-centro","status":"publish","type":"page","link":"https:\/\/blogsaverroes.juntadeandalucia.es\/ceiptiernogalvansevilla\/conoce-nuestro-centro\/","title":{"rendered":"CONOCE NUESTRO CENTRO"},"content":{"rendered":"<p>Espacio donde se expondr\u00e1n fotograf\u00edas del Centro y de la plantilla que la conforman, as\u00ed como datos de contacto.<\/p>\n","protected":false},"excerpt":{"rendered":"<p>Espacio donde se expondr\u00e1n fotograf\u00edas del Centro y de la plantilla que la conforman, as\u00ed como datos de contacto.<\/p>\n","protected":false},"author":6788,"featured_media":0,"parent":0,"menu_order":0,"comment_status":"closed","ping_status":"closed","template":"","meta":{"ngg_post_thumbnail":0,"footnotes":"","_mc_calendar":[]},"aioseo_notices":[],"_links":{"self":[{"href":"https:\/\/blogsaverroes.juntadeandalucia.es\/ceiptiernogalvansevilla\/wp-json\/wp\/v2\/pages\/5569"}],"collection":[{"href":"https:\/\/blogsaverroes.juntadeandalucia.es\/ceiptiernogalvansevilla\/wp-json\/wp\/v2\/pages"}],"about":[{"href":"https:\/\/blogsaverroes.juntadeandalucia.es\/ceiptiernogalvansevilla\/wp-json\/wp\/v2\/types\/page"}],"author":[{"embeddable":true,"href":"https:\/\/blogsaverroes.juntadeandalucia.es\/ceiptiernogalvansevilla\/wp-json\/wp\/v2\/users\/6788"}],"replies":[{"embeddable":true,"href":"https:\/\/blogsaverroes.juntadeandalucia.es\/ceiptiernogalvansevilla\/wp-json\/wp\/v2\/comments?post=5569"}],"version-history":[{"count":1,"href":"https:\/\/blogsaverroes.juntadeandalucia.es\/ceiptiernogalvansevilla\/wp-json\/wp\/v2\/pages\/5569\/revisions"}],"predecessor-version":[{"id":5570,"href":"https:\/\/blogsaverroes.juntadeandalucia.es\/ceiptiernogalvansevilla\/wp-json\/wp\/v2\/pages\/5569\/revisions\/5570"}],"wp:attachment":[{"href":"https:\/\/blogsaverroes.juntadeandalucia.es\/ceiptiernogalvansevilla\/wp-json\/wp\/v2\/media?parent=5569"}],"curies":[{"name":"wp","href":"https:\/\/api.w.org\/{rel}","templated":true}]}}