{"id":4377,"date":"2021-04-06T18:56:24","date_gmt":"2021-04-06T16:56:24","guid":{"rendered":"https:\/\/blogsaverroes.juntadeandalucia.es\/ceiptinar\/?page_id=4377"},"modified":"2021-05-26T16:06:35","modified_gmt":"2021-05-26T14:06:35","slug":"objetivos-de-desarrollo-sostenible","status":"publish","type":"page","link":"https:\/\/blogsaverroes.juntadeandalucia.es\/ceiptinar\/objetivos-de-desarrollo-sostenible\/","title":{"rendered":"OBJETIVOS DE DESARROLLO SOSTENIBLE"},"content":{"rendered":"<p><span style=\"color: #339966\">Cuidamos la Naturaleza. Los&nbsp;<b>Objetivos de Desarrollo Sostenible<\/b>&nbsp;(<b>ODS<\/b>) consisten en instar a todos los pa\u00edses, ya sean ricos, pobres o de ingresos medianos, a adoptar medidas&nbsp;para promover la prosperidad al tiempo que protegen el planeta.<\/span><\/p>\n<p style=\"text-align: right\"><span style=\"color: #339966\"><strong> La pobreza es un problema de derechos humanos.<\/strong><\/span><\/p>\n<p style=\"text-align: center\"><a href=\"https:\/\/blogsaverroes.juntadeandalucia.es\/ceiptinar\/files\/2021\/04\/que-son-ods-01-1024x712-1.jpg\"><img loading=\"lazy\" decoding=\"async\" class=\"alignnone size-full wp-image-4378\" src=\"https:\/\/blogsaverroes.juntadeandalucia.es\/ceiptinar\/files\/2021\/04\/que-son-ods-01-1024x712-1.jpg\" alt=\"\" width=\"1024\" height=\"712\" srcset=\"https:\/\/blogsaverroes.juntadeandalucia.es\/ceiptinar\/files\/2021\/04\/que-son-ods-01-1024x712-1.jpg 1024w, https:\/\/blogsaverroes.juntadeandalucia.es\/ceiptinar\/files\/2021\/04\/que-son-ods-01-1024x712-1-300x209.jpg 300w, https:\/\/blogsaverroes.juntadeandalucia.es\/ceiptinar\/files\/2021\/04\/que-son-ods-01-1024x712-1-768x534.jpg 768w\" sizes=\"(max-width: 767px) 89vw, (max-width: 1000px) 54vw, (max-width: 1071px) 543px, 580px\" \/><\/a><\/p>\n<h2 style=\"text-align: center\"><span style=\"color: #3366ff\">Cada mes trabajamos un ODS.&nbsp;<\/span><\/h2>\n<h2 style=\"text-align: center\">ABRIL<\/h2>\n<p style=\"text-align: left\">El objetivo de este mes est\u00e1 relacionado con el Plan de alimentaci\u00f3n saludable. Planificamos una merienda o cumplea\u00f1os con alimentos saludables y de temporada.<a href=\"https:\/\/blogsaverroes.juntadeandalucia.es\/ceiptinar\/files\/2021\/05\/3c561f9c-ad4a-4568-97bd-4d4481a88e70.jpg\"><img loading=\"lazy\" decoding=\"async\" class=\"alignnone size-full wp-image-4428\" src=\"https:\/\/blogsaverroes.juntadeandalucia.es\/ceiptinar\/files\/2021\/05\/3c561f9c-ad4a-4568-97bd-4d4481a88e70.jpg\" alt=\"\" width=\"1600\" height=\"1200\" srcset=\"https:\/\/blogsaverroes.juntadeandalucia.es\/ceiptinar\/files\/2021\/05\/3c561f9c-ad4a-4568-97bd-4d4481a88e70.jpg 1600w, https:\/\/blogsaverroes.juntadeandalucia.es\/ceiptinar\/files\/2021\/05\/3c561f9c-ad4a-4568-97bd-4d4481a88e70-300x225.jpg 300w, https:\/\/blogsaverroes.juntadeandalucia.es\/ceiptinar\/files\/2021\/05\/3c561f9c-ad4a-4568-97bd-4d4481a88e70-1024x768.jpg 1024w, https:\/\/blogsaverroes.juntadeandalucia.es\/ceiptinar\/files\/2021\/05\/3c561f9c-ad4a-4568-97bd-4d4481a88e70-768x576.jpg 768w, https:\/\/blogsaverroes.juntadeandalucia.es\/ceiptinar\/files\/2021\/05\/3c561f9c-ad4a-4568-97bd-4d4481a88e70-1536x1152.jpg 1536w\" sizes=\"(max-width: 767px) 89vw, (max-width: 1000px) 54vw, (max-width: 1071px) 543px, 580px\" \/><\/a> <a href=\"https:\/\/blogsaverroes.juntadeandalucia.es\/ceiptinar\/files\/2021\/05\/7d300b87-0b3d-42cb-8915-bbf2bbd43576.jpg\"><img loading=\"lazy\" decoding=\"async\" class=\"alignnone size-full wp-image-4429\" src=\"https:\/\/blogsaverroes.juntadeandalucia.es\/ceiptinar\/files\/2021\/05\/7d300b87-0b3d-42cb-8915-bbf2bbd43576.jpg\" alt=\"\" width=\"1600\" height=\"1200\" srcset=\"https:\/\/blogsaverroes.juntadeandalucia.es\/ceiptinar\/files\/2021\/05\/7d300b87-0b3d-42cb-8915-bbf2bbd43576.jpg 1600w, https:\/\/blogsaverroes.juntadeandalucia.es\/ceiptinar\/files\/2021\/05\/7d300b87-0b3d-42cb-8915-bbf2bbd43576-300x225.jpg 300w, https:\/\/blogsaverroes.juntadeandalucia.es\/ceiptinar\/files\/2021\/05\/7d300b87-0b3d-42cb-8915-bbf2bbd43576-1024x768.jpg 1024w, https:\/\/blogsaverroes.juntadeandalucia.es\/ceiptinar\/files\/2021\/05\/7d300b87-0b3d-42cb-8915-bbf2bbd43576-768x576.jpg 768w, https:\/\/blogsaverroes.juntadeandalucia.es\/ceiptinar\/files\/2021\/05\/7d300b87-0b3d-42cb-8915-bbf2bbd43576-1536x1152.jpg 1536w\" sizes=\"(max-width: 767px) 89vw, (max-width: 1000px) 54vw, (max-width: 1071px) 543px, 580px\" \/><\/a> <a href=\"https:\/\/blogsaverroes.juntadeandalucia.es\/ceiptinar\/files\/2021\/05\/8f9b38aa-0376-4ccd-b2ba-5323e6fd177d.jpg\"><img loading=\"lazy\" decoding=\"async\" class=\"alignnone size-full wp-image-4430\" src=\"https:\/\/blogsaverroes.juntadeandalucia.es\/ceiptinar\/files\/2021\/05\/8f9b38aa-0376-4ccd-b2ba-5323e6fd177d.jpg\" alt=\"\" width=\"1200\" height=\"1600\" srcset=\"https:\/\/blogsaverroes.juntadeandalucia.es\/ceiptinar\/files\/2021\/05\/8f9b38aa-0376-4ccd-b2ba-5323e6fd177d.jpg 1200w, https:\/\/blogsaverroes.juntadeandalucia.es\/ceiptinar\/files\/2021\/05\/8f9b38aa-0376-4ccd-b2ba-5323e6fd177d-225x300.jpg 225w, https:\/\/blogsaverroes.juntadeandalucia.es\/ceiptinar\/files\/2021\/05\/8f9b38aa-0376-4ccd-b2ba-5323e6fd177d-768x1024.jpg 768w, https:\/\/blogsaverroes.juntadeandalucia.es\/ceiptinar\/files\/2021\/05\/8f9b38aa-0376-4ccd-b2ba-5323e6fd177d-1152x1536.jpg 1152w\" sizes=\"(max-width: 767px) 89vw, (max-width: 1000px) 54vw, (max-width: 1071px) 543px, 580px\" \/><\/a> <a href=\"https:\/\/blogsaverroes.juntadeandalucia.es\/ceiptinar\/files\/2021\/05\/403c8b8b-80d0-4e8b-b04f-729e399d8cb0.jpg\"><img loading=\"lazy\" decoding=\"async\" class=\"alignnone size-full wp-image-4431\" src=\"https:\/\/blogsaverroes.juntadeandalucia.es\/ceiptinar\/files\/2021\/05\/403c8b8b-80d0-4e8b-b04f-729e399d8cb0.jpg\" alt=\"\" width=\"1600\" height=\"1200\" srcset=\"https:\/\/blogsaverroes.juntadeandalucia.es\/ceiptinar\/files\/2021\/05\/403c8b8b-80d0-4e8b-b04f-729e399d8cb0.jpg 1600w, https:\/\/blogsaverroes.juntadeandalucia.es\/ceiptinar\/files\/2021\/05\/403c8b8b-80d0-4e8b-b04f-729e399d8cb0-300x225.jpg 300w, https:\/\/blogsaverroes.juntadeandalucia.es\/ceiptinar\/files\/2021\/05\/403c8b8b-80d0-4e8b-b04f-729e399d8cb0-1024x768.jpg 1024w, https:\/\/blogsaverroes.juntadeandalucia.es\/ceiptinar\/files\/2021\/05\/403c8b8b-80d0-4e8b-b04f-729e399d8cb0-768x576.jpg 768w, https:\/\/blogsaverroes.juntadeandalucia.es\/ceiptinar\/files\/2021\/05\/403c8b8b-80d0-4e8b-b04f-729e399d8cb0-1536x1152.jpg 1536w\" sizes=\"(max-width: 767px) 89vw, (max-width: 1000px) 54vw, (max-width: 1071px) 543px, 580px\" \/><\/a> <a href=\"https:\/\/blogsaverroes.juntadeandalucia.es\/ceiptinar\/files\/2021\/05\/5801ef55-e9a4-4b4e-88d8-dec4da0feaeb.jpg\"><img loading=\"lazy\" decoding=\"async\" class=\"alignnone size-full wp-image-4432\" src=\"https:\/\/blogsaverroes.juntadeandalucia.es\/ceiptinar\/files\/2021\/05\/5801ef55-e9a4-4b4e-88d8-dec4da0feaeb.jpg\" alt=\"\" width=\"1200\" height=\"1600\" srcset=\"https:\/\/blogsaverroes.juntadeandalucia.es\/ceiptinar\/files\/2021\/05\/5801ef55-e9a4-4b4e-88d8-dec4da0feaeb.jpg 1200w, https:\/\/blogsaverroes.juntadeandalucia.es\/ceiptinar\/files\/2021\/05\/5801ef55-e9a4-4b4e-88d8-dec4da0feaeb-225x300.jpg 225w, https:\/\/blogsaverroes.juntadeandalucia.es\/ceiptinar\/files\/2021\/05\/5801ef55-e9a4-4b4e-88d8-dec4da0feaeb-768x1024.jpg 768w, https:\/\/blogsaverroes.juntadeandalucia.es\/ceiptinar\/files\/2021\/05\/5801ef55-e9a4-4b4e-88d8-dec4da0feaeb-1152x1536.jpg 1152w\" sizes=\"(max-width: 767px) 89vw, (max-width: 1000px) 54vw, (max-width: 1071px) 543px, 580px\" \/><\/a> <a href=\"https:\/\/blogsaverroes.juntadeandalucia.es\/ceiptinar\/files\/2021\/05\/36867c83-1da3-430c-bb0b-6e733da63ce0.jpg\"><img loading=\"lazy\" decoding=\"async\" class=\"alignnone size-full wp-image-4433\" src=\"https:\/\/blogsaverroes.juntadeandalucia.es\/ceiptinar\/files\/2021\/05\/36867c83-1da3-430c-bb0b-6e733da63ce0.jpg\" alt=\"\" width=\"1600\" height=\"1200\" srcset=\"https:\/\/blogsaverroes.juntadeandalucia.es\/ceiptinar\/files\/2021\/05\/36867c83-1da3-430c-bb0b-6e733da63ce0.jpg 1600w, https:\/\/blogsaverroes.juntadeandalucia.es\/ceiptinar\/files\/2021\/05\/36867c83-1da3-430c-bb0b-6e733da63ce0-300x225.jpg 300w, https:\/\/blogsaverroes.juntadeandalucia.es\/ceiptinar\/files\/2021\/05\/36867c83-1da3-430c-bb0b-6e733da63ce0-1024x768.jpg 1024w, https:\/\/blogsaverroes.juntadeandalucia.es\/ceiptinar\/files\/2021\/05\/36867c83-1da3-430c-bb0b-6e733da63ce0-768x576.jpg 768w, https:\/\/blogsaverroes.juntadeandalucia.es\/ceiptinar\/files\/2021\/05\/36867c83-1da3-430c-bb0b-6e733da63ce0-1536x1152.jpg 1536w\" sizes=\"(max-width: 767px) 89vw, (max-width: 1000px) 54vw, (max-width: 1071px) 543px, 580px\" \/><\/a> <a href=\"https:\/\/blogsaverroes.juntadeandalucia.es\/ceiptinar\/files\/2021\/05\/192409cb-587c-4e7f-8b3c-0c552d20adc6.jpg\"><img loading=\"lazy\" decoding=\"async\" class=\"alignnone size-full wp-image-4434\" src=\"https:\/\/blogsaverroes.juntadeandalucia.es\/ceiptinar\/files\/2021\/05\/192409cb-587c-4e7f-8b3c-0c552d20adc6.jpg\" alt=\"\" width=\"1200\" height=\"1600\" srcset=\"https:\/\/blogsaverroes.juntadeandalucia.es\/ceiptinar\/files\/2021\/05\/192409cb-587c-4e7f-8b3c-0c552d20adc6.jpg 1200w, https:\/\/blogsaverroes.juntadeandalucia.es\/ceiptinar\/files\/2021\/05\/192409cb-587c-4e7f-8b3c-0c552d20adc6-225x300.jpg 225w, https:\/\/blogsaverroes.juntadeandalucia.es\/ceiptinar\/files\/2021\/05\/192409cb-587c-4e7f-8b3c-0c552d20adc6-768x1024.jpg 768w, https:\/\/blogsaverroes.juntadeandalucia.es\/ceiptinar\/files\/2021\/05\/192409cb-587c-4e7f-8b3c-0c552d20adc6-1152x1536.jpg 1152w\" sizes=\"(max-width: 767px) 89vw, (max-width: 1000px) 54vw, (max-width: 1071px) 543px, 580px\" \/><\/a> <a href=\"https:\/\/blogsaverroes.juntadeandalucia.es\/ceiptinar\/files\/2021\/05\/cb802e9d-efe3-45eb-afa4-f6510236c38b.jpg\"><img loading=\"lazy\" decoding=\"async\" class=\"alignnone size-full wp-image-4435\" src=\"https:\/\/blogsaverroes.juntadeandalucia.es\/ceiptinar\/files\/2021\/05\/cb802e9d-efe3-45eb-afa4-f6510236c38b.jpg\" alt=\"\" width=\"1600\" height=\"1200\" srcset=\"https:\/\/blogsaverroes.juntadeandalucia.es\/ceiptinar\/files\/2021\/05\/cb802e9d-efe3-45eb-afa4-f6510236c38b.jpg 1600w, https:\/\/blogsaverroes.juntadeandalucia.es\/ceiptinar\/files\/2021\/05\/cb802e9d-efe3-45eb-afa4-f6510236c38b-300x225.jpg 300w, https:\/\/blogsaverroes.juntadeandalucia.es\/ceiptinar\/files\/2021\/05\/cb802e9d-efe3-45eb-afa4-f6510236c38b-1024x768.jpg 1024w, https:\/\/blogsaverroes.juntadeandalucia.es\/ceiptinar\/files\/2021\/05\/cb802e9d-efe3-45eb-afa4-f6510236c38b-768x576.jpg 768w, https:\/\/blogsaverroes.juntadeandalucia.es\/ceiptinar\/files\/2021\/05\/cb802e9d-efe3-45eb-afa4-f6510236c38b-1536x1152.jpg 1536w\" sizes=\"(max-width: 767px) 89vw, (max-width: 1000px) 54vw, (max-width: 1071px) 543px, 580px\" \/><\/a> <a href=\"https:\/\/blogsaverroes.juntadeandalucia.es\/ceiptinar\/files\/2021\/05\/f95a1649-d2e7-4994-add9-f3285845b644.jpg\"><img loading=\"lazy\" decoding=\"async\" class=\"alignnone size-full wp-image-4436\" src=\"https:\/\/blogsaverroes.juntadeandalucia.es\/ceiptinar\/files\/2021\/05\/f95a1649-d2e7-4994-add9-f3285845b644.jpg\" alt=\"\" width=\"1200\" height=\"1600\" srcset=\"https:\/\/blogsaverroes.juntadeandalucia.es\/ceiptinar\/files\/2021\/05\/f95a1649-d2e7-4994-add9-f3285845b644.jpg 1200w, https:\/\/blogsaverroes.juntadeandalucia.es\/ceiptinar\/files\/2021\/05\/f95a1649-d2e7-4994-add9-f3285845b644-225x300.jpg 225w, https:\/\/blogsaverroes.juntadeandalucia.es\/ceiptinar\/files\/2021\/05\/f95a1649-d2e7-4994-add9-f3285845b644-768x1024.jpg 768w, https:\/\/blogsaverroes.juntadeandalucia.es\/ceiptinar\/files\/2021\/05\/f95a1649-d2e7-4994-add9-f3285845b644-1152x1536.jpg 1152w\" sizes=\"(max-width: 767px) 89vw, (max-width: 1000px) 54vw, (max-width: 1071px) 543px, 580px\" \/><\/a><\/p>\n<p style=\"text-align: center\">&nbsp;<\/p>\n<h2 style=\"text-align: center\"><strong>MARZO<\/strong><\/h2>\n<p style=\"text-align: center\"><a href=\"https:\/\/blogsaverroes.juntadeandalucia.es\/ceiptinar\/files\/2021\/04\/8bfea703-6ecd-4216-b480-eee8fe56e582.jpg\"><img loading=\"lazy\" decoding=\"async\" class=\"alignnone size-full wp-image-4379\" src=\"https:\/\/blogsaverroes.juntadeandalucia.es\/ceiptinar\/files\/2021\/04\/8bfea703-6ecd-4216-b480-eee8fe56e582.jpg\" alt=\"\" width=\"1600\" height=\"1200\" srcset=\"https:\/\/blogsaverroes.juntadeandalucia.es\/ceiptinar\/files\/2021\/04\/8bfea703-6ecd-4216-b480-eee8fe56e582.jpg 1600w, https:\/\/blogsaverroes.juntadeandalucia.es\/ceiptinar\/files\/2021\/04\/8bfea703-6ecd-4216-b480-eee8fe56e582-300x225.jpg 300w, https:\/\/blogsaverroes.juntadeandalucia.es\/ceiptinar\/files\/2021\/04\/8bfea703-6ecd-4216-b480-eee8fe56e582-1024x768.jpg 1024w, https:\/\/blogsaverroes.juntadeandalucia.es\/ceiptinar\/files\/2021\/04\/8bfea703-6ecd-4216-b480-eee8fe56e582-768x576.jpg 768w, https:\/\/blogsaverroes.juntadeandalucia.es\/ceiptinar\/files\/2021\/04\/8bfea703-6ecd-4216-b480-eee8fe56e582-1536x1152.jpg 1536w\" sizes=\"(max-width: 767px) 89vw, (max-width: 1000px) 54vw, (max-width: 1071px) 543px, 580px\" \/><\/a><\/p>\n<p><a href=\"https:\/\/blogsaverroes.juntadeandalucia.es\/ceiptinar\/files\/2021\/04\/ab.jpg\"><img loading=\"lazy\" decoding=\"async\" class=\"alignnone size-full wp-image-4382\" src=\"https:\/\/blogsaverroes.juntadeandalucia.es\/ceiptinar\/files\/2021\/04\/ab.jpg\" alt=\"\" width=\"1524\" height=\"1600\" srcset=\"https:\/\/blogsaverroes.juntadeandalucia.es\/ceiptinar\/files\/2021\/04\/ab.jpg 1524w, https:\/\/blogsaverroes.juntadeandalucia.es\/ceiptinar\/files\/2021\/04\/ab-286x300.jpg 286w, https:\/\/blogsaverroes.juntadeandalucia.es\/ceiptinar\/files\/2021\/04\/ab-975x1024.jpg 975w, https:\/\/blogsaverroes.juntadeandalucia.es\/ceiptinar\/files\/2021\/04\/ab-768x807.jpg 768w, https:\/\/blogsaverroes.juntadeandalucia.es\/ceiptinar\/files\/2021\/04\/ab-1463x1536.jpg 1463w\" sizes=\"(max-width: 767px) 89vw, (max-width: 1000px) 54vw, (max-width: 1071px) 543px, 580px\" \/><\/a><\/p>\n<p><a href=\"https:\/\/blogsaverroes.juntadeandalucia.es\/ceiptinar\/files\/2021\/04\/b989a4e0-819d-4c08-873d-a1e6228256e3-rotated.jpg\"><img loading=\"lazy\" decoding=\"async\" class=\"alignnone size-full wp-image-4384\" src=\"https:\/\/blogsaverroes.juntadeandalucia.es\/ceiptinar\/files\/2021\/04\/b989a4e0-819d-4c08-873d-a1e6228256e3-rotated.jpg\" alt=\"\" width=\"1200\" height=\"1600\" srcset=\"https:\/\/blogsaverroes.juntadeandalucia.es\/ceiptinar\/files\/2021\/04\/b989a4e0-819d-4c08-873d-a1e6228256e3-rotated.jpg 1200w, https:\/\/blogsaverroes.juntadeandalucia.es\/ceiptinar\/files\/2021\/04\/b989a4e0-819d-4c08-873d-a1e6228256e3-225x300.jpg 225w, https:\/\/blogsaverroes.juntadeandalucia.es\/ceiptinar\/files\/2021\/04\/b989a4e0-819d-4c08-873d-a1e6228256e3-768x1024.jpg 768w, https:\/\/blogsaverroes.juntadeandalucia.es\/ceiptinar\/files\/2021\/04\/b989a4e0-819d-4c08-873d-a1e6228256e3-1152x1536.jpg 1152w\" sizes=\"(max-width: 767px) 89vw, (max-width: 1000px) 54vw, (max-width: 1071px) 543px, 580px\" \/><\/a><\/p>\n<p>&nbsp;<\/p>\n<p><a href=\"https:\/\/blogsaverroes.juntadeandalucia.es\/ceiptinar\/files\/2021\/04\/ac.jpg\"><img loading=\"lazy\" decoding=\"async\" class=\"alignnone size-full wp-image-4385\" src=\"https:\/\/blogsaverroes.juntadeandalucia.es\/ceiptinar\/files\/2021\/04\/ac.jpg\" alt=\"\" width=\"1600\" height=\"902\" srcset=\"https:\/\/blogsaverroes.juntadeandalucia.es\/ceiptinar\/files\/2021\/04\/ac.jpg 1600w, https:\/\/blogsaverroes.juntadeandalucia.es\/ceiptinar\/files\/2021\/04\/ac-300x169.jpg 300w, https:\/\/blogsaverroes.juntadeandalucia.es\/ceiptinar\/files\/2021\/04\/ac-1024x577.jpg 1024w, https:\/\/blogsaverroes.juntadeandalucia.es\/ceiptinar\/files\/2021\/04\/ac-768x433.jpg 768w, https:\/\/blogsaverroes.juntadeandalucia.es\/ceiptinar\/files\/2021\/04\/ac-1536x866.jpg 1536w\" sizes=\"(max-width: 767px) 89vw, (max-width: 1000px) 54vw, (max-width: 1071px) 543px, 580px\" \/><\/a><\/p>\n<p><a href=\"https:\/\/blogsaverroes.juntadeandalucia.es\/ceiptinar\/files\/2021\/04\/4f30cb54-c83d-4b86-92b1-e44ff5a0b1f8.jpg\"><img loading=\"lazy\" decoding=\"async\" class=\"alignnone size-full wp-image-4392\" src=\"https:\/\/blogsaverroes.juntadeandalucia.es\/ceiptinar\/files\/2021\/04\/4f30cb54-c83d-4b86-92b1-e44ff5a0b1f8.jpg\" alt=\"\" width=\"1600\" height=\"1200\" srcset=\"https:\/\/blogsaverroes.juntadeandalucia.es\/ceiptinar\/files\/2021\/04\/4f30cb54-c83d-4b86-92b1-e44ff5a0b1f8.jpg 1600w, https:\/\/blogsaverroes.juntadeandalucia.es\/ceiptinar\/files\/2021\/04\/4f30cb54-c83d-4b86-92b1-e44ff5a0b1f8-300x225.jpg 300w, https:\/\/blogsaverroes.juntadeandalucia.es\/ceiptinar\/files\/2021\/04\/4f30cb54-c83d-4b86-92b1-e44ff5a0b1f8-1024x768.jpg 1024w, https:\/\/blogsaverroes.juntadeandalucia.es\/ceiptinar\/files\/2021\/04\/4f30cb54-c83d-4b86-92b1-e44ff5a0b1f8-768x576.jpg 768w, https:\/\/blogsaverroes.juntadeandalucia.es\/ceiptinar\/files\/2021\/04\/4f30cb54-c83d-4b86-92b1-e44ff5a0b1f8-1536x1152.jpg 1536w\" sizes=\"(max-width: 767px) 89vw, (max-width: 1000px) 54vw, (max-width: 1071px) 543px, 580px\" \/><\/a><\/p>\n","protected":false},"excerpt":{"rendered":"<p>Cuidamos la Naturaleza. Los&nbsp;Objetivos de Desarrollo Sostenible&nbsp;(ODS) consisten en instar a todos los pa\u00edses, ya sean ricos, pobres o de ingresos medianos, a adoptar medidas&nbsp;para promover la prosperidad al tiempo que protegen el planeta. La pobreza es un problema de derechos humanos. Cada mes trabajamos un ODS.&nbsp; ABRIL El objetivo de este mes est\u00e1 relacionado &hellip; <\/p>\n<p class=\"link-more\"><a href=\"https:\/\/blogsaverroes.juntadeandalucia.es\/ceiptinar\/objetivos-de-desarrollo-sostenible\/\" class=\"more-link\">Continuar leyendo<span class=\"screen-reader-text\"> \u00abOBJETIVOS DE DESARROLLO SOSTENIBLE\u00bb<\/span><\/a><\/p>\n","protected":false},"author":1968,"featured_media":0,"parent":0,"menu_order":8,"comment_status":"closed","ping_status":"closed","template":"","meta":{"ngg_post_thumbnail":0,"footnotes":"","_mc_calendar":[]},"aioseo_notices":[],"_links":{"self":[{"href":"https:\/\/blogsaverroes.juntadeandalucia.es\/ceiptinar\/wp-json\/wp\/v2\/pages\/4377"}],"collection":[{"href":"https:\/\/blogsaverroes.juntadeandalucia.es\/ceiptinar\/wp-json\/wp\/v2\/pages"}],"about":[{"href":"https:\/\/blogsaverroes.juntadeandalucia.es\/ceiptinar\/wp-json\/wp\/v2\/types\/page"}],"author":[{"embeddable":true,"href":"https:\/\/blogsaverroes.juntadeandalucia.es\/ceiptinar\/wp-json\/wp\/v2\/users\/1968"}],"replies":[{"embeddable":true,"href":"https:\/\/blogsaverroes.juntadeandalucia.es\/ceiptinar\/wp-json\/wp\/v2\/comments?post=4377"}],"version-history":[{"count":4,"href":"https:\/\/blogsaverroes.juntadeandalucia.es\/ceiptinar\/wp-json\/wp\/v2\/pages\/4377\/revisions"}],"predecessor-version":[{"id":4437,"href":"https:\/\/blogsaverroes.juntadeandalucia.es\/ceiptinar\/wp-json\/wp\/v2\/pages\/4377\/revisions\/4437"}],"wp:attachment":[{"href":"https:\/\/blogsaverroes.juntadeandalucia.es\/ceiptinar\/wp-json\/wp\/v2\/media?parent=4377"}],"curies":[{"name":"wp","href":"https:\/\/api.w.org\/{rel}","templated":true}]}}