{"id":5126,"date":"2023-10-11T11:06:12","date_gmt":"2023-10-11T09:06:12","guid":{"rendered":"https:\/\/blogsaverroes.juntadeandalucia.es\/ceiptinar\/?page_id=5126"},"modified":"2023-10-18T12:04:18","modified_gmt":"2023-10-18T10:04:18","slug":"planes-y-proyectos-educativos","status":"publish","type":"page","link":"https:\/\/blogsaverroes.juntadeandalucia.es\/ceiptinar\/planes-y-proyectos-educativos\/","title":{"rendered":"PLANES Y PROYECTOS EDUCATIVOS"},"content":{"rendered":"<ul style=\"list-style-type: circle\">\n<li>BILING\u00dcISMO<\/li>\n<li>PLAN DE IGUALDAD<\/li>\n<li>PACTO DE ESTADO CONTRA LA VIOLENCIA DE GENERO<\/li>\n<li>ESCUELA: ESPACIO DE PAZ<\/li>\n<li>ALDEA B: ECOHUERTO<\/li>\n<li>CRECIMIENTO EN SALUD: H\u00c1BITOS DE VIDA SALUDABLE<\/li>\n<li>CONRED Y ADA: ACOSO Y CIBERACOSO<\/li>\n<li>M\u00c1S EQUIDAD(Programa de Innovaci\u00f3n para la Inclusi\u00f3n)&nbsp;<\/li>\n<\/ul>\n","protected":false},"excerpt":{"rendered":"<p>BILING\u00dcISMO PLAN DE IGUALDAD PACTO DE ESTADO CONTRA LA VIOLENCIA DE GENERO ESCUELA: ESPACIO DE PAZ ALDEA B: ECOHUERTO CRECIMIENTO EN SALUD: H\u00c1BITOS DE VIDA SALUDABLE CONRED Y ADA: ACOSO Y CIBERACOSO M\u00c1S EQUIDAD(Programa de Innovaci\u00f3n para la Inclusi\u00f3n)&nbsp;<\/p>\n","protected":false},"author":1968,"featured_media":0,"parent":0,"menu_order":0,"comment_status":"closed","ping_status":"closed","template":"","meta":{"ngg_post_thumbnail":0,"footnotes":"","_mc_calendar":[]},"aioseo_notices":[],"_links":{"self":[{"href":"https:\/\/blogsaverroes.juntadeandalucia.es\/ceiptinar\/wp-json\/wp\/v2\/pages\/5126"}],"collection":[{"href":"https:\/\/blogsaverroes.juntadeandalucia.es\/ceiptinar\/wp-json\/wp\/v2\/pages"}],"about":[{"href":"https:\/\/blogsaverroes.juntadeandalucia.es\/ceiptinar\/wp-json\/wp\/v2\/types\/page"}],"author":[{"embeddable":true,"href":"https:\/\/blogsaverroes.juntadeandalucia.es\/ceiptinar\/wp-json\/wp\/v2\/users\/1968"}],"replies":[{"embeddable":true,"href":"https:\/\/blogsaverroes.juntadeandalucia.es\/ceiptinar\/wp-json\/wp\/v2\/comments?post=5126"}],"version-history":[{"count":5,"href":"https:\/\/blogsaverroes.juntadeandalucia.es\/ceiptinar\/wp-json\/wp\/v2\/pages\/5126\/revisions"}],"predecessor-version":[{"id":5264,"href":"https:\/\/blogsaverroes.juntadeandalucia.es\/ceiptinar\/wp-json\/wp\/v2\/pages\/5126\/revisions\/5264"}],"wp:attachment":[{"href":"https:\/\/blogsaverroes.juntadeandalucia.es\/ceiptinar\/wp-json\/wp\/v2\/media?parent=5126"}],"curies":[{"name":"wp","href":"https:\/\/api.w.org\/{rel}","templated":true}]}}