{"id":5305,"date":"2023-10-18T13:48:03","date_gmt":"2023-10-18T11:48:03","guid":{"rendered":"https:\/\/blogsaverroes.juntadeandalucia.es\/ceiptinar\/?page_id=5305"},"modified":"2023-11-24T13:40:04","modified_gmt":"2023-11-24T12:40:04","slug":"bilinguismo","status":"publish","type":"page","link":"https:\/\/blogsaverroes.juntadeandalucia.es\/ceiptinar\/bilinguismo\/","title":{"rendered":"BILING\u00dcISMO"},"content":{"rendered":"<p><strong>AUXILIAR DE CONVERSACI\u00d3N<\/strong>&nbsp;<\/p>\n<p>En este espacio los auxiliares de conversaci\u00f3n podr\u00e1n encontrar informaci\u00f3n de inter\u00e9s relacionados con nuestro cole.<\/p>\n<p><strong>FICHA DE INFORMACI\u00d3N AUXILIARES (EN ESPA\u00d1OL)<\/strong><\/p>\n<p><a href=\"https:\/\/blogsaverroes.juntadeandalucia.es\/ceiptinar\/files\/2023\/11\/Ficha-de-informaci\u00f3n-Auxiliares-en-espa\u00f1ol-2-1_page-0001.jpg\"><img loading=\"lazy\" decoding=\"async\" class=\"alignnone size-full wp-image-5524\" src=\"https:\/\/blogsaverroes.juntadeandalucia.es\/ceiptinar\/files\/2023\/11\/Ficha-de-informaci\u00f3n-Auxiliares-en-espa\u00f1ol-2-1_page-0001.jpg\" alt=\"\" width=\"1130\" height=\"1600\" srcset=\"https:\/\/blogsaverroes.juntadeandalucia.es\/ceiptinar\/files\/2023\/11\/Ficha-de-informaci\u00f3n-Auxiliares-en-espa\u00f1ol-2-1_page-0001.jpg 1130w, https:\/\/blogsaverroes.juntadeandalucia.es\/ceiptinar\/files\/2023\/11\/Ficha-de-informaci\u00f3n-Auxiliares-en-espa\u00f1ol-2-1_page-0001-212x300.jpg 212w, https:\/\/blogsaverroes.juntadeandalucia.es\/ceiptinar\/files\/2023\/11\/Ficha-de-informaci\u00f3n-Auxiliares-en-espa\u00f1ol-2-1_page-0001-724x1024.jpg 724w, https:\/\/blogsaverroes.juntadeandalucia.es\/ceiptinar\/files\/2023\/11\/Ficha-de-informaci\u00f3n-Auxiliares-en-espa\u00f1ol-2-1_page-0001-768x1087.jpg 768w, https:\/\/blogsaverroes.juntadeandalucia.es\/ceiptinar\/files\/2023\/11\/Ficha-de-informaci\u00f3n-Auxiliares-en-espa\u00f1ol-2-1_page-0001-1085x1536.jpg 1085w\" sizes=\"(max-width: 767px) 89vw, (max-width: 1000px) 54vw, (max-width: 1071px) 543px, 580px\" \/><\/a><\/p>\n<p><a href=\"https:\/\/blogsaverroes.juntadeandalucia.es\/ceiptinar\/files\/2023\/11\/Ficha-de-informaci\u00f3n-Auxiliares-en-espa\u00f1ol-2-2_page-0001.jpg\"><img loading=\"lazy\" decoding=\"async\" class=\"alignnone size-full wp-image-5525\" src=\"https:\/\/blogsaverroes.juntadeandalucia.es\/ceiptinar\/files\/2023\/11\/Ficha-de-informaci\u00f3n-Auxiliares-en-espa\u00f1ol-2-2_page-0001.jpg\" alt=\"\" width=\"1130\" height=\"1600\" srcset=\"https:\/\/blogsaverroes.juntadeandalucia.es\/ceiptinar\/files\/2023\/11\/Ficha-de-informaci\u00f3n-Auxiliares-en-espa\u00f1ol-2-2_page-0001.jpg 1130w, https:\/\/blogsaverroes.juntadeandalucia.es\/ceiptinar\/files\/2023\/11\/Ficha-de-informaci\u00f3n-Auxiliares-en-espa\u00f1ol-2-2_page-0001-212x300.jpg 212w, https:\/\/blogsaverroes.juntadeandalucia.es\/ceiptinar\/files\/2023\/11\/Ficha-de-informaci\u00f3n-Auxiliares-en-espa\u00f1ol-2-2_page-0001-724x1024.jpg 724w, https:\/\/blogsaverroes.juntadeandalucia.es\/ceiptinar\/files\/2023\/11\/Ficha-de-informaci\u00f3n-Auxiliares-en-espa\u00f1ol-2-2_page-0001-768x1087.jpg 768w, https:\/\/blogsaverroes.juntadeandalucia.es\/ceiptinar\/files\/2023\/11\/Ficha-de-informaci\u00f3n-Auxiliares-en-espa\u00f1ol-2-2_page-0001-1085x1536.jpg 1085w\" sizes=\"(max-width: 767px) 89vw, (max-width: 1000px) 54vw, (max-width: 1071px) 543px, 580px\" \/><\/a><\/p>\n<p>&nbsp;<\/p>\n<p><a href=\"https:\/\/blogsaverroes.juntadeandalucia.es\/ceiptinar\/files\/2023\/11\/Ficha-de-informaci\u00f3n-Auxiliares-en-espa\u00f1ol-2-3_page-0001.jpg\"><img loading=\"lazy\" decoding=\"async\" class=\"alignnone size-full wp-image-5526\" src=\"https:\/\/blogsaverroes.juntadeandalucia.es\/ceiptinar\/files\/2023\/11\/Ficha-de-informaci\u00f3n-Auxiliares-en-espa\u00f1ol-2-3_page-0001.jpg\" alt=\"\" width=\"1130\" height=\"1600\" srcset=\"https:\/\/blogsaverroes.juntadeandalucia.es\/ceiptinar\/files\/2023\/11\/Ficha-de-informaci\u00f3n-Auxiliares-en-espa\u00f1ol-2-3_page-0001.jpg 1130w, https:\/\/blogsaverroes.juntadeandalucia.es\/ceiptinar\/files\/2023\/11\/Ficha-de-informaci\u00f3n-Auxiliares-en-espa\u00f1ol-2-3_page-0001-212x300.jpg 212w, https:\/\/blogsaverroes.juntadeandalucia.es\/ceiptinar\/files\/2023\/11\/Ficha-de-informaci\u00f3n-Auxiliares-en-espa\u00f1ol-2-3_page-0001-724x1024.jpg 724w, https:\/\/blogsaverroes.juntadeandalucia.es\/ceiptinar\/files\/2023\/11\/Ficha-de-informaci\u00f3n-Auxiliares-en-espa\u00f1ol-2-3_page-0001-768x1087.jpg 768w, https:\/\/blogsaverroes.juntadeandalucia.es\/ceiptinar\/files\/2023\/11\/Ficha-de-informaci\u00f3n-Auxiliares-en-espa\u00f1ol-2-3_page-0001-1085x1536.jpg 1085w\" sizes=\"(max-width: 767px) 89vw, (max-width: 1000px) 54vw, (max-width: 1071px) 543px, 580px\" \/><\/a><\/p>\n<p><strong>INFORMATION SHEET LANGUAGE ASSITANTS<\/strong><\/p>\n<p><a href=\"https:\/\/blogsaverroes.juntadeandalucia.es\/ceiptinar\/files\/2023\/11\/INFORMATION-SHEET-LANGUAGE-ASSITANTS-1_page-0001.jpg\"><img loading=\"lazy\" decoding=\"async\" class=\"alignnone size-full wp-image-5528\" src=\"https:\/\/blogsaverroes.juntadeandalucia.es\/ceiptinar\/files\/2023\/11\/INFORMATION-SHEET-LANGUAGE-ASSITANTS-1_page-0001.jpg\" alt=\"\" width=\"1130\" height=\"1600\" srcset=\"https:\/\/blogsaverroes.juntadeandalucia.es\/ceiptinar\/files\/2023\/11\/INFORMATION-SHEET-LANGUAGE-ASSITANTS-1_page-0001.jpg 1130w, https:\/\/blogsaverroes.juntadeandalucia.es\/ceiptinar\/files\/2023\/11\/INFORMATION-SHEET-LANGUAGE-ASSITANTS-1_page-0001-212x300.jpg 212w, https:\/\/blogsaverroes.juntadeandalucia.es\/ceiptinar\/files\/2023\/11\/INFORMATION-SHEET-LANGUAGE-ASSITANTS-1_page-0001-724x1024.jpg 724w, https:\/\/blogsaverroes.juntadeandalucia.es\/ceiptinar\/files\/2023\/11\/INFORMATION-SHEET-LANGUAGE-ASSITANTS-1_page-0001-768x1087.jpg 768w, https:\/\/blogsaverroes.juntadeandalucia.es\/ceiptinar\/files\/2023\/11\/INFORMATION-SHEET-LANGUAGE-ASSITANTS-1_page-0001-1085x1536.jpg 1085w\" sizes=\"(max-width: 767px) 89vw, (max-width: 1000px) 54vw, (max-width: 1071px) 543px, 580px\" \/><\/a><\/p>\n<p><a href=\"https:\/\/blogsaverroes.juntadeandalucia.es\/ceiptinar\/files\/2023\/11\/INFORMATION-SHEET-LANGUAGE-ASSITANTS-2_page-0001.jpg\"><img loading=\"lazy\" decoding=\"async\" class=\"alignnone size-full wp-image-5529\" src=\"https:\/\/blogsaverroes.juntadeandalucia.es\/ceiptinar\/files\/2023\/11\/INFORMATION-SHEET-LANGUAGE-ASSITANTS-2_page-0001.jpg\" alt=\"\" width=\"1130\" height=\"1600\" srcset=\"https:\/\/blogsaverroes.juntadeandalucia.es\/ceiptinar\/files\/2023\/11\/INFORMATION-SHEET-LANGUAGE-ASSITANTS-2_page-0001.jpg 1130w, https:\/\/blogsaverroes.juntadeandalucia.es\/ceiptinar\/files\/2023\/11\/INFORMATION-SHEET-LANGUAGE-ASSITANTS-2_page-0001-212x300.jpg 212w, https:\/\/blogsaverroes.juntadeandalucia.es\/ceiptinar\/files\/2023\/11\/INFORMATION-SHEET-LANGUAGE-ASSITANTS-2_page-0001-724x1024.jpg 724w, https:\/\/blogsaverroes.juntadeandalucia.es\/ceiptinar\/files\/2023\/11\/INFORMATION-SHEET-LANGUAGE-ASSITANTS-2_page-0001-768x1087.jpg 768w, https:\/\/blogsaverroes.juntadeandalucia.es\/ceiptinar\/files\/2023\/11\/INFORMATION-SHEET-LANGUAGE-ASSITANTS-2_page-0001-1085x1536.jpg 1085w\" sizes=\"(max-width: 767px) 89vw, (max-width: 1000px) 54vw, (max-width: 1071px) 543px, 580px\" \/><\/a><\/p>\n<p><a href=\"https:\/\/blogsaverroes.juntadeandalucia.es\/ceiptinar\/files\/2023\/11\/INFORMATION-SHEET-LANGUAGE-ASSITANTS-3_page-0001.jpg\"><img loading=\"lazy\" decoding=\"async\" class=\"alignnone size-full wp-image-5530\" src=\"https:\/\/blogsaverroes.juntadeandalucia.es\/ceiptinar\/files\/2023\/11\/INFORMATION-SHEET-LANGUAGE-ASSITANTS-3_page-0001.jpg\" alt=\"\" width=\"1130\" height=\"1600\" srcset=\"https:\/\/blogsaverroes.juntadeandalucia.es\/ceiptinar\/files\/2023\/11\/INFORMATION-SHEET-LANGUAGE-ASSITANTS-3_page-0001.jpg 1130w, https:\/\/blogsaverroes.juntadeandalucia.es\/ceiptinar\/files\/2023\/11\/INFORMATION-SHEET-LANGUAGE-ASSITANTS-3_page-0001-212x300.jpg 212w, https:\/\/blogsaverroes.juntadeandalucia.es\/ceiptinar\/files\/2023\/11\/INFORMATION-SHEET-LANGUAGE-ASSITANTS-3_page-0001-724x1024.jpg 724w, https:\/\/blogsaverroes.juntadeandalucia.es\/ceiptinar\/files\/2023\/11\/INFORMATION-SHEET-LANGUAGE-ASSITANTS-3_page-0001-768x1087.jpg 768w, https:\/\/blogsaverroes.juntadeandalucia.es\/ceiptinar\/files\/2023\/11\/INFORMATION-SHEET-LANGUAGE-ASSITANTS-3_page-0001-1085x1536.jpg 1085w\" sizes=\"(max-width: 767px) 89vw, (max-width: 1000px) 54vw, (max-width: 1071px) 543px, 580px\" \/><\/a><\/p>\n","protected":false},"excerpt":{"rendered":"<p>AUXILIAR DE CONVERSACI\u00d3N&nbsp; En este espacio los auxiliares de conversaci\u00f3n podr\u00e1n encontrar informaci\u00f3n de inter\u00e9s relacionados con nuestro cole. FICHA DE INFORMACI\u00d3N AUXILIARES (EN ESPA\u00d1OL) &nbsp; INFORMATION SHEET LANGUAGE ASSITANTS<\/p>\n","protected":false},"author":1968,"featured_media":0,"parent":0,"menu_order":0,"comment_status":"closed","ping_status":"closed","template":"","meta":{"ngg_post_thumbnail":0,"footnotes":"","_mc_calendar":[]},"aioseo_notices":[],"_links":{"self":[{"href":"https:\/\/blogsaverroes.juntadeandalucia.es\/ceiptinar\/wp-json\/wp\/v2\/pages\/5305"}],"collection":[{"href":"https:\/\/blogsaverroes.juntadeandalucia.es\/ceiptinar\/wp-json\/wp\/v2\/pages"}],"about":[{"href":"https:\/\/blogsaverroes.juntadeandalucia.es\/ceiptinar\/wp-json\/wp\/v2\/types\/page"}],"author":[{"embeddable":true,"href":"https:\/\/blogsaverroes.juntadeandalucia.es\/ceiptinar\/wp-json\/wp\/v2\/users\/1968"}],"replies":[{"embeddable":true,"href":"https:\/\/blogsaverroes.juntadeandalucia.es\/ceiptinar\/wp-json\/wp\/v2\/comments?post=5305"}],"version-history":[{"count":6,"href":"https:\/\/blogsaverroes.juntadeandalucia.es\/ceiptinar\/wp-json\/wp\/v2\/pages\/5305\/revisions"}],"predecessor-version":[{"id":5531,"href":"https:\/\/blogsaverroes.juntadeandalucia.es\/ceiptinar\/wp-json\/wp\/v2\/pages\/5305\/revisions\/5531"}],"wp:attachment":[{"href":"https:\/\/blogsaverroes.juntadeandalucia.es\/ceiptinar\/wp-json\/wp\/v2\/media?parent=5305"}],"curies":[{"name":"wp","href":"https:\/\/api.w.org\/{rel}","templated":true}]}}