{"id":5328,"date":"2023-10-20T09:54:06","date_gmt":"2023-10-20T07:54:06","guid":{"rendered":"https:\/\/blogsaverroes.juntadeandalucia.es\/ceiptinar\/?page_id=5328"},"modified":"2023-10-27T10:09:07","modified_gmt":"2023-10-27T08:09:07","slug":"historia-del-centro","status":"publish","type":"page","link":"https:\/\/blogsaverroes.juntadeandalucia.es\/ceiptinar\/historia-del-centro\/","title":{"rendered":"HISTORIA DEL CENTRO"},"content":{"rendered":"<p><strong>El CEIP T\u00ednar<\/strong>&nbsp;est\u00e1 situado en la&nbsp;<strong>zona sureste de la localidad.&nbsp;<\/strong>El Centro fue&nbsp;<strong>inaugurado el d\u00eda 15 de Marzo de 1976 y el<\/strong>&nbsp;nombre del&nbsp; Centro&nbsp; \u201c T\u00ednar\u201d tiene su origen en la \u00e9poca Califal y correspond\u00eda a la&nbsp;<strong>alquer\u00eda de El T\u00ednar.<\/strong><\/p>\n<p>El colegio, cuya extensi\u00f3n es de&nbsp;<strong>20.000m2<\/strong>&nbsp;, est\u00e1 formado por dos m\u00f3dulos de una y dos plantas ,comunicados entre s\u00ed , varias pistas polideportivas y amplias zonas recreativas y de arbolado.<\/p>\n<p>Actualmente se imparte Educaci\u00f3n Infantil, l\u00ednea 1, y Primaria, l\u00ednea 4 en todos los niveles, 1 unidad de Educaci\u00f3n Especial , 1 unidad de Apoyo a la Integraci\u00f3n y 1 unidad de Audici\u00f3n y Lenguaje.<\/p>\n<p>&nbsp; Actualmente hay alrededor de 650 alumnos ( a lo largo del curso el n\u00famero de alumnos var\u00eda un poco por traslados) . La mayor parte del alumnado procede de Albolote , aunque cada vez m\u00e1s se matriculan alumn@s procedentes de Colombia, Ecuador, Marruecos, Venezuela , Argentina , China etc.<\/p>\n<p><a href=\"https:\/\/blogsaverroes.juntadeandalucia.es\/ceiptinar\/files\/2023\/10\/T\u00ednar-antiguo.jpg\"><img loading=\"lazy\" decoding=\"async\" class=\"size-full wp-image-5349\" src=\"https:\/\/blogsaverroes.juntadeandalucia.es\/ceiptinar\/files\/2023\/10\/T\u00ednar-antiguo.jpg\" alt=\"\" width=\"1600\" height=\"1200\" srcset=\"https:\/\/blogsaverroes.juntadeandalucia.es\/ceiptinar\/files\/2023\/10\/T\u00ednar-antiguo.jpg 1600w, https:\/\/blogsaverroes.juntadeandalucia.es\/ceiptinar\/files\/2023\/10\/T\u00ednar-antiguo-300x225.jpg 300w, https:\/\/blogsaverroes.juntadeandalucia.es\/ceiptinar\/files\/2023\/10\/T\u00ednar-antiguo-1024x768.jpg 1024w, https:\/\/blogsaverroes.juntadeandalucia.es\/ceiptinar\/files\/2023\/10\/T\u00ednar-antiguo-768x576.jpg 768w, https:\/\/blogsaverroes.juntadeandalucia.es\/ceiptinar\/files\/2023\/10\/T\u00ednar-antiguo-1536x1152.jpg 1536w\" sizes=\"(max-width: 767px) 89vw, (max-width: 1000px) 54vw, (max-width: 1071px) 543px, 580px\" \/><\/a><\/p>\n","protected":false},"excerpt":{"rendered":"<p>El CEIP T\u00ednar&nbsp;est\u00e1 situado en la&nbsp;zona sureste de la localidad.&nbsp;El Centro fue&nbsp;inaugurado el d\u00eda 15 de Marzo de 1976 y el&nbsp;nombre del&nbsp; Centro&nbsp; \u201c T\u00ednar\u201d tiene su origen en la \u00e9poca Califal y correspond\u00eda a la&nbsp;alquer\u00eda de El T\u00ednar. El colegio, cuya extensi\u00f3n es de&nbsp;20.000m2&nbsp;, est\u00e1 formado por dos m\u00f3dulos de una y dos plantas &hellip; <\/p>\n<p class=\"link-more\"><a href=\"https:\/\/blogsaverroes.juntadeandalucia.es\/ceiptinar\/historia-del-centro\/\" class=\"more-link\">Continuar leyendo<span class=\"screen-reader-text\"> \u00abHISTORIA DEL CENTRO\u00bb<\/span><\/a><\/p>\n","protected":false},"author":1968,"featured_media":0,"parent":0,"menu_order":0,"comment_status":"closed","ping_status":"closed","template":"","meta":{"ngg_post_thumbnail":0,"footnotes":"","_mc_calendar":[]},"aioseo_notices":[],"_links":{"self":[{"href":"https:\/\/blogsaverroes.juntadeandalucia.es\/ceiptinar\/wp-json\/wp\/v2\/pages\/5328"}],"collection":[{"href":"https:\/\/blogsaverroes.juntadeandalucia.es\/ceiptinar\/wp-json\/wp\/v2\/pages"}],"about":[{"href":"https:\/\/blogsaverroes.juntadeandalucia.es\/ceiptinar\/wp-json\/wp\/v2\/types\/page"}],"author":[{"embeddable":true,"href":"https:\/\/blogsaverroes.juntadeandalucia.es\/ceiptinar\/wp-json\/wp\/v2\/users\/1968"}],"replies":[{"embeddable":true,"href":"https:\/\/blogsaverroes.juntadeandalucia.es\/ceiptinar\/wp-json\/wp\/v2\/comments?post=5328"}],"version-history":[{"count":5,"href":"https:\/\/blogsaverroes.juntadeandalucia.es\/ceiptinar\/wp-json\/wp\/v2\/pages\/5328\/revisions"}],"predecessor-version":[{"id":5402,"href":"https:\/\/blogsaverroes.juntadeandalucia.es\/ceiptinar\/wp-json\/wp\/v2\/pages\/5328\/revisions\/5402"}],"wp:attachment":[{"href":"https:\/\/blogsaverroes.juntadeandalucia.es\/ceiptinar\/wp-json\/wp\/v2\/media?parent=5328"}],"curies":[{"name":"wp","href":"https:\/\/api.w.org\/{rel}","templated":true}]}}