{"id":5331,"date":"2023-10-20T09:54:06","date_gmt":"2023-10-20T07:54:06","guid":{"rendered":"https:\/\/blogsaverroes.juntadeandalucia.es\/ceiptinar\/?page_id=5331"},"modified":"2023-10-27T12:30:51","modified_gmt":"2023-10-27T10:30:51","slug":"secretaria-2","status":"publish","type":"page","link":"https:\/\/blogsaverroes.juntadeandalucia.es\/ceiptinar\/secretaria-2\/","title":{"rendered":"SECRETAR\u00cdA"},"content":{"rendered":"<p><strong>Monitora escolar:<\/strong> Margarita Dur\u00e1n<\/p>\n<p><strong>Horario presencial de secretar\u00eda:<\/strong> de 9:15 a 13h<\/p>\n<p><span class=\"w8qArf\"><strong>Tel\u00e9fono:<\/strong>&nbsp;<\/span><span class=\"LrzXr zdqRlf kno-fv\"><a href=\"https:\/\/www.google.com\/search?q=telefono+colegio+tinar&amp;oq=telefono+colegio+tinar&amp;gs_lcrp=EgZjaHJvbWUyBggAEEUYOdIBCDM5NjVqMGo3qAIAsAIA&amp;sourceid=chrome&amp;ie=UTF-8#\" data-dtype=\"d3ph\" data-local-attribute=\"d3ph\" data-ved=\"2ahUKEwjRm9n-45WCAxWtUaQEHeZyCcQQkAgoAHoECD4QAw\"><span aria-label=\"Llamar al n\u00famero de tel\u00e9fono 958 89 39 84\">958 89 39 84<\/span><\/a><\/span><\/p>\n<p><strong>Correo corporativo:&nbsp;<\/strong><a href=\"mailto:18000052.edu@juntadeandalucia.es\">18000052.edu@juntadeandalucia.es<\/a><\/p>\n<p>&nbsp;<\/p>\n<p>&nbsp;<\/p>\n","protected":false},"excerpt":{"rendered":"<p>Monitora escolar: Margarita Dur\u00e1n Horario presencial de secretar\u00eda: de 9:15 a 13h Tel\u00e9fono:&nbsp;958 89 39 84 Correo corporativo:&nbsp;18000052.edu@juntadeandalucia.es &nbsp; &nbsp;<\/p>\n","protected":false},"author":1968,"featured_media":0,"parent":0,"menu_order":0,"comment_status":"closed","ping_status":"closed","template":"","meta":{"ngg_post_thumbnail":0,"footnotes":"","_mc_calendar":[]},"aioseo_notices":[],"_links":{"self":[{"href":"https:\/\/blogsaverroes.juntadeandalucia.es\/ceiptinar\/wp-json\/wp\/v2\/pages\/5331"}],"collection":[{"href":"https:\/\/blogsaverroes.juntadeandalucia.es\/ceiptinar\/wp-json\/wp\/v2\/pages"}],"about":[{"href":"https:\/\/blogsaverroes.juntadeandalucia.es\/ceiptinar\/wp-json\/wp\/v2\/types\/page"}],"author":[{"embeddable":true,"href":"https:\/\/blogsaverroes.juntadeandalucia.es\/ceiptinar\/wp-json\/wp\/v2\/users\/1968"}],"replies":[{"embeddable":true,"href":"https:\/\/blogsaverroes.juntadeandalucia.es\/ceiptinar\/wp-json\/wp\/v2\/comments?post=5331"}],"version-history":[{"count":5,"href":"https:\/\/blogsaverroes.juntadeandalucia.es\/ceiptinar\/wp-json\/wp\/v2\/pages\/5331\/revisions"}],"predecessor-version":[{"id":5410,"href":"https:\/\/blogsaverroes.juntadeandalucia.es\/ceiptinar\/wp-json\/wp\/v2\/pages\/5331\/revisions\/5410"}],"wp:attachment":[{"href":"https:\/\/blogsaverroes.juntadeandalucia.es\/ceiptinar\/wp-json\/wp\/v2\/media?parent=5331"}],"curies":[{"name":"wp","href":"https:\/\/api.w.org\/{rel}","templated":true}]}}