{"id":5362,"date":"2023-10-24T10:27:10","date_gmt":"2023-10-24T08:27:10","guid":{"rendered":"https:\/\/blogsaverroes.juntadeandalucia.es\/ceiptinar\/?page_id=5362"},"modified":"2023-10-25T11:43:51","modified_gmt":"2023-10-25T09:43:51","slug":"actividades-extraescolares","status":"publish","type":"page","link":"https:\/\/blogsaverroes.juntadeandalucia.es\/ceiptinar\/actividades-extraescolares\/","title":{"rendered":"ACTIVIDADES EXTRAESCOLARES"},"content":{"rendered":"<p><strong>Gesti\u00f3n de las actividades:<\/strong> Aulas Andaluzas De Formaci\u00f3n (Tel\u00e9fono para incidencias en cobros<strong> 685748673<\/strong>)<\/p>\n<p><a href=\"https:\/\/blogsaverroes.juntadeandalucia.es\/ceiptinar\/files\/2023\/10\/11.png\"><img loading=\"lazy\" decoding=\"async\" class=\"size-full wp-image-5380 alignnone\" src=\"https:\/\/blogsaverroes.juntadeandalucia.es\/ceiptinar\/files\/2023\/10\/11.png\" alt=\"\" width=\"1131\" height=\"1600\" srcset=\"https:\/\/blogsaverroes.juntadeandalucia.es\/ceiptinar\/files\/2023\/10\/11.png 1131w, https:\/\/blogsaverroes.juntadeandalucia.es\/ceiptinar\/files\/2023\/10\/11-212x300.png 212w, https:\/\/blogsaverroes.juntadeandalucia.es\/ceiptinar\/files\/2023\/10\/11-724x1024.png 724w, https:\/\/blogsaverroes.juntadeandalucia.es\/ceiptinar\/files\/2023\/10\/11-768x1086.png 768w, https:\/\/blogsaverroes.juntadeandalucia.es\/ceiptinar\/files\/2023\/10\/11-1086x1536.png 1086w, https:\/\/blogsaverroes.juntadeandalucia.es\/ceiptinar\/files\/2023\/10\/11-1448x2048.png 1448w\" sizes=\"(max-width: 767px) 89vw, (max-width: 1000px) 54vw, (max-width: 1071px) 543px, 580px\" \/><\/a><\/p>\n<p>&nbsp;<\/p>\n","protected":false},"excerpt":{"rendered":"<p>Gesti\u00f3n de las actividades: Aulas Andaluzas De Formaci\u00f3n (Tel\u00e9fono para incidencias en cobros 685748673) &nbsp;<\/p>\n","protected":false},"author":1968,"featured_media":0,"parent":0,"menu_order":0,"comment_status":"closed","ping_status":"closed","template":"","meta":{"ngg_post_thumbnail":0,"footnotes":"","_mc_calendar":[]},"aioseo_notices":[],"_links":{"self":[{"href":"https:\/\/blogsaverroes.juntadeandalucia.es\/ceiptinar\/wp-json\/wp\/v2\/pages\/5362"}],"collection":[{"href":"https:\/\/blogsaverroes.juntadeandalucia.es\/ceiptinar\/wp-json\/wp\/v2\/pages"}],"about":[{"href":"https:\/\/blogsaverroes.juntadeandalucia.es\/ceiptinar\/wp-json\/wp\/v2\/types\/page"}],"author":[{"embeddable":true,"href":"https:\/\/blogsaverroes.juntadeandalucia.es\/ceiptinar\/wp-json\/wp\/v2\/users\/1968"}],"replies":[{"embeddable":true,"href":"https:\/\/blogsaverroes.juntadeandalucia.es\/ceiptinar\/wp-json\/wp\/v2\/comments?post=5362"}],"version-history":[{"count":5,"href":"https:\/\/blogsaverroes.juntadeandalucia.es\/ceiptinar\/wp-json\/wp\/v2\/pages\/5362\/revisions"}],"predecessor-version":[{"id":5392,"href":"https:\/\/blogsaverroes.juntadeandalucia.es\/ceiptinar\/wp-json\/wp\/v2\/pages\/5362\/revisions\/5392"}],"wp:attachment":[{"href":"https:\/\/blogsaverroes.juntadeandalucia.es\/ceiptinar\/wp-json\/wp\/v2\/media?parent=5362"}],"curies":[{"name":"wp","href":"https:\/\/api.w.org\/{rel}","templated":true}]}}