{"id":141,"date":"2015-03-17T07:13:24","date_gmt":"2015-03-17T07:13:24","guid":{"rendered":"http:\/\/blogsaverroes.juntadeandalucia.es\/pre\/ceip\/?page_id=141"},"modified":"2024-05-10T08:43:33","modified_gmt":"2024-05-10T07:43:33","slug":"escolarizacion","status":"publish","type":"page","link":"https:\/\/blogsaverroes.juntadeandalucia.es\/ceiptirsodemolina\/escolarizacion\/","title":{"rendered":"Escolarizaci\u00f3n"},"content":{"rendered":"<p><a href=\"https:\/\/blogsaverroes.juntadeandalucia.es\/ceiptirsodemolina\/files\/2020\/01\/ESCOLARIZACI\u00d3N.png\"><img fetchpriority=\"high\" decoding=\"async\" class=\"wp-image-2367 aligncenter\" src=\"https:\/\/blogsaverroes.juntadeandalucia.es\/ceiptirsodemolina\/files\/2020\/01\/ESCOLARIZACI\u00d3N.png\" alt=\"\" width=\"457\" height=\"137\" srcset=\"https:\/\/blogsaverroes.juntadeandalucia.es\/ceiptirsodemolina\/files\/2020\/01\/ESCOLARIZACI\u00d3N.png 618w, https:\/\/blogsaverroes.juntadeandalucia.es\/ceiptirsodemolina\/files\/2020\/01\/ESCOLARIZACI\u00d3N-300x90.png 300w, https:\/\/blogsaverroes.juntadeandalucia.es\/ceiptirsodemolina\/files\/2020\/01\/ESCOLARIZACI\u00d3N-24x7.png 24w, https:\/\/blogsaverroes.juntadeandalucia.es\/ceiptirsodemolina\/files\/2020\/01\/ESCOLARIZACI\u00d3N-36x11.png 36w, https:\/\/blogsaverroes.juntadeandalucia.es\/ceiptirsodemolina\/files\/2020\/01\/ESCOLARIZACI\u00d3N-48x14.png 48w\" sizes=\"(max-width: 457px) 100vw, 457px\" \/><\/a><\/p>\n<p style=\"text-align: center\"><strong><span style=\"color: #000000\">ABIERTO EL PLAZO DE SOLICITUD DE ADMISI\u00d3N DE INFANTIL A BACHILLERATO EN CENTROS SOSTENIDOS POR FONDOS P\u00daBLICOS PARA EL CURSO 2024\/25<\/span><\/strong><\/p>\n<p><span style=\"color: #3366ff\"><b>DEL 1 DE MARZO AL 1 DE ABRIL<\/b><\/span><\/p>\n<div class=\"contenido-web-banner contenido-web-banner--np reverse mb-3\">\n<div class=\"container\">\n<div class=\"contenido-web-banner__cont-header-logo\">\n<div class=\"contenido-web-banner__container-header\">\n<header class=\"contenido-web-banner__header\">\n<h2 class=\"contenido-web-banner__no-underline\">Informaci\u00f3n general<\/h2>\n<\/header>\n<\/div>\n<\/div>\n<\/div>\n<\/div>\n<div class=\"detalleContenidoWeb\">\n<div class=\"container\">\n<div class=\"content\">\n<p>La Consejer\u00eda de Desarrollo Educativo y Formaci\u00f3n Profesional convoca el procedimiento de admisi\u00f3n del alumnado en los centros docentes p\u00fablicos y privados concertados para cursar las ense\u00f1anzas de 2\u00ba Ciclo de Educaci\u00f3n Infantil, Educaci\u00f3n Primaria, Educaci\u00f3n Especial, Educaci\u00f3n Secundaria Obligatoria y Bachillerato para el curso escolar 2024\/25.<\/p>\n<p><strong>Entre los d\u00edas 1 de marzo y 1 de abril<\/strong>, ambos inclusive, permanecer\u00e1 abierto en Andaluc\u00eda el plazo para la presentaci\u00f3n de solicitudes de admisi\u00f3n correspondientes al curso escolar 2024\/25.&nbsp; Se inicia de este modo el proceso de escolarizaci\u00f3n en el que participan todos los ni\u00f1os y ni\u00f1as que se incorporan por primera vez al sistema educativo, tanto en centros p\u00fablicos como privados concertados, as\u00ed como el alumnado que cambie de centro escolar.<\/p>\n<p>Contin\u00faa publicada, con nuevas mejoras, la aplicaci\u00f3n para smartphones que permite realizar consultas de centros as\u00ed como de los puntos del baremo por domicilio.<\/p>\n<p>Por su parte, los centros educativos publican la relaci\u00f3n de puestos escolares vacantes as\u00ed como la informaci\u00f3n sobre las direcciones catastrales comprendidas en sus \u00e1reas de influencia y \u00e1reas lim\u00edtrofes. Cuando la oferta de plazas coincida o sea superior a la demanda, los solicitantes ser\u00e1n admitidos. Solo en aquellos casos donde no se pueda atender toda la demanda, se proceder\u00e1 a la baremaci\u00f3n de las solicitudes.<\/p>\n<p>Los centros har\u00e1n p\u00fablica en su tabl\u00f3n de anuncios,&nbsp;<strong>hasta el 15 de abril<\/strong>, la relaci\u00f3n de solicitantes con la puntuaci\u00f3n asignada y, a partir de esa fecha, se abrir\u00e1 un plazo de&nbsp;<strong>10 d\u00edas lectivos para la presentaci\u00f3n de alegaciones<\/strong>. Si tras la aplicaci\u00f3n de los criterios de baremaci\u00f3n se producen empates, se aplicar\u00e1 el resultado del&nbsp;<strong>sorteo p\u00fablico<\/strong>&nbsp;que se celebrar\u00e1 el d\u00eda&nbsp;<strong>13 de mayo<\/strong>&nbsp;de 2024.&nbsp;<strong>La relaci\u00f3n definitiva de admitidos y no admitidos saldr\u00e1 el 14 de mayo<\/strong>.<\/p>\n<\/div>\n<\/div>\n<\/div>\n<p style=\"text-align: center\"><span style=\"color: #000000\"><strong>TODA LA INFORMACI\u00d3N EN<\/strong><\/span><a href=\"https:\/\/www.juntadeandalucia.es\/educacion\/portales\/es\/web\/escolarizacion\/infantil-a-bachillerato\"><img decoding=\"async\" class=\"aligncenter size-large wp-image-3405\" src=\"https:\/\/blogsaverroes.juntadeandalucia.es\/ceiptirsodemolina\/files\/2024\/02\/ESCOLARIZACI\u00d3N-copia-1024x400.jpg\" alt=\"\" width=\"660\" height=\"258\" srcset=\"https:\/\/blogsaverroes.juntadeandalucia.es\/ceiptirsodemolina\/files\/2024\/02\/ESCOLARIZACI\u00d3N-copia-1024x400.jpg 1024w, https:\/\/blogsaverroes.juntadeandalucia.es\/ceiptirsodemolina\/files\/2024\/02\/ESCOLARIZACI\u00d3N-copia-300x117.jpg 300w, https:\/\/blogsaverroes.juntadeandalucia.es\/ceiptirsodemolina\/files\/2024\/02\/ESCOLARIZACI\u00d3N-copia-768x300.jpg 768w, https:\/\/blogsaverroes.juntadeandalucia.es\/ceiptirsodemolina\/files\/2024\/02\/ESCOLARIZACI\u00d3N-copia-1536x601.jpg 1536w, https:\/\/blogsaverroes.juntadeandalucia.es\/ceiptirsodemolina\/files\/2024\/02\/ESCOLARIZACI\u00d3N-copia-2048x801.jpg 2048w, https:\/\/blogsaverroes.juntadeandalucia.es\/ceiptirsodemolina\/files\/2024\/02\/ESCOLARIZACI\u00d3N-copia-700x274.jpg 700w\" sizes=\"(max-width: 660px) 100vw, 660px\" \/><\/a><\/p>\n<p><strong>O DESCARG\u00c1NDOSE LA APP iEscolariza para Android o iPhone<\/strong><a href=\"https:\/\/play.google.com\/store\/apps\/details?id=es.juntadeandalucia.ced.escolarizacion&amp;hl=es&amp;pli=1\"><img decoding=\"async\" class=\"aligncenter wp-image-3407\" src=\"https:\/\/blogsaverroes.juntadeandalucia.es\/ceiptirsodemolina\/files\/2024\/02\/google-play.png\" alt=\"\" width=\"138\" height=\"43\"><\/a><a href=\"https:\/\/apps.apple.com\/es\/app\/iescolariza\/id606516551\"><img loading=\"lazy\" decoding=\"async\" class=\"aligncenter wp-image-3406\" src=\"https:\/\/blogsaverroes.juntadeandalucia.es\/ceiptirsodemolina\/files\/2024\/02\/App-store.png\" alt=\"\" width=\"144\" height=\"49\"><\/a><\/p>\n<p><span style=\"font-weight: 400\">La Consejer\u00eda de Educaci\u00f3n y Deporte habilita cada a\u00f1o el Portal de Escolarizaci\u00f3n y Matr\u00edcula con toda la informaci\u00f3n relevante para la tramitaci\u00f3n de solicitudes y matr\u00edculas escolares.<\/span><\/p>\n<ul>\n<li style=\"font-weight: 400\"><a href=\"http:\/\/www.juntadeandalucia.es\/educacion\/portals\/web\/escolarizacion\/infantil-a-bachillerato\"><span style=\"font-weight: 400\">Portal de Escolarizaci\u00f3n y Matr\u00edcula: de INFANTIL a BACHILLERATO<\/span><\/a><span style=\"font-weight: 400\">&nbsp;<\/span><\/li>\n<\/ul>\n<p><span style=\"font-weight: 400\"><strong>En esta web<\/strong>, que se actualiza con los datos de cada curso acad\u00e9mico, <strong>podr\u00e1s encontrar<\/strong>:<\/span><\/p>\n<ul>\n<li style=\"font-weight: 400\"><span style=\"font-weight: 400\">El <\/span><a href=\"https:\/\/www.juntadeandalucia.es\/educacion\/portales\/web\/escolarizacion\/infantil-a-bachillerato\/calendario\" target=\"_blank\" rel=\"noopener\"><span style=\"font-weight: 400\">calendario<\/span><\/a><span style=\"font-weight: 400\"> con las fechas de los distintos pasos de la tramitaci\u00f3n.<\/span><\/li>\n<li style=\"font-weight: 400\"><span style=\"font-weight: 400\">Los <\/span><a href=\"https:\/\/www.juntadeandalucia.es\/educacion\/portales\/web\/escolarizacion\/infantil-a-bachillerato\/impresos\" target=\"_blank\" rel=\"noopener\"><span style=\"font-weight: 400\">impresos<\/span><\/a><span style=\"font-weight: 400\"> necesarios para los distintos tr\u00e1mites.<\/span><\/li>\n<li style=\"font-weight: 400\"><a href=\"https:\/\/www.juntadeandalucia.es\/educacion\/portales\/web\/escolarizacion\/infantil-a-bachillerato\/autobaremo\" target=\"_blank\" rel=\"noopener\"><span style=\"font-weight: 400\">Autobaremo<\/span><\/a><span style=\"font-weight: 400\"> para el c\u00e1lculo de puntuaci\u00f3n de acceso a los centros a trav\u00e9s de un sencillo formulario con preguntas.<\/span><\/li>\n<li style=\"font-weight: 400\"><span style=\"font-weight: 400\">Informaci\u00f3n sobre los criterios de admisi\u00f3n, puntuaci\u00f3n y documentaci\u00f3n acreditativa.<\/span><\/li>\n<li style=\"font-weight: 400\"><span style=\"font-weight: 400\">La <\/span><a href=\"https:\/\/www.juntadeandalucia.es\/educacion\/portales\/web\/escolarizacion\/infantil-a-bachillerato\/normativa\" target=\"_blank\" rel=\"noopener\"><span style=\"font-weight: 400\">normativa<\/span><\/a><span style=\"font-weight: 400\"> que regula las ense\u00f1anzas de segundo ciclo de Educaci\u00f3n Infantil, Primaria, Especial, Secundaria Obligatoria y Bachillerato.<\/span><\/li>\n<li style=\"font-weight: 400\"><span style=\"font-weight: 400\">Un buscador de centros y de las <\/span><a href=\"https:\/\/www.juntadeandalucia.es\/educacion\/educasig\/escolarizacion\/\" target=\"_blank\" rel=\"noopener\"><span style=\"font-weight: 400\">\u00e1reas de influencia<\/span><\/a><span style=\"font-weight: 400\">.<\/span><\/li>\n<\/ul>\n<p>&nbsp;<\/p>\n<p><span style=\"font-weight: 400\">Adem\u00e1s de la entrega en papel, se puede entregar en la <\/span><b>Secretaria Virtual de los Centros Educativos<\/b><span style=\"font-weight: 400\">. Esta entrega de solicitud electr\u00f3nica es preferible para agilizar los procedimientos y evitar errores de transcripci\u00f3n. La direcci\u00f3n web para entregar la solicitud electr\u00f3nica es la siguiente:<\/span><\/p>\n<p><a href=\"https:\/\/www.juntadeandalucia.es\/educacion\/secretariavirtual\/\" target=\"_blank\" rel=\"noopener noreferrer\"><img loading=\"lazy\" decoding=\"async\" class=\"alignnone wp-image-2923 size-full\" src=\"https:\/\/blogsaverroes.juntadeandalucia.es\/ceiptirsodemolina\/files\/2021\/03\/logo_secretaria_virtual.jpg\" alt=\"\" width=\"1280\" height=\"291\" srcset=\"https:\/\/blogsaverroes.juntadeandalucia.es\/ceiptirsodemolina\/files\/2021\/03\/logo_secretaria_virtual.jpg 1280w, https:\/\/blogsaverroes.juntadeandalucia.es\/ceiptirsodemolina\/files\/2021\/03\/logo_secretaria_virtual-300x68.jpg 300w, https:\/\/blogsaverroes.juntadeandalucia.es\/ceiptirsodemolina\/files\/2021\/03\/logo_secretaria_virtual-1024x233.jpg 1024w, https:\/\/blogsaverroes.juntadeandalucia.es\/ceiptirsodemolina\/files\/2021\/03\/logo_secretaria_virtual-768x175.jpg 768w, https:\/\/blogsaverroes.juntadeandalucia.es\/ceiptirsodemolina\/files\/2021\/03\/logo_secretaria_virtual-700x159.jpg 700w\" sizes=\"(max-width: 1280px) 100vw, 1280px\" \/><\/a><\/p>\n<p><a href=\"https:\/\/www.juntadeandalucia.es\/educacion\/secretariavirtual\/\">https:\/\/www.juntadeandalucia.es\/educacion\/secretariavirtual\/<\/a><\/p>\n<p>&nbsp;<\/p>\n<p><b>EL TR\u00c1MITE APARECE EN SOLICITUDES<\/b><br \/>\n<a href=\"https:\/\/blogsaverroes.juntadeandalucia.es\/ceiptirsodemolina\/files\/2021\/03\/2021-03-.png\"><img loading=\"lazy\" decoding=\"async\" class=\"wp-image-2926 aligncenter\" src=\"https:\/\/blogsaverroes.juntadeandalucia.es\/ceiptirsodemolina\/files\/2021\/03\/2021-03-.png\" alt=\"\" width=\"584\" height=\"390\"><\/a><\/p>\n<p><b>SE PUEDE ACCEDER CON:<\/b><\/p>\n<p><a href=\"https:\/\/blogsaverroes.juntadeandalucia.es\/ceiptirsodemolina\/files\/2021\/03\/secretaria-virtual-1.jpg\"><img loading=\"lazy\" decoding=\"async\" class=\"size-full wp-image-2927 aligncenter\" src=\"https:\/\/blogsaverroes.juntadeandalucia.es\/ceiptirsodemolina\/files\/2021\/03\/secretaria-virtual-1.jpg\" alt=\"\" width=\"1203\" height=\"595\" srcset=\"https:\/\/blogsaverroes.juntadeandalucia.es\/ceiptirsodemolina\/files\/2021\/03\/secretaria-virtual-1.jpg 1203w, https:\/\/blogsaverroes.juntadeandalucia.es\/ceiptirsodemolina\/files\/2021\/03\/secretaria-virtual-1-300x148.jpg 300w, https:\/\/blogsaverroes.juntadeandalucia.es\/ceiptirsodemolina\/files\/2021\/03\/secretaria-virtual-1-1024x506.jpg 1024w, https:\/\/blogsaverroes.juntadeandalucia.es\/ceiptirsodemolina\/files\/2021\/03\/secretaria-virtual-1-768x380.jpg 768w, https:\/\/blogsaverroes.juntadeandalucia.es\/ceiptirsodemolina\/files\/2021\/03\/secretaria-virtual-1-700x346.jpg 700w\" sizes=\"(max-width: 1203px) 100vw, 1203px\" \/><\/a><\/p>\n<h3 style=\"text-align: center\">&nbsp;<\/h3>\n<p>&nbsp;<\/p>\n<div id=\"cc-m-7454824584\" class=\"j-module n j-header \">\n<h3 id=\"cc-m-header-7454824584\" class=\"\"><span style=\"color: #3366ff\">IMPRESOS DE ADMISI\u00d3N (DEL 1 DE MARZO AL 1 DE ABRIL)<\/span><\/h3>\n<hr>\n<\/div>\n<div id=\"cc-m-9760055784\" class=\"j-module n j-hr \"><a class=\"j-m-dowload\" href=\"https:\/\/www.juntadeandalucia.es\/educacion\/portales\/documents\/100629\/669352\/3_Anexo%20III_002535_5.pdf\/16050806-cd1f-89da-678f-001bb54aab73?version=1.0\" target=\"_blank\" rel=\"https:\/\/www.juntadeandalucia.es\/educacion\/portals\/delegate\/content\/7e1d7b27-eaa4-42e7-bfa3-ac436db80ed6\/ANEXO%20III noopener noreferrer\"><img loading=\"lazy\" decoding=\"async\" class=\"downloadImage alignleft\" src=\"https:\/\/assets.jimstatic.com\/s\/img\/cc\/icons\/pdf.png\" alt=\"Descarga\" width=\"51\" height=\"51\"><\/a><\/div>\n<div id=\"cc-m-8286167484\" class=\"j-module n j-downloadDocument \">\n<div class=\"descriptionContainer\" data-name=\"download-description\">\n<div class=\"cc-m-download-title\">\n<p>IMPRESO DE ADMISI\u00d3N (Autorrellenable)<\/p>\n<div class=\"cc-m-download-file\">\n<div class=\"cc-m-download-file-name\">Cumplimentar, imprimir documento y presentar en el centro.<\/div>\n<\/div>\n<\/div>\n<div class=\"cc-m-download-file\">\n<div class=\"cc-m-download-file-name\">ANEXO III.pdf<\/div>\n<div class=\"cc-m-download-file-info\">&nbsp;<\/div>\n<div>&nbsp;<\/div>\n<\/div>\n<\/div>\n<\/div>\n<div>\n<div id=\"cc-m-8286165784\" class=\"j-module n j-text \">\n<p><strong>INSTRUCCIONES PARA CUMPLIMENTAR LA SOLICITUD<\/strong><\/p>\n<ul>\n<li>La solicitud de plaza escolar ser\u00e1 \u00fanica y se presentar\u00e1 en el centro docente en el que el alumno o alumna pretende ser admitido prioritariamente.<\/li>\n<li>La presentaci\u00f3n de la solicitud fuera del plazo establecido, as\u00ed como la presentaci\u00f3n de m\u00e1s de una solicitud, dar\u00e1 lugar a la p\u00e9rdida de todos los derechos de prioridad que puedan corresponder al alumno o alumna.<\/li>\n<li>El nombre y apellidos con que la persona interesada participa en el proceso de admisi\u00f3n ser\u00e1n los que figuran de forma literal en la solicitud presentada, de forma que \u00e9sta queda vinculada por los datos que haya hecho constar en la misma.<\/li>\n<li>La solicitud debe cumplimentarse utilizando bol\u00edgrafo azul o negro, con letra clara y legible, preferentemente may\u00fasculas.<\/li>\n<li>La solicitud debe cumplimentarse utilizando bol\u00edgrafo azul o negro, con letra clara y legible, preferentemente may\u00fasculas.<\/li>\n<li>La solicitud correspondiente a una persona menor de edad o mayor de edad sometida a patria potestad prorrogada o tutela deber\u00e1 estar firmada por alguna de las personas que ejercen su tutela legal y que ostentan la guarda y custodia, cuyos datos personales deber\u00e1n ser consignados en el apartado 2 correspondiente a la persona tutora o guardadora legal 1.<\/li>\n<li>La solicitud deber\u00e1 acompa\u00f1arse, en su caso, de la documentaci\u00f3n acreditativa de las circunstancias declaradas.<\/li>\n<\/ul>\n<p>&nbsp;<\/p>\n<\/div>\n<\/div>\n","protected":false},"excerpt":{"rendered":"<p>ABIERTO EL PLAZO DE SOLICITUD DE ADMISI\u00d3N DE INFANTIL A BACHILLERATO EN CENTROS SOSTENIDOS POR FONDOS P\u00daBLICOS PARA EL CURSO 2024\/25 DEL 1 DE MARZO AL 1 DE ABRIL Informaci\u00f3n general La Consejer\u00eda de Desarrollo Educativo y Formaci\u00f3n Profesional convoca el procedimiento de admisi\u00f3n del alumnado en los centros docentes p\u00fablicos y privados concertados para &hellip; <\/p>\n<p><a class=\"more-link btn\" href=\"https:\/\/blogsaverroes.juntadeandalucia.es\/ceiptirsodemolina\/escolarizacion\/\">Seguir leyendo<\/a><\/p>\n","protected":false},"author":1,"featured_media":2915,"parent":0,"menu_order":0,"comment_status":"closed","ping_status":"open","template":"","meta":{"ngg_post_thumbnail":0,"footnotes":"","_mc_calendar":[]},"aioseo_notices":[],"_links":{"self":[{"href":"https:\/\/blogsaverroes.juntadeandalucia.es\/ceiptirsodemolina\/wp-json\/wp\/v2\/pages\/141"}],"collection":[{"href":"https:\/\/blogsaverroes.juntadeandalucia.es\/ceiptirsodemolina\/wp-json\/wp\/v2\/pages"}],"about":[{"href":"https:\/\/blogsaverroes.juntadeandalucia.es\/ceiptirsodemolina\/wp-json\/wp\/v2\/types\/page"}],"author":[{"embeddable":true,"href":"https:\/\/blogsaverroes.juntadeandalucia.es\/ceiptirsodemolina\/wp-json\/wp\/v2\/users\/1"}],"replies":[{"embeddable":true,"href":"https:\/\/blogsaverroes.juntadeandalucia.es\/ceiptirsodemolina\/wp-json\/wp\/v2\/comments?post=141"}],"version-history":[{"count":26,"href":"https:\/\/blogsaverroes.juntadeandalucia.es\/ceiptirsodemolina\/wp-json\/wp\/v2\/pages\/141\/revisions"}],"predecessor-version":[{"id":3460,"href":"https:\/\/blogsaverroes.juntadeandalucia.es\/ceiptirsodemolina\/wp-json\/wp\/v2\/pages\/141\/revisions\/3460"}],"wp:featuredmedia":[{"embeddable":true,"href":"https:\/\/blogsaverroes.juntadeandalucia.es\/ceiptirsodemolina\/wp-json\/wp\/v2\/media\/2915"}],"wp:attachment":[{"href":"https:\/\/blogsaverroes.juntadeandalucia.es\/ceiptirsodemolina\/wp-json\/wp\/v2\/media?parent=141"}],"curies":[{"name":"wp","href":"https:\/\/api.w.org\/{rel}","templated":true}]}}