{"id":2371,"date":"2020-01-09T12:43:58","date_gmt":"2020-01-09T11:43:58","guid":{"rendered":"https:\/\/blogsaverroes.juntadeandalucia.es\/ceiptirsodemolina\/?page_id=2371"},"modified":"2022-02-14T11:41:33","modified_gmt":"2022-02-14T10:41:33","slug":"ipasen-2","status":"publish","type":"page","link":"https:\/\/blogsaverroes.juntadeandalucia.es\/ceiptirsodemolina\/ipasen-2\/","title":{"rendered":"IPASEN"},"content":{"rendered":"<h2><span style=\"color: #339966\"><strong>Acceso a IPasen haciendo clic en el icono.<\/strong><\/span><\/h2>\n<p><a title=\"ACCESO A IPASEN\" href=\"https:\/\/seneca.juntadeandalucia.es\/seneca\/jsp\/portalpasen\/\" target=\"_blank\" rel=\"noopener noreferrer\"><img fetchpriority=\"high\" decoding=\"async\" class=\"size-full wp-image-2372 aligncenter\" src=\"https:\/\/blogsaverroes.juntadeandalucia.es\/ceiptirsodemolina\/files\/2020\/01\/imagen-ipases.png\" alt=\"\" width=\"225\" height=\"225\" srcset=\"https:\/\/blogsaverroes.juntadeandalucia.es\/ceiptirsodemolina\/files\/2020\/01\/imagen-ipases.png 225w, https:\/\/blogsaverroes.juntadeandalucia.es\/ceiptirsodemolina\/files\/2020\/01\/imagen-ipases-150x150.png 150w, https:\/\/blogsaverroes.juntadeandalucia.es\/ceiptirsodemolina\/files\/2020\/01\/imagen-ipases-100x100.png 100w, https:\/\/blogsaverroes.juntadeandalucia.es\/ceiptirsodemolina\/files\/2020\/01\/imagen-ipases-24x24.png 24w, https:\/\/blogsaverroes.juntadeandalucia.es\/ceiptirsodemolina\/files\/2020\/01\/imagen-ipases-36x36.png 36w, https:\/\/blogsaverroes.juntadeandalucia.es\/ceiptirsodemolina\/files\/2020\/01\/imagen-ipases-48x48.png 48w\" sizes=\"(max-width: 225px) 100vw, 225px\" \/><\/a><\/p>\n<p>&nbsp;<\/p>\n<p>La aplicaci\u00f3n IPASEN nos va a servir para estar en comunicaci\u00f3n con vosotros, consultar las notas, solicitar tutor\u00edas, justificar faltas de vuestros\/as hijos\/as,\u2026&nbsp;<\/p>\n<p>Os animamos a que os descargu\u00e9is esta aplicaci\u00f3n en vuestro m\u00f3vil; para ello, deb\u00e9is acceder a la siguiente p\u00e1gina<\/p>\n<p><a href=\"https:\/\/play.google.com\/store\/apps\/details?id=juntadeandalucia.ced.pasen&amp;hl=es\" target=\"_blank\" rel=\"noopener noreferrer\">https:\/\/play.google.com\/store\/apps\/details?id=juntadeandalucia.ced.pasen&amp;hl=es<\/a><\/p>\n<p>En este otro enlace podr\u00e9is ver como conseguir el usuario y contrase\u00f1a para poder empezar a utilizar la app<\/p>\n<p><a href=\"http:\/\/portals.ced.junta-andalucia.es\/educacion\/portals\/web\/ced\/pasen\" target=\"_blank\" rel=\"noopener noreferrer\">http:\/\/portals.ced.junta-andalucia.es\/educacion\/portals\/web\/ced\/pasen<\/a><\/p>\n<p>Para conocer m\u00e1s de todas las utilidades que tiene la aplicaci\u00f3n Ipasen pod\u00e9is consultar pinchando en este manual.<\/p>\n<p><a href=\"https:\/\/blogsaverroes.juntadeandalucia.es\/ceipsanfernandocordoba\/files\/2019\/09\/Manual_Pasen_perfil_Tutores-Legales.pdf\" target=\"_blank\" rel=\"noopener noreferrer\">Manual_Pasen_perfil_Tutores Legales<\/a><\/p>\n<p>&nbsp;<\/p>\n<p>&nbsp;<\/p>\n","protected":false},"excerpt":{"rendered":"<p>Acceso a IPasen haciendo clic en el icono. &nbsp; La aplicaci\u00f3n IPASEN nos va a servir para estar en comunicaci\u00f3n con vosotros, consultar las notas, solicitar tutor\u00edas, justificar faltas de vuestros\/as hijos\/as,\u2026&nbsp; Os animamos a que os descargu\u00e9is esta aplicaci\u00f3n en vuestro m\u00f3vil; para ello, deb\u00e9is acceder a la siguiente p\u00e1gina https:\/\/play.google.com\/store\/apps\/details?id=juntadeandalucia.ced.pasen&amp;hl=es En este otro &hellip; <\/p>\n<p><a class=\"more-link btn\" href=\"https:\/\/blogsaverroes.juntadeandalucia.es\/ceiptirsodemolina\/ipasen-2\/\">Seguir leyendo<\/a><\/p>\n","protected":false},"author":7653,"featured_media":0,"parent":0,"menu_order":0,"comment_status":"closed","ping_status":"closed","template":"","meta":{"ngg_post_thumbnail":0,"footnotes":"","_mc_calendar":[]},"aioseo_notices":[],"_links":{"self":[{"href":"https:\/\/blogsaverroes.juntadeandalucia.es\/ceiptirsodemolina\/wp-json\/wp\/v2\/pages\/2371"}],"collection":[{"href":"https:\/\/blogsaverroes.juntadeandalucia.es\/ceiptirsodemolina\/wp-json\/wp\/v2\/pages"}],"about":[{"href":"https:\/\/blogsaverroes.juntadeandalucia.es\/ceiptirsodemolina\/wp-json\/wp\/v2\/types\/page"}],"author":[{"embeddable":true,"href":"https:\/\/blogsaverroes.juntadeandalucia.es\/ceiptirsodemolina\/wp-json\/wp\/v2\/users\/7653"}],"replies":[{"embeddable":true,"href":"https:\/\/blogsaverroes.juntadeandalucia.es\/ceiptirsodemolina\/wp-json\/wp\/v2\/comments?post=2371"}],"version-history":[{"count":4,"href":"https:\/\/blogsaverroes.juntadeandalucia.es\/ceiptirsodemolina\/wp-json\/wp\/v2\/pages\/2371\/revisions"}],"predecessor-version":[{"id":3137,"href":"https:\/\/blogsaverroes.juntadeandalucia.es\/ceiptirsodemolina\/wp-json\/wp\/v2\/pages\/2371\/revisions\/3137"}],"wp:attachment":[{"href":"https:\/\/blogsaverroes.juntadeandalucia.es\/ceiptirsodemolina\/wp-json\/wp\/v2\/media?parent=2371"}],"curies":[{"name":"wp","href":"https:\/\/api.w.org\/{rel}","templated":true}]}}