{"id":82,"date":"2015-03-16T06:59:55","date_gmt":"2015-03-16T06:59:55","guid":{"rendered":"http:\/\/blogsaverroes.juntadeandalucia.es\/pre\/ceip\/?page_id=82"},"modified":"2024-01-29T10:02:49","modified_gmt":"2024-01-29T09:02:49","slug":"horarios","status":"publish","type":"page","link":"https:\/\/blogsaverroes.juntadeandalucia.es\/ceiptirsodemolina\/horarios\/","title":{"rendered":"Horarios"},"content":{"rendered":"<p><img fetchpriority=\"high\" decoding=\"async\" class=\"alignnone size-medium wp-image-1675\" src=\"https:\/\/blogsaverroes.juntadeandalucia.es\/ceiptirsodemolina\/files\/2015\/03\/horario2-300x211.jpg\" alt=\"horario2\" width=\"300\" height=\"211\" srcset=\"https:\/\/blogsaverroes.juntadeandalucia.es\/ceiptirsodemolina\/files\/2015\/03\/horario2-300x211.jpg 300w, https:\/\/blogsaverroes.juntadeandalucia.es\/ceiptirsodemolina\/files\/2015\/03\/horario2.jpg 640w\" sizes=\"(max-width: 300px) 100vw, 300px\" \/><\/p>\n<p><strong>Actividades lectivas<\/strong>: De lunes a viernes de 9:00 a 14:00 horas.<\/p>\n<p><strong>Plan de Apertura<\/strong>:<\/p>\n<ul style=\"list-style-type: circle\">\n<li><strong>Aula Matinal<\/strong>: De lunes a viernes de 7:30 a 9:00 horas.<\/li>\n<li><strong>Comedor<\/strong>: De lunes a viernes de 14:00 a 16:00 horas.&nbsp;&nbsp;&nbsp;&nbsp;&nbsp;&nbsp;&nbsp;&nbsp;<\/li>\n<li><strong>Actividades extraescolares<\/strong>:\n<ul style=\"list-style-type: circle\">\n<li>INGL\u00c9S: lunes y mi\u00e9rcoles de 16:00 a 17:00.<\/li>\n<li>MULTIDEPORTE: de martes y jueves de 16:00 a 17:00.<\/li>\n<li>ROB\u00d3TICA: de lunes a jueves de 16:00 a 18:00.<\/li>\n<\/ul>\n<\/li>\n<\/ul>\n<p><strong>PROA<\/strong> (Programa de Acompa\u00f1amiento Escolar: Refuerzo Educativo para el alumnado de 3\u00ba, 4\u00ba 5\u00ba y 6\u00ba de EPO):&nbsp;<\/p>\n<p>&nbsp;<\/p>\n","protected":false},"excerpt":{"rendered":"<p>Actividades lectivas: De lunes a viernes de 9:00 a 14:00 horas. Plan de Apertura: Aula Matinal: De lunes a viernes de 7:30 a 9:00 horas. Comedor: De lunes a viernes de 14:00 a 16:00 horas.&nbsp;&nbsp;&nbsp;&nbsp;&nbsp;&nbsp;&nbsp;&nbsp; Actividades extraescolares: INGL\u00c9S: lunes y mi\u00e9rcoles de 16:00 a 17:00. MULTIDEPORTE: de martes y jueves de 16:00 a 17:00. ROB\u00d3TICA: &hellip; <\/p>\n<p><a class=\"more-link btn\" href=\"https:\/\/blogsaverroes.juntadeandalucia.es\/ceiptirsodemolina\/horarios\/\">Seguir leyendo<\/a><\/p>\n","protected":false},"author":1,"featured_media":0,"parent":0,"menu_order":0,"comment_status":"closed","ping_status":"open","template":"","meta":{"ngg_post_thumbnail":0,"footnotes":"","_mc_calendar":[]},"aioseo_notices":[],"_links":{"self":[{"href":"https:\/\/blogsaverroes.juntadeandalucia.es\/ceiptirsodemolina\/wp-json\/wp\/v2\/pages\/82"}],"collection":[{"href":"https:\/\/blogsaverroes.juntadeandalucia.es\/ceiptirsodemolina\/wp-json\/wp\/v2\/pages"}],"about":[{"href":"https:\/\/blogsaverroes.juntadeandalucia.es\/ceiptirsodemolina\/wp-json\/wp\/v2\/types\/page"}],"author":[{"embeddable":true,"href":"https:\/\/blogsaverroes.juntadeandalucia.es\/ceiptirsodemolina\/wp-json\/wp\/v2\/users\/1"}],"replies":[{"embeddable":true,"href":"https:\/\/blogsaverroes.juntadeandalucia.es\/ceiptirsodemolina\/wp-json\/wp\/v2\/comments?post=82"}],"version-history":[{"count":8,"href":"https:\/\/blogsaverroes.juntadeandalucia.es\/ceiptirsodemolina\/wp-json\/wp\/v2\/pages\/82\/revisions"}],"predecessor-version":[{"id":3389,"href":"https:\/\/blogsaverroes.juntadeandalucia.es\/ceiptirsodemolina\/wp-json\/wp\/v2\/pages\/82\/revisions\/3389"}],"wp:attachment":[{"href":"https:\/\/blogsaverroes.juntadeandalucia.es\/ceiptirsodemolina\/wp-json\/wp\/v2\/media?parent=82"}],"curies":[{"name":"wp","href":"https:\/\/api.w.org\/{rel}","templated":true}]}}