{"id":871,"date":"2015-03-16T07:25:46","date_gmt":"2015-03-16T07:25:46","guid":{"rendered":"http:\/\/blogsaverroes.juntadeandalucia.es\/pre\/ceip\/?page_id=106"},"modified":"2024-05-09T08:24:30","modified_gmt":"2024-05-09T07:24:30","slug":"actividades-extraescolares","status":"publish","type":"page","link":"https:\/\/blogsaverroes.juntadeandalucia.es\/ceiptirsodemolina\/actividades-extraescolares\/","title":{"rendered":"Actividades extraescolares"},"content":{"rendered":"<h4>&nbsp;<\/h4>\n<p style=\"text-align: left\"><a href=\"https:\/\/blogsaverroes.juntadeandalucia.es\/ceiptirsodemolina\/files\/2015\/03\/talleres.jpg\"><img fetchpriority=\"high\" decoding=\"async\" class=\" alignnone wp-image-228 size-medium alignleft\" src=\"https:\/\/blogsaverroes.juntadeandalucia.es\/ceiptirsodemolina\/files\/2015\/03\/talleres-300x199.jpg\" alt=\"\" width=\"300\" height=\"199\" srcset=\"https:\/\/blogsaverroes.juntadeandalucia.es\/ceiptirsodemolina\/files\/2015\/03\/talleres-300x199.jpg 300w, https:\/\/blogsaverroes.juntadeandalucia.es\/ceiptirsodemolina\/files\/2015\/03\/talleres-1024x682.jpg 1024w, https:\/\/blogsaverroes.juntadeandalucia.es\/ceiptirsodemolina\/files\/2015\/03\/talleres.jpg 1280w\" sizes=\"(max-width: 300px) 100vw, 300px\" \/><\/a>Las actividades extraescolares tienen lugar en horario de tarde, hasta las 18.00, y abarcan aspectos como refuerzo educativo, el deporte, la rob\u00f3tica y los idiomas entre otras actividades l\u00fadicas y formativas.<\/p>\n<p>&nbsp;<\/p>\n<p>&nbsp;<\/p>\n<p><a href=\"https:\/\/blogsaverroes.juntadeandalucia.es\/ceiptirsodemolina\/files\/2024\/05\/Logos-PNG.png\"><img decoding=\"async\" class=\"aligncenter size-full wp-image-3449\" src=\"https:\/\/blogsaverroes.juntadeandalucia.es\/ceiptirsodemolina\/files\/2024\/05\/Logos-PNG.png\" alt=\"\" width=\"1128\" height=\"84\" srcset=\"https:\/\/blogsaverroes.juntadeandalucia.es\/ceiptirsodemolina\/files\/2024\/05\/Logos-PNG.png 1128w, https:\/\/blogsaverroes.juntadeandalucia.es\/ceiptirsodemolina\/files\/2024\/05\/Logos-PNG-300x22.png 300w, https:\/\/blogsaverroes.juntadeandalucia.es\/ceiptirsodemolina\/files\/2024\/05\/Logos-PNG-1024x76.png 1024w, https:\/\/blogsaverroes.juntadeandalucia.es\/ceiptirsodemolina\/files\/2024\/05\/Logos-PNG-768x57.png 768w, https:\/\/blogsaverroes.juntadeandalucia.es\/ceiptirsodemolina\/files\/2024\/05\/Logos-PNG-700x52.png 700w\" sizes=\"(max-width: 1128px) 100vw, 1128px\" \/><\/a><\/p>\n<p><strong>PROA<\/strong> (Programa de Acompa\u00f1amiento Escolar: Refuerzo Educativo para el alumnado de 3\u00ba, 4\u00ba, 5\u00ba y 6\u00ba de EPO): martes y jueves de 16:00 a 18:00 horas.<\/p>\n<p>&nbsp;<\/p>\n<p><strong>Multideporte:<\/strong> Infantil. Martes y jueves de 16:00 a 17:00 horas.<\/p>\n<p><strong>Multideporte:<\/strong> Primaria. Martes y jueves de 16:00 a 17:00 Horas.<\/p>\n<p><strong>Ingl\u00e9s:<\/strong> Infantil. Lunes y mi\u00e9rcoles de 16:00 a 17:00 horas.<\/p>\n<p><strong>Rob\u00f3tica:<\/strong> De Infantil cinco a\u00f1os a 6\u00ba de EPO. Diferentes grupos de lunes a jueves en horario de 16:00 a 17:00 horas o de 17:00 a 18:00 horas.<\/p>\n<p>&nbsp;<\/p>\n<p><strong>ESCUELA DE BALONCESTO:<\/strong> lunes y mi\u00e9rcoles de 16:00 a 18:00 horas. <em>(Escuela \u00abCiudad de C\u00f3rdoba).<a href=\"https:\/\/blogsaverroes.juntadeandalucia.es\/ceiptirsodemolina\/files\/2021\/09\/escuela-baloncesto-e1643968201735.jpg\"><img decoding=\"async\" class=\"aligncenter wp-image-3051 \" src=\"https:\/\/blogsaverroes.juntadeandalucia.es\/ceiptirsodemolina\/files\/2021\/09\/escuela-baloncesto-e1643968201735.jpg\" alt=\"\" width=\"141\" height=\"184\"><\/a><\/em><\/p>\n<p><strong>ESCUELA DE F\u00daTBOL:&nbsp;<\/strong> martes y jueves de 16:00 a 18:00 horas. <em>(Club deportivo \u00abKarduba\u00bb).<\/em><\/p>\n<p><a href=\"https:\/\/blogsaverroes.juntadeandalucia.es\/ceiptirsodemolina\/files\/2021\/09\/CARTEL-CLUB-KARDUBA-.jpg\"><img loading=\"lazy\" decoding=\"async\" class=\"aligncenter wp-image-3046\" src=\"https:\/\/blogsaverroes.juntadeandalucia.es\/ceiptirsodemolina\/files\/2021\/09\/CARTEL-CLUB-KARDUBA-.jpg\" alt=\"\" width=\"307\" height=\"209\"><\/a><\/p>\n<p>&nbsp;<\/p>\n<p>&nbsp;<\/p>\n<p>&nbsp;<\/p>\n<p>&nbsp;<\/p>\n<p>&nbsp;<\/p>\n<p>&nbsp;<\/p>\n<p>&nbsp;<\/p>\n<p>&nbsp;<\/p>\n","protected":false},"excerpt":{"rendered":"<p>&nbsp; Las actividades extraescolares tienen lugar en horario de tarde, hasta las 18.00, y abarcan aspectos como refuerzo educativo, el deporte, la rob\u00f3tica y los idiomas entre otras actividades l\u00fadicas y formativas. &nbsp; &nbsp; PROA (Programa de Acompa\u00f1amiento Escolar: Refuerzo Educativo para el alumnado de 3\u00ba, 4\u00ba, 5\u00ba y 6\u00ba de EPO): martes y jueves &hellip; <\/p>\n<p><a class=\"more-link btn\" href=\"https:\/\/blogsaverroes.juntadeandalucia.es\/ceiptirsodemolina\/actividades-extraescolares\/\">Seguir leyendo<\/a><\/p>\n","protected":false},"author":1,"featured_media":0,"parent":0,"menu_order":0,"comment_status":"closed","ping_status":"open","template":"","meta":{"ngg_post_thumbnail":0,"footnotes":"","_mc_calendar":[]},"aioseo_notices":[],"_links":{"self":[{"href":"https:\/\/blogsaverroes.juntadeandalucia.es\/ceiptirsodemolina\/wp-json\/wp\/v2\/pages\/871"}],"collection":[{"href":"https:\/\/blogsaverroes.juntadeandalucia.es\/ceiptirsodemolina\/wp-json\/wp\/v2\/pages"}],"about":[{"href":"https:\/\/blogsaverroes.juntadeandalucia.es\/ceiptirsodemolina\/wp-json\/wp\/v2\/types\/page"}],"author":[{"embeddable":true,"href":"https:\/\/blogsaverroes.juntadeandalucia.es\/ceiptirsodemolina\/wp-json\/wp\/v2\/users\/1"}],"replies":[{"embeddable":true,"href":"https:\/\/blogsaverroes.juntadeandalucia.es\/ceiptirsodemolina\/wp-json\/wp\/v2\/comments?post=871"}],"version-history":[{"count":15,"href":"https:\/\/blogsaverroes.juntadeandalucia.es\/ceiptirsodemolina\/wp-json\/wp\/v2\/pages\/871\/revisions"}],"predecessor-version":[{"id":3452,"href":"https:\/\/blogsaverroes.juntadeandalucia.es\/ceiptirsodemolina\/wp-json\/wp\/v2\/pages\/871\/revisions\/3452"}],"wp:attachment":[{"href":"https:\/\/blogsaverroes.juntadeandalucia.es\/ceiptirsodemolina\/wp-json\/wp\/v2\/media?parent=871"}],"curies":[{"name":"wp","href":"https:\/\/api.w.org\/{rel}","templated":true}]}}