{"id":1373,"date":"2021-08-30T17:15:45","date_gmt":"2021-08-30T16:15:45","guid":{"rendered":"https:\/\/blogsaverroes.juntadeandalucia.es\/ceiptorrijos\/?page_id=1373"},"modified":"2023-11-21T12:53:27","modified_gmt":"2023-11-21T11:53:27","slug":"secretaria","status":"publish","type":"page","link":"https:\/\/blogsaverroes.juntadeandalucia.es\/ceiptorrijos\/secretaria\/","title":{"rendered":"Secretar\u00eda"},"content":{"rendered":"<p>La atenci\u00f3n en Secretar\u00eda siempre ser\u00e1 con <strong>CITA PREVIA <\/strong>en el siguiente horario:<\/p>\n<p><strong>LUNES Y MARTES: <\/strong>9:00- 10:00 H<\/p>\n<p><strong>MI\u00c9RCOLES Y JUEVES: <\/strong>13:00-14:00 H<\/p>\n<p>Puede solicitar Cita Previa o realizar cualquier consulta a trav\u00e9s de los siguientes medios :<\/p>\n<p><strong>Tel\u00e9fono del Centro:<\/strong> 951298334<\/p>\n<p><strong>Correo electr\u00f3nico<\/strong>:&nbsp;secretaria@ceiptorrijos.com<\/p>\n","protected":false},"excerpt":{"rendered":"<p>La atenci\u00f3n en Secretar\u00eda siempre ser\u00e1 con CITA PREVIA en el siguiente horario: LUNES Y MARTES: 9:00- 10:00 H MI\u00c9RCOLES Y JUEVES: 13:00-14:00 H Puede solicitar Cita Previa o realizar cualquier consulta a trav\u00e9s de los siguientes medios : Tel\u00e9fono del Centro: 951298334 Correo electr\u00f3nico:&nbsp;secretaria@ceiptorrijos.com<\/p>\n","protected":false},"author":12404,"featured_media":0,"parent":0,"menu_order":0,"comment_status":"closed","ping_status":"closed","template":"","meta":{"_et_pb_use_builder":"","_et_pb_old_content":"","_et_gb_content_width":"","ngg_post_thumbnail":0,"footnotes":""},"aioseo_notices":[],"_links":{"self":[{"href":"https:\/\/blogsaverroes.juntadeandalucia.es\/ceiptorrijos\/wp-json\/wp\/v2\/pages\/1373"}],"collection":[{"href":"https:\/\/blogsaverroes.juntadeandalucia.es\/ceiptorrijos\/wp-json\/wp\/v2\/pages"}],"about":[{"href":"https:\/\/blogsaverroes.juntadeandalucia.es\/ceiptorrijos\/wp-json\/wp\/v2\/types\/page"}],"author":[{"embeddable":true,"href":"https:\/\/blogsaverroes.juntadeandalucia.es\/ceiptorrijos\/wp-json\/wp\/v2\/users\/12404"}],"replies":[{"embeddable":true,"href":"https:\/\/blogsaverroes.juntadeandalucia.es\/ceiptorrijos\/wp-json\/wp\/v2\/comments?post=1373"}],"version-history":[{"count":5,"href":"https:\/\/blogsaverroes.juntadeandalucia.es\/ceiptorrijos\/wp-json\/wp\/v2\/pages\/1373\/revisions"}],"predecessor-version":[{"id":2878,"href":"https:\/\/blogsaverroes.juntadeandalucia.es\/ceiptorrijos\/wp-json\/wp\/v2\/pages\/1373\/revisions\/2878"}],"wp:attachment":[{"href":"https:\/\/blogsaverroes.juntadeandalucia.es\/ceiptorrijos\/wp-json\/wp\/v2\/media?parent=1373"}],"curies":[{"name":"wp","href":"https:\/\/api.w.org\/{rel}","templated":true}]}}