{"id":1388,"date":"2021-08-30T17:29:41","date_gmt":"2021-08-30T16:29:41","guid":{"rendered":"https:\/\/blogsaverroes.juntadeandalucia.es\/ceiptorrijos\/?page_id=1388"},"modified":"2021-08-30T17:37:47","modified_gmt":"2021-08-30T16:37:47","slug":"transportes-escolar","status":"publish","type":"page","link":"https:\/\/blogsaverroes.juntadeandalucia.es\/ceiptorrijos\/transportes-escolar\/","title":{"rendered":"Transporte Escolar"},"content":{"rendered":"<p>[et_pb_section][et_pb_row][et_pb_column type=&#8221;4_4&#8243;][et_pb_text]<\/p>\n<p><img loading=\"lazy\" decoding=\"async\" class=\"aligncenter size-full wp-image-1389\" src=\"https:\/\/blogsaverroes.juntadeandalucia.es\/ceiptorrijos\/files\/2021\/08\/transporte-escolar.jpg\" alt=\"\" width=\"286\" height=\"176\"><\/p>\n<p>La prestaci\u00f3n gratuita del servicio complementario de transporte escolar tiene como finalidad garantizar la igualdad de todas las personas en el ejercicio del derecho a la educaci\u00f3n, facilitando el desplazamiento gratuito del alumnado del segundo ciclo de educaci\u00f3n infantil, de educaci\u00f3n primaria, de educaci\u00f3n especial, de educaci\u00f3n secundaria obligatoria, de bachillerato y de formaci\u00f3n profesional inicial, desde su localidad de residencia al centro docente asignado por la Administraci\u00f3n educativa.<\/p>\n<p>En nuestro caso contamos con dos rutas que abarcan las pedan\u00edas colindantes a Torrealquer\u00eda:<\/p>\n<p>&nbsp;<\/p>\n<ul>\n<li><strong>RUTA DEL ROMERAL (Empieza en la Rotonda de Zapata)<\/strong><\/li>\n<li><strong>RUTA DE LA ALQUER\u00cdA<\/strong><\/li>\n<\/ul>\n<p>&nbsp;<\/p>\n<p>Para informarse sobre este servicio pueden contactar con la secretar\u00eda del centro<\/p>\n<p>&nbsp;<\/p>\n<p>Localizador Paradas Rutas Escolares de Andaluc\u00eda.<\/p>\n<p><a href=\"http:\/\/dteducacionmalaga.hdplus.es\/public\/paradas\/\">http:\/\/dteducacionmalaga.hdplus.es\/public\/paradas\/<\/a><\/p>\n<p>[\/et_pb_text][\/et_pb_column][\/et_pb_row][\/et_pb_section]<\/p>\n","protected":false},"excerpt":{"rendered":"<p><div class=\"et_pb_section et_pb_section_0 et_section_regular\" >\n\t\t\t\t\n\t\t\t\t\n\t\t\t\t\n\t\t\t\t\n\t\t\t\t\n\t\t\t\t\n\t\t\t\t\n\t\t\t\t\n\t\t\t\t\n\t\t\t<\/div><div class=\"et_pb_row et_pb_row_0 et_pb_row_empty\">\n\t\t\t\t\n\t\t\t\t\n\t\t\t\t\n\t\t\t\t\n\t\t\t\t\n\t\t\t<\/div><div class=\"et_pb_module et_pb_text et_pb_text_0  et_pb_text_align_left et_pb_bg_layout_light\">\n\t\t\t\t\n\t\t\t\t\n\t\t\t\t\n\t\t\t\t\n\t\t\t\t\n\t\t\t<\/div> La prestaci\u00f3n gratuita del servicio complementario de transporte escolar tiene como finalidad garantizar la igualdad de todas las personas en el ejercicio del derecho a la educaci\u00f3n, facilitando el desplazamiento gratuito del alumnado del segundo ciclo de educaci\u00f3n infantil, de educaci\u00f3n primaria, de educaci\u00f3n especial, de educaci\u00f3n secundaria obligatoria, de bachillerato y de formaci\u00f3n [&hellip;]<\/p>\n","protected":false},"author":12404,"featured_media":1389,"parent":0,"menu_order":0,"comment_status":"closed","ping_status":"closed","template":"","meta":{"_et_pb_use_builder":"on","_et_pb_old_content":"<p><img class=\"aligncenter size-full wp-image-1389\" src=\"https:\/\/blogsaverroes.juntadeandalucia.es\/ceiptorrijos\/files\/2021\/08\/transporte-escolar.jpg\" alt=\"\" width=\"286\" height=\"176\"><\/p><p>La prestaci\u00f3n gratuita del servicio complementario de transporte escolar tiene como finalidad garantizar la igualdad de todas las personas en el ejercicio del derecho a la educaci\u00f3n, facilitando el desplazamiento gratuito del alumnado del segundo ciclo de educaci\u00f3n infantil, de educaci\u00f3n primaria, de educaci\u00f3n especial, de educaci\u00f3n secundaria obligatoria, de bachillerato y de formaci\u00f3n profesional inicial, desde su localidad de residencia al centro docente asignado por la Administraci\u00f3n educativa.<\/p><p>En nuestro caso contamos con dos rutas que abarcan las pedan\u00edas colindantes a Torrealquer\u00eda:<\/p><p>&nbsp;<\/p><ul><li><strong>RUTA DEL ROMERAL (Empieza en la Rotonda de Zapata)<\/strong><\/li><li><strong>RUTA DE LA ALQUER\u00cdA<\/strong><\/li><\/ul><p>&nbsp;<\/p><p>Para informarse sobre este servicio pueden contactar con la secretar\u00eda del centro<\/p><p>&nbsp;<\/p><p>Localizador Paradas Rutas Escolares de Andaluc\u00eda.<\/p><p><a href=\"http:\/\/dteducacionmalaga.hdplus.es\/public\/paradas\/\">http:\/\/dteducacionmalaga.hdplus.es\/public\/paradas\/<\/a><\/p>","_et_gb_content_width":"","ngg_post_thumbnail":0,"footnotes":""},"aioseo_notices":[],"_links":{"self":[{"href":"https:\/\/blogsaverroes.juntadeandalucia.es\/ceiptorrijos\/wp-json\/wp\/v2\/pages\/1388"}],"collection":[{"href":"https:\/\/blogsaverroes.juntadeandalucia.es\/ceiptorrijos\/wp-json\/wp\/v2\/pages"}],"about":[{"href":"https:\/\/blogsaverroes.juntadeandalucia.es\/ceiptorrijos\/wp-json\/wp\/v2\/types\/page"}],"author":[{"embeddable":true,"href":"https:\/\/blogsaverroes.juntadeandalucia.es\/ceiptorrijos\/wp-json\/wp\/v2\/users\/12404"}],"replies":[{"embeddable":true,"href":"https:\/\/blogsaverroes.juntadeandalucia.es\/ceiptorrijos\/wp-json\/wp\/v2\/comments?post=1388"}],"version-history":[{"count":4,"href":"https:\/\/blogsaverroes.juntadeandalucia.es\/ceiptorrijos\/wp-json\/wp\/v2\/pages\/1388\/revisions"}],"predecessor-version":[{"id":1398,"href":"https:\/\/blogsaverroes.juntadeandalucia.es\/ceiptorrijos\/wp-json\/wp\/v2\/pages\/1388\/revisions\/1398"}],"wp:featuredmedia":[{"embeddable":true,"href":"https:\/\/blogsaverroes.juntadeandalucia.es\/ceiptorrijos\/wp-json\/wp\/v2\/media\/1389"}],"wp:attachment":[{"href":"https:\/\/blogsaverroes.juntadeandalucia.es\/ceiptorrijos\/wp-json\/wp\/v2\/media?parent=1388"}],"curies":[{"name":"wp","href":"https:\/\/api.w.org\/{rel}","templated":true}]}}