{"id":840,"date":"2020-12-18T08:38:52","date_gmt":"2020-12-18T07:38:52","guid":{"rendered":"https:\/\/blogsaverroes.juntadeandalucia.es\/pre\/plantilla-pencil\/?page_id=840"},"modified":"2021-11-05T09:55:17","modified_gmt":"2021-11-05T08:55:17","slug":"ampa","status":"publish","type":"page","link":"https:\/\/blogsaverroes.juntadeandalucia.es\/ceiptorrijos\/ampa\/","title":{"rendered":"AMPA"},"content":{"rendered":"<p>[et_pb_section fb_built=&#8221;1&#8243; _builder_version=&#8221;3.23.3&#8243; custom_padding=&#8221;0px||0px|&#8221; z_index_tablet=&#8221;500&#8243; box_shadow_horizontal_tablet=&#8221;0px&#8221; box_shadow_vertical_tablet=&#8221;0px&#8221; box_shadow_blur_tablet=&#8221;40px&#8221; box_shadow_spread_tablet=&#8221;0px&#8221;][et_pb_row _builder_version=&#8221;3.25&#8243; background_size=&#8221;initial&#8221; background_position=&#8221;top_left&#8221; background_repeat=&#8221;repeat&#8221;][et_pb_column type=&#8221;4_4&#8243; _builder_version=&#8221;3.25&#8243; custom_padding=&#8221;|||&#8221; custom_padding__hover=&#8221;|||&#8221;][et_pb_image src=&#8221;https:\/\/blogsaverroes.juntadeandalucia.es\/ceiptorrijos\/files\/2020\/01\/cabecera-interior-4.jpg&#8221; title_text=&#8221;cabecera-interior-4&#8243; admin_label=&#8221;Imagen de la portada&#8221; _builder_version=&#8221;4.5.0&#8243; z_index_tablet=&#8221;500&#8243; box_shadow_horizontal_tablet=&#8221;0px&#8221; box_shadow_vertical_tablet=&#8221;0px&#8221; box_shadow_blur_tablet=&#8221;40px&#8221; box_shadow_spread_tablet=&#8221;0px&#8221;][\/et_pb_image][et_pb_text admin_label=&#8221;Texto descriptivo&#8221; _builder_version=&#8221;4.5.0&#8243; hover_enabled=&#8221;0&#8243; z_index_tablet=&#8221;500&#8243; text_text_shadow_horizontal_length_tablet=&#8221;0px&#8221; text_text_shadow_vertical_length_tablet=&#8221;0px&#8221; text_text_shadow_blur_strength_tablet=&#8221;1px&#8221; link_text_shadow_horizontal_length_tablet=&#8221;0px&#8221; link_text_shadow_vertical_length_tablet=&#8221;0px&#8221; link_text_shadow_blur_strength_tablet=&#8221;1px&#8221; ul_text_shadow_horizontal_length_tablet=&#8221;0px&#8221; ul_text_shadow_vertical_length_tablet=&#8221;0px&#8221; ul_text_shadow_blur_strength_tablet=&#8221;1px&#8221; ol_text_shadow_horizontal_length_tablet=&#8221;0px&#8221; ol_text_shadow_vertical_length_tablet=&#8221;0px&#8221; ol_text_shadow_blur_strength_tablet=&#8221;1px&#8221; quote_text_shadow_horizontal_length_tablet=&#8221;0px&#8221; quote_text_shadow_vertical_length_tablet=&#8221;0px&#8221; quote_text_shadow_blur_strength_tablet=&#8221;1px&#8221; header_text_shadow_horizontal_length_tablet=&#8221;0px&#8221; header_text_shadow_vertical_length_tablet=&#8221;0px&#8221; header_text_shadow_blur_strength_tablet=&#8221;1px&#8221; header_2_text_shadow_horizontal_length_tablet=&#8221;0px&#8221; header_2_text_shadow_vertical_length_tablet=&#8221;0px&#8221; header_2_text_shadow_blur_strength_tablet=&#8221;1px&#8221; header_3_text_shadow_horizontal_length_tablet=&#8221;0px&#8221; header_3_text_shadow_vertical_length_tablet=&#8221;0px&#8221; header_3_text_shadow_blur_strength_tablet=&#8221;1px&#8221; header_4_text_shadow_horizontal_length_tablet=&#8221;0px&#8221; header_4_text_shadow_vertical_length_tablet=&#8221;0px&#8221; header_4_text_shadow_blur_strength_tablet=&#8221;1px&#8221; header_5_text_shadow_horizontal_length_tablet=&#8221;0px&#8221; header_5_text_shadow_vertical_length_tablet=&#8221;0px&#8221; header_5_text_shadow_blur_strength_tablet=&#8221;1px&#8221; header_6_text_shadow_horizontal_length_tablet=&#8221;0px&#8221; header_6_text_shadow_vertical_length_tablet=&#8221;0px&#8221; header_6_text_shadow_blur_strength_tablet=&#8221;1px&#8221; box_shadow_horizontal_tablet=&#8221;0px&#8221; box_shadow_vertical_tablet=&#8221;0px&#8221; box_shadow_blur_tablet=&#8221;40px&#8221; box_shadow_spread_tablet=&#8221;0px&#8221;]<\/p>\n<p>&nbsp;<\/p>\n<p style=\"text-align: center\"><span style=\"font-family: 'comic sans ms', sans-serif;font-size: 18pt\"><em>&#8220;El mejor medio para hacer bueno a los ni\u00f1os es hacerlo felices&#8221;. <\/em><\/span><\/p>\n<p style=\"text-align: center\"><span style=\"font-size: 12pt;font-family: 'comic sans ms', sans-serif\"><strong>OSCAR WILDE<\/strong><\/span><\/p>\n<p><span style=\"font-family: 'comic sans ms', sans-serif;font-size: 12pt\">Somos la Ampa del Ceip Torrijos. Un grupo de padres y madres que tienen el prop\u00f3sito de participar activa y constructivamente en la educaci\u00f3n de nuestros hijos e hijas, colaborando con la direcci\u00f3n del centro y el Consejo Escolar.<\/span><\/p>\n<p><span style=\"font-family: 'comic sans ms', sans-serif;font-size: 12pt\">Pretendemos ser un canal informativo de las novedades que se vayan produciendo en el colegio. <\/span><span style=\"font-family: 'comic sans ms', sans-serif;font-size: 12pt\">Gestionamos un gran n\u00famero de actividades extraescolares, deportivas, art\u00edsticas, culturales y formativas. <\/span><span style=\"font-family: 'comic sans ms', sans-serif;font-size: 12pt\">Pero todo esto no es posible sin la generosidad de los padres y las madres que, de forma altruista, dedican su tiempo, sus ideas y entusiasmo a la gesti\u00f3n de nuestra Ampa.<\/span><\/p>\n<p><strong><u>\u00a1SIN LA COLABORACI\u00d3N DE TODOS LA AMPA NO FUNCIONA!<\/u><\/strong><\/p>\n<p><span style=\"font-family: 'comic sans ms', sans-serif;font-size: 12pt\">Todos podemos colaborar de alg\u00fan modo. \u00a1PARTICIPA!<\/span><\/p>\n<p><span style=\"font-family: 'comic sans ms', sans-serif;font-size: 12pt\">\u00a1Cuantos m\u00e1s seamos m\u00e1s lejos llegaremos!<\/span><\/p>\n<p><span style=\"font-family: 'comic sans ms', sans-serif;font-size: 12pt\"><strong>&nbsp;<\/strong><\/span><\/p>\n<p><strong>&nbsp;<span style=\"font-family: 'comic sans ms', sans-serif;font-size: 12pt\"><u>ACTIVIDADES REALIZADAS POR LA AMPA <\/u>&nbsp;<u>TODO EL CURSO<\/u><\/span><\/strong><\/p>\n<p><span style=\"font-family: 'comic sans ms', sans-serif;font-size: 12pt\">*HALLOWEEN&nbsp;<\/span><\/p>\n<p><span style=\"font-family: 'comic sans ms', sans-serif;font-size: 12pt\">(DECORACI\u00d3N Y LECTURA DE CUENTOS ADAPTADOS A DISTINTAS EDADES Y REPARTO DE GOLOSINAS)<\/span><\/p>\n<p><span style=\"font-family: 'comic sans ms', sans-serif;font-size: 12pt\">*FOTOS NAVIDE\u00d1AS<\/span><\/p>\n<p><span style=\"font-family: 'comic sans ms', sans-serif;font-size: 12pt\">*DIA DE LAS CASTA\u00d1AS<\/span><\/p>\n<p><span style=\"font-family: 'comic sans ms', sans-serif;font-size: 12pt\">*SORTEO O LOTE DE NAVIDAD<\/span><\/p>\n<p><span style=\"font-family: 'comic sans ms', sans-serif;font-size: 12pt\">*DESAYUNO DE AYUYAS CON CHOCOLATE PARA TODO EL COLEGIO.<\/span><\/p>\n<p><span style=\"font-family: 'comic sans ms', sans-serif;font-size: 12pt\">*DESAYUNO ANDALUZ: PAN CON ACEITE Y ZUMO DE NARANJA PARA TODO EL COLEGIO.<\/span><\/p>\n<p><span style=\"font-family: 'comic sans ms', sans-serif;font-size: 12pt\">*CHARLA SOBRE LA VIOLENCIA DE G\u00c9NERO, ALCOHOLISMO Y&nbsp;<\/span><\/p>\n<p><span style=\"font-family: 'comic sans ms', sans-serif;font-size: 12pt\">DROGADICCI\u00d3N A LOS PADRES Y ALUMNOS.<\/span><\/p>\n<p><span style=\"font-family: 'comic sans ms', sans-serif;font-size: 12pt\">&nbsp;*CHARLA CON JUGADORAS DEL CLUB FEMENINO DE F\u00daTBOL DE M\u00c1LAGA A LOS ALUMNOS.<\/span><\/p>\n<p><span style=\"font-family: 'comic sans ms', sans-serif;font-size: 12pt\">*FOTOS GRADUACI\u00d3N<\/span><\/p>\n<p><span style=\"font-family: 'comic sans ms', sans-serif;font-size: 12pt\">Datos de Contacto:<\/span><\/p>\n<p><span style=\"font-family: 'comic sans ms', sans-serif;font-size: 12pt\">Presidenta Susana Monagas: 641201523<\/span><\/p>\n<p><span style=\"font-family: 'comic sans ms', sans-serif;font-size: 12pt\">Correo electr\u00f3nico: ampa@ceiptorrijos.com<\/span><\/p>\n<p>[\/et_pb_text][\/et_pb_column][\/et_pb_row][\/et_pb_section]<\/p>\n","protected":false},"excerpt":{"rendered":"<p>&nbsp; &#8220;El mejor medio para hacer bueno a los ni\u00f1os es hacerlo felices&#8221;. OSCAR WILDE Somos la Ampa del Ceip Torrijos. Un grupo de padres y madres que tienen el prop\u00f3sito de participar activa y constructivamente en la educaci\u00f3n de nuestros hijos e hijas, colaborando con la direcci\u00f3n del centro y el Consejo Escolar. Pretendemos [&hellip;]<\/p>\n","protected":false},"author":7051,"featured_media":0,"parent":0,"menu_order":0,"comment_status":"closed","ping_status":"closed","template":"","meta":{"_et_pb_use_builder":"on","_et_pb_old_content":"","_et_gb_content_width":"","ngg_post_thumbnail":0,"footnotes":""},"aioseo_notices":[],"_links":{"self":[{"href":"https:\/\/blogsaverroes.juntadeandalucia.es\/ceiptorrijos\/wp-json\/wp\/v2\/pages\/840"}],"collection":[{"href":"https:\/\/blogsaverroes.juntadeandalucia.es\/ceiptorrijos\/wp-json\/wp\/v2\/pages"}],"about":[{"href":"https:\/\/blogsaverroes.juntadeandalucia.es\/ceiptorrijos\/wp-json\/wp\/v2\/types\/page"}],"author":[{"embeddable":true,"href":"https:\/\/blogsaverroes.juntadeandalucia.es\/ceiptorrijos\/wp-json\/wp\/v2\/users\/7051"}],"replies":[{"embeddable":true,"href":"https:\/\/blogsaverroes.juntadeandalucia.es\/ceiptorrijos\/wp-json\/wp\/v2\/comments?post=840"}],"version-history":[{"count":3,"href":"https:\/\/blogsaverroes.juntadeandalucia.es\/ceiptorrijos\/wp-json\/wp\/v2\/pages\/840\/revisions"}],"predecessor-version":[{"id":1760,"href":"https:\/\/blogsaverroes.juntadeandalucia.es\/ceiptorrijos\/wp-json\/wp\/v2\/pages\/840\/revisions\/1760"}],"wp:attachment":[{"href":"https:\/\/blogsaverroes.juntadeandalucia.es\/ceiptorrijos\/wp-json\/wp\/v2\/media?parent=840"}],"curies":[{"name":"wp","href":"https:\/\/api.w.org\/{rel}","templated":true}]}}