{"id":117,"date":"2016-07-13T09:11:34","date_gmt":"2016-07-13T07:11:34","guid":{"rendered":"http:\/\/blogsaverroes.juntadeandalucia.es\/ceiptriana\/?page_id=117"},"modified":"2021-12-13T09:46:26","modified_gmt":"2021-12-13T08:46:26","slug":"blogs-de-clases","status":"publish","type":"page","link":"https:\/\/blogsaverroes.juntadeandalucia.es\/ceiptriana\/blogs-de-clases\/","title":{"rendered":"Blogs de clases"},"content":{"rendered":"<p>Estos son los blogs que cada clase o grupo usa para sus trabajos, noticias y creaciones:<\/p>\n<table>\n<tbody>\n<tr>\n<td style=\"text-align: center;vertical-align: middle\" scope=\"rowgroup\"><a href=\"http:\/\/elrinconmusicaldeltriana.blogspot.com.es\/\" target=\"_blank\" rel=\"noopener noreferrer\"><strong>&nbsp;M\u00fasica<\/strong><\/a><\/td>\n<td style=\"text-align: center;vertical-align: middle\" scope=\"rowgroup\"><a href=\"https:\/\/blogsaverroes.juntadeandalucia.es\/trianasworld\/\" target=\"_blank\" rel=\"noopener noreferrer\"><strong>Biling\u00fcismo<\/strong><\/a><\/td>\n<td style=\"text-align: center;vertical-align: middle\" scope=\"rowgroup\"><strong>Huerto<\/strong><\/td>\n<td style=\"text-align: center;vertical-align: middle\" scope=\"rowgroup\"><strong>&nbsp;Ingl\u00e9s<\/strong><\/td>\n<\/tr>\n<tr>\n<td style=\"text-align: center;vertical-align: middle\" scope=\"rowgroup\"><strong>&nbsp;Infantil<\/strong><\/td>\n<td style=\"text-align: center;vertical-align: middle\" scope=\"rowgroup\"><strong>&nbsp;Primero<\/strong><\/td>\n<td style=\"text-align: center;vertical-align: middle\" scope=\"rowgroup\"><strong>&nbsp;<a href=\"https:\/\/blogsaverroes.juntadeandalucia.es\/aurelio\/\" target=\"_blank\" rel=\"noopener noreferrer\">Segundo<\/a><\/strong><\/td>\n<td style=\"text-align: center;vertical-align: middle\" scope=\"rowgroup\"><strong>Tercero&nbsp;A<\/strong><\/td>\n<\/tr>\n<tr>\n<td style=\"text-align: center;vertical-align: middle\" scope=\"rowgroup\"><strong>&nbsp;Tercero&nbsp;B<\/strong><\/td>\n<td style=\"text-align: center;vertical-align: middle\" scope=\"rowgroup\"><strong>&nbsp;Cuarto<\/strong><\/td>\n<td style=\"text-align: center;vertical-align: middle\" scope=\"rowgroup\"><strong>&nbsp;Quinto&nbsp;<\/strong><\/td>\n<td style=\"text-align: center;vertical-align: middle\" scope=\"rowgroup\"><strong>Sexto&nbsp;<\/strong><\/td>\n<\/tr>\n<\/tbody>\n<\/table>\n<p>&nbsp;<\/p>\n","protected":false},"excerpt":{"rendered":"<p>Estos son los blogs que cada clase o grupo usa para sus trabajos, noticias y creaciones: &nbsp;M\u00fasica Biling\u00fcismo Huerto &nbsp;Ingl\u00e9s &nbsp;Infantil &nbsp;Primero &nbsp;Segundo Tercero&nbsp;A &nbsp;Tercero&nbsp;B&hellip;<\/p>\n","protected":false},"author":2304,"featured_media":0,"parent":0,"menu_order":5,"comment_status":"closed","ping_status":"closed","template":"","meta":{"ngg_post_thumbnail":0,"footnotes":""},"aioseo_notices":[],"_links":{"self":[{"href":"https:\/\/blogsaverroes.juntadeandalucia.es\/ceiptriana\/wp-json\/wp\/v2\/pages\/117"}],"collection":[{"href":"https:\/\/blogsaverroes.juntadeandalucia.es\/ceiptriana\/wp-json\/wp\/v2\/pages"}],"about":[{"href":"https:\/\/blogsaverroes.juntadeandalucia.es\/ceiptriana\/wp-json\/wp\/v2\/types\/page"}],"author":[{"embeddable":true,"href":"https:\/\/blogsaverroes.juntadeandalucia.es\/ceiptriana\/wp-json\/wp\/v2\/users\/2304"}],"replies":[{"embeddable":true,"href":"https:\/\/blogsaverroes.juntadeandalucia.es\/ceiptriana\/wp-json\/wp\/v2\/comments?post=117"}],"version-history":[{"count":13,"href":"https:\/\/blogsaverroes.juntadeandalucia.es\/ceiptriana\/wp-json\/wp\/v2\/pages\/117\/revisions"}],"predecessor-version":[{"id":1197,"href":"https:\/\/blogsaverroes.juntadeandalucia.es\/ceiptriana\/wp-json\/wp\/v2\/pages\/117\/revisions\/1197"}],"wp:attachment":[{"href":"https:\/\/blogsaverroes.juntadeandalucia.es\/ceiptriana\/wp-json\/wp\/v2\/media?parent=117"}],"curies":[{"name":"wp","href":"https:\/\/api.w.org\/{rel}","templated":true}]}}