{"id":1463,"date":"2023-07-04T10:57:24","date_gmt":"2023-07-04T08:57:24","guid":{"rendered":"http:\/\/blogsaverroes.juntadeandalucia.es\/ceiptriana\/?page_id=1463"},"modified":"2024-06-07T08:53:41","modified_gmt":"2024-06-07T06:53:41","slug":"bilinguismo","status":"publish","type":"page","link":"https:\/\/blogsaverroes.juntadeandalucia.es\/ceiptriana\/bilinguismo\/","title":{"rendered":"BILING\u00dcISMO"},"content":{"rendered":"<p>Desde el curso 2010-11 nuestro colegio est\u00e1 acogido al Programa de Biling\u00fcismo de la Junta de Andaluc\u00eda.<\/p>\n<p>Desde aqu\u00ed se puede acceder a la web <a href=\"https:\/\/blogsaverroes.juntadeandalucia.es\/trianasworld\/\" target=\"_blank\" rel=\"noopener noreferrer\">Triana&#8217;s world<\/a><\/p>\n<p>Y a continuaci\u00f3n se dispone de informaci\u00f3n sobre nuestro Centro y nuestro programa biling\u00fce, adem\u00e1s de datos que se puedan precisar a la hora de conocernos y conocer nuestro entorno.<\/p>\n<p>&nbsp;<\/p>\n<p>Finalmente, nuestra despedida de Chloe, nuestra auxiliar en el curso 2022-23<\/p>\n<div style=\"width: 480px;\" class=\"wp-video\"><!--[if lt IE 9]><script>document.createElement('video');<\/script><![endif]-->\n<video class=\"wp-video-shortcode\" id=\"video-1463-1\" width=\"480\" height=\"848\" preload=\"metadata\" controls=\"controls\"><source type=\"video\/mp4\" src=\"https:\/\/blogsaverroes.juntadeandalucia.es\/ceiptriana\/files\/2024\/06\/WhatsApp-Video-2024-06-06-at-11.51.12.mp4?_=1\" \/><a href=\"https:\/\/blogsaverroes.juntadeandalucia.es\/ceiptriana\/files\/2024\/06\/WhatsApp-Video-2024-06-06-at-11.51.12.mp4\">https:\/\/blogsaverroes.juntadeandalucia.es\/ceiptriana\/files\/2024\/06\/WhatsApp-Video-2024-06-06-at-11.51.12.mp4<\/a><\/video><\/div>\n<p>&nbsp;<\/p>\n","protected":false},"excerpt":{"rendered":"<p>Desde el curso 2010-11 nuestro colegio est\u00e1 acogido al Programa de Biling\u00fcismo de la Junta de Andaluc\u00eda. Desde aqu\u00ed se puede acceder a la web&hellip;<\/p>\n","protected":false},"author":2304,"featured_media":0,"parent":0,"menu_order":0,"comment_status":"closed","ping_status":"closed","template":"","meta":{"ngg_post_thumbnail":0,"footnotes":""},"aioseo_notices":[],"_links":{"self":[{"href":"https:\/\/blogsaverroes.juntadeandalucia.es\/ceiptriana\/wp-json\/wp\/v2\/pages\/1463"}],"collection":[{"href":"https:\/\/blogsaverroes.juntadeandalucia.es\/ceiptriana\/wp-json\/wp\/v2\/pages"}],"about":[{"href":"https:\/\/blogsaverroes.juntadeandalucia.es\/ceiptriana\/wp-json\/wp\/v2\/types\/page"}],"author":[{"embeddable":true,"href":"https:\/\/blogsaverroes.juntadeandalucia.es\/ceiptriana\/wp-json\/wp\/v2\/users\/2304"}],"replies":[{"embeddable":true,"href":"https:\/\/blogsaverroes.juntadeandalucia.es\/ceiptriana\/wp-json\/wp\/v2\/comments?post=1463"}],"version-history":[{"count":12,"href":"https:\/\/blogsaverroes.juntadeandalucia.es\/ceiptriana\/wp-json\/wp\/v2\/pages\/1463\/revisions"}],"predecessor-version":[{"id":1678,"href":"https:\/\/blogsaverroes.juntadeandalucia.es\/ceiptriana\/wp-json\/wp\/v2\/pages\/1463\/revisions\/1678"}],"wp:attachment":[{"href":"https:\/\/blogsaverroes.juntadeandalucia.es\/ceiptriana\/wp-json\/wp\/v2\/media?parent=1463"}],"curies":[{"name":"wp","href":"https:\/\/api.w.org\/{rel}","templated":true}]}}