{"id":163,"date":"2016-07-14T13:23:06","date_gmt":"2016-07-14T11:23:06","guid":{"rendered":"http:\/\/blogsaverroes.juntadeandalucia.es\/ceiptriana\/?page_id=163"},"modified":"2023-07-04T19:15:59","modified_gmt":"2023-07-04T17:15:59","slug":"documentos-y-formularios","status":"publish","type":"page","link":"https:\/\/blogsaverroes.juntadeandalucia.es\/ceiptriana\/nuestro-colegio\/documentos-y-formularios\/","title":{"rendered":"Documentos y formularios"},"content":{"rendered":"<p>En esta p\u00e1gina se pueden descargar los documentos m\u00e1s usuales. Entre ellos las solicitudes de Servicios Complementarios (Aula Matinal, Comedor y Talleres) y las Bonificaciones para los mismos<\/p>\n<p>Estos documentos deber\u00e1n ser presentados en el Centro, en los plazos que se establezcan en cada caso.<\/p>\n<p>De cualquier manera, desde 2021, estos tr\u00e1mites deben hacerse desde la <a href=\"https:\/\/www.juntadeandalucia.es\/educacion\/secretariavirtual\/\" target=\"_blank\" rel=\"noopener noreferrer\">Secretar\u00eda Virtual de la Consejer\u00eda<\/a><\/p>\n<table style=\"height: 678px;width: 711px\">\n<tbody>\n<tr style=\"height: 32px\">\n<td style=\"height: 32px;width: 270px\">\n<div><strong><a href=\"https:\/\/blogsaverroes.juntadeandalucia.es\/ceiptriana\/files\/2017\/05\/ANEXO-IV.pdf\">Matriculaci\u00f3n&nbsp;3 a\u00f1os<\/a><\/strong><\/div>\n<div>(del 1 al 8 de junio)<\/div>\n<div>Completar con tres fotos-carnet, fotocopia vacunaciones, fotocopia libro de familia y los documentos <strong><a href=\"https:\/\/blogsaverroes.juntadeandalucia.es\/ceiptriana\/files\/2017\/05\/SOLICITUD-RELIGION_TOTAL_2017-18_170523.pdf\">Elecci\u00f3n Religi\u00f3n-Valores Sociales y C\u00edvicos<\/a>&nbsp;y&nbsp;<\/strong>&nbsp;<strong><a href=\"http:\/\/blogsaverroes.juntadeandalucia.es\/ceiptriana\/files\/2017\/01\/consentimiento-fotos.pdf\">Autorizaci\u00f3n para im\u00e1genes<\/a><\/strong><\/div>\n<\/td>\n<td style=\"height: 32px;width: 233px\">\n<div><strong><a href=\"https:\/\/blogsaverroes.juntadeandalucia.es\/ceiptriana\/files\/2017\/05\/ANEXO-IV.pdf\">Matriculaci\u00f3n 4 y 5 a\u00f1os<\/a><\/strong><\/div>\n<div>(del 1 al 8 de junio)<\/div>\n<div>Completar con una foto-carnet, y los documentos <strong>Elecci\u00f3n <a href=\"https:\/\/blogsaverroes.juntadeandalucia.es\/ceiptriana\/files\/2017\/05\/SOLICITUD-RELIGION_TOTAL_2017-18_170523.pdf\">Religi\u00f3n-Valores Sociales y C\u00edvicos<\/a>&nbsp;y&nbsp;<\/strong>&nbsp;<strong><a href=\"http:\/\/blogsaverroes.juntadeandalucia.es\/ceiptriana\/files\/2017\/01\/consentimiento-fotos.pdf\">Autorizaci\u00f3n para im\u00e1genes<\/a><\/strong><\/div>\n<\/td>\n<td style=\"height: 32px;width: 205px\">\n<div><strong><a href=\"https:\/\/blogsaverroes.juntadeandalucia.es\/ceiptriana\/files\/2017\/05\/ANEXO-IV.pdf\">Matriculaci\u00f3n Primaria<\/a><\/strong><\/div>\n<div>(del 1 al 8 de junio)<\/div>\n<div>Completar con una foto-carnet, y los documentos <strong><a href=\"https:\/\/blogsaverroes.juntadeandalucia.es\/ceiptriana\/files\/2017\/05\/SOLICITUD-RELIGION_TOTAL_2017-18_170523.pdf\">Elecci\u00f3n Religi\u00f3n-Valores Sociales y C\u00edvicos<\/a>&nbsp;y&nbsp;<\/strong><strong><a href=\"http:\/\/blogsaverroes.juntadeandalucia.es\/ceiptriana\/files\/2017\/01\/consentimiento-fotos.pdf\">Autorizaci\u00f3n para im\u00e1genes<\/a><\/strong><\/div>\n<\/td>\n<\/tr>\n<tr style=\"height: 42px\">\n<td style=\"height: 42px;width: 270px\">\n<div>\n<div><a href=\"https:\/\/blogsaverroes.juntadeandalucia.es\/ceiptriana\/files\/2017\/05\/Solicitud_de_Servicios-complementarios_Rellenable-1.pdf\"><strong>Solicitud de&nbsp;Servicios Complementarios<\/strong><\/a><\/div>\n<div>(Aula Matinal, Comedor y Talleres)<\/div>\n<p>&nbsp;<\/p>\n<\/div>\n<\/td>\n<td style=\"height: 42px;width: 233px\">\n<div><a href=\"https:\/\/blogsaverroes.juntadeandalucia.es\/ceiptriana\/files\/2017\/05\/Solicitud_de_Bonificacion_Rellenable.pdf\"><strong><span style=\"color: #0066cc\">Solicitud de&nbsp;Bonificaci\u00f3n<\/span><\/strong><\/a><\/div>\n<div>\n<p><a href=\"https:\/\/blogsaverroes.juntadeandalucia.es\/ceiptriana\/files\/2017\/05\/Solicitud_de_Bonificacion_Rellenable.pdf\">(Aula Matinal, Comedor y Talleres)<\/a><\/p>\n<\/div>\n<\/td>\n<td style=\"height: 42px;width: 205px\">\n<div><strong><a href=\"http:\/\/blogsaverroes.juntadeandalucia.es\/ceiptriana\/files\/2017\/01\/consentimiento-fotos.pdf\">Autorizaci\u00f3n para im\u00e1genes<\/a><\/strong><\/div>\n<\/td>\n<\/tr>\n<tr style=\"height: 72px\">\n<td style=\"height: 72px;width: 270px\">\n<div><a href=\"https:\/\/blogsaverroes.juntadeandalucia.es\/ceiptriana\/files\/2017\/05\/SOLICITUD-RELIGION_TOTAL_2017-18_170523.pdf\"><strong>Elecci\u00f3n Religi\u00f3n-Atenci\u00f3n educativa<\/strong><\/a><\/div>\n<div>(del 1 al 8 de junio)<\/div>\n<\/td>\n<td style=\"height: 72px;width: 233px\">\n<div>&nbsp;<\/div>\n<\/td>\n<td style=\"height: 72px;width: 205px\">\n<div style=\"text-align: center\">&nbsp;<\/div>\n<\/td>\n<\/tr>\n<\/tbody>\n<\/table>\n<p>&nbsp;<\/p>\n<p>&nbsp;<\/p>\n<p>&nbsp;<\/p>\n","protected":false},"excerpt":{"rendered":"<p>En esta p\u00e1gina se pueden descargar los documentos m\u00e1s usuales. Entre ellos las solicitudes de Servicios Complementarios (Aula Matinal, Comedor y Talleres) y las Bonificaciones&hellip;<\/p>\n","protected":false},"author":2304,"featured_media":0,"parent":53,"menu_order":2,"comment_status":"closed","ping_status":"closed","template":"template-full-width.php","meta":{"ngg_post_thumbnail":0,"footnotes":""},"aioseo_notices":[],"_links":{"self":[{"href":"https:\/\/blogsaverroes.juntadeandalucia.es\/ceiptriana\/wp-json\/wp\/v2\/pages\/163"}],"collection":[{"href":"https:\/\/blogsaverroes.juntadeandalucia.es\/ceiptriana\/wp-json\/wp\/v2\/pages"}],"about":[{"href":"https:\/\/blogsaverroes.juntadeandalucia.es\/ceiptriana\/wp-json\/wp\/v2\/types\/page"}],"author":[{"embeddable":true,"href":"https:\/\/blogsaverroes.juntadeandalucia.es\/ceiptriana\/wp-json\/wp\/v2\/users\/2304"}],"replies":[{"embeddable":true,"href":"https:\/\/blogsaverroes.juntadeandalucia.es\/ceiptriana\/wp-json\/wp\/v2\/comments?post=163"}],"version-history":[{"count":36,"href":"https:\/\/blogsaverroes.juntadeandalucia.es\/ceiptriana\/wp-json\/wp\/v2\/pages\/163\/revisions"}],"predecessor-version":[{"id":1523,"href":"https:\/\/blogsaverroes.juntadeandalucia.es\/ceiptriana\/wp-json\/wp\/v2\/pages\/163\/revisions\/1523"}],"up":[{"embeddable":true,"href":"https:\/\/blogsaverroes.juntadeandalucia.es\/ceiptriana\/wp-json\/wp\/v2\/pages\/53"}],"wp:attachment":[{"href":"https:\/\/blogsaverroes.juntadeandalucia.es\/ceiptriana\/wp-json\/wp\/v2\/media?parent=163"}],"curies":[{"name":"wp","href":"https:\/\/api.w.org\/{rel}","templated":true}]}}