{"id":167,"date":"2016-07-14T14:04:15","date_gmt":"2016-07-14T12:04:15","guid":{"rendered":"http:\/\/blogsaverroes.juntadeandalucia.es\/ceiptriana\/?page_id=167"},"modified":"2023-07-04T19:18:35","modified_gmt":"2023-07-04T17:18:35","slug":"servicios-del-centro","status":"publish","type":"page","link":"https:\/\/blogsaverroes.juntadeandalucia.es\/ceiptriana\/nuestro-colegio\/servicios-del-centro\/","title":{"rendered":"Servicios del Centro"},"content":{"rendered":"<h5>Nuestro Colegio, dentro del Plan de Apoyo a las Familias-Plan de Apertura de Centro, oferta Servicios Complementarios:<\/h5>\n<h3 style=\"text-align: center\"><strong>Aula Matinal<\/strong><\/h3>\n<p style=\"text-align: justify\">Si se solicit\u00f3 y ya es usuario\/a, se puede utilizar cualquier d\u00eda sin necesidad de avisarlo previamente, desde las 7.30 hasta las 9.00 horas<\/p>\n<h3 style=\"text-align: center\"><strong>Comedor Escolar<\/strong><\/h3>\n<p style=\"text-align: justify\">Si ya se es usuario\/a, es necesario hacer la inscripci\u00f3n al menos con diez d\u00edas de antelaci\u00f3n al uso del servicio. Igualmente, para dejar de usarlo, el documento de baja en el Comedor se debe entregar con la misma antelaci\u00f3n.<\/p>\n<h3 style=\"text-align: center\"><strong>Actividades-Talleres Extraescolares<\/strong><\/h3>\n<p style=\"text-align: justify\">Tanto las inscripciones de alta como de baja se deben hacer antes de final de mes, puesto que la facturaci\u00f3n es por meses completos. La bonificaci\u00f3n en el precio s\u00f3lo se aplica a un taller; si se asiste a m\u00e1s de uno, los dem\u00e1s se pagar\u00e1n por completo<\/p>\n<h4 style=\"text-align: center\"><strong>Taller de apoyo y refuerzo<\/strong><\/h4>\n<h4 style=\"text-align: center\"><strong>Taller de Ingl\u00e9s<\/strong><\/h4>\n","protected":false},"excerpt":{"rendered":"<p>Nuestro Colegio, dentro del Plan de Apoyo a las Familias-Plan de Apertura de Centro, oferta Servicios Complementarios: Aula Matinal Si se solicit\u00f3 y ya es&hellip;<\/p>\n","protected":false},"author":2304,"featured_media":0,"parent":53,"menu_order":4,"comment_status":"closed","ping_status":"closed","template":"","meta":{"ngg_post_thumbnail":0,"footnotes":""},"aioseo_notices":[],"_links":{"self":[{"href":"https:\/\/blogsaverroes.juntadeandalucia.es\/ceiptriana\/wp-json\/wp\/v2\/pages\/167"}],"collection":[{"href":"https:\/\/blogsaverroes.juntadeandalucia.es\/ceiptriana\/wp-json\/wp\/v2\/pages"}],"about":[{"href":"https:\/\/blogsaverroes.juntadeandalucia.es\/ceiptriana\/wp-json\/wp\/v2\/types\/page"}],"author":[{"embeddable":true,"href":"https:\/\/blogsaverroes.juntadeandalucia.es\/ceiptriana\/wp-json\/wp\/v2\/users\/2304"}],"replies":[{"embeddable":true,"href":"https:\/\/blogsaverroes.juntadeandalucia.es\/ceiptriana\/wp-json\/wp\/v2\/comments?post=167"}],"version-history":[{"count":8,"href":"https:\/\/blogsaverroes.juntadeandalucia.es\/ceiptriana\/wp-json\/wp\/v2\/pages\/167\/revisions"}],"predecessor-version":[{"id":1524,"href":"https:\/\/blogsaverroes.juntadeandalucia.es\/ceiptriana\/wp-json\/wp\/v2\/pages\/167\/revisions\/1524"}],"up":[{"embeddable":true,"href":"https:\/\/blogsaverroes.juntadeandalucia.es\/ceiptriana\/wp-json\/wp\/v2\/pages\/53"}],"wp:attachment":[{"href":"https:\/\/blogsaverroes.juntadeandalucia.es\/ceiptriana\/wp-json\/wp\/v2\/media?parent=167"}],"curies":[{"name":"wp","href":"https:\/\/api.w.org\/{rel}","templated":true}]}}