{"id":1913,"date":"2025-11-05T13:40:28","date_gmt":"2025-11-05T12:40:28","guid":{"rendered":"https:\/\/blogsaverroes.juntadeandalucia.es\/ceiptriana\/?page_id=1913"},"modified":"2025-11-05T13:40:28","modified_gmt":"2025-11-05T12:40:28","slug":"activities","status":"publish","type":"page","link":"https:\/\/blogsaverroes.juntadeandalucia.es\/ceiptriana\/bilinguismo\/activities\/","title":{"rendered":"ACTIVITIES"},"content":{"rendered":"<p>Halloween is a celebration on&nbsp; October 31st in many countries, particulary in the United States, Canada, and the United Kingdom. While its origins are uncertain, it\u2019s believed that Halloween has roots in Celtic festivals like Samhain, which marked the end of the harvest season and the beginning of winter.<\/p>\n<p>Triana School was frightening with special decorations, <span class=\"Y2IQFc\" lang=\"en\">we have celebrated Halloween with many activities and games, terrifying breakfasts and scary costumes.<\/span>A&lt; nd of course everyone looked SCARYYYYY!!!!<\/p>\n<p>El 31 de octubre de cada a\u00f1o se celebra Halloween en muchos pa\u00edses, particularmente en Estados Unidos, Canada y Reino Unido. Los or\u00edgenes son inciertos, se cree que Halloween <span class=\"Y2IQFc\" lang=\"es\">tiene sus ra\u00edces en festivales celtas como Samhain, que marcaba el final de la temporada de cosecha y el comienzo del invierno.&nbsp;<\/span><\/p>\n<p>El colegio Triana <span class=\"Y2IQFc\" lang=\"es\">ha dado mucho miedo con una decoraci\u00f3n especial, hemos celebrado Halloween con muchas actividades y juegos, desayunos terror\u00edficos y disfraces de miedo. Y por supuesto todos ten\u00edan un aspecto \u00a1\u00a1\u00a1ATERRADOR!!!!<\/span><\/p>\n<p>A continuaci\u00f3n pod\u00e9is ver nuestro v\u00eddeo resumen.<\/p>\n<p>&nbsp;<\/p>\n<div style=\"width: 843px;\" class=\"wp-video\"><!--[if lt IE 9]><script>document.createElement('video');<\/script><![endif]-->\n<video class=\"wp-video-shortcode\" id=\"video-1913-1\" width=\"843\" height=\"477\" preload=\"metadata\" controls=\"controls\"><source type=\"video\/mp4\" src=\"https:\/\/blogsaverroes.juntadeandalucia.es\/ceiptriana\/files\/2025\/11\/Halloween2025.mp4?_=1\" \/><a href=\"https:\/\/blogsaverroes.juntadeandalucia.es\/ceiptriana\/files\/2025\/11\/Halloween2025.mp4\">https:\/\/blogsaverroes.juntadeandalucia.es\/ceiptriana\/files\/2025\/11\/Halloween2025.mp4<\/a><\/video><\/div>\n","protected":false},"excerpt":{"rendered":"<p>Halloween is a celebration on&nbsp; October 31st in many countries, particulary in the United States, Canada, and the United Kingdom. While its origins are uncertain,&hellip;<\/p>\n","protected":false},"author":2304,"featured_media":0,"parent":1463,"menu_order":2,"comment_status":"closed","ping_status":"closed","template":"","meta":{"ngg_post_thumbnail":0,"footnotes":""},"aioseo_notices":[],"_links":{"self":[{"href":"https:\/\/blogsaverroes.juntadeandalucia.es\/ceiptriana\/wp-json\/wp\/v2\/pages\/1913"}],"collection":[{"href":"https:\/\/blogsaverroes.juntadeandalucia.es\/ceiptriana\/wp-json\/wp\/v2\/pages"}],"about":[{"href":"https:\/\/blogsaverroes.juntadeandalucia.es\/ceiptriana\/wp-json\/wp\/v2\/types\/page"}],"author":[{"embeddable":true,"href":"https:\/\/blogsaverroes.juntadeandalucia.es\/ceiptriana\/wp-json\/wp\/v2\/users\/2304"}],"replies":[{"embeddable":true,"href":"https:\/\/blogsaverroes.juntadeandalucia.es\/ceiptriana\/wp-json\/wp\/v2\/comments?post=1913"}],"version-history":[{"count":1,"href":"https:\/\/blogsaverroes.juntadeandalucia.es\/ceiptriana\/wp-json\/wp\/v2\/pages\/1913\/revisions"}],"predecessor-version":[{"id":1914,"href":"https:\/\/blogsaverroes.juntadeandalucia.es\/ceiptriana\/wp-json\/wp\/v2\/pages\/1913\/revisions\/1914"}],"up":[{"embeddable":true,"href":"https:\/\/blogsaverroes.juntadeandalucia.es\/ceiptriana\/wp-json\/wp\/v2\/pages\/1463"}],"wp:attachment":[{"href":"https:\/\/blogsaverroes.juntadeandalucia.es\/ceiptriana\/wp-json\/wp\/v2\/media?parent=1913"}],"curies":[{"name":"wp","href":"https:\/\/api.w.org\/{rel}","templated":true}]}}