{"id":53,"date":"2016-01-02T11:33:30","date_gmt":"2016-01-02T10:33:30","guid":{"rendered":"http:\/\/blogsaverroes.juntadeandalucia.es\/ceiptriana\/?page_id=53"},"modified":"2025-11-25T12:04:16","modified_gmt":"2025-11-25T11:04:16","slug":"nuestro-colegio","status":"publish","type":"page","link":"https:\/\/blogsaverroes.juntadeandalucia.es\/ceiptriana\/nuestro-colegio\/","title":{"rendered":"Nuestro Colegio"},"content":{"rendered":"<p style=\"text-align: justify\">El CEIP \u00abTriana\u00bb se encuentra situado en la localidad de Trigueros, en la comarca del Condado onubense. Est\u00e1 compuesto por un edificio principal de dos plantas donde est\u00e1n ubicadas las aulas, la Biblioteca, Aula de M\u00fasica y la zona de administraci\u00f3n y servicios. En el patio se encuentra otro recinto dedicado a Sala de Profesorado, Despachos del Equipo de Orientaci\u00f3n Educativa, Aula de Audici\u00f3n y Lenguaje, y el Aula Matinal\/Aula de Apoyo.<\/p>\n<p style=\"text-align: justify\">Junto al Huerto Escolar, en el curso 2013-14 se ha construido un nuevo Comedor Escolar, del que usamos una parte como Sal\u00f3n de usos m\u00faltiples\/Aula de Teatro\/Aula Taller.<\/p>\n<p style=\"text-align: justify\">Nuestro Colegio es \u00abCentro Biling\u00fce\u00bb desde el curso 2010-11 y tiene su propia \u00abOrquesta y Coro\u00bb desde 2013-14.<\/p>\n<p style=\"text-align: justify\">El centro fue inaugurado en el curso 1984\/85 y se encuentra en la calle Francisco de Quevedo, s\/n. CP 21620.<\/p>\n<p style=\"text-align: center\"><em>Contacto:<\/em><\/p>\n<h3 style=\"text-align: center\"><strong>CEIP Triana<\/strong><\/h3>\n<p style=\"text-align: center\"><strong><em>c\/ Francisco de Quevedo s\/n<\/em><\/strong><\/p>\n<p style=\"text-align: center\"><strong><em>21620 TRIGUEROS (Huelva)<\/em><\/strong><\/p>\n<p style=\"text-align: center\"><strong><em>959524945(294845)-671535441<\/em><\/strong><\/p>\n<p style=\"text-align: center\"><strong><em>21600660.edu@juntadeandalucia.es<\/em><\/strong><\/p>\n","protected":false},"excerpt":{"rendered":"<p>El CEIP \u00abTriana\u00bb se encuentra situado en la localidad de Trigueros, en la comarca del Condado onubense. Est\u00e1 compuesto por un edificio principal de dos&hellip;<\/p>\n","protected":false},"author":2304,"featured_media":0,"parent":0,"menu_order":1,"comment_status":"closed","ping_status":"closed","template":"","meta":{"ngg_post_thumbnail":0,"footnotes":""},"aioseo_notices":[],"_links":{"self":[{"href":"https:\/\/blogsaverroes.juntadeandalucia.es\/ceiptriana\/wp-json\/wp\/v2\/pages\/53"}],"collection":[{"href":"https:\/\/blogsaverroes.juntadeandalucia.es\/ceiptriana\/wp-json\/wp\/v2\/pages"}],"about":[{"href":"https:\/\/blogsaverroes.juntadeandalucia.es\/ceiptriana\/wp-json\/wp\/v2\/types\/page"}],"author":[{"embeddable":true,"href":"https:\/\/blogsaverroes.juntadeandalucia.es\/ceiptriana\/wp-json\/wp\/v2\/users\/2304"}],"replies":[{"embeddable":true,"href":"https:\/\/blogsaverroes.juntadeandalucia.es\/ceiptriana\/wp-json\/wp\/v2\/comments?post=53"}],"version-history":[{"count":18,"href":"https:\/\/blogsaverroes.juntadeandalucia.es\/ceiptriana\/wp-json\/wp\/v2\/pages\/53\/revisions"}],"predecessor-version":[{"id":2129,"href":"https:\/\/blogsaverroes.juntadeandalucia.es\/ceiptriana\/wp-json\/wp\/v2\/pages\/53\/revisions\/2129"}],"wp:attachment":[{"href":"https:\/\/blogsaverroes.juntadeandalucia.es\/ceiptriana\/wp-json\/wp\/v2\/media?parent=53"}],"curies":[{"name":"wp","href":"https:\/\/api.w.org\/{rel}","templated":true}]}}