{"id":3194,"date":"2018-04-23T08:45:35","date_gmt":"2018-04-23T07:45:35","guid":{"rendered":"https:\/\/blogsaverroes.juntadeandalucia.es\/ceipurbanopalma\/?page_id=3194"},"modified":"2018-04-26T10:34:10","modified_gmt":"2018-04-26T09:34:10","slug":"imagenes-20172018","status":"publish","type":"page","link":"https:\/\/blogsaverroes.juntadeandalucia.es\/ceipurbanopalma\/imagenes-20172018\/","title":{"rendered":"Im\u00e1genes 2017\/2018"},"content":{"rendered":"<p><a href=\"https:\/\/blogsaverroes.juntadeandalucia.es\/ceipurbanopalma\/imagenes-20172018\/carrera-solidaria-2017-2018\/\"><img decoding=\"async\" class=\"ngg-singlepic ngg-none alignleft\" src=\"https:\/\/blogsaverroes.juntadeandalucia.es\/ceipurbanopalma\/wp-content\/uploads\/sites\/839\/nggallery\/curso-2017-2018\/IMG-20171205-WA0001.jpg\" alt=\"IMG-20171205-WA0001\" height=\"150\" width=\"200\"><\/a>&nbsp;<\/p>\n<p>&nbsp;<\/p>\n<p style=\"text-align: left;\"><a href=\"https:\/\/blogsaverroes.juntadeandalucia.es\/ceipurbanopalma\/imagenes-20172018\/carrera-solidaria-2017-2018\/\">Carrera solidaria<\/a><\/p>\n<p>&nbsp;<\/p>\n<p>&nbsp;<\/p>\n<p><a href=\"https:\/\/blogsaverroes.juntadeandalucia.es\/ceipurbanopalma\/imagenes-20172018\/excursion-cordoba-2017-2018\/\"><img decoding=\"async\" class=\"ngg-singlepic ngg-none alignleft\" src=\"https:\/\/blogsaverroes.juntadeandalucia.es\/ceipurbanopalma\/wp-content\/uploads\/sites\/839\/nggallery\/curso-2017-2018\/IMG_18122017_135652.jpg\" alt=\"IMG_18122017_135652\" height=\"150\" width=\"200\"><\/a><\/p>\n<p>&nbsp;<\/p>\n<p>&nbsp;<\/p>\n<p><a href=\"https:\/\/blogsaverroes.juntadeandalucia.es\/ceipurbanopalma\/imagenes-20172018\/excursion-cordoba-2017-2018\/\">Excursi\u00f3n C\u00f3rdoba<\/a><\/p>\n<p>&nbsp;<\/p>\n<p>&nbsp;<\/p>\n<p><a href=\"https:\/\/blogsaverroes.juntadeandalucia.es\/ceipurbanopalma\/imagenes-20172018\/salmorejo-2017-2018\/\"><img decoding=\"async\" class=\"ngg-singlepic ngg-none alignleft\" src=\"https:\/\/blogsaverroes.juntadeandalucia.es\/ceipurbanopalma\/wp-content\/uploads\/sites\/839\/nggallery\/curso-2017-2018\/IMG_17112017_105933.jpg\" alt=\"IMG_17112017_105933\" height=\"150\" width=\"200\"><\/a><\/p>\n<p>&nbsp;&nbsp;&nbsp;&nbsp;&nbsp;<\/p>\n<p>&nbsp;<\/p>\n<p><a href=\"https:\/\/blogsaverroes.juntadeandalucia.es\/ceipurbanopalma\/imagenes-20172018\/salmorejo-2017-2018\/\">Master Chef Salmorejo<\/a><\/p>\n<p>&nbsp;<\/p>\n<p>&nbsp;<\/p>\n<p><a href=\"https:\/\/blogsaverroes.juntadeandalucia.es\/ceipurbanopalma\/imagenes-20172018\/dia-paz-2017-2018\/\"><img loading=\"lazy\" decoding=\"async\" class=\"ngg-singlepic ngg-none alignleft\" src=\"https:\/\/blogsaverroes.juntadeandalucia.es\/ceipurbanopalma\/wp-content\/uploads\/sites\/839\/nggallery\/curso-2017-2018\/IMG-20180423-WA0040.jpg\" alt=\"IMG-20180423-WA0040\" height=\"216\" width=\"162\"><\/a><\/p>\n<p>&nbsp;<\/p>\n<p>&nbsp;<\/p>\n<p>&nbsp;<\/p>\n<p><a href=\"https:\/\/blogsaverroes.juntadeandalucia.es\/ceipurbanopalma\/imagenes-20172018\/dia-paz-2017-2018\/\">D\u00eda de la Paz<\/a><\/p>\n<p>&nbsp;<\/p>\n<p>&nbsp;<\/p>\n<p><a href=\"https:\/\/blogsaverroes.juntadeandalucia.es\/ceipurbanopalma\/imagenes-20172018\/carnaval-2017-2018\/\"><img loading=\"lazy\" decoding=\"async\" class=\"ngg-singlepic ngg-none alignleft\" src=\"https:\/\/blogsaverroes.juntadeandalucia.es\/ceipurbanopalma\/wp-content\/uploads\/sites\/839\/nggallery\/curso-2017-2018\/IMG-20180216-WA0033.jpg\" alt=\"IMG-20180216-WA0033\" height=\"152\" width=\"200\"><\/a><\/p>\n<p>&nbsp;<\/p>\n<p>&nbsp;<\/p>\n<p><a href=\"https:\/\/blogsaverroes.juntadeandalucia.es\/ceipurbanopalma\/imagenes-20172018\/carnaval-2017-2018\/\">Carnaval<\/a><\/p>\n<p>&nbsp;<\/p>\n<p>&nbsp;<\/p>\n<p><a href=\"https:\/\/blogsaverroes.juntadeandalucia.es\/ceipurbanopalma\/imagenes-20172018\/dia-mujer-2017-2018\/\"><img loading=\"lazy\" decoding=\"async\" class=\"ngg-singlepic ngg-none alignleft\" src=\"https:\/\/blogsaverroes.juntadeandalucia.es\/ceipurbanopalma\/wp-content\/uploads\/sites\/839\/nggallery\/curso-2017-2018\/IMG_08032018_105243.jpg\" alt=\"IMG_08032018_105243\" height=\"150\" width=\"200\"><\/a><a href=\"https:\/\/blogsaverroes.juntadeandalucia.es\/ceipurbanopalma\/imagenes-20172018\/dia-mujer-2017-2018\/\">&nbsp;<\/a><\/p>\n<p>&nbsp;<\/p>\n<p><a href=\"https:\/\/blogsaverroes.juntadeandalucia.es\/ceipurbanopalma\/imagenes-20172018\/dia-mujer-2017-2018\/\"> D\u00eda mujer<\/a><\/p>\n<p>&nbsp;<\/p>\n<p>&nbsp;<\/p>\n<p><a href=\"https:\/\/blogsaverroes.juntadeandalucia.es\/ceipurbanopalma\/dia-del-libro-2017-2018\/\"><img loading=\"lazy\" decoding=\"async\" class=\"ngg-singlepic ngg-left alignleft\" src=\"https:\/\/blogsaverroes.juntadeandalucia.es\/ceipurbanopalma\/wp-content\/uploads\/sites\/839\/nggallery\/dia-libro-2018\/IMG-20180423-WA0003.jpg\" alt=\"IMG-20180423-WA0003\" height=\"180\" width=\"320\"><\/a><\/p>\n<p>&nbsp;<\/p>\n<p>&nbsp;<\/p>\n<p><a href=\"https:\/\/blogsaverroes.juntadeandalucia.es\/ceipurbanopalma\/dia-del-libro-2017-2018\/\">&nbsp;&nbsp; D\u00eda del libro<\/a><\/p>\n<p>&nbsp;<\/p>\n<p>&nbsp;<\/p>\n<p><a href=\"https:\/\/blogsaverroes.juntadeandalucia.es\/ceipurbanopalma\/imagenes-20172018\/navidad-2017-2018\/\"><img loading=\"lazy\" decoding=\"async\" class=\"ngg-singlepic ngg-none alignleft\" src=\"https:\/\/blogsaverroes.juntadeandalucia.es\/ceipurbanopalma\/wp-content\/uploads\/sites\/839\/nggallery\/navidad-2017-2018\/thumbs\/thumbs_20171222_121953.jpg\" alt=\"20171222_121953\" height=\"139\" width=\"180\"><\/a><\/p>\n<p>&nbsp;<\/p>\n<p>&nbsp;<\/p>\n<p><a href=\"https:\/\/blogsaverroes.juntadeandalucia.es\/ceipurbanopalma\/imagenes-20172018\/navidad-2017-2018\/\">Navidad<\/a><\/p>\n<p>&nbsp;<\/p>\n<p><a href=\"https:\/\/blogsaverroes.juntadeandalucia.es\/ceipurbanopalma\/excursion-ecija\/\"><img loading=\"lazy\" decoding=\"async\" class=\"ngg-singlepic ngg-none alignleft\" src=\"https:\/\/blogsaverroes.juntadeandalucia.es\/ceipurbanopalma\/wp-content\/uploads\/sites\/839\/nggallery\/excursion-ecija\/20171120_144115.jpg\" alt=\"20171120_144115\" height=\"182\" width=\"105\"><\/a><\/p>\n<p>&nbsp;<\/p>\n<p>&nbsp;<\/p>\n<p><a href=\"https:\/\/blogsaverroes.juntadeandalucia.es\/ceipurbanopalma\/excursion-ecija\/\">Excursi\u00f3n \u00c9cija<\/a><\/p>\n<p>&nbsp;<\/p>\n","protected":false},"excerpt":{"rendered":"<p>&nbsp; &nbsp; Carrera solidaria &nbsp; &nbsp; &nbsp; &nbsp; Excursi\u00f3n C\u00f3rdoba &nbsp; &nbsp; &nbsp;&nbsp;&nbsp;&nbsp;&nbsp; &nbsp; Master Chef Salmorejo &nbsp; &nbsp; &nbsp; &nbsp; &nbsp; D\u00eda de la Paz &nbsp; &nbsp; &nbsp; &nbsp; Carnaval &nbsp; &nbsp; &nbsp; &nbsp; D\u00eda mujer &nbsp; &nbsp; &nbsp; &nbsp; &nbsp;&nbsp; D\u00eda del libro &nbsp; &nbsp; &nbsp; &nbsp; Navidad &nbsp; &nbsp; &nbsp; Excursi\u00f3n \u00c9cija &hellip; <a href=\"https:\/\/blogsaverroes.juntadeandalucia.es\/ceipurbanopalma\/imagenes-20172018\/\" class=\"more-link\">Seguir leyendo <span class=\"screen-reader-text\">Im\u00e1genes 2017\/2018<\/span> <span class=\"meta-nav\">&rarr;<\/span><\/a><\/p>\n","protected":false},"author":6049,"featured_media":0,"parent":0,"menu_order":0,"comment_status":"closed","ping_status":"closed","template":"template-sidebar-content.php","meta":{"ngg_post_thumbnail":0,"footnotes":"","_mc_calendar":[]},"aioseo_notices":[],"_links":{"self":[{"href":"https:\/\/blogsaverroes.juntadeandalucia.es\/ceipurbanopalma\/wp-json\/wp\/v2\/pages\/3194"}],"collection":[{"href":"https:\/\/blogsaverroes.juntadeandalucia.es\/ceipurbanopalma\/wp-json\/wp\/v2\/pages"}],"about":[{"href":"https:\/\/blogsaverroes.juntadeandalucia.es\/ceipurbanopalma\/wp-json\/wp\/v2\/types\/page"}],"author":[{"embeddable":true,"href":"https:\/\/blogsaverroes.juntadeandalucia.es\/ceipurbanopalma\/wp-json\/wp\/v2\/users\/6049"}],"replies":[{"embeddable":true,"href":"https:\/\/blogsaverroes.juntadeandalucia.es\/ceipurbanopalma\/wp-json\/wp\/v2\/comments?post=3194"}],"version-history":[{"count":39,"href":"https:\/\/blogsaverroes.juntadeandalucia.es\/ceipurbanopalma\/wp-json\/wp\/v2\/pages\/3194\/revisions"}],"predecessor-version":[{"id":3460,"href":"https:\/\/blogsaverroes.juntadeandalucia.es\/ceipurbanopalma\/wp-json\/wp\/v2\/pages\/3194\/revisions\/3460"}],"wp:attachment":[{"href":"https:\/\/blogsaverroes.juntadeandalucia.es\/ceipurbanopalma\/wp-json\/wp\/v2\/media?parent=3194"}],"curies":[{"name":"wp","href":"https:\/\/api.w.org\/{rel}","templated":true}]}}