{"id":35,"date":"2015-03-13T08:21:43","date_gmt":"2015-03-13T08:21:43","guid":{"rendered":"http:\/\/blogsaverroes.juntadeandalucia.es\/pre\/ceip\/?page_id=35"},"modified":"2020-02-03T21:24:16","modified_gmt":"2020-02-03T20:24:16","slug":"el-centro-2","status":"publish","type":"page","link":"https:\/\/blogsaverroes.juntadeandalucia.es\/ceipurbanopalma\/el-centro-2\/","title":{"rendered":"Datos del centro"},"content":{"rendered":"<p><a href=\"https:\/\/blogsaverroes.juntadeandalucia.es\/ceipurbanopalma\/files\/2015\/03\/coleoleoredu1.jpg\"><img fetchpriority=\"high\" decoding=\"async\" class=\"aligncenter wp-image-2306 size-full\" src=\"https:\/\/blogsaverroes.juntadeandalucia.es\/ceipurbanopalma\/files\/2015\/03\/coleoleoredu1.jpg\" alt=\"\" width=\"600\" height=\"459\" srcset=\"https:\/\/blogsaverroes.juntadeandalucia.es\/ceipurbanopalma\/files\/2015\/03\/coleoleoredu1.jpg 600w, https:\/\/blogsaverroes.juntadeandalucia.es\/ceipurbanopalma\/files\/2015\/03\/coleoleoredu1-300x230.jpg 300w, https:\/\/blogsaverroes.juntadeandalucia.es\/ceipurbanopalma\/files\/2015\/03\/coleoleoredu1-24x18.jpg 24w, https:\/\/blogsaverroes.juntadeandalucia.es\/ceipurbanopalma\/files\/2015\/03\/coleoleoredu1-36x28.jpg 36w, https:\/\/blogsaverroes.juntadeandalucia.es\/ceipurbanopalma\/files\/2015\/03\/coleoleoredu1-48x37.jpg 48w\" sizes=\"(max-width: 600px) 100vw, 600px\" \/><\/a><br \/>\n<iframe src=\"https:\/\/www.google.com\/maps\/embed?pb=!1m18!1m12!1m3!1d1581.3239496879823!2d-4.843255862126378!3d37.5633585663828!2m3!1f0!2f0!3f0!3m2!1i1024!2i768!4f13.1!3m3!1m2!1s0x0%3A0xe7d94910108e873f!2sC+E+I+P+Urbano+Palma!5e0!3m2!1ses!2sus!4v1519076317593\" width=\"600\" height=\"450\" frameborder=\"0\"><\/iframe><\/p>\n<h4><strong>Datos de contacto<\/strong><\/h4>\n<p><strong>Direcci\u00f3n:<\/strong>&nbsp;Calle Barrio Isla S N, 14546 Santaella, C\u00f3rdoba, Espa\u00f1a<\/p>\n<p><strong>Tel\u00e9fono \/ FAX:&nbsp;<\/strong><a href=\"tel:+34 957 30 79 07\">+34 957 30 79 07<\/a><br \/>\n<strong>Email: <\/strong><a href=\"mailto:14006552.edu@juntadeandalucia.es\">14006552.edu@juntadeandalucia.es<\/a><\/p>\n<h4><strong>Horarios<\/strong><\/h4>\n<div id=\"tituloItem\" class=\"blockTituloItem\" style=\"text-align: center;\"><a href=\"https:\/\/blogsaverroes.juntadeandalucia.es\/ceipurbanopalma\/aula-matinal\/\"><strong><em><span class=\"tituloItem\">AULA MATINAL<\/span><\/em><\/strong><\/a><\/div>\n<div>&nbsp;<\/div>\n<div id=\"contenido_sitio\" class=\"tiny_personalizado\">\n<p>El aula matinal es un servicio que el centro ofrece dentro del Plan de Apertura de centros. En ella se atiende a l@s alumn@s que lo soliciten desde las 7:30 h. hasta el comienzo de las clases a las 9:00 de la ma\u00f1ana.<\/p>\n<p style=\"text-align: center;\"><a href=\"https:\/\/blogsaverroes.juntadeandalucia.es\/ceipurbanopalma\/comedor-escolar\/\"><strong><em>COMEDOR<\/em><\/strong><\/a><\/p>\n<p style=\"text-align: center;\">De 14:00 a 16:00 horas.&nbsp;&nbsp;<\/p>\n<p style=\"text-align: center;\"><a href=\"https:\/\/blogsaverroes.juntadeandalucia.es\/ceipurbanopalma\/comedor-escolar\/\">Men\u00fa comedor escolar <\/a><\/p>\n<p>&nbsp;<\/p>\n<\/div>\n<p style=\"text-align: center;\"><strong><em><a href=\"https:\/\/blogsaverroes.juntadeandalucia.es\/ceipurbanopalma\/actividades-extraescolares\/\">ACTIVIDADES EXTRAESCOLARES<\/a><\/em><\/strong><\/p>\n<h4><strong>Oferta educativa<\/strong><\/h4>\n<p>Ense\u00f1anzas de Educaci\u00f3n Infantil, Educaci\u00f3n Primaria&#8230;<\/p>\n<h4>&nbsp;<\/h4>\n<p>&nbsp;<\/p>\n","protected":false},"excerpt":{"rendered":"<p>Datos de contacto Direcci\u00f3n:&nbsp;Calle Barrio Isla S N, 14546 Santaella, C\u00f3rdoba, Espa\u00f1a Tel\u00e9fono \/ FAX:&nbsp;+34 957 30 79 07 Email: 14006552.edu@juntadeandalucia.es Horarios AULA MATINAL &nbsp; El aula matinal es un servicio que el centro ofrece dentro del Plan de Apertura de centros. En ella se atiende a l@s alumn@s que lo soliciten desde las 7:30 &hellip; <a href=\"https:\/\/blogsaverroes.juntadeandalucia.es\/ceipurbanopalma\/el-centro-2\/\" class=\"more-link\">Seguir leyendo <span class=\"screen-reader-text\">Datos del centro<\/span> <span class=\"meta-nav\">&rarr;<\/span><\/a><\/p>\n","protected":false},"author":1,"featured_media":0,"parent":0,"menu_order":0,"comment_status":"closed","ping_status":"open","template":"","meta":{"ngg_post_thumbnail":0,"footnotes":"","_mc_calendar":[]},"aioseo_notices":[],"_links":{"self":[{"href":"https:\/\/blogsaverroes.juntadeandalucia.es\/ceipurbanopalma\/wp-json\/wp\/v2\/pages\/35"}],"collection":[{"href":"https:\/\/blogsaverroes.juntadeandalucia.es\/ceipurbanopalma\/wp-json\/wp\/v2\/pages"}],"about":[{"href":"https:\/\/blogsaverroes.juntadeandalucia.es\/ceipurbanopalma\/wp-json\/wp\/v2\/types\/page"}],"author":[{"embeddable":true,"href":"https:\/\/blogsaverroes.juntadeandalucia.es\/ceipurbanopalma\/wp-json\/wp\/v2\/users\/1"}],"replies":[{"embeddable":true,"href":"https:\/\/blogsaverroes.juntadeandalucia.es\/ceipurbanopalma\/wp-json\/wp\/v2\/comments?post=35"}],"version-history":[{"count":18,"href":"https:\/\/blogsaverroes.juntadeandalucia.es\/ceipurbanopalma\/wp-json\/wp\/v2\/pages\/35\/revisions"}],"predecessor-version":[{"id":3754,"href":"https:\/\/blogsaverroes.juntadeandalucia.es\/ceipurbanopalma\/wp-json\/wp\/v2\/pages\/35\/revisions\/3754"}],"wp:attachment":[{"href":"https:\/\/blogsaverroes.juntadeandalucia.es\/ceipurbanopalma\/wp-json\/wp\/v2\/media?parent=35"}],"curies":[{"name":"wp","href":"https:\/\/api.w.org\/{rel}","templated":true}]}}