{"id":4114,"date":"2024-02-21T22:31:26","date_gmt":"2024-02-21T21:31:26","guid":{"rendered":"https:\/\/blogsaverroes.juntadeandalucia.es\/ceipurbanopalma\/?page_id=4114"},"modified":"2026-02-19T21:53:30","modified_gmt":"2026-02-19T20:53:30","slug":"dia-andalucia","status":"publish","type":"page","link":"https:\/\/blogsaverroes.juntadeandalucia.es\/ceipurbanopalma\/dia-andalucia\/","title":{"rendered":"D\u00eda Andaluc\u00eda"},"content":{"rendered":"<h1>Actividades D\u00eda de Andaluc\u00eda<\/h1>\n<p>&nbsp;<\/p>\n<h3><a href=\"https:\/\/view.genial.ly\/63bd335d6f72300011baca76\/interactive-content-escape-room-28f\">Genially del maestro Juan<\/a><\/h3>\n<p><a href=\"https:\/\/blogsaverroes.juntadeandalucia.es\/ceipurbanopalma\/files\/2024\/02\/Captura-de-pantalla-de-2024-02-21-22-01-05.png\"><img decoding=\"async\" class=\"wp-image-4116 alignleft\" src=\"https:\/\/blogsaverroes.juntadeandalucia.es\/ceipurbanopalma\/files\/2024\/02\/Captura-de-pantalla-de-2024-02-21-22-01-05.png\" alt=\"\" width=\"279\" height=\"147\"><\/a><\/p>\n<p>&nbsp;<\/p>\n<p>&nbsp;<\/p>\n<p>&nbsp;<\/p>\n<h3><a href=\"https:\/\/procomun.intef.es\/view-resource\/ODE\/es_2024030112_9052613\">\u00abRedescubriendo Andaluc\u00eda\u00bb de la maestra Carmen<\/a><\/h3>\n<p><img decoding=\"async\" class=\"aligncenter size-medium wp-image-4488\" src=\"https:\/\/blogsaverroes.juntadeandalucia.es\/ceipurbanopalma\/files\/2026\/02\/Screenshot_2026-02-19-20-56-48-572_com.brave_.browser-edit-160x300.jpg\" alt=\"\" width=\"160\" height=\"300\" srcset=\"https:\/\/blogsaverroes.juntadeandalucia.es\/ceipurbanopalma\/files\/2026\/02\/Screenshot_2026-02-19-20-56-48-572_com.brave_.browser-edit-160x300.jpg 160w, https:\/\/blogsaverroes.juntadeandalucia.es\/ceipurbanopalma\/files\/2026\/02\/Screenshot_2026-02-19-20-56-48-572_com.brave_.browser-edit-545x1024.jpg 545w, https:\/\/blogsaverroes.juntadeandalucia.es\/ceipurbanopalma\/files\/2026\/02\/Screenshot_2026-02-19-20-56-48-572_com.brave_.browser-edit-768x1444.jpg 768w, https:\/\/blogsaverroes.juntadeandalucia.es\/ceipurbanopalma\/files\/2026\/02\/Screenshot_2026-02-19-20-56-48-572_com.brave_.browser-edit-817x1536.jpg 817w, https:\/\/blogsaverroes.juntadeandalucia.es\/ceipurbanopalma\/files\/2026\/02\/Screenshot_2026-02-19-20-56-48-572_com.brave_.browser-edit.jpg 1080w\" sizes=\"(max-width: 160px) 100vw, 160px\" \/><\/p>\n<p>&nbsp;<\/p>\n<h3><a href=\"https:\/\/www.youtube.com\/watch?v=75ICBCrEwx8&amp;list=PLAeh5hWMX2sYzVkuD53jMFZ1DDH-F0uJO&amp;index=11\">Lista Youtube con v\u00eddeos did\u00e1ctivos y m\u00fasica<\/a><\/h3>\n<p><a href=\"https:\/\/blogsaverroes.juntadeandalucia.es\/ceipurbanopalma\/files\/2024\/02\/Captura-de-pantalla-de-2024-02-21-22-28-42.png\"><img decoding=\"async\" class=\"alignnone wp-image-4122\" src=\"https:\/\/blogsaverroes.juntadeandalucia.es\/ceipurbanopalma\/files\/2024\/02\/Captura-de-pantalla-de-2024-02-21-22-28-42.png\" alt=\"\" width=\"297\" height=\"132\"><\/a> <a href=\"https:\/\/blogsaverroes.juntadeandalucia.es\/ceipurbanopalma\/files\/2024\/02\/Captura-de-pantalla-de-2024-02-21-22-27-12.png\"><img loading=\"lazy\" decoding=\"async\" class=\"alignnone wp-image-4123\" src=\"https:\/\/blogsaverroes.juntadeandalucia.es\/ceipurbanopalma\/files\/2024\/02\/Captura-de-pantalla-de-2024-02-21-22-27-12.png\" alt=\"\" width=\"321\" height=\"157\"><\/a><\/p>\n<p>&nbsp;<\/p>\n<h3><a href=\"https:\/\/www.museodelaautonomia.es\/recursos-didacticos\">Recursos interactivos Museo Autonom\u00eda de Andaluc\u00eda<\/a><\/h3>\n<p><a href=\"https:\/\/blogsaverroes.juntadeandalucia.es\/ceipurbanopalma\/files\/2024\/02\/Captura-de-pantalla-de-2024-02-21-22-05-43.png\"><img loading=\"lazy\" decoding=\"async\" class=\"alignnone wp-image-4117\" src=\"https:\/\/blogsaverroes.juntadeandalucia.es\/ceipurbanopalma\/files\/2024\/02\/Captura-de-pantalla-de-2024-02-21-22-05-43.png\" alt=\"\" width=\"296\" height=\"152\"><\/a> <a href=\"https:\/\/blogsaverroes.juntadeandalucia.es\/ceipurbanopalma\/files\/2024\/02\/Captura-de-pantalla-de-2024-02-21-22-07-10.png\"><img loading=\"lazy\" decoding=\"async\" class=\"alignnone wp-image-4118\" src=\"https:\/\/blogsaverroes.juntadeandalucia.es\/ceipurbanopalma\/files\/2024\/02\/Captura-de-pantalla-de-2024-02-21-22-07-10.png\" alt=\"\" width=\"272\" height=\"156\"><\/a><\/p>\n<p>&nbsp;<\/p>\n<h3><a href=\"https:\/\/www.juntadeandalucia.es\/institutodeestadisticaycartografia\/educaieca\/htm\/es\/index.html\">Juegos<\/a><\/h3>\n<p><a href=\"https:\/\/blogsaverroes.juntadeandalucia.es\/ceipurbanopalma\/files\/2024\/02\/Captura-de-pantalla-de-2024-02-21-22-10-13.png\"><img loading=\"lazy\" decoding=\"async\" class=\"alignnone wp-image-4119\" src=\"https:\/\/blogsaverroes.juntadeandalucia.es\/ceipurbanopalma\/files\/2024\/02\/Captura-de-pantalla-de-2024-02-21-22-10-13.png\" alt=\"\" width=\"567\" height=\"241\"><\/a><\/p>\n<h3><a href=\"https:\/\/edea.juntadeandalucia.es\/bancorecursos\/items\/46887d58-fe82-4100-ada7-221b15b050b6\/1\/?attachment.uuid=b26280ed-61d2-4982-adbf-e53eb574c7a3\">Ejercicios inter\u00e1ctivos de matem\u00e1ticas sobre el patrimonio art\u00edstico e hist\u00f3rico-cultural de Andaluc\u00eda (por provincias)<\/a><\/h3>\n<p><a href=\"https:\/\/blogsaverroes.juntadeandalucia.es\/ceipurbanopalma\/files\/2024\/02\/Captura-de-pantalla-de-2024-02-21-22-18-20.png\"><img loading=\"lazy\" decoding=\"async\" class=\"alignnone wp-image-4120\" src=\"https:\/\/blogsaverroes.juntadeandalucia.es\/ceipurbanopalma\/files\/2024\/02\/Captura-de-pantalla-de-2024-02-21-22-18-20.png\" alt=\"\" width=\"281\" height=\"159\"><\/a> <a href=\"https:\/\/blogsaverroes.juntadeandalucia.es\/ceipurbanopalma\/files\/2024\/02\/Captura-de-pantalla-de-2024-02-21-22-18-08.png\"><img loading=\"lazy\" decoding=\"async\" class=\"alignnone wp-image-4121\" src=\"https:\/\/blogsaverroes.juntadeandalucia.es\/ceipurbanopalma\/files\/2024\/02\/Captura-de-pantalla-de-2024-02-21-22-18-08.png\" alt=\"\" width=\"346\" height=\"156\"><\/a><\/p>\n","protected":false},"excerpt":{"rendered":"<p>Actividades D\u00eda de Andaluc\u00eda &nbsp; Genially del maestro Juan &nbsp; &nbsp; &nbsp; \u00abRedescubriendo Andaluc\u00eda\u00bb de la maestra Carmen &nbsp; Lista Youtube con v\u00eddeos did\u00e1ctivos y m\u00fasica &nbsp; Recursos interactivos Museo Autonom\u00eda de Andaluc\u00eda &nbsp; Juegos Ejercicios inter\u00e1ctivos de matem\u00e1ticas sobre el patrimonio art\u00edstico e hist\u00f3rico-cultural de Andaluc\u00eda (por provincias)<\/p>\n","protected":false},"author":6049,"featured_media":0,"parent":0,"menu_order":0,"comment_status":"closed","ping_status":"closed","template":"","meta":{"ngg_post_thumbnail":0,"footnotes":"","_mc_calendar":[]},"aioseo_notices":[],"_links":{"self":[{"href":"https:\/\/blogsaverroes.juntadeandalucia.es\/ceipurbanopalma\/wp-json\/wp\/v2\/pages\/4114"}],"collection":[{"href":"https:\/\/blogsaverroes.juntadeandalucia.es\/ceipurbanopalma\/wp-json\/wp\/v2\/pages"}],"about":[{"href":"https:\/\/blogsaverroes.juntadeandalucia.es\/ceipurbanopalma\/wp-json\/wp\/v2\/types\/page"}],"author":[{"embeddable":true,"href":"https:\/\/blogsaverroes.juntadeandalucia.es\/ceipurbanopalma\/wp-json\/wp\/v2\/users\/6049"}],"replies":[{"embeddable":true,"href":"https:\/\/blogsaverroes.juntadeandalucia.es\/ceipurbanopalma\/wp-json\/wp\/v2\/comments?post=4114"}],"version-history":[{"count":6,"href":"https:\/\/blogsaverroes.juntadeandalucia.es\/ceipurbanopalma\/wp-json\/wp\/v2\/pages\/4114\/revisions"}],"predecessor-version":[{"id":4491,"href":"https:\/\/blogsaverroes.juntadeandalucia.es\/ceipurbanopalma\/wp-json\/wp\/v2\/pages\/4114\/revisions\/4491"}],"wp:attachment":[{"href":"https:\/\/blogsaverroes.juntadeandalucia.es\/ceipurbanopalma\/wp-json\/wp\/v2\/media?parent=4114"}],"curies":[{"name":"wp","href":"https:\/\/api.w.org\/{rel}","templated":true}]}}