{"id":42,"date":"2015-03-13T08:40:47","date_gmt":"2015-03-13T08:40:47","guid":{"rendered":"http:\/\/blogsaverroes.juntadeandalucia.es\/pre\/ceip\/?page_id=42"},"modified":"2025-10-05T19:22:24","modified_gmt":"2025-10-05T18:22:24","slug":"personal","status":"publish","type":"page","link":"https:\/\/blogsaverroes.juntadeandalucia.es\/ceipurbanopalma\/personal\/","title":{"rendered":"Personal"},"content":{"rendered":"\t\t<div data-elementor-type=\"wp-post\" data-elementor-id=\"42\" class=\"elementor elementor-42\">\n\t\t\t\t\t\t<section class=\"elementor-section elementor-top-section elementor-element elementor-element-206b001e elementor-section-boxed elementor-section-height-default elementor-section-height-default\" data-id=\"206b001e\" data-element_type=\"section\">\n\t\t\t\t\t\t<div class=\"elementor-container elementor-column-gap-default\">\n\t\t\t\t\t<div class=\"elementor-column elementor-col-100 elementor-top-column elementor-element elementor-element-2fe5ab00\" data-id=\"2fe5ab00\" data-element_type=\"column\">\n\t\t\t<div class=\"elementor-widget-wrap elementor-element-populated\">\n\t\t\t\t\t\t<div class=\"elementor-element elementor-element-3a9b11a0 elementor-widget__width-initial elementor-widget elementor-widget-text-editor\" data-id=\"3a9b11a0\" data-element_type=\"widget\" data-widget_type=\"text-editor.default\">\n\t\t\t\t<div class=\"elementor-widget-container\">\n\t\t\t\t\t\t\t\t\tConserje: Miguel\n\n<strong>Monitor escolar: <\/strong>Teresa Pedraza Nadales\n\n<strong>Cocina:<\/strong> Carmen Moreno Ram\u00edrez \/ Sergio Mart\u00edn Pageo\n\n<strong>Monitora de educaci\u00f3n especial:<\/strong> Mercedes Hurtado Carrasco\n\n<strong>Orientadora:<\/strong> Mar\u00eda del Rosario Salceda Garc\u00eda\n<h3><strong>2025\/2026<\/strong><\/h3>\n<h6><\/h6>\n<table style=\"height: 895px;width: 98.136%\" border=\"0\" cellspacing=\"0\"><colgroup width=\"358\"><\/colgroup> <colgroup width=\"368\"><\/colgroup>\n<tbody>\n<tr style=\"height: 30px\">\n<td style=\"width: 20.5741%\" align=\"left\">\n<h6>1\u00baA \/ E.F. 1er ciclo<\/h6>\n<\/td>\n<td style=\"width: 27.4211%\" align=\"left\" height=\"30\">\n<h6><span style=\"font-size: 12pt;font-weight: normal\">P\u00e9rez Hurtado, Juan Jes\u00fas<\/span><\/h6>\n<\/td>\n<\/tr>\n<tr style=\"height: 30px\">\n<td style=\"width: 20.5741%\" align=\"left\">\n<h6>1\u00baB\/ Ingl\u00e9s 2\u00ba y 5\u00ba<\/h6>\n<\/td>\n<td style=\"width: 27.4211%\" align=\"left\" height=\"30\">\n<h6 style=\"text-align: left\"><span style=\"font-size: 12pt;font-weight: normal\">Ruiz Moreno, Mar\u00eda \u00c1ngeles<\/span><\/h6>\n<\/td>\n<\/tr>\n<tr style=\"height: 30px\">\n<td style=\"width: 20.5741%\" align=\"left\">\n<h6>2\u00baA<\/h6>\n<\/td>\n<td style=\"width: 27.4211%\" align=\"left\" height=\"30\"><span style=\"font-size: 12pt;font-weight: normal\" data-sheets-root=\"1\">Mart\u00edn Jim\u00e9nez, Ana Bel\u00e9n<\/span><\/td>\n<\/tr>\n<tr style=\"height: 30px\">\n<td style=\"width: 20.5741%\" align=\"left\">\n<h6>2\u00baB \/ Ingl\u00e9s 1\u00ba y 3\u00ba<\/h6>\n<\/td>\n<td style=\"width: 27.4211%\" align=\"left\" height=\"30\"><span style=\"font-size: 12pt\" data-sheets-root=\"1\">L\u00f3pez Cabello, Mar\u00eda Dolores<\/span><\/td>\n<\/tr>\n<tr style=\"height: 30px\">\n<td style=\"width: 20.5741%\" align=\"left\">\n<h6>3\u00baA\/ Franc\u00e9s<\/h6>\n<h6><\/h6>\n<\/td>\n<td style=\"width: 27.4211%\" align=\"left\" height=\"30\">\n<h6><span style=\"font-size: 16px;font-weight: normal\">Navarro Regueiro, Antonio<\/span><\/h6>\n<span style=\"font-weight: normal\">\u00a0<\/span><\/td>\n<\/tr>\n<tr style=\"height: 30px\">\n<td style=\"width: 20.5741%\" align=\"left\">\n<h6>3\u00baB<\/h6>\n<\/td>\n<td style=\"width: 27.4211%\" align=\"left\" height=\"30\"><span style=\"font-size: 12pt\" data-sheets-root=\"1\">De Torres Rosa, Fernando<\/span><\/td>\n<\/tr>\n<tr style=\"height: 30px\">\n<td style=\"width: 20.5741%\" align=\"left\">\n<h6>4\u00baA<\/h6>\n<\/td>\n<td style=\"width: 27.4211%\" align=\"left\" height=\"30\">\n<h6><span style=\"font-size: 12pt;font-weight: normal\">G\u00e1lvez Jim\u00e9nez, Mar\u00eda Josefa<\/span><\/h6>\n<\/td>\n<\/tr>\n<tr style=\"height: 30px\">\n<td style=\"width: 20.5741%\" align=\"left\">\n<h6>4\u00baB<\/h6>\n<\/td>\n<td style=\"width: 27.4211%\" align=\"left\" height=\"30\"><span style=\"font-size: 12pt;font-weight: normal\" data-sheets-root=\"1\">R\u00edo Jim\u00e9nez, Ana Bel\u00e9n del<\/span><\/td>\n<\/tr>\n<tr style=\"height: 30px\">\n<td style=\"width: 20.5741%\" align=\"left\">\n<h6>5\u00baA<\/h6>\n<\/td>\n<td style=\"width: 27.4211%\" align=\"left\" height=\"30\">\n<h6><span style=\"font-size: 12pt;font-weight: normal\">S\u00e1nchez Jaraba, Francisca<\/span><\/h6>\n<\/td>\n<\/tr>\n<tr style=\"height: 30px\">\n<td style=\"width: 20.5741%\" align=\"left\">\n<h6>5\u00baB \/ E.F. 3er ciclo<\/h6>\n<\/td>\n<td style=\"width: 27.4211%\" align=\"left\" height=\"30\"><span style=\"font-size: 12pt;font-weight: normal\" data-sheets-root=\"1\">Ruiz Cid, Roc\u00edo<\/span><\/td>\n<\/tr>\n<tr style=\"height: 30px\">\n<td style=\"width: 20.5741%\" align=\"left\">\n<h6>6\u00baA \/ M\u00fasica<\/h6>\n<\/td>\n<td style=\"width: 27.4211%\" align=\"left\" height=\"30\"><span style=\"font-size: 12pt\" data-sheets-root=\"1\">Giraldo Granados, Pedro<\/span><\/td>\n<\/tr>\n<tr style=\"height: 25px\">\n<td style=\"width: 20.5741%\">\n<h6 style=\"text-align: left\">6\u00baB<\/h6>\n<\/td>\n<td style=\"width: 27.4211%\">\n<h6 style=\"text-align: left\"><span style=\"font-size: 12pt;font-weight: normal\">Romero Aguayo, Nemesio<\/span><\/h6>\n<\/td>\n<\/tr>\n<tr>\n<td style=\"width: 20.5741%\">\n<h6 style=\"text-align: left\">Jefatura\u00a0 \/ Ingl\u00e9s 4\u00ba y 6\u00ba<\/h6>\n<\/td>\n<td style=\"width: 27.4211%\">\n<h6 style=\"text-align: left\"><span style=\"font-size: 12pt;font-weight: normal\">Osuna Castellano, Andr\u00e9s<\/span><\/h6>\n<\/td>\n<\/tr>\n<tr style=\"height: 30px\">\n<td style=\"width: 20.5741%\" align=\"left\">\n<h6>Infantil 3A<\/h6>\n<\/td>\n<td style=\"width: 27.4211%\" align=\"left\" height=\"30\"><span style=\"font-size: 12pt\">Pino Mures, Francisca<\/span><\/td>\n<\/tr>\n<tr style=\"height: 30px\">\n<td style=\"width: 20.5741%\" align=\"left\">\n<h6>Infantil 3B<\/h6>\n<\/td>\n<td style=\"width: 27.4211%\" align=\"left\" height=\"30\">\n<h6><span style=\"font-size: 12pt;font-weight: normal\">Pineda Cantillo, Mar\u00eda Antonia<\/span><\/h6>\n<\/td>\n<\/tr>\n<tr style=\"height: 30px\">\n<td style=\"width: 20.5741%\" align=\"left\">\n<h6>Infantil 4A<\/h6>\n<\/td>\n<td style=\"width: 27.4211%\" align=\"left\" height=\"30\"><span style=\"font-style: normal;font-weight: 400;font-size: 12pt\" data-sheets-root=\"1\">M\u00e1rquez Pastrana, Mar\u00eda Dolores<\/span><\/td>\n<\/tr>\n<tr style=\"height: 30px\">\n<td style=\"width: 20.5741%\" align=\"left\">\n<h6>Infantil 4B<\/h6>\n<\/td>\n<td style=\"width: 27.4211%\" align=\"left\" height=\"30\">\n<h6><span style=\"font-family: Lato, sans-serif;font-size: 16px;font-style: normal;font-weight: 400\">Mart\u00edn S\u00e1nchez, Mar\u00eda Pilar<\/span><\/h6>\n<\/td>\n<\/tr>\n<tr style=\"height: 30px\">\n<td style=\"width: 20.5741%\" align=\"left\">\n<h6>Infantil 5A<\/h6>\n<\/td>\n<td style=\"width: 27.4211%\" align=\"left\" height=\"30\">\n<h6><span style=\"font-size: 12pt;font-weight: normal\">Vera Pacheco, Araceli<\/span><\/h6>\n<\/td>\n<\/tr>\n<tr style=\"height: 30px\">\n<td style=\"width: 20.5741%\" align=\"left\">\n<h6>Infantil 5B<\/h6>\n<\/td>\n<td style=\"width: 27.4211%\" align=\"left\" height=\"30\"><span style=\"font-size: 12pt;font-weight: normal\" data-sheets-root=\"1\">Rey Olegario, Susana Elena del<\/span><\/td>\n<\/tr>\n<tr style=\"height: 30px\">\n<td style=\"width: 20.5741%\" align=\"left\">\n<h6>Audici\u00f3n y Lenguaje<\/h6>\n<\/td>\n<td style=\"width: 27.4211%\" align=\"left\" height=\"30\"><span style=\"font-size: 12pt;font-weight: normal\" data-sheets-root=\"1\">Rosa Garrido, Ana<\/span><\/td>\n<\/tr>\n<tr style=\"height: 30px\">\n<td style=\"width: 20.5741%\" align=\"left\">\n<h6>Compensatoria\/Profundizaci\u00f3n<\/h6>\n<\/td>\n<td style=\"width: 27.4211%\" align=\"left\" height=\"30\"><span style=\"font-size: 12pt;font-weight: normal\" data-sheets-root=\"1\">Ruiz Ruiz, Mar\u00eda del Rosario<\/span><\/td>\n<\/tr>\n<tr style=\"height: 30px\">\n<td style=\"width: 20.5741%\" align=\"left\">\n<h6>Aula Espec\u00edfica<\/h6>\n<\/td>\n<td style=\"width: 27.4211%\" align=\"left\" height=\"30\"><span style=\"font-size: 12pt;font-weight: normal\" data-sheets-root=\"1\">S\u00e1nchez Bl\u00e1zquez, Noelia<\/span><\/td>\n<\/tr>\n<tr style=\"height: 30px\">\n<td style=\"width: 20.5741%\" align=\"left\">\n<h6>Pedagog\u00eda Terape\u00fatica<\/h6>\n<\/td>\n<td style=\"width: 27.4211%\" align=\"left\" height=\"30\">\n<h6><span style=\"font-size: 12pt;font-weight: normal\">Deza Garc\u00eda, Mar\u00eda del Carmen<\/span><\/h6>\n<\/td>\n<\/tr>\n<tr>\n<td style=\"width: 20.5741%\">\n<h6 style=\"text-align: left\">Apoyo Primaria<\/h6>\n<\/td>\n<td style=\"width: 27.4211%\">\n<h6 style=\"text-align: left\"><span style=\"font-size: 12pt;font-weight: normal\">Rodr\u00edguez Castillo, Jos\u00e9 Andr\u00e9s<\/span><\/h6>\n<\/td>\n<\/tr>\n<tr style=\"height: 30px\">\n<td style=\"width: 20.5741%\" align=\"left\">\n<h6>Apoyo Infantil<\/h6>\n<\/td>\n<td style=\"width: 27.4211%\" align=\"left\" height=\"30\">\n<h6><span style=\"font-size: 12pt;font-weight: normal\">Palma Rodr\u00edguez, Mar\u00eda Jos\u00e9<\/span><\/h6>\n<\/td>\n<\/tr>\n<tr style=\"height: 30px\">\n<td style=\"width: 20.5741%\" align=\"left\">\n<h6>Secretar\u00eda \/ Matem\u00e1ticas 1\u00ba<\/h6>\n<\/td>\n<td style=\"width: 27.4211%\" align=\"left\" height=\"30\"><span style=\"font-size: 12pt\">Quero G\u00e1lvez, Antonio<\/span><\/td>\n<\/tr>\n<tr style=\"height: 30px\">\n<td style=\"width: 20.5741%\" align=\"left\">\n<h6>Religi\u00f3n Infantil y Primaria<\/h6>\n<\/td>\n<td style=\"width: 27.4211%\" align=\"left\" height=\"30\">\n<h6><span style=\"font-size: 12pt;font-weight: normal\">Quintero Garc\u00eda, Mar\u00eda Dolores<\/span><\/h6>\n<\/td>\n<\/tr>\n<tr style=\"height: 30px\">\n<td style=\"width: 20.5741%\" align=\"left\">\n<h6>Religi\u00f3n Infantil<\/h6>\n<\/td>\n<td style=\"width: 27.4211%\" align=\"left\" height=\"30\">\n<h6><span style=\"font-size: 12pt;font-weight: normal\">Espejo Miranda, Mar\u00eda<\/span><\/h6>\n<\/td>\n<\/tr>\n<tr style=\"height: 30px\">\n<td style=\"width: 20.5741%\" align=\"left\">\n<h6>Religi\u00f3n Primaria<\/h6>\n<\/td>\n<td style=\"width: 27.4211%\" align=\"left\" height=\"30\"><span style=\"font-size: 12pt\" data-sheets-root=\"1\"><span style=\"font-weight: normal\">Serrano Garc\u00eda, Alfonso Jes\u00fas<\/span><\/span>\n\n<span style=\"font-weight: normal\">\u00a0<\/span><\/td>\n<\/tr>\n<tr style=\"height: 30px\">\n<td style=\"width: 20.5741%\" align=\"left\">\n<h6>Direcci\u00f3n\u00a0<span style=\"font-family: Lato, sans-serif;font-size: 16px;font-style: normal;font-weight: bold\">\/ Matem\u00e1ticas 3\u00ba<\/span><\/h6>\n<\/td>\n<td style=\"width: 27.4211%\" align=\"left\" height=\"30\"><span style=\"font-size: 12pt;font-weight: normal\" data-sheets-root=\"1\">Prieto S\u00e1nchez, Alfonsa<\/span><\/td>\n<\/tr>\n<\/tbody>\n<\/table>\t\t\t\t\t\t\t\t<\/div>\n\t\t\t\t<\/div>\n\t\t\t\t\t<\/div>\n\t\t<\/div>\n\t\t\t\t\t<\/div>\n\t\t<\/section>\n\t\t\t\t<\/div>\n\t\t","protected":false},"excerpt":{"rendered":"<p>Conserje: Miguel Monitor escolar: Teresa Pedraza Nadales Cocina: Carmen Moreno Ram\u00edrez \/ Sergio Mart\u00edn Pageo Monitora de educaci\u00f3n especial: Mercedes Hurtado Carrasco Orientadora: Mar\u00eda del Rosario Salceda Garc\u00eda 2025\/2026 1\u00baA \/ E.F. 1er ciclo P\u00e9rez Hurtado, Juan Jes\u00fas 1\u00baB\/ Ingl\u00e9s 2\u00ba y 5\u00ba Ruiz Moreno, Mar\u00eda \u00c1ngeles 2\u00baA Mart\u00edn Jim\u00e9nez, Ana Bel\u00e9n 2\u00baB \/ Ingl\u00e9s &hellip; <a href=\"https:\/\/blogsaverroes.juntadeandalucia.es\/ceipurbanopalma\/personal\/\" class=\"more-link\">Seguir leyendo <span class=\"screen-reader-text\">Personal<\/span> <span class=\"meta-nav\">&rarr;<\/span><\/a><\/p>\n","protected":false},"author":1,"featured_media":0,"parent":0,"menu_order":0,"comment_status":"closed","ping_status":"open","template":"","meta":{"ngg_post_thumbnail":0,"footnotes":"","_mc_calendar":[]},"aioseo_notices":[],"_links":{"self":[{"href":"https:\/\/blogsaverroes.juntadeandalucia.es\/ceipurbanopalma\/wp-json\/wp\/v2\/pages\/42"}],"collection":[{"href":"https:\/\/blogsaverroes.juntadeandalucia.es\/ceipurbanopalma\/wp-json\/wp\/v2\/pages"}],"about":[{"href":"https:\/\/blogsaverroes.juntadeandalucia.es\/ceipurbanopalma\/wp-json\/wp\/v2\/types\/page"}],"author":[{"embeddable":true,"href":"https:\/\/blogsaverroes.juntadeandalucia.es\/ceipurbanopalma\/wp-json\/wp\/v2\/users\/1"}],"replies":[{"embeddable":true,"href":"https:\/\/blogsaverroes.juntadeandalucia.es\/ceipurbanopalma\/wp-json\/wp\/v2\/comments?post=42"}],"version-history":[{"count":43,"href":"https:\/\/blogsaverroes.juntadeandalucia.es\/ceipurbanopalma\/wp-json\/wp\/v2\/pages\/42\/revisions"}],"predecessor-version":[{"id":4334,"href":"https:\/\/blogsaverroes.juntadeandalucia.es\/ceipurbanopalma\/wp-json\/wp\/v2\/pages\/42\/revisions\/4334"}],"wp:attachment":[{"href":"https:\/\/blogsaverroes.juntadeandalucia.es\/ceipurbanopalma\/wp-json\/wp\/v2\/media?parent=42"}],"curies":[{"name":"wp","href":"https:\/\/api.w.org\/{rel}","templated":true}]}}