{"id":44,"date":"2015-03-13T08:42:15","date_gmt":"2015-03-13T08:42:15","guid":{"rendered":"http:\/\/blogsaverroes.juntadeandalucia.es\/pre\/ceip\/?page_id=44"},"modified":"2025-09-28T22:34:27","modified_gmt":"2025-09-28T21:34:27","slug":"planes-y-proyectos","status":"publish","type":"page","link":"https:\/\/blogsaverroes.juntadeandalucia.es\/ceipurbanopalma\/planes-y-proyectos\/","title":{"rendered":"Planes y Programas"},"content":{"rendered":"<p><img decoding=\"async\" class=\"alignnone size-medium wp-image-1667\" src=\"https:\/\/blogsaverroes.juntadeandalucia.es\/ceipurbanopalma\/files\/2015\/03\/planes-300x150.png\" alt=\"planes\" width=\"300\" height=\"150\" srcset=\"https:\/\/blogsaverroes.juntadeandalucia.es\/ceipurbanopalma\/files\/2015\/03\/planes-300x150.png 300w, https:\/\/blogsaverroes.juntadeandalucia.es\/ceipurbanopalma\/files\/2015\/03\/planes-332x166.png 332w, https:\/\/blogsaverroes.juntadeandalucia.es\/ceipurbanopalma\/files\/2015\/03\/planes.png 640w\" sizes=\"(max-width: 300px) 100vw, 300px\" \/><\/p>\n<p>Cada centro personaliza y adapta su Proyecto Educativo adhiri\u00e9ndose a diferentes <strong>Planes y Programas<\/strong> promovidos desde la Consejer\u00eda de Educaci\u00f3n, Cultura y Deporte.<\/p>\n<p>En este curso contamos con los siguiente planes y proyectos:<\/p>\n<table style=\"width: 102.121%;height: 446px\">\n<tbody>\n<tr style=\"height: 48px\">\n<td style=\"height: 48px;width: 60.4545%\"><strong>Plan Transformaci\u00f3n Digital Educativa&nbsp;<\/strong><\/p>\n<p><strong>Practicum Grado Maestro<\/strong><\/td>\n<td style=\"height: 48px;width: 39.3939%\">Andr\u00e9s Osuna Castellano<\/td>\n<\/tr>\n<tr style=\"height: 55px\">\n<td style=\"height: 55px;width: 60.4545%\"><strong>Plan de formaci\u00f3n del profesorado&nbsp;<\/strong><\/td>\n<td style=\"height: 55px;width: 39.3939%\">Antonio Quero G\u00e1lvez<\/td>\n<\/tr>\n<tr style=\"height: 48px\">\n<td style=\"height: 48px;width: 60.4545%\"><strong>Programa escuelas deportivas<\/strong><\/td>\n<td style=\"height: 48px;width: 39.3939%\">&nbsp;Fernando de Torres Rosa<\/td>\n<\/tr>\n<tr style=\"height: 48px\">\n<td style=\"height: 48px;width: 60.4545%\"><strong>Escuela espacio de paz<\/strong><\/td>\n<td style=\"height: 48px;width: 39.3939%\">Alfonso Serrano Garc\u00eda<\/td>\n<\/tr>\n<tr style=\"height: 48px\">\n<td style=\"height: 48px;width: 60.4545%\"><strong>Plan de igualdad<\/strong><\/td>\n<td style=\"height: 48px;width: 39.3939%\">Roc\u00edo Ruiz Cid<\/td>\n<\/tr>\n<tr style=\"height: 48px\">\n<td style=\"height: 48px;width: 60.4545%\"><strong>Plan de Compensaci\u00f3n Educativa<\/strong><\/p>\n<p><strong>Red Andaluza bibliotecas escolares<\/strong><\/td>\n<td style=\"height: 48px;width: 39.3939%\">Rosario Ruiz Ruiz<\/td>\n<\/tr>\n<tr style=\"height: 48px\">\n<td style=\"height: 48px;width: 60.4545%\"><strong>Autoprotecci\u00f3n&nbsp;<\/strong><\/td>\n<td style=\"height: 48px;width: 39.3939%\">Lola L\u00f3pez Cabello<\/td>\n<\/tr>\n<tr style=\"height: 48px\">\n<td style=\"height: 48px;width: 60.4545%\"><strong>Plan de apertura<\/strong><\/p>\n<p><strong>Bienestar Emocional<\/strong><\/p>\n<p><strong>PROA<\/strong><\/td>\n<td style=\"height: 48px;width: 39.3939%\">Alfonsi Prieto S\u00e1nchez<\/td>\n<\/tr>\n<tr>\n<td style=\"width: 60.4545%\"><strong>PREX<\/strong><\/td>\n<td style=\"width: 39.3939%\">M\u00aa \u00c1ngeles Ruiz Moreno<\/td>\n<\/tr>\n<tr style=\"height: 37px\">\n<td style=\"width: 60.4545%;height: 37px\"><strong>M\u00e1s Equidad<\/strong><br \/>\n<strong>&nbsp;<\/strong><\/td>\n<td style=\"width: 39.3939%;height: 37px\">Noelia S\u00e1nchez Bl\u00e1zquez<\/td>\n<\/tr>\n<tr style=\"height: 18px\">\n<td style=\"width: 60.4545%;height: 18px\"><strong>Escuela 4.0<br \/>\n<\/strong><\/td>\n<td style=\"width: 39.3939%;height: 18px\">Juan Jes\u00fas P\u00e9rez Hurtado<\/td>\n<\/tr>\n<\/tbody>\n<\/table>\n","protected":false},"excerpt":{"rendered":"<p>Cada centro personaliza y adapta su Proyecto Educativo adhiri\u00e9ndose a diferentes Planes y Programas promovidos desde la Consejer\u00eda de Educaci\u00f3n, Cultura y Deporte. En este curso contamos con los siguiente planes y proyectos: Plan Transformaci\u00f3n Digital Educativa&nbsp; Practicum Grado Maestro Andr\u00e9s Osuna Castellano Plan de formaci\u00f3n del profesorado&nbsp; Antonio Quero G\u00e1lvez Programa escuelas deportivas &nbsp;Fernando &hellip; <a href=\"https:\/\/blogsaverroes.juntadeandalucia.es\/ceipurbanopalma\/planes-y-proyectos\/\" class=\"more-link\">Seguir leyendo <span class=\"screen-reader-text\">Planes y Programas<\/span> <span class=\"meta-nav\">&rarr;<\/span><\/a><\/p>\n","protected":false},"author":1,"featured_media":0,"parent":0,"menu_order":0,"comment_status":"closed","ping_status":"closed","template":"","meta":{"ngg_post_thumbnail":0,"footnotes":"","_mc_calendar":[]},"aioseo_notices":[],"_links":{"self":[{"href":"https:\/\/blogsaverroes.juntadeandalucia.es\/ceipurbanopalma\/wp-json\/wp\/v2\/pages\/44"}],"collection":[{"href":"https:\/\/blogsaverroes.juntadeandalucia.es\/ceipurbanopalma\/wp-json\/wp\/v2\/pages"}],"about":[{"href":"https:\/\/blogsaverroes.juntadeandalucia.es\/ceipurbanopalma\/wp-json\/wp\/v2\/types\/page"}],"author":[{"embeddable":true,"href":"https:\/\/blogsaverroes.juntadeandalucia.es\/ceipurbanopalma\/wp-json\/wp\/v2\/users\/1"}],"replies":[{"embeddable":true,"href":"https:\/\/blogsaverroes.juntadeandalucia.es\/ceipurbanopalma\/wp-json\/wp\/v2\/comments?post=44"}],"version-history":[{"count":24,"href":"https:\/\/blogsaverroes.juntadeandalucia.es\/ceipurbanopalma\/wp-json\/wp\/v2\/pages\/44\/revisions"}],"predecessor-version":[{"id":2413,"href":"https:\/\/blogsaverroes.juntadeandalucia.es\/ceipurbanopalma\/wp-json\/wp\/v2\/pages\/44\/revisions\/2413"}],"wp:attachment":[{"href":"https:\/\/blogsaverroes.juntadeandalucia.es\/ceipurbanopalma\/wp-json\/wp\/v2\/media?parent=44"}],"curies":[{"name":"wp","href":"https:\/\/api.w.org\/{rel}","templated":true}]}}