{"id":10894,"date":"2019-03-28T12:53:54","date_gmt":"2019-03-28T10:53:54","guid":{"rendered":"https:\/\/ceipva.wordpress.com\/proyectos\/"},"modified":"2024-10-08T19:21:15","modified_gmt":"2024-10-08T18:21:15","slug":"proyectos","status":"publish","type":"page","link":"https:\/\/blogsaverroes.juntadeandalucia.es\/ceipva\/proyectos\/","title":{"rendered":"AULA DEL FUTURO"},"content":{"rendered":"<p>Durante estos \u00faltimos 6 a\u00f1os, hemos estado llevando a cabo en nuestro centro varios Proyectos de Innovaci\u00f3n dedicados a la mejora de la Competencia Digital de nuestro alumnado.<\/p>\n<p>El primer proyecto que llevamos a cabo fue el Radio VA, al que le han seguido VA Televisi\u00f3n, Robotic VA y Steam Rob\u00f3tica.<\/p>\n<p><img loading=\"lazy\" decoding=\"async\" class=\"alignnone size-medium wp-image-17521\" src=\"https:\/\/blogsaverroes.juntadeandalucia.es\/ceipva\/files\/2024\/10\/1728411406817-300x135.jpg\" alt=\"\" width=\"300\" height=\"135\" srcset=\"https:\/\/blogsaverroes.juntadeandalucia.es\/ceipva\/files\/2024\/10\/1728411406817-300x135.jpg 300w, https:\/\/blogsaverroes.juntadeandalucia.es\/ceipva\/files\/2024\/10\/1728411406817-1024x462.jpg 1024w, https:\/\/blogsaverroes.juntadeandalucia.es\/ceipva\/files\/2024\/10\/1728411406817-768x346.jpg 768w, https:\/\/blogsaverroes.juntadeandalucia.es\/ceipva\/files\/2024\/10\/1728411406817-1536x693.jpg 1536w, https:\/\/blogsaverroes.juntadeandalucia.es\/ceipva\/files\/2024\/10\/1728411406817-2048x924.jpg 2048w\" sizes=\"(max-width: 300px) 100vw, 300px\" \/><\/p>\n<p>C\u00f3mo \u00faltimo paso, hace dos cursos emprendimos la transformaci\u00f3n del centro y la inclusi\u00f3n en el mismo de un Aula del Futuro. Para ello ya trav\u00e9s de un Proyecto de Innovaci\u00f3n hemos logrado nuestro objetivo de conformar un espacio \u00fanico en el centro en el que poder emprender todos nuestros proyectos y englobarlos en nuestro Propio Aula.<\/p>\n<p><img loading=\"lazy\" decoding=\"async\" class=\"alignnone size-medium wp-image-17522\" src=\"https:\/\/blogsaverroes.juntadeandalucia.es\/ceipva\/files\/2024\/10\/1728411406752-169x300.jpeg\" alt=\"\" width=\"169\" height=\"300\" srcset=\"https:\/\/blogsaverroes.juntadeandalucia.es\/ceipva\/files\/2024\/10\/1728411406752-169x300.jpeg 169w, https:\/\/blogsaverroes.juntadeandalucia.es\/ceipva\/files\/2024\/10\/1728411406752-576x1024.jpeg 576w, https:\/\/blogsaverroes.juntadeandalucia.es\/ceipva\/files\/2024\/10\/1728411406752-768x1365.jpeg 768w, https:\/\/blogsaverroes.juntadeandalucia.es\/ceipva\/files\/2024\/10\/1728411406752-864x1536.jpeg 864w, https:\/\/blogsaverroes.juntadeandalucia.es\/ceipva\/files\/2024\/10\/1728411406752-1152x2048.jpeg 1152w, https:\/\/blogsaverroes.juntadeandalucia.es\/ceipva\/files\/2024\/10\/1728411406752-scaled.jpeg 1440w\" sizes=\"(max-width: 169px) 100vw, 169px\" \/><\/p>\n<p>Nuestro proyecto de \u201cAula del futuro\u201d ha desarrollado un espacio diferente para crear, inventar, equivocarse y buscar soluciones. Aspiramos a que nuestro alumnado pueda ser el impulsor de sus propios aprendizajes, trabajando de una manera colaborativa y creativa.<\/p>\n<p><img decoding=\"async\" src=\"https:\/\/blogsaverroes.juntadeandalucia.es\/ceipva\/files\/2024\/02\/1707761078930-300x226.jpg\"><br \/>\nEs un espacio reconfigurable dividido en zonas. Su equipamiento est\u00e1 repartido por las distintas zonas e incluye pizarras digitales, mobiliario escolar espec\u00edfico con facilidades de conexi\u00f3n, materiales para facilitar la investigaci\u00f3n, un peque\u00f1o estudio de grabaci\u00f3n, material de rob\u00f3tica, puestos inform\u00e1ticos, tablets y un rinc\u00f3n tradicional de trabajo.<\/p>\n<p><img decoding=\"async\" src=\"https:\/\/blogsaverroes.juntadeandalucia.es\/ceipva\/files\/2024\/05\/1716457037423-300x135.jpg\"><br \/>\nAdem\u00e1s de su equipamiento, lo m\u00e1s destacable del aula ser\u00eda la divisi\u00f3n en zonas de actividad, que tienen como finalidad favorecer y estimular los procesos de ense\u00f1anza y aprendizaje, haciendo del alumno el protagonista de todo el proceso: el alumno investiga, interact\u00faa, intercambia, desarrolla, crea y presenta.<\/p>\n<p><img decoding=\"async\" src=\"https:\/\/blogsaverroes.juntadeandalucia.es\/ceipva\/files\/2024\/03\/1710239182315-300x226.jpg\"><\/p>\n<p>&nbsp;<\/p>\n","protected":false},"excerpt":{"rendered":"<p>Durante estos \u00faltimos 6 a\u00f1os, hemos estado llevando a cabo en nuestro centro varios Proyectos de Innovaci\u00f3n dedicados a la mejora de la Competencia Digital de nuestro alumnado. El primer proyecto que llevamos a cabo fue el Radio VA, al que le han seguido VA Televisi\u00f3n, Robotic VA y Steam Rob\u00f3tica. C\u00f3mo \u00faltimo paso, hace &hellip; <a href=\"https:\/\/blogsaverroes.juntadeandalucia.es\/ceipva\/proyectos\/\" class=\"more-link\">Seguir leyendo <span class=\"screen-reader-text\">AULA DEL FUTURO<\/span> <span class=\"meta-nav\">&rarr;<\/span><\/a><\/p>\n","protected":false},"author":15476,"featured_media":0,"parent":0,"menu_order":0,"comment_status":"closed","ping_status":"closed","template":"","meta":{"ngg_post_thumbnail":0,"footnotes":""},"aioseo_notices":[],"_links":{"self":[{"href":"https:\/\/blogsaverroes.juntadeandalucia.es\/ceipva\/wp-json\/wp\/v2\/pages\/10894"}],"collection":[{"href":"https:\/\/blogsaverroes.juntadeandalucia.es\/ceipva\/wp-json\/wp\/v2\/pages"}],"about":[{"href":"https:\/\/blogsaverroes.juntadeandalucia.es\/ceipva\/wp-json\/wp\/v2\/types\/page"}],"author":[{"embeddable":true,"href":"https:\/\/blogsaverroes.juntadeandalucia.es\/ceipva\/wp-json\/wp\/v2\/users\/15476"}],"replies":[{"embeddable":true,"href":"https:\/\/blogsaverroes.juntadeandalucia.es\/ceipva\/wp-json\/wp\/v2\/comments?post=10894"}],"version-history":[{"count":2,"href":"https:\/\/blogsaverroes.juntadeandalucia.es\/ceipva\/wp-json\/wp\/v2\/pages\/10894\/revisions"}],"predecessor-version":[{"id":17523,"href":"https:\/\/blogsaverroes.juntadeandalucia.es\/ceipva\/wp-json\/wp\/v2\/pages\/10894\/revisions\/17523"}],"wp:attachment":[{"href":"https:\/\/blogsaverroes.juntadeandalucia.es\/ceipva\/wp-json\/wp\/v2\/media?parent=10894"}],"curies":[{"name":"wp","href":"https:\/\/api.w.org\/{rel}","templated":true}]}}