{"id":1271,"date":"2011-07-22T21:58:47","date_gmt":"2011-07-22T21:58:47","guid":{"rendered":"http:\/\/ceipva.wordpress.com\/?page_id=1271"},"modified":"2025-11-25T11:31:37","modified_gmt":"2025-11-25T10:31:37","slug":"proyecto-de-gestion","status":"publish","type":"page","link":"https:\/\/blogsaverroes.juntadeandalucia.es\/ceipva\/centro-2\/plan-de-centro\/proyecto-de-gestion\/","title":{"rendered":"Proyecto Educativo"},"content":{"rendered":"<p>&nbsp;<\/p>\n<p><a href=\"https:\/\/blogsaverroes.juntadeandalucia.es\/ceipva\/files\/2025\/11\/10CRITERIOS-PARA-ORGANIZAR-Y-DISTRIBUIR-EL-TIEMPO-ESCOLAR-ASI-COMO-LOS-OBJETIVOS-Y-PROGRAMAS-DE-INTERVENCION-EN-EL-TIEMPO-EXTRAESCOLAR.-1.pdf\">1 0CRITERIOS PARA ORGANIZAR Y DISTRIBUIR EL TIEMPO ESCOLAR, AS\u00cd COMO LOS OBJETIVOS Y PROGRAMAS DE INTERVENCI\u00d3N EN EL TIEMPO EXTRAESCOLAR. (1)<\/a><\/p>\n<p><a href=\"https:\/\/blogsaverroes.juntadeandalucia.es\/ceipva\/files\/2025\/11\/2objetivos-para-la-mejora-del-rendimiento-escolar-14o-revision-25-26-docx.pdf\">2objetivos para la mejora del rendimiento escolar 14\u00ba revisi\u00f3n 25-26 docx<\/a><\/p>\n<p><a href=\"https:\/\/blogsaverroes.juntadeandalucia.es\/ceipva\/files\/2025\/01\/3LINEAS-GENERALES-DE-ACTUACION-PEDAGOGICA.pdf\">3.L\u00cdNEAS GENERALES DE ACTUACI\u00d3N PEDAG\u00d3GICA<\/a><\/p>\n<p><a href=\"https:\/\/blogsaverroes.juntadeandalucia.es\/ceipva\/files\/2025\/01\/4COORDINACION-Y-CONCRECION-DE-LOS-CONTENIDOS-CURRICULARES-ASI-COMO-EL-TRATAMIENTO-TRANSVERSAL.pdf\">4. COORDINACI\u00d3N Y CONCRECI\u00d3N DE LOS CONTENIDOS CURRICULARES, AS\u00cd COMO EL TRATAMIENTO TRANSVERSAL<\/a><\/p>\n<p><a href=\"https:\/\/blogsaverroes.juntadeandalucia.es\/ceipva\/files\/2025\/01\/5CRITERIOS-PEDAGOGICOS-PARA-LA-DETERMINACION-DEL-HORARIO-DE-LAS-PERSONAS-DE-COORDINACION-DOCENTE-Y-PLANES-DE-CENTRO.pdf\">5. CRITERIOS PEDAG\u00d3GICOS PARA LA DETERMINACI\u00d3N DEL HORARIO DE LAS PERSONAS DE COORDINACI\u00d3N DOCENTE Y PLANES DE CENTRO<\/a><\/p>\n<p><a href=\"https:\/\/blogsaverroes.juntadeandalucia.es\/ceipva\/files\/2025\/01\/6DOCUMENTO-EVALUACION-GENERAL-CENTRO-VA.pdf\">6. DOCUMENTO EVALUACI\u00d3N GENERAL CENTRO VA<\/a><\/p>\n<p><a href=\"https:\/\/blogsaverroes.juntadeandalucia.es\/ceipva\/files\/2025\/01\/7PLAN-DE-ATENCION-A-LA-DIVERSIDAD-23-24.pdf\">7. PLAN DE ATENCI\u00d3N A LA DIVERSIDAD<\/a><\/p>\n<p><a href=\"https:\/\/blogsaverroes.juntadeandalucia.es\/ceipva\/files\/2025\/01\/8PLAN-ORIENTACION-Y-ACCION-TUTORIAL-23-24.pdf\">8. PLAN ORIENTACI\u00d3N Y ACCI\u00d3N TUTORIAL <\/a><\/p>\n<p><a href=\"https:\/\/blogsaverroes.juntadeandalucia.es\/ceipva\/files\/2025\/01\/9PLAN-DE-CONVIVENCIA-20.21.pdf\">9. PLAN DE CONVIVENCIA<\/a><\/p>\n<p><a href=\"https:\/\/blogsaverroes.juntadeandalucia.es\/ceipva\/files\/2025\/11\/1Objetivos-generales-25-26-docx.pdf\">1Objetivos generales 25-26 docx<\/a><\/p>\n<p><a href=\"https:\/\/blogsaverroes.juntadeandalucia.es\/ceipva\/files\/2025\/01\/12CRITERIOS-PARA-ESTABLECER-LOS-AGRUPAMIENTOS-DEL-ALUMNADO-Y-LA-ASIGNACION-DE-TUTORIAS.pdf\">12. CRITERIOS PARA ESTABLECER LOS AGRUPAMIENTOS DEL ALUMNADO Y LA ASIGNACI\u00d3N DE TUTORIAS<\/a><\/p>\n<p><a href=\"https:\/\/blogsaverroes.juntadeandalucia.es\/ceipva\/files\/2025\/01\/ACTIVIDADES-COMPLEMENTARIAS-24-25.pdf\">ACTIVIDADES COMPLEMENTARIAS 24-25<\/a><\/p>\n<p><a href=\"https:\/\/blogsaverroes.juntadeandalucia.es\/ceipva\/files\/2025\/01\/PLC.pdf\">PLC<\/a><\/p>\n<p><a href=\"https:\/\/blogsaverroes.juntadeandalucia.es\/ceipva\/files\/2025\/01\/PROCEDIMIENTOS-DE-EVALUACION-INTERNA.pdf\">PROCEDIMIENTOS DE EVALUACI\u00d3N INTERNA<\/a><\/p>\n<p><a href=\"https:\/\/blogsaverroes.juntadeandalucia.es\/ceipva\/files\/2025\/01\/PLAN-DE-DOCENCIA-TELEMATICA-CEIP-VICENTE-ALEIXANDRE-revisado_compressed-1.pdf\">PLAN DE DOCENCIA TELEM\u00c1TICA CEIP VICENTE ALEIXANDRE <\/a><\/p>\n<p>&nbsp;<\/p>\n<p>&nbsp;<\/p>\n","protected":false},"excerpt":{"rendered":"<p>&nbsp; 1 0CRITERIOS PARA ORGANIZAR Y DISTRIBUIR EL TIEMPO ESCOLAR, AS\u00cd COMO LOS OBJETIVOS Y PROGRAMAS DE INTERVENCI\u00d3N EN EL TIEMPO EXTRAESCOLAR. (1) 2objetivos para la mejora del rendimiento escolar 14\u00ba revisi\u00f3n 25-26 docx 3.L\u00cdNEAS GENERALES DE ACTUACI\u00d3N PEDAG\u00d3GICA 4. COORDINACI\u00d3N Y CONCRECI\u00d3N DE LOS CONTENIDOS CURRICULARES, AS\u00cd COMO EL TRATAMIENTO TRANSVERSAL 5. CRITERIOS PEDAG\u00d3GICOS &hellip; <a href=\"https:\/\/blogsaverroes.juntadeandalucia.es\/ceipva\/centro-2\/plan-de-centro\/proyecto-de-gestion\/\" class=\"more-link\">Seguir leyendo <span class=\"screen-reader-text\">Proyecto Educativo<\/span> <span class=\"meta-nav\">&rarr;<\/span><\/a><\/p>\n","protected":false},"author":15476,"featured_media":0,"parent":15064,"menu_order":1,"comment_status":"open","ping_status":"open","template":"","meta":{"ngg_post_thumbnail":0,"footnotes":""},"aioseo_notices":[],"_links":{"self":[{"href":"https:\/\/blogsaverroes.juntadeandalucia.es\/ceipva\/wp-json\/wp\/v2\/pages\/1271"}],"collection":[{"href":"https:\/\/blogsaverroes.juntadeandalucia.es\/ceipva\/wp-json\/wp\/v2\/pages"}],"about":[{"href":"https:\/\/blogsaverroes.juntadeandalucia.es\/ceipva\/wp-json\/wp\/v2\/types\/page"}],"author":[{"embeddable":true,"href":"https:\/\/blogsaverroes.juntadeandalucia.es\/ceipva\/wp-json\/wp\/v2\/users\/15476"}],"replies":[{"embeddable":true,"href":"https:\/\/blogsaverroes.juntadeandalucia.es\/ceipva\/wp-json\/wp\/v2\/comments?post=1271"}],"version-history":[{"count":4,"href":"https:\/\/blogsaverroes.juntadeandalucia.es\/ceipva\/wp-json\/wp\/v2\/pages\/1271\/revisions"}],"predecessor-version":[{"id":18365,"href":"https:\/\/blogsaverroes.juntadeandalucia.es\/ceipva\/wp-json\/wp\/v2\/pages\/1271\/revisions\/18365"}],"up":[{"embeddable":true,"href":"https:\/\/blogsaverroes.juntadeandalucia.es\/ceipva\/wp-json\/wp\/v2\/pages\/15064"}],"wp:attachment":[{"href":"https:\/\/blogsaverroes.juntadeandalucia.es\/ceipva\/wp-json\/wp\/v2\/media?parent=1271"}],"curies":[{"name":"wp","href":"https:\/\/api.w.org\/{rel}","templated":true}]}}