{"id":1337,"date":"2011-07-25T14:54:57","date_gmt":"2011-07-25T14:54:57","guid":{"rendered":"http:\/\/ceipva.wordpress.com\/?page_id=1337"},"modified":"2011-07-25T14:54:57","modified_gmt":"2011-07-25T14:54:57","slug":"normativa-e-impresos","status":"publish","type":"page","link":"https:\/\/blogsaverroes.juntadeandalucia.es\/ceipva\/servicios\/normativa-e-impresos\/","title":{"rendered":"Normativa e impresos"},"content":{"rendered":"<p>En esta secci\u00f3n se encuentra la normativa que regula el plan de apertura e impresos de inscripci\u00f3n en cada actividad. Les informamos que existe una inscripci\u00f3n general que hay que rellenar obligatoriamente y despu\u00e9s una espec\u00edfica de cada servicio. Las solicitudes deben estar debidamente rellenas.<\/p>\n<p><a href=\"https:\/\/ceipva.files.wordpress.com\/2011\/07\/decreto-plan-de-apertura-enero-17.pdf\">Decreto Plan de Apertura enero 17<\/a><\/p>\n<p><a href=\"https:\/\/ceipva.files.wordpress.com\/2011\/07\/orden-plan-de-apeetura-abril-17.pdf\">Orden Plan de Apertura abril 17 (Incluye anexos)<\/a><\/p>\n<p><a href=\"http:\/\/ceipva.files.wordpress.com\/2013\/02\/anexo_ii_inscripcion_en_los_servicios_de_am_ce_y_aaex1.pdf\">Anexo_II_Inscripcion_en_los_Servicios_de_AM_CE_y_AAEX[1]<\/a> (Solicitud servicios complementarios)<\/p>\n<p><a href=\"https:\/\/ceipva.files.wordpress.com\/2011\/07\/anexo-v-bonificaciones2.pdf\">Anexo V Bonificaciones<\/a><\/p>\n<p><a href=\"http:\/\/ceipva.files.wordpress.com\/2011\/07\/anexo-baja-servicio-serv-complem.doc\">Anexo baja servicios complementarios<\/a><\/p>\n<p>(*pendiente de recibir los nuevos anexos de la nueva empresa)<\/p>\n<p><a href=\"https:\/\/ceipva.files.wordpress.com\/2011\/07\/autorizacic3b3n-salida-comedor-17-18.doc\">Autorizaci\u00f3n salida comedor 17-18<\/a><\/p>\n","protected":false},"excerpt":{"rendered":"<p>En esta secci\u00f3n se encuentra la normativa que regula el plan de apertura e impresos de inscripci\u00f3n en cada actividad. Les informamos que existe una inscripci\u00f3n general que hay que rellenar obligatoriamente y despu\u00e9s una espec\u00edfica de cada servicio. Las solicitudes deben estar debidamente rellenas. Decreto Plan de Apertura enero 17 Orden Plan de Apertura &hellip; <a href=\"https:\/\/blogsaverroes.juntadeandalucia.es\/ceipva\/servicios\/normativa-e-impresos\/\" class=\"more-link\">Seguir leyendo <span class=\"screen-reader-text\">Normativa e impresos<\/span> <span class=\"meta-nav\">&rarr;<\/span><\/a><\/p>\n","protected":false},"author":15476,"featured_media":0,"parent":15063,"menu_order":4,"comment_status":"open","ping_status":"open","template":"","meta":{"ngg_post_thumbnail":0,"footnotes":""},"aioseo_notices":[],"_links":{"self":[{"href":"https:\/\/blogsaverroes.juntadeandalucia.es\/ceipva\/wp-json\/wp\/v2\/pages\/1337"}],"collection":[{"href":"https:\/\/blogsaverroes.juntadeandalucia.es\/ceipva\/wp-json\/wp\/v2\/pages"}],"about":[{"href":"https:\/\/blogsaverroes.juntadeandalucia.es\/ceipva\/wp-json\/wp\/v2\/types\/page"}],"author":[{"embeddable":true,"href":"https:\/\/blogsaverroes.juntadeandalucia.es\/ceipva\/wp-json\/wp\/v2\/users\/15476"}],"replies":[{"embeddable":true,"href":"https:\/\/blogsaverroes.juntadeandalucia.es\/ceipva\/wp-json\/wp\/v2\/comments?post=1337"}],"version-history":[{"count":0,"href":"https:\/\/blogsaverroes.juntadeandalucia.es\/ceipva\/wp-json\/wp\/v2\/pages\/1337\/revisions"}],"up":[{"embeddable":true,"href":"https:\/\/blogsaverroes.juntadeandalucia.es\/ceipva\/wp-json\/wp\/v2\/pages\/15063"}],"wp:attachment":[{"href":"https:\/\/blogsaverroes.juntadeandalucia.es\/ceipva\/wp-json\/wp\/v2\/media?parent=1337"}],"curies":[{"name":"wp","href":"https:\/\/api.w.org\/{rel}","templated":true}]}}