{"id":1358,"date":"2011-07-25T19:24:35","date_gmt":"2011-07-25T19:24:35","guid":{"rendered":"http:\/\/ceipva.wordpress.com\/?page_id=1358"},"modified":"2025-11-25T11:00:24","modified_gmt":"2025-11-25T10:00:24","slug":"proyecto-bilingue","status":"publish","type":"page","link":"https:\/\/blogsaverroes.juntadeandalucia.es\/ceipva\/proyectos\/planes-del-centro\/proyecto-bilingue\/","title":{"rendered":"Proyecto Biling\u00fce"},"content":{"rendered":"<p><span style=\"font-weight: 400\">En los \u00faltimos a\u00f1os ha ido aumentando de manera vertiginosa el inter\u00e9s y la&nbsp; necesidad por el aprendizaje de la lengua inglesa, siendo \u00e9ste un valor necesario&nbsp; para todos los ciudadanos. La necesidad de que nuestros alumnos adquieran a lo&nbsp; largo de su escolarizaci\u00f3n una mejor competencia ling\u00fc\u00edstica tanto en su lengua&nbsp; materna como en la lengua inglesa es el reto que nos hemos marcado con este&nbsp; proyecto, puesto que la r\u00e1pida globalizaci\u00f3n del mundo ha sobrepasado todas las&nbsp; barreras, y en muchos casos, tan solo existen las ling\u00fc\u00edsticas. El aprendizaje de una&nbsp; lengua extranjera enriquece y ampl\u00eda la visi\u00f3n que la persona tiene acerca del&nbsp; mundo en el que vive y ayuda a desarrollar actitudes de respeto y comprensi\u00f3n&nbsp; hacia diferentes culturas y diferentes \u00e1mbitos ling\u00fc\u00edsticos.&nbsp;<\/span><\/p>\n<p><span style=\"font-weight: 400\">Saber m\u00e1s de un idioma, elimina barreras y obst\u00e1culos tanto culturales como&nbsp; profesionales, y en el \u00e1mbito intelectual, nos aporta una agilidad y flexibilidad&nbsp; cognitiva aplicable para otras actividades mentales m\u00e1s all\u00e1 de la comunicaci\u00f3n.&nbsp;<\/span><\/p>\n<p><span style=\"font-weight: 400\">Por todo ello vemos necesaria y muy beneficiosa la aplicaci\u00f3n del proyecto&nbsp; biling\u00fce en nuestro centro, un proyecto que lleva vigente desde 2009.<\/span><\/p>\n<p>&nbsp;<\/p>\n<p><a href=\"https:\/\/blogsaverroes.juntadeandalucia.es\/ceipva\/files\/2025\/11\/25-26-PROYECTO-BILINGUE.pdf\">25-26 PROYECTO BILING\u00dcE<\/a><\/p>\n<p><a href=\"https:\/\/blogsaverroes.juntadeandalucia.es\/ceipva\/files\/2025\/03\/English_Information-sheet-for-LA-25.26.pdf\">English_Information sheet for LA 25.26<\/a><\/p>\n<p><a href=\"https:\/\/blogsaverroes.juntadeandalucia.es\/ceipva\/files\/2025\/03\/FICHA-INFORMATIVA-PARA-AUXILIARES-DE-CONVERSACION.pdf\">FICHA INFORMATIVA PARA AUXILIARES DE CONVERSACI\u00d3N<\/a><\/p>\n<p><a title=\"PRESENTACI\u00d3N\" href=\"https:\/\/www.canva.com\/design\/DAGpOYbVjHs\/RF-SI2lGaS4m7NeO3udjkA\/edit?utm_content=DAGpOYbVjHs&amp;utm_campaign=designshare&amp;utm_medium=link2&amp;utm_source=sharebutton\">https:\/\/www.canva.com\/design\/DAGpOYbVjHs\/RF-SI2lGaS4m7NeO3udjkA\/edit?utm_content=DAGpOYbVjHs&amp;utm_campaign=designshare&amp;utm_medium=link2&amp;utm_source=sharebutton<\/a><\/p>\n<p>&nbsp;<\/p>\n<p>&nbsp;<\/p>\n","protected":false},"excerpt":{"rendered":"<p>En los \u00faltimos a\u00f1os ha ido aumentando de manera vertiginosa el inter\u00e9s y la&nbsp; necesidad por el aprendizaje de la lengua inglesa, siendo \u00e9ste un valor necesario&nbsp; para todos los ciudadanos. La necesidad de que nuestros alumnos adquieran a lo&nbsp; largo de su escolarizaci\u00f3n una mejor competencia ling\u00fc\u00edstica tanto en su lengua&nbsp; materna como en &hellip; <a href=\"https:\/\/blogsaverroes.juntadeandalucia.es\/ceipva\/proyectos\/planes-del-centro\/proyecto-bilingue\/\" class=\"more-link\">Seguir leyendo <span class=\"screen-reader-text\">Proyecto Biling\u00fce<\/span> <span class=\"meta-nav\">&rarr;<\/span><\/a><\/p>\n","protected":false},"author":15476,"featured_media":0,"parent":1343,"menu_order":3,"comment_status":"open","ping_status":"open","template":"","meta":{"ngg_post_thumbnail":0,"footnotes":""},"aioseo_notices":[],"_links":{"self":[{"href":"https:\/\/blogsaverroes.juntadeandalucia.es\/ceipva\/wp-json\/wp\/v2\/pages\/1358"}],"collection":[{"href":"https:\/\/blogsaverroes.juntadeandalucia.es\/ceipva\/wp-json\/wp\/v2\/pages"}],"about":[{"href":"https:\/\/blogsaverroes.juntadeandalucia.es\/ceipva\/wp-json\/wp\/v2\/types\/page"}],"author":[{"embeddable":true,"href":"https:\/\/blogsaverroes.juntadeandalucia.es\/ceipva\/wp-json\/wp\/v2\/users\/15476"}],"replies":[{"embeddable":true,"href":"https:\/\/blogsaverroes.juntadeandalucia.es\/ceipva\/wp-json\/wp\/v2\/comments?post=1358"}],"version-history":[{"count":5,"href":"https:\/\/blogsaverroes.juntadeandalucia.es\/ceipva\/wp-json\/wp\/v2\/pages\/1358\/revisions"}],"predecessor-version":[{"id":18355,"href":"https:\/\/blogsaverroes.juntadeandalucia.es\/ceipva\/wp-json\/wp\/v2\/pages\/1358\/revisions\/18355"}],"up":[{"embeddable":true,"href":"https:\/\/blogsaverroes.juntadeandalucia.es\/ceipva\/wp-json\/wp\/v2\/pages\/1343"}],"wp:attachment":[{"href":"https:\/\/blogsaverroes.juntadeandalucia.es\/ceipva\/wp-json\/wp\/v2\/media?parent=1358"}],"curies":[{"name":"wp","href":"https:\/\/api.w.org\/{rel}","templated":true}]}}