{"id":15298,"date":"2022-07-11T16:28:34","date_gmt":"2022-07-11T15:28:34","guid":{"rendered":"https:\/\/blogsaverroes.juntadeandalucia.es\/ceipva\/?page_id=15298"},"modified":"2022-08-09T18:55:13","modified_gmt":"2022-08-09T17:55:13","slug":"classroom","status":"publish","type":"page","link":"https:\/\/blogsaverroes.juntadeandalucia.es\/ceipva\/classroom\/","title":{"rendered":"CLASSROOM"},"content":{"rendered":"<p>Estimadas familias:<\/p>\n<p>En nuestro centro utilizamos la plataforma Google Classroom. Se trata de un entorno de apoyo a los procesos de ense\u00f1anza &#8211; aprendizaje sencillo y vers\u00e1til que forma parte del paquete de aplicaciones y servicios de Google para Educaci\u00f3n.<\/p>\n<p>Google Classroom puede usarse en todo momento y desde cualquier lugar utilizando un navegador de Internet.<\/p>\n<p>A trav\u00e9s de \u00e9l nuestros profesores podr\u00e1n crear aulas virtuales en las que nos mandar\u00e1n tareas, recomendaciones y actividades llevadas a cabo en el&nbsp; aula o en el propio centro.<\/p>\n<p>Os dejamos el tutorial elaborado el curso pasado para poder iniciaros en el uso de esta plataforma.<\/p>\n<p><img loading=\"lazy\" decoding=\"async\" class=\"alignnone size-medium wp-image-15315\" src=\"https:\/\/blogsaverroes.juntadeandalucia.es\/ceipva\/files\/2022\/07\/maxresdefault-1-300x169.jpg\" alt=\"\" width=\"300\" height=\"169\" srcset=\"https:\/\/blogsaverroes.juntadeandalucia.es\/ceipva\/files\/2022\/07\/maxresdefault-1-300x169.jpg 300w, https:\/\/blogsaverroes.juntadeandalucia.es\/ceipva\/files\/2022\/07\/maxresdefault-1-1024x576.jpg 1024w, https:\/\/blogsaverroes.juntadeandalucia.es\/ceipva\/files\/2022\/07\/maxresdefault-1-768x432.jpg 768w, https:\/\/blogsaverroes.juntadeandalucia.es\/ceipva\/files\/2022\/07\/maxresdefault-1-24x14.jpg 24w, https:\/\/blogsaverroes.juntadeandalucia.es\/ceipva\/files\/2022\/07\/maxresdefault-1-36x20.jpg 36w, https:\/\/blogsaverroes.juntadeandalucia.es\/ceipva\/files\/2022\/07\/maxresdefault-1-48x27.jpg 48w, https:\/\/blogsaverroes.juntadeandalucia.es\/ceipva\/files\/2022\/07\/maxresdefault-1.jpg 1280w\" sizes=\"(max-width: 300px) 100vw, 300px\" \/><\/p>\n<p><a href=\"https:\/\/blogsaverroes.juntadeandalucia.es\/ceipva\/files\/2022\/07\/Gu\u00eda-Google-Classroom-alumnos-VA.pdf\">Gu\u00eda Google Classroom alumnos VA<\/a><\/p>\n<p>A su vez, os dejamos un v\u00eddeo explicativo de c\u00f3mo acceder a las clases y configurar Google Classroom<\/p>\n<p><iframe loading=\"lazy\" src=\"\/\/www.youtube.com\/embed\/MycvBy8LSN4\" width=\"560\" height=\"315\" frameborder=\"0\"><\/iframe><\/p>\n<p>&nbsp;<\/p>\n<p>&nbsp;<\/p>\n","protected":false},"excerpt":{"rendered":"<p>Estimadas familias: En nuestro centro utilizamos la plataforma Google Classroom. Se trata de un entorno de apoyo a los procesos de ense\u00f1anza &#8211; aprendizaje sencillo y vers\u00e1til que forma parte del paquete de aplicaciones y servicios de Google para Educaci\u00f3n. Google Classroom puede usarse en todo momento y desde cualquier lugar utilizando un navegador de &hellip; <a href=\"https:\/\/blogsaverroes.juntadeandalucia.es\/ceipva\/classroom\/\" class=\"more-link\">Seguir leyendo <span class=\"screen-reader-text\">CLASSROOM<\/span> <span class=\"meta-nav\">&rarr;<\/span><\/a><\/p>\n","protected":false},"author":8097,"featured_media":0,"parent":0,"menu_order":0,"comment_status":"closed","ping_status":"closed","template":"","meta":{"ngg_post_thumbnail":0,"footnotes":""},"aioseo_notices":[],"_links":{"self":[{"href":"https:\/\/blogsaverroes.juntadeandalucia.es\/ceipva\/wp-json\/wp\/v2\/pages\/15298"}],"collection":[{"href":"https:\/\/blogsaverroes.juntadeandalucia.es\/ceipva\/wp-json\/wp\/v2\/pages"}],"about":[{"href":"https:\/\/blogsaverroes.juntadeandalucia.es\/ceipva\/wp-json\/wp\/v2\/types\/page"}],"author":[{"embeddable":true,"href":"https:\/\/blogsaverroes.juntadeandalucia.es\/ceipva\/wp-json\/wp\/v2\/users\/8097"}],"replies":[{"embeddable":true,"href":"https:\/\/blogsaverroes.juntadeandalucia.es\/ceipva\/wp-json\/wp\/v2\/comments?post=15298"}],"version-history":[{"count":4,"href":"https:\/\/blogsaverroes.juntadeandalucia.es\/ceipva\/wp-json\/wp\/v2\/pages\/15298\/revisions"}],"predecessor-version":[{"id":15365,"href":"https:\/\/blogsaverroes.juntadeandalucia.es\/ceipva\/wp-json\/wp\/v2\/pages\/15298\/revisions\/15365"}],"wp:attachment":[{"href":"https:\/\/blogsaverroes.juntadeandalucia.es\/ceipva\/wp-json\/wp\/v2\/media?parent=15298"}],"curies":[{"name":"wp","href":"https:\/\/api.w.org\/{rel}","templated":true}]}}