{"id":15301,"date":"2022-07-11T16:30:37","date_gmt":"2022-07-11T15:30:37","guid":{"rendered":"https:\/\/blogsaverroes.juntadeandalucia.es\/ceipva\/?page_id=15301"},"modified":"2022-08-14T11:41:45","modified_gmt":"2022-08-14T10:41:45","slug":"escuela-de-familias","status":"publish","type":"page","link":"https:\/\/blogsaverroes.juntadeandalucia.es\/ceipva\/escuela-de-familias\/","title":{"rendered":"CONTROL PARENTAL"},"content":{"rendered":"<p><span style=\"text-decoration: underline;font-size: 24px\">&nbsp;Family Link<\/span><\/p>\n<p>Family Link es una aplicaci\u00f3n de control parental creada por Google, y sirve para que los padres puedan controlar de forma remota el dispositivo de sus hijos, tanto su m\u00f3vil Android como su Chromebook. Los padres pueden utilizarlo en dispositivos con una versi\u00f3n de Android 4.4 KitKat o posterior, as\u00ed como en m\u00f3viles con iOS 9 en adelante. En cuanto al dispositivo de los hijos, este tiene que tener un sistema operativo Android 7.0 Nougat o posterior.<\/p>\n<p>Este sistema de control parental funciona a trav\u00e9s de la cuenta de Google. Como padre, vincular\u00e1s la cuenta de Google o Gmail que tu hijo tiene configurada en su m\u00f3vil, y los datos o bloqueos que realices tendr\u00e1n lugar en los dispositivos donde se utilice esa cuenta. Esto quiere decir que si luego tu hijo utiliza otra cuenta o decides cambi\u00e1rsela, tendr\u00e1s que configurarlo todo de nuevo.<\/p>\n<p>Con esta aplicaci\u00f3n puedes monitorizar el tiempo que pasa tu hijo mirando el m\u00f3vil, y tambi\u00e9n sobre cu\u00e1nto de ese tiempo lo pasan con una aplicaci\u00f3n. Con ello podr\u00e1s saber el tipo de uso que le est\u00e1 dando a tu dispositivo, y podr\u00e1s establecer l\u00edmites de tiempo para que est\u00e9n con el m\u00f3vil encendido o incluso bloquear determinadas aplicaciones.<\/p>\n<p>Tambi\u00e9n te permite saber d\u00f3nde est\u00e1 en todo momento el dispositivo de los peque\u00f1os, establecer l\u00edmites en la visibilidad del contenido que se van a encontrar en la Google Play Store o configurar el SafeSearch de Google para bloquear b\u00fasquedas adultas. Tambi\u00e9n puedes revisar los permisos que se les puede dar a las aplicaciones que se instalan, como la localizaci\u00f3n, los contactos, el acceso al micr\u00f3fono o a la c\u00e1mara.<\/p>\n<p>Otras de las funciones de la aplicaci\u00f3n son el reseteo de la contrase\u00f1a de la cuenta de Google de los hijos, activar y desactivar la b\u00fasqueda segura de YouTube Kids, o ver todos los dispositivos donde est\u00e1n utilizando su cuenta de Google.<\/p>\n<p>Para configurar la aplicaci\u00f3n os dejamos los siquientes enlaces:<\/p>\n<p><a href=\"https:\/\/www.internetmatters.org\/es\/parental-controls\/smartphones-and-other-devices\/google-family-link\/\">https:\/\/www.internetmatters.org\/es\/parental-controls\/smartphones-and-other-devices\/google-family-link\/<\/a><\/p>\n<p><iframe loading=\"lazy\" src=\"\/\/www.youtube.com\/embed\/0Ip4nwKMlwg\" width=\"560\" height=\"315\" frameborder=\"0\"><\/iframe>A su vez os dejamos una gu\u00eda de control parental de uso de dispositivos m\u00f3viles y en casa:<\/p>\n<p><a href=\"https:\/\/blogsaverroes.juntadeandalucia.es\/ceipva\/files\/2022\/08\/2019-Guia-de-control-parental.pdf\">Guia-de-control-parental<\/a><\/p>\n","protected":false},"excerpt":{"rendered":"<p>&nbsp;Family Link Family Link es una aplicaci\u00f3n de control parental creada por Google, y sirve para que los padres puedan controlar de forma remota el dispositivo de sus hijos, tanto su m\u00f3vil Android como su Chromebook. Los padres pueden utilizarlo en dispositivos con una versi\u00f3n de Android 4.4 KitKat o posterior, as\u00ed como en m\u00f3viles &hellip; <a href=\"https:\/\/blogsaverroes.juntadeandalucia.es\/ceipva\/escuela-de-familias\/\" class=\"more-link\">Seguir leyendo <span class=\"screen-reader-text\">CONTROL PARENTAL<\/span> <span class=\"meta-nav\">&rarr;<\/span><\/a><\/p>\n","protected":false},"author":8097,"featured_media":0,"parent":0,"menu_order":0,"comment_status":"closed","ping_status":"closed","template":"","meta":{"ngg_post_thumbnail":0,"footnotes":""},"aioseo_notices":[],"_links":{"self":[{"href":"https:\/\/blogsaverroes.juntadeandalucia.es\/ceipva\/wp-json\/wp\/v2\/pages\/15301"}],"collection":[{"href":"https:\/\/blogsaverroes.juntadeandalucia.es\/ceipva\/wp-json\/wp\/v2\/pages"}],"about":[{"href":"https:\/\/blogsaverroes.juntadeandalucia.es\/ceipva\/wp-json\/wp\/v2\/types\/page"}],"author":[{"embeddable":true,"href":"https:\/\/blogsaverroes.juntadeandalucia.es\/ceipva\/wp-json\/wp\/v2\/users\/8097"}],"replies":[{"embeddable":true,"href":"https:\/\/blogsaverroes.juntadeandalucia.es\/ceipva\/wp-json\/wp\/v2\/comments?post=15301"}],"version-history":[{"count":4,"href":"https:\/\/blogsaverroes.juntadeandalucia.es\/ceipva\/wp-json\/wp\/v2\/pages\/15301\/revisions"}],"predecessor-version":[{"id":15381,"href":"https:\/\/blogsaverroes.juntadeandalucia.es\/ceipva\/wp-json\/wp\/v2\/pages\/15301\/revisions\/15381"}],"wp:attachment":[{"href":"https:\/\/blogsaverroes.juntadeandalucia.es\/ceipva\/wp-json\/wp\/v2\/media?parent=15301"}],"curies":[{"name":"wp","href":"https:\/\/api.w.org\/{rel}","templated":true}]}}