{"id":15307,"date":"2022-07-11T16:31:33","date_gmt":"2022-07-11T15:31:33","guid":{"rendered":"https:\/\/blogsaverroes.juntadeandalucia.es\/ceipva\/?page_id=15307"},"modified":"2022-07-12T15:42:23","modified_gmt":"2022-07-12T14:42:23","slug":"proyecto-steam","status":"publish","type":"page","link":"https:\/\/blogsaverroes.juntadeandalucia.es\/ceipva\/proyecto-steam\/","title":{"rendered":"PROYECTO STEAM"},"content":{"rendered":"<p>Desde Educaci\u00f3n Infantil y a trav\u00e9s del Proyecto Robotic VA, llevamos varios cursos trabajando la Rob\u00f3tica en el Aula.&nbsp;<\/p>\n<p><img loading=\"lazy\" decoding=\"async\" class=\"\" src=\"https:\/\/m.media-amazon.com\/images\/S\/aplus-media\/sota\/a55170d5-44e3-4760-944b-02d6cf9bfedc._CR0,0,300,300_PT0_SX300__.jpg\" alt=\"Amazon.es: Learning Resources- Raton Robot Programable, Multicolor, \u00fanica  (LER2841)\" width=\"142\" height=\"142\"><img loading=\"lazy\" decoding=\"async\" class=\"\" src=\"https:\/\/media.latiendadelafamilia.com\/product\/bee-bot-recargable-800x800_J4IlE5P.jpg\" alt=\"Bee bot robot TTS \u2014 La Tienda De La Familia\" width=\"107\" height=\"100\"><img loading=\"lazy\" decoding=\"async\" class=\"\" src=\"https:\/\/d4slx1inm0wx8.cloudfront.net\/30806-home_default\/botley-20-robot-programable-con-kit-de-actividades.jpg\" alt=\"BOTLEY 2.0 - Robot Programable con Kit de Actividades\" width=\"167\" height=\"112\"><\/p>\n<p>Los primeros pasos los llevamos a cabo a trav\u00e9s de Robots siguel\u00edneas y Robots Programables.<\/p>\n<p><img loading=\"lazy\" decoding=\"async\" class=\"alignnone  wp-image-15326\" src=\"https:\/\/blogsaverroes.juntadeandalucia.es\/ceipva\/files\/2022\/07\/1649750646951-300x226.jpg\" alt=\"\" width=\"402\" height=\"303\" srcset=\"https:\/\/blogsaverroes.juntadeandalucia.es\/ceipva\/files\/2022\/07\/1649750646951-300x226.jpg 300w, https:\/\/blogsaverroes.juntadeandalucia.es\/ceipva\/files\/2022\/07\/1649750646951-1024x771.jpg 1024w, https:\/\/blogsaverroes.juntadeandalucia.es\/ceipva\/files\/2022\/07\/1649750646951-768x578.jpg 768w, https:\/\/blogsaverroes.juntadeandalucia.es\/ceipva\/files\/2022\/07\/1649750646951-1536x1157.jpg 1536w, https:\/\/blogsaverroes.juntadeandalucia.es\/ceipva\/files\/2022\/07\/1649750646951-24x18.jpg 24w, https:\/\/blogsaverroes.juntadeandalucia.es\/ceipva\/files\/2022\/07\/1649750646951-36x27.jpg 36w, https:\/\/blogsaverroes.juntadeandalucia.es\/ceipva\/files\/2022\/07\/1649750646951-48x36.jpg 48w, https:\/\/blogsaverroes.juntadeandalucia.es\/ceipva\/files\/2022\/07\/1649750646951.jpg 2040w\" sizes=\"(max-width: 402px) 100vw, 402px\" \/><\/p>\n<p>Por otro lado vivimos experiencias con las placas de Makey Makey, realizando varias experiencias muy divertidas y creativas.<\/p>\n<p><img loading=\"lazy\" decoding=\"async\" class=\"alignnone  wp-image-15327\" src=\"https:\/\/blogsaverroes.juntadeandalucia.es\/ceipva\/files\/2022\/07\/1645863546089-300x226.jpg\" alt=\"\" width=\"433\" height=\"326\" srcset=\"https:\/\/blogsaverroes.juntadeandalucia.es\/ceipva\/files\/2022\/07\/1645863546089-300x226.jpg 300w, https:\/\/blogsaverroes.juntadeandalucia.es\/ceipva\/files\/2022\/07\/1645863546089-1024x771.jpg 1024w, https:\/\/blogsaverroes.juntadeandalucia.es\/ceipva\/files\/2022\/07\/1645863546089-768x578.jpg 768w, https:\/\/blogsaverroes.juntadeandalucia.es\/ceipva\/files\/2022\/07\/1645863546089-1536x1157.jpg 1536w, https:\/\/blogsaverroes.juntadeandalucia.es\/ceipva\/files\/2022\/07\/1645863546089-2048x1542.jpg 2048w, https:\/\/blogsaverroes.juntadeandalucia.es\/ceipva\/files\/2022\/07\/1645863546089-24x18.jpg 24w, https:\/\/blogsaverroes.juntadeandalucia.es\/ceipva\/files\/2022\/07\/1645863546089-36x27.jpg 36w, https:\/\/blogsaverroes.juntadeandalucia.es\/ceipva\/files\/2022\/07\/1645863546089-48x36.jpg 48w\" sizes=\"(max-width: 433px) 100vw, 433px\" \/><\/p>\n<p>Por \u00faltimo nos introducimos en el lenguaje de Programaci\u00f3n a trav\u00e9s de la App de Sratch Junior.<\/p>\n<p><img loading=\"lazy\" decoding=\"async\" class=\"alignnone  wp-image-15328\" src=\"https:\/\/blogsaverroes.juntadeandalucia.es\/ceipva\/files\/2022\/07\/IMG_20201119_133246-copia-300x225.jpg\" alt=\"\" width=\"468\" height=\"351\" srcset=\"https:\/\/blogsaverroes.juntadeandalucia.es\/ceipva\/files\/2022\/07\/IMG_20201119_133246-copia-300x225.jpg 300w, https:\/\/blogsaverroes.juntadeandalucia.es\/ceipva\/files\/2022\/07\/IMG_20201119_133246-copia-1024x768.jpg 1024w, https:\/\/blogsaverroes.juntadeandalucia.es\/ceipva\/files\/2022\/07\/IMG_20201119_133246-copia-768x576.jpg 768w, https:\/\/blogsaverroes.juntadeandalucia.es\/ceipva\/files\/2022\/07\/IMG_20201119_133246-copia-1536x1152.jpg 1536w, https:\/\/blogsaverroes.juntadeandalucia.es\/ceipva\/files\/2022\/07\/IMG_20201119_133246-copia-2048x1536.jpg 2048w, https:\/\/blogsaverroes.juntadeandalucia.es\/ceipva\/files\/2022\/07\/IMG_20201119_133246-copia-24x18.jpg 24w, https:\/\/blogsaverroes.juntadeandalucia.es\/ceipva\/files\/2022\/07\/IMG_20201119_133246-copia-36x27.jpg 36w, https:\/\/blogsaverroes.juntadeandalucia.es\/ceipva\/files\/2022\/07\/IMG_20201119_133246-copia-48x36.jpg 48w\" sizes=\"(max-width: 468px) 100vw, 468px\" \/><\/p>\n<p>En primaria realizamos distintas experiencias a lo largo del curso escolar.:<\/p>\n<p>En primer ciclo de primaria aumentamos los contenidos trabajando a trav\u00e9s&nbsp; de Robots programables, placas Makey Makey y Scratch Junior.<\/p>\n<p><img loading=\"lazy\" decoding=\"async\" class=\"alignnone  wp-image-15329\" src=\"https:\/\/blogsaverroes.juntadeandalucia.es\/ceipva\/files\/2022\/07\/IMG_20201119_125124-copia-300x225.jpg\" alt=\"\" width=\"460\" height=\"345\" srcset=\"https:\/\/blogsaverroes.juntadeandalucia.es\/ceipva\/files\/2022\/07\/IMG_20201119_125124-copia-300x225.jpg 300w, https:\/\/blogsaverroes.juntadeandalucia.es\/ceipva\/files\/2022\/07\/IMG_20201119_125124-copia-1024x768.jpg 1024w, https:\/\/blogsaverroes.juntadeandalucia.es\/ceipva\/files\/2022\/07\/IMG_20201119_125124-copia-768x576.jpg 768w, https:\/\/blogsaverroes.juntadeandalucia.es\/ceipva\/files\/2022\/07\/IMG_20201119_125124-copia-1536x1152.jpg 1536w, https:\/\/blogsaverroes.juntadeandalucia.es\/ceipva\/files\/2022\/07\/IMG_20201119_125124-copia-2048x1536.jpg 2048w, https:\/\/blogsaverroes.juntadeandalucia.es\/ceipva\/files\/2022\/07\/IMG_20201119_125124-copia-24x18.jpg 24w, https:\/\/blogsaverroes.juntadeandalucia.es\/ceipva\/files\/2022\/07\/IMG_20201119_125124-copia-36x27.jpg 36w, https:\/\/blogsaverroes.juntadeandalucia.es\/ceipva\/files\/2022\/07\/IMG_20201119_125124-copia-48x36.jpg 48w\" sizes=\"(max-width: 460px) 100vw, 460px\" \/><\/p>\n<p>A partir de segundo ciclo de primaria y hasta 6\u00ba nos introducimos en el lenguaje de programaci\u00f3n y trabajamos a trav\u00e9s de la Hora del C\u00f3digo y Sratch.<\/p>\n<p><img loading=\"lazy\" decoding=\"async\" class=\"\" src=\"https:\/\/ceipva.files.wordpress.com\/2022\/06\/20220616_111416.jpg?w=386&amp;h=289\" alt=\"20220616_111416\" width=\"441\" height=\"330\"><img loading=\"lazy\" decoding=\"async\" class=\"\" src=\"https:\/\/ceipva.files.wordpress.com\/2022\/03\/1648189666610.jpg\" width=\"441\" height=\"332\"><img loading=\"lazy\" decoding=\"async\" class=\"\" src=\"https:\/\/ceipva.files.wordpress.com\/2022\/06\/20220616_115259.jpg?w=288&amp;h=216\" alt=\"20220616_115259\" width=\"440\" height=\"330\"><\/p>\n","protected":false},"excerpt":{"rendered":"<p>Desde Educaci\u00f3n Infantil y a trav\u00e9s del Proyecto Robotic VA, llevamos varios cursos trabajando la Rob\u00f3tica en el Aula.&nbsp; Los primeros pasos los llevamos a cabo a trav\u00e9s de Robots siguel\u00edneas y Robots Programables. Por otro lado vivimos experiencias con las placas de Makey Makey, realizando varias experiencias muy divertidas y creativas. Por \u00faltimo nos &hellip; <a href=\"https:\/\/blogsaverroes.juntadeandalucia.es\/ceipva\/proyecto-steam\/\" class=\"more-link\">Seguir leyendo <span class=\"screen-reader-text\">PROYECTO STEAM<\/span> <span class=\"meta-nav\">&rarr;<\/span><\/a><\/p>\n","protected":false},"author":8097,"featured_media":0,"parent":0,"menu_order":0,"comment_status":"closed","ping_status":"closed","template":"","meta":{"ngg_post_thumbnail":0,"footnotes":""},"aioseo_notices":[],"_links":{"self":[{"href":"https:\/\/blogsaverroes.juntadeandalucia.es\/ceipva\/wp-json\/wp\/v2\/pages\/15307"}],"collection":[{"href":"https:\/\/blogsaverroes.juntadeandalucia.es\/ceipva\/wp-json\/wp\/v2\/pages"}],"about":[{"href":"https:\/\/blogsaverroes.juntadeandalucia.es\/ceipva\/wp-json\/wp\/v2\/types\/page"}],"author":[{"embeddable":true,"href":"https:\/\/blogsaverroes.juntadeandalucia.es\/ceipva\/wp-json\/wp\/v2\/users\/8097"}],"replies":[{"embeddable":true,"href":"https:\/\/blogsaverroes.juntadeandalucia.es\/ceipva\/wp-json\/wp\/v2\/comments?post=15307"}],"version-history":[{"count":3,"href":"https:\/\/blogsaverroes.juntadeandalucia.es\/ceipva\/wp-json\/wp\/v2\/pages\/15307\/revisions"}],"predecessor-version":[{"id":15330,"href":"https:\/\/blogsaverroes.juntadeandalucia.es\/ceipva\/wp-json\/wp\/v2\/pages\/15307\/revisions\/15330"}],"wp:attachment":[{"href":"https:\/\/blogsaverroes.juntadeandalucia.es\/ceipva\/wp-json\/wp\/v2\/media?parent=15307"}],"curies":[{"name":"wp","href":"https:\/\/api.w.org\/{rel}","templated":true}]}}