{"id":15318,"date":"2022-07-12T15:02:12","date_gmt":"2022-07-12T14:02:12","guid":{"rendered":"https:\/\/blogsaverroes.juntadeandalucia.es\/ceipva\/?page_id=15318"},"modified":"2022-07-12T15:02:12","modified_gmt":"2022-07-12T14:02:12","slug":"huerto-escolar","status":"publish","type":"page","link":"https:\/\/blogsaverroes.juntadeandalucia.es\/ceipva\/huerto-escolar\/","title":{"rendered":"HUERTO ESCOLAR"},"content":{"rendered":"<p>Gracias al Programa Impulsa inclusi\u00f3n y al Programa Creciendo en Salud, nuestros peques y el Aula Verde han creado este huerto tan original.&nbsp;<\/p>\n<p>AULA VERDE<\/p>\n<p><img decoding=\"async\" src=\"https:\/\/ceipva.files.wordpress.com\/2022\/04\/img-20220422-wa0003.jpg?w=437&amp;h=246\" alt=\"IMG-20220422-WA0003\"><img decoding=\"async\" src=\"https:\/\/ceipva.files.wordpress.com\/2022\/04\/img-20220422-wa0004.jpg?w=139&amp;h=246\" alt=\"IMG-20220422-WA0004\"><img decoding=\"async\" src=\"https:\/\/ceipva.files.wordpress.com\/2022\/04\/img-20220422-wa0005.jpg?w=216&amp;h=121\" alt=\"IMG-20220422-WA0005\"><img decoding=\"async\" src=\"https:\/\/ceipva.files.wordpress.com\/2022\/04\/img-20220422-wa0008.jpg?w=216&amp;h=121\" alt=\"IMG-20220422-WA0008\"><\/p>\n<p>INFANTIL 3 A\u00d1OS<\/p>\n<p><img loading=\"lazy\" decoding=\"async\" class=\"\" src=\"https:\/\/ceipva.files.wordpress.com\/2022\/04\/1650540628112.jpg?w=386&amp;h=290\" alt=\"1650540628112\" width=\"290\" height=\"218\"><img loading=\"lazy\" decoding=\"async\" class=\"\" src=\"https:\/\/ceipva.files.wordpress.com\/2022\/04\/1650540628180.jpg?w=191&amp;h=144\" alt=\"1650540628180\" width=\"199\" height=\"149\"><img loading=\"lazy\" decoding=\"async\" class=\"\" src=\"https:\/\/ceipva.files.wordpress.com\/2022\/04\/1650540628266.jpg?w=288&amp;h=217\" alt=\"1650540628266\" width=\"197\" height=\"148\"><img decoding=\"async\" src=\"https:\/\/ceipva.files.wordpress.com\/2022\/04\/1650540628302.jpg?w=580&amp;h=437\" alt=\"1650540628302\"><\/p>\n<p>INFANTIL 4 A\u00d1OS<\/p>\n<p><img loading=\"lazy\" decoding=\"async\" class=\"\" src=\"https:\/\/ceipva.files.wordpress.com\/2022\/04\/20220418_103358.jpg?w=289&amp;h=625\" alt=\"20220418_103358\" width=\"224\" height=\"484\"><img loading=\"lazy\" decoding=\"async\" class=\"\" src=\"https:\/\/ceipva.files.wordpress.com\/2022\/04\/20220418_103804.jpg?w=287&amp;h=625\" alt=\"20220418_103804\" width=\"223\" height=\"485\"><\/p>\n<p><img loading=\"lazy\" decoding=\"async\" class=\"alignleft\" src=\"https:\/\/ceipva.files.wordpress.com\/2022\/04\/20220419_093519.jpg?w=234&amp;h=108\" alt=\"20220419_093519\" width=\"426\" height=\"195\"><\/p>\n<p><img decoding=\"async\" src=\"https:\/\/ceipva.files.wordpress.com\/2022\/04\/20220418_104130.jpg?w=580&amp;h=267\" alt=\"20220418_104130\"><\/p>\n<p>INFANTIL 5 A\u00d1OS<\/p>\n<p><img loading=\"lazy\" decoding=\"async\" class=\"\" src=\"https:\/\/ceipva.files.wordpress.com\/2022\/04\/img_20220420_094251.jpg?w=386&amp;h=290\" alt=\"IMG_20220420_094251\" width=\"380\" height=\"285\"><img decoding=\"async\" src=\"https:\/\/ceipva.files.wordpress.com\/2022\/04\/img_20220420_094624.jpg?w=190&amp;h=143\" alt=\"IMG_20220420_094624\"><img decoding=\"async\" src=\"https:\/\/ceipva.files.wordpress.com\/2022\/04\/img_20220420_095016.jpg?w=191&amp;h=143\" alt=\"IMG_20220420_095016\"><img decoding=\"async\" src=\"https:\/\/ceipva.files.wordpress.com\/2022\/04\/img_20220420_095456.jpg?w=190&amp;h=143\" alt=\"IMG_20220420_095456\"><img loading=\"lazy\" decoding=\"async\" class=\"\" src=\"https:\/\/ceipva.files.wordpress.com\/2022\/04\/img_20220420_095622.jpg?w=142&amp;h=107\" alt=\"IMG_20220420_095622\" width=\"192\" height=\"143\"><\/p>\n","protected":false},"excerpt":{"rendered":"<p>Gracias al Programa Impulsa inclusi\u00f3n y al Programa Creciendo en Salud, nuestros peques y el Aula Verde han creado este huerto tan original.&nbsp; AULA VERDE INFANTIL 3 A\u00d1OS INFANTIL 4 A\u00d1OS INFANTIL 5 A\u00d1OS<\/p>\n","protected":false},"author":8097,"featured_media":0,"parent":0,"menu_order":0,"comment_status":"closed","ping_status":"closed","template":"","meta":{"ngg_post_thumbnail":0,"footnotes":""},"aioseo_notices":[],"_links":{"self":[{"href":"https:\/\/blogsaverroes.juntadeandalucia.es\/ceipva\/wp-json\/wp\/v2\/pages\/15318"}],"collection":[{"href":"https:\/\/blogsaverroes.juntadeandalucia.es\/ceipva\/wp-json\/wp\/v2\/pages"}],"about":[{"href":"https:\/\/blogsaverroes.juntadeandalucia.es\/ceipva\/wp-json\/wp\/v2\/types\/page"}],"author":[{"embeddable":true,"href":"https:\/\/blogsaverroes.juntadeandalucia.es\/ceipva\/wp-json\/wp\/v2\/users\/8097"}],"replies":[{"embeddable":true,"href":"https:\/\/blogsaverroes.juntadeandalucia.es\/ceipva\/wp-json\/wp\/v2\/comments?post=15318"}],"version-history":[{"count":1,"href":"https:\/\/blogsaverroes.juntadeandalucia.es\/ceipva\/wp-json\/wp\/v2\/pages\/15318\/revisions"}],"predecessor-version":[{"id":15320,"href":"https:\/\/blogsaverroes.juntadeandalucia.es\/ceipva\/wp-json\/wp\/v2\/pages\/15318\/revisions\/15320"}],"wp:attachment":[{"href":"https:\/\/blogsaverroes.juntadeandalucia.es\/ceipva\/wp-json\/wp\/v2\/media?parent=15318"}],"curies":[{"name":"wp","href":"https:\/\/api.w.org\/{rel}","templated":true}]}}