{"id":15338,"date":"2022-07-12T16:30:23","date_gmt":"2022-07-12T15:30:23","guid":{"rendered":"https:\/\/blogsaverroes.juntadeandalucia.es\/ceipva\/?page_id=15338"},"modified":"2023-06-27T18:52:33","modified_gmt":"2023-06-27T17:52:33","slug":"recursos-abn","status":"publish","type":"page","link":"https:\/\/blogsaverroes.juntadeandalucia.es\/ceipva\/recursos-abn\/","title":{"rendered":"PROYECTO LUNA"},"content":{"rendered":"<p>Estimadas familias,<\/p>\n<p>&nbsp;<br \/>\nNuestro colegio est\u00e1 inscrito en el Proyecto Luna. Esta actividad consiste en participar en un concierto que tendr\u00e1 lugar en el Teatro Maestranza y en el que nuestro alumnado de 3\u00ba a 6\u00ba de primaria participar\u00e1 como parte del coro. Para ello estamos trabajando desde el \u00e1rea de m\u00fasica. La obra que estamos trabajando se basa en la novela de Michael Ende, Momo.<\/p>\n<p>Para m\u00e1s informaci\u00f3n pueden consultar en el siguiente enlace:<\/p>\n<p><a href=\"http:\/\/proyectoluna.es\/\" target=\"_blank\" rel=\"noopener noreferrer\" data-saferedirecturl=\"https:\/\/www.google.com\/url?q=http:\/\/proyectoluna.es\/&amp;source=gmail&amp;ust=1679040690391000&amp;usg=AOvVaw1vu1TsnSC4k-WkdQilOaPj\">http:\/\/proyectoluna.es\/<\/a><\/p>\n<p>Este curso hemos disfrutado de una gran experiencia en el teatro de la Maestranza. Os dejamos algunas fotos del concierto.<\/p>\n<p><img decoding=\"async\" src=\"https:\/\/blogsaverroes.juntadeandalucia.es\/ceipva\/files\/2023\/05\/1683535207412-300x135.jpg\"><\/p>\n<p><img decoding=\"async\" src=\"https:\/\/blogsaverroes.juntadeandalucia.es\/ceipva\/files\/2023\/05\/1683535207384-300x135.jpg\"><img decoding=\"async\" src=\"https:\/\/blogsaverroes.juntadeandalucia.es\/ceipva\/files\/2023\/05\/1683523772738-300x226.jpg\"><\/p>\n<p><img decoding=\"async\" src=\"https:\/\/blogsaverroes.juntadeandalucia.es\/ceipva\/files\/2023\/05\/1683535207300-300x169.jpg\"><img decoding=\"async\" src=\"https:\/\/blogsaverroes.juntadeandalucia.es\/ceipva\/files\/2023\/05\/1683535206852-300x169.jpg\"><\/p>\n<p><iframe loading=\"lazy\" title=\"Resumen Momo 2\u00aa funci\u00f3n\" width=\"474\" height=\"267\" src=\"https:\/\/www.youtube.com\/embed\/ZOEk0dZeCnU?feature=oembed\" frameborder=\"0\" allow=\"accelerometer; autoplay; clipboard-write; encrypted-media; gyroscope; picture-in-picture; web-share\" allowfullscreen><\/iframe><\/p>\n<p>&nbsp;<\/p>\n","protected":false},"excerpt":{"rendered":"<p>Estimadas familias, &nbsp; Nuestro colegio est\u00e1 inscrito en el Proyecto Luna. Esta actividad consiste en participar en un concierto que tendr\u00e1 lugar en el Teatro Maestranza y en el que nuestro alumnado de 3\u00ba a 6\u00ba de primaria participar\u00e1 como parte del coro. Para ello estamos trabajando desde el \u00e1rea de m\u00fasica. La obra que &hellip; <a href=\"https:\/\/blogsaverroes.juntadeandalucia.es\/ceipva\/recursos-abn\/\" class=\"more-link\">Seguir leyendo <span class=\"screen-reader-text\">PROYECTO LUNA<\/span> <span class=\"meta-nav\">&rarr;<\/span><\/a><\/p>\n","protected":false},"author":8097,"featured_media":0,"parent":0,"menu_order":0,"comment_status":"closed","ping_status":"closed","template":"","meta":{"ngg_post_thumbnail":0,"footnotes":""},"aioseo_notices":[],"_links":{"self":[{"href":"https:\/\/blogsaverroes.juntadeandalucia.es\/ceipva\/wp-json\/wp\/v2\/pages\/15338"}],"collection":[{"href":"https:\/\/blogsaverroes.juntadeandalucia.es\/ceipva\/wp-json\/wp\/v2\/pages"}],"about":[{"href":"https:\/\/blogsaverroes.juntadeandalucia.es\/ceipva\/wp-json\/wp\/v2\/types\/page"}],"author":[{"embeddable":true,"href":"https:\/\/blogsaverroes.juntadeandalucia.es\/ceipva\/wp-json\/wp\/v2\/users\/8097"}],"replies":[{"embeddable":true,"href":"https:\/\/blogsaverroes.juntadeandalucia.es\/ceipva\/wp-json\/wp\/v2\/comments?post=15338"}],"version-history":[{"count":7,"href":"https:\/\/blogsaverroes.juntadeandalucia.es\/ceipva\/wp-json\/wp\/v2\/pages\/15338\/revisions"}],"predecessor-version":[{"id":16662,"href":"https:\/\/blogsaverroes.juntadeandalucia.es\/ceipva\/wp-json\/wp\/v2\/pages\/15338\/revisions\/16662"}],"wp:attachment":[{"href":"https:\/\/blogsaverroes.juntadeandalucia.es\/ceipva\/wp-json\/wp\/v2\/media?parent=15338"}],"curies":[{"name":"wp","href":"https:\/\/api.w.org\/{rel}","templated":true}]}}