{"id":15370,"date":"2022-08-14T10:54:56","date_gmt":"2022-08-14T09:54:56","guid":{"rendered":"https:\/\/blogsaverroes.juntadeandalucia.es\/ceipva\/?page_id=15370"},"modified":"2022-08-14T10:59:06","modified_gmt":"2022-08-14T09:59:06","slug":"conred","status":"publish","type":"page","link":"https:\/\/blogsaverroes.juntadeandalucia.es\/ceipva\/proyectos\/planes-del-centro\/conred\/","title":{"rendered":"CONRED"},"content":{"rendered":"<p><span style=\"text-decoration: underline\">Programa de prevenci\u00f3n del acoso escolar y ciberacoso en centros docentes p\u00fablicos de Andaluc\u00eda. CONRED<\/span><\/p>\n<p>La Consejer\u00eda de Educaci\u00f3n y Deporte, a trav\u00e9s de la Direcci\u00f3n General de Atenci\u00f3n a la Diversidad, Participaci\u00f3n y Convivencia Escolar ha desarrollado un material did\u00e1ctico espec\u00edfico para implantar en los centros un programa para la prevenci\u00f3n del acoso y ciberacoso escolar.<\/p>\n<p>El contenido del programa, dirigido por el profesor Jos\u00e9 Antonio Casas Bola\u00f1os, ha sido desarrollado por el Laboratorio de Estudios sobre Convivencia y Prevenci\u00f3n de la Violencia (LAECOVI https:\/\/www.laecovi.com\/ ), con sede en la Universidad de C\u00f3rdoba, junto con las profesoras Rosario Del Rey Alamillo y M\u00f3nica Ojeda P\u00e9rez del grupo IASED de la Universidad de Sevilla y Paz Elipe Mu\u00f1oz de la Universidad de Ja\u00e9n.<\/p>\n<p>El programa cuenta con seis unidades did\u00e1cticas que guiar\u00e1n al alumnado participante para que identifique situaciones de riesgo de acoso escolar y ciberacoso, comprenda la din\u00e1mica del acoso escolar y el ciberacoso, analice el proceso de relaciones interpersonales que constituye un riesgo para el acoso escolar y el ciberacoso, identifique estrategias de afrontamiento eficaces para responder ante estas situaciones, comprenda qu\u00e9 comportamientos m\u00e1s o menos convencionales, puede da\u00f1arles y facilitar el acoso escolar y el ciberacoso, conozcan las consecuencias que se pueden derivar de situaciones de ambos fen\u00f3menos e identifiquen fuentes de ayuda y v\u00edas de soluci\u00f3n.<\/p>\n<p>&nbsp;<\/p>\n","protected":false},"excerpt":{"rendered":"<p>Programa de prevenci\u00f3n del acoso escolar y ciberacoso en centros docentes p\u00fablicos de Andaluc\u00eda. CONRED La Consejer\u00eda de Educaci\u00f3n y Deporte, a trav\u00e9s de la Direcci\u00f3n General de Atenci\u00f3n a la Diversidad, Participaci\u00f3n y Convivencia Escolar ha desarrollado un material did\u00e1ctico espec\u00edfico para implantar en los centros un programa para la prevenci\u00f3n del acoso y &hellip; <a href=\"https:\/\/blogsaverroes.juntadeandalucia.es\/ceipva\/proyectos\/planes-del-centro\/conred\/\" class=\"more-link\">Seguir leyendo <span class=\"screen-reader-text\">CONRED<\/span> <span class=\"meta-nav\">&rarr;<\/span><\/a><\/p>\n","protected":false},"author":8097,"featured_media":0,"parent":1343,"menu_order":5,"comment_status":"closed","ping_status":"closed","template":"","meta":{"ngg_post_thumbnail":0,"footnotes":""},"aioseo_notices":[],"_links":{"self":[{"href":"https:\/\/blogsaverroes.juntadeandalucia.es\/ceipva\/wp-json\/wp\/v2\/pages\/15370"}],"collection":[{"href":"https:\/\/blogsaverroes.juntadeandalucia.es\/ceipva\/wp-json\/wp\/v2\/pages"}],"about":[{"href":"https:\/\/blogsaverroes.juntadeandalucia.es\/ceipva\/wp-json\/wp\/v2\/types\/page"}],"author":[{"embeddable":true,"href":"https:\/\/blogsaverroes.juntadeandalucia.es\/ceipva\/wp-json\/wp\/v2\/users\/8097"}],"replies":[{"embeddable":true,"href":"https:\/\/blogsaverroes.juntadeandalucia.es\/ceipva\/wp-json\/wp\/v2\/comments?post=15370"}],"version-history":[{"count":3,"href":"https:\/\/blogsaverroes.juntadeandalucia.es\/ceipva\/wp-json\/wp\/v2\/pages\/15370\/revisions"}],"predecessor-version":[{"id":15373,"href":"https:\/\/blogsaverroes.juntadeandalucia.es\/ceipva\/wp-json\/wp\/v2\/pages\/15370\/revisions\/15373"}],"up":[{"embeddable":true,"href":"https:\/\/blogsaverroes.juntadeandalucia.es\/ceipva\/wp-json\/wp\/v2\/pages\/1343"}],"wp:attachment":[{"href":"https:\/\/blogsaverroes.juntadeandalucia.es\/ceipva\/wp-json\/wp\/v2\/media?parent=15370"}],"curies":[{"name":"wp","href":"https:\/\/api.w.org\/{rel}","templated":true}]}}