{"id":171,"date":"2010-12-16T21:58:06","date_gmt":"2010-12-16T21:58:06","guid":{"rendered":"http:\/\/ceipva.wordpress.com\/"},"modified":"2022-08-14T10:30:58","modified_gmt":"2022-08-14T09:30:58","slug":"escuela-tic-2-0","status":"publish","type":"page","link":"https:\/\/blogsaverroes.juntadeandalucia.es\/ceipva\/proyectos\/planes-del-centro\/escuela-tic-2-0\/","title":{"rendered":"Plan de Transformaci\u00f3n Digital"},"content":{"rendered":"<p>El concepto de Transformaci\u00f3n Digital Educativa (TDE) incluye el conjunto de actuaciones orientadas a la mejora y modernizaci\u00f3n de los procesos, los procedimientos, los h\u00e1bitos y comportamientos de las organizaciones educativas y de las personas que, haciendo uso de las tecnolog\u00edas digitales, desarrollen su capacidad de hacer frente a los retos de la sociedad actual.<\/p>\n<p>De esta forma, la TDE supondr\u00e1 una contribuci\u00f3n en el aprendizaje competencial, en la consecuci\u00f3n de los resultados de aprendizaje del alumnado y en el acceso a las tecnolog\u00edas desde un principio de equidad, bas\u00e1ndose en los Marcos de Referencia Europeos relativos a la competencia digital (DigCompOrg, DigCompEdu y DigComp) y cuyo uso queda regulado en la Orden de 29 de marzo de 2021, por la que se establecen los Marcos de la Competencia Digital en el sistema educativo no universitario de la Comunidad Aut\u00f3noma de Andaluc\u00eda.<\/p>\n<p>Esta transformaci\u00f3n digital engloba tres \u00e1mbitos de actuaci\u00f3n:<\/p>\n<p>Organizaci\u00f3n y gesti\u00f3n de los centros docentes.<br \/>\nInformaci\u00f3n y comunicaci\u00f3n, tanto interna como externa.<br \/>\nProcesos de ense\u00f1anza-aprendizaje.<\/p>\n<p>En el siguiente enlace os dejamos nuestro Plan de Actuaci\u00f3n Digital:<\/p>\n<p><a title=\"PLAN DE ACTUACI\u00d3N DIGITAL\" href=\"https:\/\/blogsaverroes.juntadeandalucia.es\/ceipva\/files\/2020\/11\/plan-de-actuacion-digital.pdf\">PLAN DE ACTUACI\u00d3N DIGITAL<\/a><\/p>\n","protected":false},"excerpt":{"rendered":"<p>El concepto de Transformaci\u00f3n Digital Educativa (TDE) incluye el conjunto de actuaciones orientadas a la mejora y modernizaci\u00f3n de los procesos, los procedimientos, los h\u00e1bitos y comportamientos de las organizaciones educativas y de las personas que, haciendo uso de las tecnolog\u00edas digitales, desarrollen su capacidad de hacer frente a los retos de la sociedad actual. &hellip; <a href=\"https:\/\/blogsaverroes.juntadeandalucia.es\/ceipva\/proyectos\/planes-del-centro\/escuela-tic-2-0\/\" class=\"more-link\">Seguir leyendo <span class=\"screen-reader-text\">Plan de Transformaci\u00f3n Digital<\/span> <span class=\"meta-nav\">&rarr;<\/span><\/a><\/p>\n","protected":false},"author":15476,"featured_media":0,"parent":1343,"menu_order":1,"comment_status":"open","ping_status":"open","template":"","meta":{"ngg_post_thumbnail":0,"footnotes":""},"aioseo_notices":[],"_links":{"self":[{"href":"https:\/\/blogsaverroes.juntadeandalucia.es\/ceipva\/wp-json\/wp\/v2\/pages\/171"}],"collection":[{"href":"https:\/\/blogsaverroes.juntadeandalucia.es\/ceipva\/wp-json\/wp\/v2\/pages"}],"about":[{"href":"https:\/\/blogsaverroes.juntadeandalucia.es\/ceipva\/wp-json\/wp\/v2\/types\/page"}],"author":[{"embeddable":true,"href":"https:\/\/blogsaverroes.juntadeandalucia.es\/ceipva\/wp-json\/wp\/v2\/users\/15476"}],"replies":[{"embeddable":true,"href":"https:\/\/blogsaverroes.juntadeandalucia.es\/ceipva\/wp-json\/wp\/v2\/comments?post=171"}],"version-history":[{"count":2,"href":"https:\/\/blogsaverroes.juntadeandalucia.es\/ceipva\/wp-json\/wp\/v2\/pages\/171\/revisions"}],"predecessor-version":[{"id":15367,"href":"https:\/\/blogsaverroes.juntadeandalucia.es\/ceipva\/wp-json\/wp\/v2\/pages\/171\/revisions\/15367"}],"up":[{"embeddable":true,"href":"https:\/\/blogsaverroes.juntadeandalucia.es\/ceipva\/wp-json\/wp\/v2\/pages\/1343"}],"wp:attachment":[{"href":"https:\/\/blogsaverroes.juntadeandalucia.es\/ceipva\/wp-json\/wp\/v2\/media?parent=171"}],"curies":[{"name":"wp","href":"https:\/\/api.w.org\/{rel}","templated":true}]}}