{"id":5563,"date":"2015-01-23T11:40:58","date_gmt":"2015-01-23T09:40:58","guid":{"rendered":"https:\/\/ceipva.wordpress.com\/?page_id=5563"},"modified":"2022-07-11T07:57:51","modified_gmt":"2022-07-11T06:57:51","slug":"pasen","status":"publish","type":"page","link":"https:\/\/blogsaverroes.juntadeandalucia.es\/ceipva\/administracion\/pasen\/","title":{"rendered":"PASEN"},"content":{"rendered":"<p>Estimadas familias:<\/p>\n<p style=\"text-align: left\">Este programa os permite a las&nbsp; tener acceso a la ficha&nbsp; acad\u00e9mica de vuestro hijo\/a durante la escolarizaci\u00f3n obligatoria. El programa ofrece muchas posibilidades, aunque en el Centro usaremos las que puedan resultar m\u00e1s \u00fatiles.<\/p>\n<p>Adjuntamos las instrucciones y unos v\u00eddeos con la&nbsp; informaci\u00f3n para acceder al sistema por primera vez:<\/p>\n<h3>1.<span style=\"font-size: 20px\"><strong><u>\u00bfC\u00f3mo conseguir el usuario y la contrase\u00f1a?<\/u><\/strong><\/span><\/h3>\n<p><img loading=\"lazy\" decoding=\"async\" class=\"alignright wp-image-7961\" src=\"https:\/\/blogsaverroes.juntadeandalucia.es\/iesodiel\/files\/2022\/06\/iPasen-login2.png\" alt=\"\" width=\"258\" height=\"456\">Est\u00e1 disponible un nuevo procedimiento de&nbsp;<em>autologin<\/em>&nbsp;para usuarios con perfiles tutor\/a legal&nbsp; mediante el cual cualquier padre\/madre podr\u00e1 realizar ese proceso de&nbsp;<em>autologin<\/em>&nbsp;para obtener el USUARIO y la CONTRASE\u00d1A para el&nbsp; acceso a PASEN.<\/p>\n<p>Para realizar el&nbsp;<em>autologin<\/em>&nbsp;a trav\u00e9s de la aplicaci\u00f3n web o de la app iPasen, las familias deber\u00e1n pinchar en el enlace \u2018No tengo acceso\u2019 de la pantalla de&nbsp;<em>login<\/em>. (Ver la imagen de la derecha)<\/p>\n<p>Se requerir\u00e1n tres datos:<\/p>\n<ul>\n<li>El NIF<\/li>\n<li>Fecha de nacimiento (de algunos de sus hijos\/as o la suya propia)<\/li>\n<li>N\u00famero de tel\u00e9fono m\u00f3vil donde recibir\u00e1 por SMS el USUARIO y la CONTRASE\u00d1A.<\/li>\n<\/ul>\n<p>(Este \u00faltimo deber\u00e1 coincidir con el que consta en S\u00e9neca para los tutores legales) &nbsp;<\/p>\n<p>En el caso de que no llegue el SMS por alg\u00fan motivo ind\u00edquelo a la jefatura de estudios y le ayudaremos a conseguir las credenciales de acceso.<\/p>\n<p>Si lo desea, puede consultar estos videotutoriales:<\/p>\n<ul>\n<li>Instalaci\u00f3n y primer acceso<iframe loading=\"lazy\" src=\"\/\/www.youtube.com\/embed\/Gywfd_XncSA\" width=\"560\" height=\"315\" frameborder=\"0\"><\/iframe><\/li>\n<li>C\u00f3mo recuperar la contrase\u00f1a<iframe loading=\"lazy\" src=\"\/\/www.youtube.com\/embed\/OR7r9OcG8sE\" width=\"560\" height=\"315\" frameborder=\"0\"><\/iframe><span style=\"text-decoration: underline\"><span style=\"font-size: 20px\"><strong>2. \u00bfQu\u00e9 podemos hacer con esta aplicaci\u00f3n?<\/strong><\/span><\/span><span style=\"font-size: 16px\">\u2013 Consulta de las Calificaciones en cualquier materia.<\/span>\u2013 Obtener el usuario y contrase\u00f1a de acceso a Classroom de nuestros hijos.\n<p>\u2013 Acceso con el mismo usuario\/contrase\u00f1a que a la aplicaci\u00f3n web PASEN.<\/p>\n<p>\u2013 Cambio de contrase\u00f1a y acceso a \u2018Mis datos\u2019 con toda la informaci\u00f3n de usuario relevante para el sistema.<\/p>\n<p>\u2013 Acceso a la Mensajer\u00eda interna.<\/p>\n<p>\u2013 Acceso a la Agenda personal.<\/p>\n<p>\u2013 Consultas de los datos del centro educativo.<\/p>\n<p>\u2013 Consulta del Calendario escolar oficial.<\/p>\n<p>\u2013 Consulta del Tabl\u00f3n de anuncios.<\/p>\n<p>\u2013 Consulta del Horario escolar de sus hijos.<\/p>\n<p>\u2013 Consulta, justificaci\u00f3n y comunicaci\u00f3n de ausencias de sus hijos.<\/p>\n<p>\u2013 Consulta de las actividades evaluables, tareas, controles, etc, creados en los Cuadernos de clase del profesorado.<\/p>\n<p>\u2013 Consulta de las Observaciones que se hayan introducido por parte del profesorado sobre la marcha de sus hijos.<\/p>\n<p>\u2013 Recepci\u00f3n de Notificaciones enviadas desde S\u00e9neca por ausencias de sus hijos o cualquier otro tipo de mensaje.<\/p>\n<p>\u2013 Subida de la foto del alumnado a su ficha.<\/p>\n<p>Pinchando en el enlace puede descargar este pr\u00e1ctico <a href=\"https:\/\/blogsaverroes.juntadeandalucia.es\/ceipva\/files\/2022\/07\/Manual-iPasen-Jefatura-Estudios_2022_06_11.pdf\">Manual-iPasen-<\/a> de iPasen elaborado por Jefatura de Estudios en formato pdf.<\/p>\n<p>M\u00e1s informaci\u00f3n en <a href=\"https:\/\/seneca.juntadeandalucia.es\/seneca\/jsp\/portalpasen\/\">https:\/\/seneca.juntadeandalucia.es\/seneca\/jsp\/portalpasen\/<\/a><\/li>\n<\/ul>\n<p>&nbsp;<\/p>\n<p>&nbsp;<\/p>\n<p>&nbsp;<\/p>\n","protected":false},"excerpt":{"rendered":"<p>Estimadas familias: Este programa os permite a las&nbsp; tener acceso a la ficha&nbsp; acad\u00e9mica de vuestro hijo\/a durante la escolarizaci\u00f3n obligatoria. El programa ofrece muchas posibilidades, aunque en el Centro usaremos las que puedan resultar m\u00e1s \u00fatiles. Adjuntamos las instrucciones y unos v\u00eddeos con la&nbsp; informaci\u00f3n para acceder al sistema por primera vez: 1.\u00bfC\u00f3mo conseguir &hellip; <a href=\"https:\/\/blogsaverroes.juntadeandalucia.es\/ceipva\/administracion\/pasen\/\" class=\"more-link\">Seguir leyendo <span class=\"screen-reader-text\">PASEN<\/span> <span class=\"meta-nav\">&rarr;<\/span><\/a><\/p>\n","protected":false},"author":15476,"featured_media":0,"parent":10,"menu_order":0,"comment_status":"open","ping_status":"closed","template":"","meta":{"ngg_post_thumbnail":0,"footnotes":""},"aioseo_notices":[],"_links":{"self":[{"href":"https:\/\/blogsaverroes.juntadeandalucia.es\/ceipva\/wp-json\/wp\/v2\/pages\/5563"}],"collection":[{"href":"https:\/\/blogsaverroes.juntadeandalucia.es\/ceipva\/wp-json\/wp\/v2\/pages"}],"about":[{"href":"https:\/\/blogsaverroes.juntadeandalucia.es\/ceipva\/wp-json\/wp\/v2\/types\/page"}],"author":[{"embeddable":true,"href":"https:\/\/blogsaverroes.juntadeandalucia.es\/ceipva\/wp-json\/wp\/v2\/users\/15476"}],"replies":[{"embeddable":true,"href":"https:\/\/blogsaverroes.juntadeandalucia.es\/ceipva\/wp-json\/wp\/v2\/comments?post=5563"}],"version-history":[{"count":4,"href":"https:\/\/blogsaverroes.juntadeandalucia.es\/ceipva\/wp-json\/wp\/v2\/pages\/5563\/revisions"}],"predecessor-version":[{"id":15293,"href":"https:\/\/blogsaverroes.juntadeandalucia.es\/ceipva\/wp-json\/wp\/v2\/pages\/5563\/revisions\/15293"}],"up":[{"embeddable":true,"href":"https:\/\/blogsaverroes.juntadeandalucia.es\/ceipva\/wp-json\/wp\/v2\/pages\/10"}],"wp:attachment":[{"href":"https:\/\/blogsaverroes.juntadeandalucia.es\/ceipva\/wp-json\/wp\/v2\/media?parent=5563"}],"curies":[{"name":"wp","href":"https:\/\/api.w.org\/{rel}","templated":true}]}}