{"id":9591,"date":"2018-02-23T14:12:50","date_gmt":"2018-02-23T12:12:50","guid":{"rendered":"https:\/\/ceipva.wordpress.com\/?page_id=9591"},"modified":"2025-03-02T20:02:13","modified_gmt":"2025-03-02T19:02:13","slug":"escolarizacion-2","status":"publish","type":"page","link":"https:\/\/blogsaverroes.juntadeandalucia.es\/ceipva\/administracion\/escolarizacion-2\/","title":{"rendered":"Escolarizaci\u00f3n curso 2025-26"},"content":{"rendered":"<p><strong>Escolarizaci\u00f3n 2025-26<\/strong><\/p>\r\n<p>Autorizaci\u00f3n de la oferta educativa para el curso 2024-25<\/p>\r\n<p>PENDIENTE DE RECEPCI\u00d3N<\/p>\r\n<p><strong>Portal de escolarizaci\u00f3n (Consejer\u00eda de Educaci\u00f3n)<\/strong><\/p>\r\n<p><a href=\"https:\/\/www.juntadeandalucia.es\/educacion\/secretariavirtual\/\">http:\/\/portals.ced.junta-andalucia.es\/educacion\/portals\/web\/escolarizacion<\/a><\/p>\r\n<p><strong>Calendario de escolarizaci\u00f3n 2025-26<\/strong><\/p>\r\n<p><a href=\"https:\/\/blogsaverroes.juntadeandalucia.es\/ceipva\/files\/2023\/02\/CALENDARIO-ESCOLARIZACI\u00d3N.pdf\">CALENDARIO ESCOLARIZACI\u00d3N<\/a><\/p>\r\n<p><strong>Horario de secretaria:<\/strong><\/p>\r\n<p>Cartel del horario<\/p>\r\n<p><a href=\"https:\/\/blogsaverroes.juntadeandalucia.es\/ceipva\/files\/2023\/02\/Cartel-del-horario-escolarizaci\u00f3n.pdf\">Cartel del horario escolarizaci\u00f3n<\/a><\/p>\r\n<p><strong>Normativa que regula el proceso de escolarizaci\u00f3n:<\/strong><\/p>\r\n<p><a title=\"DECRETO DE ESCOLARIZACI\u00d3N, 2172020, DE 17 DE FEBRERO\" href=\"https:\/\/blogsaverroes.juntadeandalucia.es\/ceipva\/files\/2020\/02\/decreto-de-escolarizacic393n-2172020-de-17-de-febrero.pdf\">DECRETO DE ESCOLARIZACI\u00d3N, 2172020, DE 17 DE FEBRERO<\/a><\/p>\r\n<p><a title=\"ORDEN ESCOLARIZACI\u00d3N\" href=\"https:\/\/blogsaverroes.juntadeandalucia.es\/ceipva\/files\/2020\/03\/orden-escolarizacic393n.pdf\">ORDEN ESCOLARIZACI\u00d3N<\/a><\/p>\r\n<p><a title=\"CRITERIOS PARA LA ADMISI\u00d3N DEL ALUMNADO\" href=\"https:\/\/blogsaverroes.juntadeandalucia.es\/ceipva\/files\/2020\/02\/criterios-para-la-admisic393n-del-alumnado.pdf\">CRITERIOS PARA LA ADMISI\u00d3N DEL ALUMNADO<\/a><\/p>\r\n<p><strong>Impreso de admisi\u00f3n :<\/strong><\/p>\r\n<p><a href=\"https:\/\/blogsaverroes.juntadeandalucia.es\/ceipva\/files\/2025\/03\/ANEXO-III-Solicitud-admision.pdf\">ANEXO III &#8211; Solicitud admision<\/a><\/p>\r\n<p><strong>Informaci\u00f3n del Centro:<\/strong><\/p>\r\n<p><a title=\"INSTRUCCIONES\" href=\"https:\/\/blogsaverroes.juntadeandalucia.es\/ceipva\/files\/2022\/02\/instrucciones.pdf\">INSTRUCCIONES<\/a><\/p>\r\n<p><strong>Zonificaci\u00f3n, mapas y viales<\/strong><\/p>\r\n<p><a href=\"https:\/\/blogsaverroes.juntadeandalucia.es\/ceipva\/files\/2025\/03\/2025_41070_I_P_01_VIALES.pdf\">VIALES DE ESCOLARIZACI\u00d3N 2025_<\/a><\/p>\r\n<p><a href=\"https:\/\/blogsaverroes.juntadeandalucia.es\/ceipva\/files\/2025\/03\/2025_41070_I_P_01.pdf\">MAPA DEL \u00c1REA DE INFLUENCIA 2025_<\/a><\/p>\r\n<p><strong>Conoce nuestro colegio<\/strong><\/p>\r\n<p><img decoding=\"async\" src=\"https:\/\/blogsaverroes.juntadeandalucia.es\/ceipva\/files\/2025\/02\/IMG-20250203-WA0006-300x300.jpg\"><\/p>\r\n\r\n<figure class=\"wp-block-embed is-type-video is-provider-youtube wp-block-embed-youtube wp-embed-aspect-16-9 wp-has-aspect-ratio\">\r\n<div class=\"wp-block-embed__wrapper\">&nbsp;<\/div>\r\n<div>&nbsp;<\/div>\r\n<\/figure>\r\n","protected":false},"excerpt":{"rendered":"<p>Escolarizaci\u00f3n 2025-26 Autorizaci\u00f3n de la oferta educativa para el curso 2024-25 PENDIENTE DE RECEPCI\u00d3N Portal de escolarizaci\u00f3n (Consejer\u00eda de Educaci\u00f3n) http:\/\/portals.ced.junta-andalucia.es\/educacion\/portals\/web\/escolarizacion Calendario de escolarizaci\u00f3n 2025-26 CALENDARIO ESCOLARIZACI\u00d3N Horario de secretaria: Cartel del horario Cartel del horario escolarizaci\u00f3n Normativa que regula el proceso de escolarizaci\u00f3n: DECRETO DE ESCOLARIZACI\u00d3N, 2172020, DE 17 DE FEBRERO ORDEN ESCOLARIZACI\u00d3N CRITERIOS &hellip; <a href=\"https:\/\/blogsaverroes.juntadeandalucia.es\/ceipva\/administracion\/escolarizacion-2\/\" class=\"more-link\">Seguir leyendo <span class=\"screen-reader-text\">Escolarizaci\u00f3n curso 2025-26<\/span> <span class=\"meta-nav\">&rarr;<\/span><\/a><\/p>\n","protected":false},"author":15476,"featured_media":0,"parent":10,"menu_order":0,"comment_status":"closed","ping_status":"closed","template":"","meta":{"ngg_post_thumbnail":0,"footnotes":""},"aioseo_notices":[],"_links":{"self":[{"href":"https:\/\/blogsaverroes.juntadeandalucia.es\/ceipva\/wp-json\/wp\/v2\/pages\/9591"}],"collection":[{"href":"https:\/\/blogsaverroes.juntadeandalucia.es\/ceipva\/wp-json\/wp\/v2\/pages"}],"about":[{"href":"https:\/\/blogsaverroes.juntadeandalucia.es\/ceipva\/wp-json\/wp\/v2\/types\/page"}],"author":[{"embeddable":true,"href":"https:\/\/blogsaverroes.juntadeandalucia.es\/ceipva\/wp-json\/wp\/v2\/users\/15476"}],"replies":[{"embeddable":true,"href":"https:\/\/blogsaverroes.juntadeandalucia.es\/ceipva\/wp-json\/wp\/v2\/comments?post=9591"}],"version-history":[{"count":8,"href":"https:\/\/blogsaverroes.juntadeandalucia.es\/ceipva\/wp-json\/wp\/v2\/pages\/9591\/revisions"}],"predecessor-version":[{"id":17946,"href":"https:\/\/blogsaverroes.juntadeandalucia.es\/ceipva\/wp-json\/wp\/v2\/pages\/9591\/revisions\/17946"}],"up":[{"embeddable":true,"href":"https:\/\/blogsaverroes.juntadeandalucia.es\/ceipva\/wp-json\/wp\/v2\/pages\/10"}],"wp:attachment":[{"href":"https:\/\/blogsaverroes.juntadeandalucia.es\/ceipva\/wp-json\/wp\/v2\/media?parent=9591"}],"curies":[{"name":"wp","href":"https:\/\/api.w.org\/{rel}","templated":true}]}}