{"id":49,"date":"2015-03-13T08:47:05","date_gmt":"2015-03-13T08:47:05","guid":{"rendered":"http:\/\/blogsaverroes.juntadeandalucia.es\/pre\/ceip\/?page_id=49"},"modified":"2024-11-15T21:32:20","modified_gmt":"2024-11-15T21:32:20","slug":"proyecto-educativo","status":"publish","type":"page","link":"https:\/\/blogsaverroes.juntadeandalucia.es\/ceipvaldeolletas\/proyecto-educativo\/","title":{"rendered":"Plan de Centro"},"content":{"rendered":"<h2 style=\"text-align: center\"><strong><span style=\"color: #ff0000\">PLAN ANUAL DE CENTRO<\/span><\/strong><\/h2>\n<p style=\"text-align: justify\"><span style=\"color: #003300\">El&nbsp;<span class=\"palette-color1-1\">Plan de Centro<\/span>&nbsp;es un documento institucional que recoge los acuerdos que la comunidad educativa construye y sirve para establecer los fundamentos que guiar\u00e1n nuestras actuaciones y que estar\u00e1n en consonancia con los valores, los objetivos y las prioridades de actuaci\u00f3n del Centro Educativo. Asimismo, incorporar\u00e1 la concreci\u00f3n de los curr\u00edculos establecidos por la Administraci\u00f3n educativa que corresponde fijar y aprobar al Claustro.<\/span><\/p>\n<p><span style=\"color: #003300\">Los documentos que conforman el Plan de Centro son:<\/span><\/p>\n<ul>\n<li><span style=\"color: #003300\">Proyecto Educativo<\/span><\/li>\n<li><span style=\"color: #003300\">Reglamento de Organizaci\u00f3n y Funcionamiento (R.O.F.)<\/span><\/li>\n<li><span style=\"color: #003300\">Proyecto de Gesti\u00f3n<\/span><\/li>\n<\/ul>\n<p>&nbsp;<\/p>\n<h1 style=\"text-align: center\"><strong><span style=\"color: #ff0000\">PLAN ANUAL DE CENTRO 2024\/2025<\/span><\/strong><\/h1>\n<p>&nbsp;<\/p>\n<h1><span style=\"text-decoration: underline\">1 PROYECTO EDUCATIVO:<\/span><\/h1>\n<p>&nbsp;<\/p>\n<p><span class=\"palette-color2-1\" style=\"text-decoration: underline;font-size: 18px;font-weight: bold\"><span style=\"text-decoration: underline\"><a class=\" link\" href=\"http:\/\/ceipvaldeolletasmarbella.es\/data\/documents\/Proyecto-Educativo-2024-2025-Web.pdf\">1.1. PROYECTO EDUCATIVO<\/a><\/span><\/span><\/p>\n<p><a class=\" link\" href=\"http:\/\/ceipvaldeolletasmarbella.es\/data\/documents\/Transito-2024-2025.pdf\">1.2. PROGRAMA DE TR\u00c1NSITO<\/a><\/p>\n<p><a class=\" link\" href=\"http:\/\/ceipvaldeolletasmarbella.es\/data\/documents\/POAT-CEIP-VALD-noviembre-2024-2025.pdf\">1.3. PLAN DE ORIENTACI\u00d3N Y ACCI\u00d3N TUTORIAL<\/a><\/p>\n<p><span class=\"palette-color1-2\" style=\"font-size: 18px\">1.4. PLAN DE ATENCI\u00d3N A LA DIVERSIDAD<\/span><\/p>\n<p><span class=\"palette-color1-2\" style=\"font-size: 18px\"><a class=\" link\" href=\"http:\/\/ceipvaldeolletasmarbella.es\/data\/documents\/Plan-de-Lectura-2024-2025.pdf\">1.5. PLAN DE LECTURA Y ESCRITURA<\/a><\/span><\/p>\n<p><span class=\"palette-color1-2\" style=\"font-size: 18px\">1.6. PLAN DE RAZONAMIENTO MATEM\u00c1TICO<\/span><\/p>\n<p><a class=\" link\" href=\"http:\/\/ceipvaldeolletasmarbella.es\/data\/documents\/Plan-Formacion-Profesorado-2024-2025.pdf\">1.7. PLAN DE FORMACI\u00d3N DEL PROFESORADO<\/a><\/p>\n<p><a class=\" link\" href=\"http:\/\/ceipvaldeolletasmarbella.es\/data\/documents\/Plan-de-Actuacion-Digital-2024-2025.pdf\">1.8. PLAN DE ACTUACI\u00d3N DIGITAL<\/a><\/p>\n<p><span class=\"palette-color1-2\" style=\"font-size: 18px\"><a class=\" link\" href=\"http:\/\/ceipvaldeolletasmarbella.es\/data\/documents\/Protocolo-en-supuestos-casos-de-acoso-escolar.pdf\">1.9. PROTOCOLO EN SUPUESTOS CASOS DE ACOSO ESCOLAR<\/a><\/span><\/p>\n<p><span class=\"palette-color1-2\" style=\"font-size: 18px\"><a class=\" link\" href=\"http:\/\/ceipvaldeolletasmarbella.es\/data\/documents\/Protocolo-de-Actuacion-en-caso-de-maltrato-infantil.pdf\">1.10. PROTOCOLO EN CASO DE MALTRATO INFANTIL<\/a><\/span><\/p>\n<p><span class=\"palette-color1-2\" style=\"font-size: 18px\"><a class=\" link\" href=\"http:\/\/ceipvaldeolletasmarbella.es\/data\/documents\/Protocolo-de-actuacion-en-caso-de-violencia-de-genero-en-el-ambito-educativo.pdf\">1.11. PROTOCOLO EN CASO DE VIOLENCIA DE G\u00c9NERO<\/a><\/span><\/p>\n<p><span class=\"palette-color1-2\" style=\"font-size: 18px\"><a class=\" link\" href=\"http:\/\/ceipvaldeolletasmarbella.es\/data\/documents\/Protocolo-de-Absentismo-2024-2025.pdf\">1.12. PROTOCOLO DE ABSENTISMO ESCOLAR<\/a><\/span><\/p>\n<p><span class=\"palette-color1-2\" style=\"font-size: 18px\">1.13. PROTOCOLO DE ACTUACI\u00d3N PARA LA PREVENCI\u00d3N DEL RIESGO ANTE CONDUCTAS SUICIDAS O AUTOLESIONES DEL ALUMNADO:<\/span><\/p>\n<p><span class=\"palette-color1-2\" style=\"font-size: 18px\">&nbsp; &nbsp; &nbsp; &#8211;&nbsp;<a class=\" link\" href=\"http:\/\/ceipvaldeolletasmarbella.es\/data\/documents\/5-resolucion_de_protocolo_de_prevencion_del_suicidio.pdf\">Resoluci\u00f3n de 17 de octubre de 2023<\/a><\/span><\/p>\n<p><span class=\"palette-color1-2\" style=\"font-size: 18px\">&nbsp; &nbsp; &nbsp;&nbsp;<\/span><span class=\"palette-color1-2\">&#8211;&nbsp;<\/span><span class=\"palette-color1-2\" style=\"font-size: 18px\"><a class=\" link\" href=\"http:\/\/ceipvaldeolletasmarbella.es\/data\/documents\/Guia-Protocolo-Actuacion-Prevencion.pdf\">Gu\u00eda para le prevenci\u00f3n de conductas suicidas o autolesiones del alumnado<\/a><\/span><span class=\"palette-color1-2\" style=\"font-size: 18px\"><a class=\" link\" href=\"http:\/\/ceipvaldeolletasmarbella.es\/data\/documents\/6-Guia_del_protocolo_de_actuacion_para_la_prevencion.pdf\"><br \/>\n<\/a><\/span><\/p>\n<p><span class=\"palette-color1-2\" style=\"font-size: 18px\">1.14. ESCOLARIZACI\u00d3N ALUMNADO NACIDO DE PARTOS M\u00daLTIPLES (<a class=\" link\" href=\"http:\/\/ceipvaldeolletasmarbella.es\/data\/documents\/Circular-escolarizacion-partos-multiplesF.pdf\">Circular de 16 de octubre de 2023<\/a>)<\/span><\/p>\n<p><a class=\" link\" href=\"http:\/\/ceipvaldeolletasmarbella.es\/data\/documents\/Garantias-Evaluacion-2024-2025.pdf\">1.15. GARANT\u00cdAS PROCEDIMENTALES DE EVALUACI\u00d3N<\/a><\/p>\n<p><span class=\"palette-color1-2\" style=\"font-size: 18px\"><a class=\" link\" href=\"PLAN-MEJORA-VALDEOLLETAS-2024-2025.pdf\">1.16. PLAN DE MEJORA 2024\/2025<\/a><\/span><\/p>\n<p>&nbsp;<\/p>\n<h1><span style=\"text-decoration: underline\">2 REGLAMENTO DE ORGANIZACI\u00d3N Y FUNCIONAMIENTO:<\/span><\/h1>\n<p>&nbsp;<\/p>\n<p style=\"text-align: left\"><span class=\"palette-color2-1\" style=\"text-decoration: underline;font-size: 18px;font-weight: bold\"><span style=\"text-decoration: underline\"><a class=\" link\" href=\"http:\/\/ceipvaldeolletasmarbella.es\/data\/documents\/ROF-2024-2025-Web.pdf\">2.1. ROF<\/a><\/span><\/span><\/p>\n<p style=\"text-align: left\"><span class=\"palette-color1-2\" style=\"font-size: 18px;font-weight: bold\">2.2. PLAN DE AUTOPROTECCI\u00d3N ESCOLAR<\/span><\/p>\n<p style=\"text-align: left\"><span class=\"palette-color1-2\" style=\"font-size: 18px;font-weight: bold\"><a class=\" link\" href=\"http:\/\/ceipvaldeolletasmarbella.es\/data\/documents\/Proyecto-y-Normas-Comedor-2024-2025.pdf\">2.3. PROYECTO Y NORMAS DEL COMEDOR ESCOLAR<\/a><\/span><\/p>\n<p style=\"text-align: left\"><span class=\"palette-color1-2\" style=\"font-size: 18px;font-weight: bold\"><a class=\" link\" href=\"http:\/\/ceipvaldeolletasmarbella.es\/data\/documents\/Protocolo-olas-de-calor-2024-2025.pdf\">2.4. PROTOCOLO OLAS DE CALOR Y ALTAS TEMPERATURAS<\/a><\/span><\/p>\n<h1><span style=\"text-decoration: underline\">3 PROYECTO DE GESTI\u00d3N:<\/span><\/h1>\n<p>&nbsp;<\/p>\n<p><span class=\"palette-color2-1\" style=\"text-decoration: underline;font-size: 18px;font-weight: bold\"><a href=\"https:\/\/blogsaverroes.juntadeandalucia.es\/ceipvaldeolletas\/files\/2024\/11\/Proyecto-Gestion-2024-2025-Web.pdf\">Proyecto Gesti\u00f3n 2024-2025 Web<\/a><\/span><\/p>\n<p>&nbsp;<\/p>\n<p>&nbsp;<\/p>\n<h2><a href=\"https:\/\/blogsaverroes.juntadeandalucia.es\/ceipvaldeolletas\/files\/2023\/10\/PAC-mayo-2023-web.pdf\">PLAN DE CENTRO 2023\/2024<\/a><\/h2>\n<h3><span style=\"color: #008000\">1 <a href=\"https:\/\/blogsaverroes.juntadeandalucia.es\/ceipvaldeolletas\/files\/2023\/11\/Proyecto-Educativo-CEIP-Valdeolletas-2023-2024.pdf\">Proyecto Educativo CEIP Valdeolletas 2023-2024<\/a><\/span><\/h3>\n<p><strong><span style=\"color: #0000ff\">&nbsp; &nbsp; &nbsp; &nbsp; &nbsp; 1.1. <a href=\"https:\/\/blogsaverroes.juntadeandalucia.es\/ceipvaldeolletas\/files\/2023\/11\/Tr\u00e1nsito-2023-2024.pdf\">Tr\u00e1nsito 2023-2024<\/a><\/span><\/strong><\/p>\n<p><strong><span style=\"color: #0000ff\">&nbsp; &nbsp; &nbsp; &nbsp; &nbsp; 1.2. PLAN DE ORIENTACI\u00d3N Y ACCI\u00d3N TUTORIAL<\/span><\/strong><\/p>\n<p><strong><span style=\"color: #0000ff\">&nbsp; &nbsp; &nbsp; &nbsp; &nbsp; 1.3. PLAN DE CONVIVENCIA ESCOLAR<\/span><\/strong><\/p>\n<p>&nbsp; &nbsp; &nbsp; &nbsp; &nbsp; <strong><span style=\"color: #0000ff\"> 1.4. PLAN DE ATENCI\u00d3N A LA DIVERSIDAD<\/span><\/strong><\/p>\n<p><strong><span style=\"color: #0000ff\">&nbsp; &nbsp; &nbsp; &nbsp; &nbsp; 1.5. <a href=\"https:\/\/blogsaverroes.juntadeandalucia.es\/ceipvaldeolletas\/files\/2023\/11\/Plan-de-Formacio\u0301n-CEIP-Vadeolletas.-2023-24.pdf\">Plan de Formacio\u0301n CEIP Vadeolletas. 2023-24<\/a><\/span><\/strong><\/p>\n<p><strong><span style=\"color: #0000ff\">&nbsp; &nbsp; &nbsp; &nbsp; &nbsp; 1.6. PLAN DE ACTUACI\u00d3N DIGITAL<\/span><\/strong><\/p>\n<p>&nbsp; &nbsp; &nbsp; &nbsp; &nbsp; <span style=\"color: #0000ff\"><strong>1.7. PLAN DE ACTUACI\u00d3N DE LA LECURA Y ESCRITURA (<a href=\"https:\/\/blogsaverroes.juntadeandalucia.es\/ceipvaldeolletas\/files\/2023\/11\/Plan-Lectura-CEIP-Valdeolletas-2023-2024.pdf\">Plan Lectura CEIP Valdeolletas 2023-2024<\/a>)<\/strong><\/span><\/p>\n<p><strong><span style=\"color: #0000ff\">&nbsp; &nbsp; &nbsp; &nbsp; &nbsp; 1.8. PROTOCOLO DE ACTUACI\u00d3N PARA LA PREVENCI\u00d3N DEL RIESGO ANTE CONDUCTAS SUICIDAS O AUTOLESIONES DEL ALUMNADO ( Resoluci\u00f3n de 17 de octubre de 2023).<\/span><\/strong><\/p>\n<h3>&nbsp; &nbsp; &nbsp; &nbsp; &nbsp; &nbsp; &nbsp; &nbsp; &nbsp; &nbsp; &nbsp; &nbsp; &nbsp; &nbsp; &nbsp; &nbsp; &nbsp;<span style=\"color: #0000ff\">Resoluci\u00f3n 17\/10\/2023:&nbsp;<\/span> &nbsp;<a href=\"https:\/\/blogsaverroes.juntadeandalucia.es\/ceipvaldeolletas\/files\/2023\/11\/resolucion_de_protocolo_de_prevencion_del_suicidio.pdf\">resolucion_de_protocolo_de_prevencion_del_suicidio<\/a><\/h3>\n<h3><span style=\"color: #339966\"><strong>&nbsp; &nbsp; &nbsp; &nbsp; &nbsp; &nbsp; &nbsp; &nbsp; &nbsp; &nbsp; &nbsp; &nbsp; &nbsp; &nbsp; &nbsp; &nbsp; <span style=\"color: #0000ff\">&nbsp; Gu\u00eda Protocolo:<\/span>&nbsp; <a href=\"https:\/\/blogsaverroes.juntadeandalucia.es\/ceipvaldeolletas\/files\/2023\/11\/Guia_del_protocolo_de_actuacion_para_la_prevencion.pdf\">Guia_del_protocolo_de_actuacion_para_la_prevencion<\/a><\/strong><\/span><\/h3>\n<p>&nbsp; &nbsp; &nbsp; <strong><span style=\"color: #0000ff\">&nbsp; &nbsp; 1.9. ESCOLARIZACI\u00d3N ALUMNADO NACIDO DE PARTOS M\u00daLTIPLES: Circular 16\/10\/2023 (<a href=\"https:\/\/blogsaverroes.juntadeandalucia.es\/ceipvaldeolletas\/files\/2023\/11\/Circular-partos-m\u00faltiples.pdf\">Circular partos m\u00faltiples<\/a>).<\/span><\/strong><\/p>\n<p>&nbsp; &nbsp; &nbsp; &nbsp; &nbsp;<strong><span style=\"color: #0000ff\"> &nbsp;1.10. PLAN DE MEJORA 2023\/2024 (<a href=\"https:\/\/blogsaverroes.juntadeandalucia.es\/ceipvaldeolletas\/files\/2023\/11\/Plan-de-Mejora-S\u00e9neca-2023-2024.pdf\">Plan de Mejora S\u00e9neca 2023-2024<\/a>).<\/span><\/strong><\/p>\n<h3><span style=\"color: #008000\">2 REGLAMENTO DE ORGANIZACI\u00d3N Y FUNCIONAMIENTO<\/span><\/h3>\n<p>&nbsp; &nbsp; &nbsp; &nbsp; &nbsp; &nbsp; &#8211;<a href=\"https:\/\/blogsaverroes.juntadeandalucia.es\/ceipvaldeolletas\/files\/2023\/11\/ROF-2023-2024.pdf\">ROF 2023-2024<\/a><\/p>\n<p><strong><span style=\"color: #0000ff\">&nbsp; &nbsp; &nbsp; &nbsp; &nbsp; 2.1. PLAN DE AUTOPROTECCI\u00d3N ESCOLAR<\/span><\/strong><\/p>\n<p><strong><span style=\"color: #0000ff\">&nbsp; &nbsp; &nbsp; &nbsp; &nbsp; 2.2. <a href=\"https:\/\/blogsaverroes.juntadeandalucia.es\/ceipvaldeolletas\/files\/2023\/11\/Protocolo-Olas-calor-Valdeolletas-2023.pdf\">Protocolo Olas calor Valdeolletas 2023<\/a><\/span><\/strong><\/p>\n<p>&nbsp; <strong><span style=\"color: #0000ff\">&nbsp; &nbsp; &nbsp; &nbsp; 2.3. <a href=\"https:\/\/blogsaverroes.juntadeandalucia.es\/ceipvaldeolletas\/files\/2023\/04\/Normas-comedor-2022-2023.pdf\">Normas comedor 2022-2023<\/a><\/span><\/strong><\/p>\n<h3><span style=\"color: #008000\">3 PROYECTO DE GESTI\u00d3N<\/span><\/h3>\n<p>&nbsp; &nbsp; &nbsp; &nbsp; &nbsp; &nbsp; &#8211; <a href=\"https:\/\/blogsaverroes.juntadeandalucia.es\/ceipvaldeolletas\/files\/2023\/11\/Proyecto-Gesti\u00f3n-2023-2024.pdf\">Proyecto Gesti\u00f3n 2023-2024<\/a><\/p>\n<p>&nbsp;<\/p>\n<p>&nbsp;<\/p>\n<p style=\"text-align: left\">&nbsp;<\/p>\n<p>&nbsp;<\/p>\n<blockquote><p>&nbsp;<\/p><\/blockquote>\n<p>Un centro se define en gran medida por su <strong>Proyecto Educativo<\/strong>. En \u00e9l se plasma el modelo educativo y la concreci\u00f3n de la normativa que un centro realiza respecto a las ense\u00f1anzas que imparte. Aspectos tales como las finales educativas, objetivos, evaluaci\u00f3n, atenci\u00f3n a la diversidad, etc.<\/p>\n<p>Que la web de un centro informe de su Proyecto Educativo es una apuesta clara por la <strong>transparencia<\/strong>.<\/p>\n<p>Este espacio puede mostrar tanto los aspectos esenciales del Proyecto como enlazar a otros documentos o secciones con informaci\u00f3n m\u00e1s detallada.<\/p>\n","protected":false},"excerpt":{"rendered":"<p>PLAN ANUAL DE CENTRO El&nbsp;Plan de Centro&nbsp;es un documento institucional que recoge los acuerdos que la comunidad educativa construye y sirve para establecer los fundamentos que guiar\u00e1n nuestras actuaciones y que estar\u00e1n en consonancia&#46;&#46;&#46;<\/p>\n","protected":false},"author":1,"featured_media":0,"parent":0,"menu_order":0,"comment_status":"closed","ping_status":"open","template":"page-cs.php","meta":{"ngg_post_thumbnail":0,"footnotes":"","_mc_calendar":[]},"aioseo_notices":[],"_links":{"self":[{"href":"https:\/\/blogsaverroes.juntadeandalucia.es\/ceipvaldeolletas\/wp-json\/wp\/v2\/pages\/49"}],"collection":[{"href":"https:\/\/blogsaverroes.juntadeandalucia.es\/ceipvaldeolletas\/wp-json\/wp\/v2\/pages"}],"about":[{"href":"https:\/\/blogsaverroes.juntadeandalucia.es\/ceipvaldeolletas\/wp-json\/wp\/v2\/types\/page"}],"author":[{"embeddable":true,"href":"https:\/\/blogsaverroes.juntadeandalucia.es\/ceipvaldeolletas\/wp-json\/wp\/v2\/users\/1"}],"replies":[{"embeddable":true,"href":"https:\/\/blogsaverroes.juntadeandalucia.es\/ceipvaldeolletas\/wp-json\/wp\/v2\/comments?post=49"}],"version-history":[{"count":26,"href":"https:\/\/blogsaverroes.juntadeandalucia.es\/ceipvaldeolletas\/wp-json\/wp\/v2\/pages\/49\/revisions"}],"predecessor-version":[{"id":2572,"href":"https:\/\/blogsaverroes.juntadeandalucia.es\/ceipvaldeolletas\/wp-json\/wp\/v2\/pages\/49\/revisions\/2572"}],"wp:attachment":[{"href":"https:\/\/blogsaverroes.juntadeandalucia.es\/ceipvaldeolletas\/wp-json\/wp\/v2\/media?parent=49"}],"curies":[{"name":"wp","href":"https:\/\/api.w.org\/{rel}","templated":true}]}}