{"id":77,"date":"2015-03-16T06:54:56","date_gmt":"2015-03-16T06:54:56","guid":{"rendered":"http:\/\/blogsaverroes.juntadeandalucia.es\/pre\/ceip\/?page_id=77"},"modified":"2024-03-29T18:17:07","modified_gmt":"2024-03-29T18:17:07","slug":"secretaria","status":"publish","type":"page","link":"https:\/\/blogsaverroes.juntadeandalucia.es\/ceipvaldeolletas\/secretaria\/","title":{"rendered":"Secretar\u00eda"},"content":{"rendered":"<p style=\"text-align: center\">&nbsp;<\/p>\n<p style=\"text-align: center\"><span style=\"text-decoration: underline;color: #ea3ed4\"><span style=\"font-weight: bold;font-size: 36px\">CURSO ESCOLAR 2023\/2024<\/span><\/span><\/p>\n<p>&nbsp;<\/p>\n<h1 style=\"text-align: center\"><span style=\"font-size: 28px;font-weight: bold;color: #266a8c\">ESCOLARIZACI\u00d3N 2024\/2025<\/span><\/h1>\n<ul>\n<li>\n<h2><span class=\"palette-color1-2\" style=\"font-size: 20px;color: #ff6600\">Admisi\u00f3n de solicitudes: del 1 al 1 de abril de 2024.<\/span><\/h2>\n<\/li>\n<li>\n<h2><span class=\"palette-color1-2\" style=\"font-size: 20px;color: #ff6600\">Formalizaci\u00f3n de matr\u00edculas: del 1 al 10 de junio de 2024.&nbsp;<\/span><\/h2>\n<\/li>\n<li>\n<h2><span class=\"palette-color1-2\" style=\"font-size: 20px;color: #ff6600\"><a class=\" link\" style=\"color: #ff6600\" href=\"http:\/\/ceipvaldeolletasmarbella.es\/data\/documents\/Admision-y-escolarizacion-Documento-informativo-2024-2025.pdf\">Documento informaci\u00f3n<\/a><\/span><\/h2>\n<\/li>\n<\/ul>\n<p>&nbsp;<\/p>\n<p style=\"text-align: center\"><img loading=\"lazy\" decoding=\"async\" id=\"mce-14169\" class=\"image-block  caption-over-image mceImage\" src=\"https:\/\/pleskw2012-3.axarnet.es:8443\/sitebuilder\/sites\/c9\/c98fb054543d1d5e3734d7c12c1dfe47\/attachments\/Image\/Escolarizacion-2024-2025_page-0001_1.jpg?1711735841457\" alt=\"\" width=\"500\" height=\"708\">&nbsp;<\/p>\n<p style=\"text-align: center\">&nbsp;<img loading=\"lazy\" decoding=\"async\" id=\"mce-14254\" class=\"image-block  caption-over-image mceImage\" src=\"https:\/\/pleskw2012-3.axarnet.es:8443\/sitebuilder\/sites\/c9\/c98fb054543d1d5e3734d7c12c1dfe47\/attachments\/Image\/Escolarizacion-2024-2025_page-0002.jpg?1711735841457\" alt=\"\" width=\"500\" height=\"708\"><\/p>\n<p style=\"text-align: center\"><span class=\"palette-color2-1\" style=\"font-size: 28px\"><img loading=\"lazy\" decoding=\"async\" id=\"mce-14372\" class=\"image-block  caption-over-image mceImage\" src=\"https:\/\/pleskw2012-3.axarnet.es:8443\/sitebuilder\/sites\/c9\/c98fb054543d1d5e3734d7c12c1dfe47\/attachments\/Image\/Escolarizacion-2024-2025_page-0003.jpg?1711735841457\" alt=\"\" width=\"500\" height=\"708\"><\/span><\/p>\n<p style=\"text-align: justify\"><span class=\"palette-color3-4\" style=\"font-weight: bold;color: #3366ff\"><span style=\"font-size: 16px\">A partir del 1 de septiembre de 2023 el centro ya estar\u00e1 en funcionamiento para solicitar las Bonificaciones de los Servicios Complementarios y presentar las inscripciones para las Actividades Extraescolares y Aula de Mediod\u00eda. Tambi\u00e9n est\u00e1 abierto el plazo para solicitar las Becas para el Alumnado de Necesidades Educativas Especiales.<\/span>&nbsp;<\/span><\/p>\n<p>&nbsp;<\/p>\n<p><span style=\"text-decoration: underline\"><span style=\"font-size: 20px;font-weight: bold;color: #f52424;text-decoration: underline\">REUNIONES CON LAS FAMILIAS, SEPTIEMBRE 2023:<\/span><\/span><\/p>\n<p><span style=\"font-size: 16px;color: #0000ff\"><span class=\"palette-color1-2\">D<\/span><span class=\"palette-color3-4\" style=\"font-weight: bold\">urante los primeros d\u00edas de septiembre de 2023 se realizar\u00e1n las primeras reuniones con las familias para informar sobre el inicio del curso escolar 2023\/2024.<\/span><\/span><\/p>\n<p><span class=\"palette-color3-4\" style=\"font-weight: bold;font-size: 16px;color: #0000ff\">Calendario de reuniones:<\/span><\/p>\n<ul>\n<li><span class=\"palette-color3-4\" style=\"font-weight: bold;font-size: 16px;color: #0000ff\">Infantil de 3 a\u00f1os: martes 5 de&nbsp; septiembre, 10:00 h.<\/span><\/li>\n<li><span class=\"palette-color3-4\" style=\"font-weight: bold;font-size: 16px;color: #0000ff\">Infantil de 4 y 5 a\u00f1os: _______ de septiembre, 00:00 h.<\/span><\/li>\n<li><span class=\"palette-color3-4\" style=\"font-weight: bold;font-size: 16px;color: #0000ff\">1\u00ba y 2\u00ba de Primaria: ________de septiembre, 00:00 h.<\/span><\/li>\n<li><span class=\"palette-color3-4\" style=\"font-weight: bold;font-size: 16px;color: #0000ff\">3\u00ba y 4\u00ba de Primaria: _________de septiembre, 00:00 h.<\/span><\/li>\n<li><span class=\"palette-color3-4\" style=\"font-weight: bold;font-size: 16px;color: #0000ff\">5\u00ba y 6\u00ba de Primaria: _________ de septiembre, 00:00 h.<\/span><\/li>\n<\/ul>\n<p>&nbsp;<\/p>\n<p><span style=\"text-decoration: underline;color: #e9354c;font-size: 20px\"><span style=\"font-weight: bold\">BONIFICACIONES Servicios Complementarios 2023\/2024:<\/span><\/span><\/p>\n<p style=\"text-align: justify\"><span style=\"font-size: 16px;font-weight: bold;color: #588fbd\">El plazo de presentaci\u00f3n de solicitudes de bonificaci\u00f3n y gratuidad para los servicios complementarios (aula matinal, comedor escolar y actividades extraescolares) es del 1 al 7 de septiembre de 2023.<\/span><\/p>\n<p style=\"text-align: justify\"><span style=\"font-size: 16px;font-weight: bold;color: #588fbd\">Las solicitudes pueden cumplimentarse mediante el formulario accesible por internet en las siguientes p\u00e1ginas:&nbsp;<\/span><\/p>\n<p style=\"text-align: justify\" align=\"center\"><span style=\"font-size: 16px;font-weight: bold;color: #588fbd\"><a class=\" link\" href=\"https:\/\/www.juntadeandalucia.es\/educacion\/secretariavirtual\/accesoTramite\/462\/\"><span style=\"color: #588fbd\">https:\/\/www.juntadeandalucia.es\/educacion\/secretariavirtual\/accesoTramite\/462\/<\/span><\/a><\/span><\/p>\n<p style=\"text-align: justify\"><span style=\"font-size: 16px;font-weight: bold;color: #588fbd\">&nbsp;<\/span><\/p>\n<table class=\"mceItemTable\" border=\"0\" width=\"0\" cellspacing=\"0\" cellpadding=\"0\">\n<tbody>\n<tr>\n<td colspan=\"2\" width=\"699\">\n<p align=\"center\"><span style=\"color: #588fbd;font-weight: bold\">BONIFICACIONES Servicios Complementarios<\/span><\/p>\n<p align=\"center\"><span style=\"color: #588fbd;font-weight: bold\">(Aula Matinal \/ Comedor \/ Actividades Extraescolares)<\/span><\/p>\n<\/td>\n<\/tr>\n<tr>\n<td width=\"473\">\n<p align=\"center\"><span class=\"palette-color1-1\">Presentaci\u00f3n de&nbsp;SOLICITUDES<\/span><\/p>\n<\/td>\n<td width=\"227\">\n<p align=\"center\">Del 1 al 7 de septiembre<\/p>\n<\/td>\n<\/tr>\n<tr>\n<td width=\"473\">\n<p align=\"center\"><span class=\"palette-color1-1\">Comunicaci\u00f3n&nbsp;BONIFICACIONES<\/span><\/p>\n<\/td>\n<td width=\"227\">\n<p align=\"center\">A partir del 2 de octubre<\/p>\n<\/td>\n<\/tr>\n<tr>\n<td width=\"473\">\n<p align=\"center\"><span class=\"palette-color1-1\">Publicaci\u00f3n listados bonificaciones&nbsp;PROVISIONALES<\/span><\/p>\n<\/td>\n<td width=\"227\">\n<p align=\"center\">A partir del 2 de octubre<\/p>\n<\/td>\n<\/tr>\n<tr>\n<td width=\"473\">\n<p align=\"center\"><span class=\"palette-color1-1\">Plazo de&nbsp;ALEGACIONES<\/span><\/p>\n<\/td>\n<td width=\"227\">\n<p align=\"center\">10 d\u00edas h\u00e1biles<\/p>\n<\/td>\n<\/tr>\n<tr>\n<td width=\"473\">\n<p align=\"center\"><span class=\"palette-color1-1\">Comunicaci\u00f3n&nbsp;INDIVIDUALIZADA BONIFICACIONES<\/span><\/p>\n<\/td>\n<td width=\"227\">\n<p align=\"center\">A partir del 20 de octubre<\/p>\n<\/td>\n<\/tr>\n<tr>\n<td width=\"473\">\n<p align=\"center\"><span class=\"palette-color1-1\">Plazo&nbsp;RECURSO DE REPOSICI\u00d3N<\/span><\/p>\n<\/td>\n<td width=\"227\">\n<p align=\"center\">1 mes<\/p>\n<\/td>\n<\/tr>\n<\/tbody>\n<\/table>\n<p>&nbsp;<\/p>\n<p>&nbsp;<\/p>\n<p><span style=\"text-decoration: underline;color: #e5155d\"><span style=\"font-size: 20px;font-weight: bold\">BECAS alumnado NEAE 2022\/2023:<\/span><\/span><\/p>\n<p style=\"text-align: center\">&nbsp;<\/p>\n<p>&nbsp;<span style=\"font-weight: bold;font-size: 16px;color: #588fbd\">El&nbsp;<strong>Ministerio de Educaci\u00f3n y Formaci\u00f3n Profesional<\/strong>&nbsp;ha&nbsp;<a class=\" link\" href=\"https:\/\/www.campamentos.info\/documentos\/becas-mec-necesidades-BOE-B-2023-12318.pdf\" target=\"_blank\" rel=\"noopener noreferrer\"><span style=\"color: #588fbd\">publicado el 26 de abril de 2023 en el&nbsp;<strong>BOE<\/strong><\/span><\/a>&nbsp;la convocatoria oficial de las&nbsp;<strong>becas<\/strong>&nbsp;y&nbsp;<strong>ayudas<\/strong>&nbsp;para&nbsp;<strong>alumnos con Necesidad Espec\u00edfica de Apoyo Educativo<\/strong>&nbsp;(NEAE) en el curso acad\u00e9mico&nbsp;<strong>2023-2024<\/strong>, incluyendo&nbsp;<strong>ayudas directas<\/strong>&nbsp;para los alumnos con&nbsp;<strong>TDAH<\/strong>. El plazo de presentaci\u00f3n de solicitudes es desde el 8 de mayo de 2023 al&nbsp;<strong>20 de septiembre de 2023&nbsp;<\/strong>(ambos inclusive).<\/span><\/p>\n<p style=\"text-align: justify\"><span style=\"font-weight: bold;font-size: 16px;color: #588fbd\">Las principales&nbsp;<strong>novedades<\/strong>&nbsp;de este curso son:<\/span><\/p>\n<ul type=\"disc\">\n<li style=\"text-align: justify\"><span style=\"font-weight: bold;font-size: 16px;color: #588fbd\"><strong>Subsidio de 400 euros<\/strong>&nbsp;para gastos de car\u00e1cter general que&nbsp;<strong>se conceder\u00e1 de forma. autom\u00e1tica a todos los beneficiarios<\/strong>, independientemente de las rentas de las familias y de los resultados acad\u00e9micos de los estudiantes y sin necesidad de justificaci\u00f3n.<\/span><\/li>\n<li style=\"text-align: justify\"><span style=\"font-weight: bold;font-size: 16px;color: #588fbd\"><strong>No es requisito imprescindible<\/strong>&nbsp;que el solicitante disponga de&nbsp;<strong>certificado de discapacidad.<\/strong><\/span><\/li>\n<\/ul>\n<p style=\"text-align: justify\"><span style=\"font-size: 16px;color: #588fbd\">Las&nbsp;<strong>ayudas para el curso 2023-2024<\/strong>&nbsp;est\u00e1n dirigidas a personas que presentan una&nbsp;<strong>necesidad espec\u00edfica de recibir apoyo educativo<\/strong>, incluyendo al alumnado con&nbsp;<strong>TDAH<\/strong>&nbsp;(Trastorno por d\u00e9ficit de atenci\u00f3n por hiperactividad), derivado de alguna de las siguientes situaciones:<\/span><\/p>\n<ol start=\"1\" type=\"1\">\n<li style=\"text-align: justify\"><span style=\"font-size: 16px;color: #588fbd\"><strong>Discapacidad.<\/strong><\/span><\/li>\n<li style=\"text-align: justify\"><span style=\"font-size: 16px;color: #588fbd\"><strong>Altas capacidades.<\/strong><\/span><\/li>\n<li style=\"text-align: justify\"><span style=\"font-size: 16px;color: #588fbd\"><strong>Trastorno grave de conducta.<\/strong><\/span><\/li>\n<li style=\"text-align: justify\"><span style=\"font-size: 16px;color: #588fbd\"><strong>Trastorno grave de la comunicaci\u00f3n y del lenguaje.<\/strong><\/span><\/li>\n<li style=\"text-align: justify\"><span style=\"font-size: 16px;color: #588fbd\"><strong>Trastorno del espectro autista.<\/strong><\/span><\/li>\n<\/ol>\n<p style=\"text-align: justify\"><span style=\"font-size: 16px;font-weight: bold;color: #588fbd\">Asimismo, les recordamos que, de acuerdo a la convocatoria, deber\u00e1n presentar documentaci\u00f3n que acredite la necesidad espec\u00edfica de apoyo educativo, as\u00ed como una certificaci\u00f3n por parte del reeducador, gabinete o centro que realiza la reeducaci\u00f3n pedag\u00f3gica y del lenguaje o el programa espec\u00edfico para alumnado de altas capacidades.<\/span><\/p>\n<p style=\"text-align: justify\"><span style=\"font-size: 16px;font-weight: bold;color: #588fbd\">Las solicitudes deber\u00e1n cumplimentarse mediante el formulario accesible por internet en la direcci\u00f3n del Ministerio de Educaci\u00f3n y Formaci\u00f3n Profesional o a trav\u00e9s de la sede electr\u00f3nica del Ministerio de Educaci\u00f3n, Cultura y Deporte en la siguiente direcci\u00f3n:<\/span><\/p>\n<p style=\"text-align: justify\" align=\"center\"><span style=\"font-size: 16px;font-weight: bold;color: #588fbd\"><a class=\" link\" href=\"https:\/\/www.campamentos.info\/noticias\/becas-2023-2024-para-alumnos-con-necesidad-de-apoyo-educativo\"><span style=\"color: #588fbd\">https:\/\/www.campamentos.info\/noticias\/becas-2023-2024-para-alumnos-con-necesidad-de-apoyo-educativo<\/span><\/a><\/span><\/p>\n<ul>\n<li style=\"text-align: justify\"><span class=\"palette-color3-4\" style=\"font-weight: bold;font-size: 16px\">Solicitud a trav\u00e9s de sede electr\u00f3nica:<\/span><\/li>\n<\/ul>\n<p style=\"text-align: justify\"><span class=\"palette-color3-4\" style=\"font-weight: bold;font-size: 16px\"><a class=\" link\" href=\"https:\/\/sede.educacion.gob.es\/portada.html\">https:\/\/sede.educacion.gob.es\/portada.html<\/a><\/span><\/p>\n<ul style=\"text-align: justify\">\n<li><span class=\"palette-color3-4\" style=\"font-weight: bold;font-size: 16px\">Puede consultar m\u00e1s informaci\u00f3n en el siguiente enlace:<\/span><\/li>\n<\/ul>\n<p style=\"text-align: justify\"><span class=\"palette-color3-4\" style=\"font-weight: bold;font-size: 16px\"><a class=\" link\" href=\"https:\/\/juntadeandalucia.es\/servicios\/sede\/tramites\/procedimientos\/detalle\/6344.html#toc-informaci-n-general\">https:\/\/juntadeandalucia.es\/servicios\/sede\/tramites\/procedimientos\/detalle\/6344.html#toc-informaci-n-general<\/a><\/span><\/p>\n<p>&nbsp;<img loading=\"lazy\" decoding=\"async\" id=\"mce-2593\" class=\"image-block caption-over-image mceImage\" src=\"https:\/\/pleskw2012-3.axarnet.es:8443\/sitebuilder\/sites\/c9\/c98fb054543d1d5e3734d7c12c1dfe47\/attachments\/Image\/Triptico-Becas-NEAE-2023-copia_page-0001.jpg?1693325442764\" alt=\"\" width=\"500\" height=\"283\"><\/p>\n<p style=\"text-align: center\">&nbsp;<\/p>\n<p style=\"text-align: center\"><img loading=\"lazy\" decoding=\"async\" id=\"mce-2679\" class=\"image-block caption-over-image mceImage\" src=\"https:\/\/pleskw2012-3.axarnet.es:8443\/sitebuilder\/sites\/c9\/c98fb054543d1d5e3734d7c12c1dfe47\/attachments\/Image\/Triptico-Becas-NEAE-2023-copia_page-0002.jpg?1693325442764\" alt=\"\" width=\"500\" height=\"353\"><\/p>\n<h3>&nbsp;<\/h3>\n<h3 style=\"text-align: center\"><span style=\"color: #008000\"><strong>LIBROS DE TEXTO 2022\/2023<\/strong><\/span><\/h3>\n<h3><span style=\"color: #0000ff\">Consulta libro de Educaci\u00f3n Infantil y Educaci\u00f3n Primaria 2022\/2023<\/span><\/h3>\n<p><a href=\"https:\/\/blogsaverroes.juntadeandalucia.es\/ceipvaldeolletas\/files\/2022\/07\/libros-texto-2022.pdf\">Libros de texto 2022\/2023<\/a><\/p>\n<p>&nbsp;<\/p>\n","protected":false},"excerpt":{"rendered":"<p>&nbsp; CURSO ESCOLAR 2023\/2024 &nbsp; ESCOLARIZACI\u00d3N 2024\/2025 Admisi\u00f3n de solicitudes: del 1 al 1 de abril de 2024. Formalizaci\u00f3n de matr\u00edculas: del 1 al 10 de junio de 2024.&nbsp; Documento informaci\u00f3n &nbsp; &nbsp; &nbsp;&#46;&#46;&#46;<\/p>\n","protected":false},"author":1,"featured_media":0,"parent":0,"menu_order":0,"comment_status":"closed","ping_status":"open","template":"page-cs.php","meta":{"ngg_post_thumbnail":0,"footnotes":"","_mc_calendar":[]},"aioseo_notices":[],"_links":{"self":[{"href":"https:\/\/blogsaverroes.juntadeandalucia.es\/ceipvaldeolletas\/wp-json\/wp\/v2\/pages\/77"}],"collection":[{"href":"https:\/\/blogsaverroes.juntadeandalucia.es\/ceipvaldeolletas\/wp-json\/wp\/v2\/pages"}],"about":[{"href":"https:\/\/blogsaverroes.juntadeandalucia.es\/ceipvaldeolletas\/wp-json\/wp\/v2\/types\/page"}],"author":[{"embeddable":true,"href":"https:\/\/blogsaverroes.juntadeandalucia.es\/ceipvaldeolletas\/wp-json\/wp\/v2\/users\/1"}],"replies":[{"embeddable":true,"href":"https:\/\/blogsaverroes.juntadeandalucia.es\/ceipvaldeolletas\/wp-json\/wp\/v2\/comments?post=77"}],"version-history":[{"count":8,"href":"https:\/\/blogsaverroes.juntadeandalucia.es\/ceipvaldeolletas\/wp-json\/wp\/v2\/pages\/77\/revisions"}],"predecessor-version":[{"id":2526,"href":"https:\/\/blogsaverroes.juntadeandalucia.es\/ceipvaldeolletas\/wp-json\/wp\/v2\/pages\/77\/revisions\/2526"}],"wp:attachment":[{"href":"https:\/\/blogsaverroes.juntadeandalucia.es\/ceipvaldeolletas\/wp-json\/wp\/v2\/media?parent=77"}],"curies":[{"name":"wp","href":"https:\/\/api.w.org\/{rel}","templated":true}]}}