{"id":871,"date":"2015-03-16T07:25:46","date_gmt":"2015-03-16T07:25:46","guid":{"rendered":"http:\/\/blogsaverroes.juntadeandalucia.es\/pre\/ceip\/?page_id=106"},"modified":"2025-03-19T17:56:58","modified_gmt":"2025-03-19T17:56:58","slug":"actividades-extraescolares","status":"publish","type":"page","link":"https:\/\/blogsaverroes.juntadeandalucia.es\/ceipvaldeolletas\/actividades-extraescolares\/","title":{"rendered":"Actividades Extraescolares"},"content":{"rendered":"<h1 style=\"text-align: center\"><strong><span style=\"color: #ff00ff\">BALONCESTO<\/span><\/strong><\/h1>\n<p style=\"text-align: center\"><a href=\"https:\/\/blogsaverroes.juntadeandalucia.es\/ceipvaldeolletas\/files\/2022\/01\/Baloncesto.jpg\"><img loading=\"lazy\" decoding=\"async\" class=\"alignnone wp-image-2460\" src=\"https:\/\/blogsaverroes.juntadeandalucia.es\/ceipvaldeolletas\/files\/2022\/01\/Baloncesto-300x211.jpg\" alt=\"\" width=\"417\" height=\"293\" srcset=\"https:\/\/blogsaverroes.juntadeandalucia.es\/ceipvaldeolletas\/files\/2022\/01\/Baloncesto-300x211.jpg 300w, https:\/\/blogsaverroes.juntadeandalucia.es\/ceipvaldeolletas\/files\/2022\/01\/Baloncesto-768x541.jpg 768w, https:\/\/blogsaverroes.juntadeandalucia.es\/ceipvaldeolletas\/files\/2022\/01\/Baloncesto.jpg 1024w\" sizes=\"(max-width: 417px) 100vw, 417px\" \/><\/a><\/p>\n<h1 style=\"text-align: center\"><span style=\"color: #ff6600\">PRESENTACI\u00d3N PROYECTOS 2025\/2026<\/span><\/h1>\n<p style=\"text-align: justify\"><span style=\"font-family: Arial, sans-serif;font-size: 24px;color: #e31c1c;font-weight: bold\">PRESENTACI\u00d3N DE PROYECTOS,&nbsp;<span class=\"palette-color1-1\">curso escolar 2025\/2026,<\/span>&nbsp;PARA LA \u00abUtilizaci\u00f3n de las instalaciones de los centros docentes p\u00fablicos fuera del horario escolar&nbsp;\u00ab.<\/span><\/p>\n<ul>\n<li>\n<h1><span class=\"palette-color1-2\" style=\"font-family: Arial, sans-serif;font-size: 14px;font-weight: bold\"><span style=\"color: #99cc00\">Plazo para la presentaci\u00f3n de los Proyectos en el centro:<span style=\"color: #3366ff\"> hasta el viernes 11 de abril de 2025.<\/span><\/span><\/span><\/h1>\n<\/li>\n<li>\n<h1><span class=\"palette-color1-2\" style=\"font-family: Arial, sans-serif;font-size: 14px;font-weight: bold;color: #99cc00\">Lugar de presentaci\u00f3n: Secretar\u00eda del centro o envi\u00e1ndolo por correo electr\u00f3nico <span style=\"color: #3366ff\">29010304.edu@juntadeandalucia.es<\/span><\/span><\/h1>\n<\/li>\n<\/ul>\n<h1 class=\"titulo\" style=\"text-align: justify\"><span class=\"palette-color1-2\" style=\"font-family: Arial, sans-serif;font-size: 14px\"><a class=\" link\" href=\"https:\/\/www.juntadeandalucia.es\/eboja\/2017\/78\/BOJA17-078-00027-7095-01_00112396.pdf\">Orden de 17 abril de 2017, por la que se regula la organizaci\u00f3n y el funcionamiento de los servicios complementarios de aula matinal, comedor escolar y actividades extraescolares, as\u00ed como el uso de las instalaciones de los centros docentes p\u00fablicos de la Comunidad Aut\u00f3noma de Andaluc\u00eda fuera del horario escolar.<\/a><\/span><\/h1>\n<p>&nbsp;<\/p>\n<p><span style=\"text-decoration: underline;color: #f566f0\"><span style=\"font-family: Arial, sans-serif;font-size: 20px;font-weight: bold;text-decoration: underline\">PROYECTOS PRESENTADOS PARA EL CURSO ESCOLAR 2025\/2026:<\/span><\/span><\/p>\n<p>&nbsp;<\/p>\n<p style=\"text-align: left\"><a href=\"https:\/\/blogsaverroes.juntadeandalucia.es\/ceipvaldeolletas\/files\/2015\/03\/talleres.jpg\"><img loading=\"lazy\" decoding=\"async\" class=\" alignnone wp-image-228 size-medium alignleft\" src=\"https:\/\/blogsaverroes.juntadeandalucia.es\/ceipvaldeolletas\/files\/2015\/03\/talleres-300x199.jpg\" alt=\"\" width=\"300\" height=\"199\" srcset=\"https:\/\/blogsaverroes.juntadeandalucia.es\/ceipvaldeolletas\/files\/2015\/03\/talleres-300x199.jpg 300w, https:\/\/blogsaverroes.juntadeandalucia.es\/ceipvaldeolletas\/files\/2015\/03\/talleres-1024x682.jpg 1024w, https:\/\/blogsaverroes.juntadeandalucia.es\/ceipvaldeolletas\/files\/2015\/03\/talleres.jpg 1280w\" sizes=\"(max-width: 300px) 100vw, 300px\" \/><\/a>Las actividades extraescolares tienen lugar en horario de tarde, de lunes a jueves y en horario de 16:00 a 18:00 horas, y abarcan aspectos como la lectura, el deporte, la m\u00fasica, la inform\u00e1tica, los idiomas, la danza o el teatro, entre otras actividades l\u00fadicas y formativas.<\/p>\n<p>&nbsp;<\/p>\n<p>&nbsp;<\/p>\n<p>&nbsp;<\/p>\n<p>&nbsp;<\/p>\n<p>&nbsp;<\/p>\n<p>&nbsp;<\/p>\n<p>&nbsp;<\/p>\n<p>Talleres<\/p>\n<p>Horarios<\/p>\n<p>Solicitudes<\/p>\n<p>Precios<\/p>\n","protected":false},"excerpt":{"rendered":"<p>BALONCESTO PRESENTACI\u00d3N PROYECTOS 2025\/2026 PRESENTACI\u00d3N DE PROYECTOS,&nbsp;curso escolar 2025\/2026,&nbsp;PARA LA \u00abUtilizaci\u00f3n de las instalaciones de los centros docentes p\u00fablicos fuera del horario escolar&nbsp;\u00ab. Plazo para la presentaci\u00f3n de los Proyectos en el centro: hasta&#46;&#46;&#46;<\/p>\n","protected":false},"author":1,"featured_media":0,"parent":0,"menu_order":0,"comment_status":"closed","ping_status":"open","template":"page-cs.php","meta":{"ngg_post_thumbnail":0,"footnotes":"","_mc_calendar":[]},"aioseo_notices":[],"_links":{"self":[{"href":"https:\/\/blogsaverroes.juntadeandalucia.es\/ceipvaldeolletas\/wp-json\/wp\/v2\/pages\/871"}],"collection":[{"href":"https:\/\/blogsaverroes.juntadeandalucia.es\/ceipvaldeolletas\/wp-json\/wp\/v2\/pages"}],"about":[{"href":"https:\/\/blogsaverroes.juntadeandalucia.es\/ceipvaldeolletas\/wp-json\/wp\/v2\/types\/page"}],"author":[{"embeddable":true,"href":"https:\/\/blogsaverroes.juntadeandalucia.es\/ceipvaldeolletas\/wp-json\/wp\/v2\/users\/1"}],"replies":[{"embeddable":true,"href":"https:\/\/blogsaverroes.juntadeandalucia.es\/ceipvaldeolletas\/wp-json\/wp\/v2\/comments?post=871"}],"version-history":[{"count":12,"href":"https:\/\/blogsaverroes.juntadeandalucia.es\/ceipvaldeolletas\/wp-json\/wp\/v2\/pages\/871\/revisions"}],"predecessor-version":[{"id":2613,"href":"https:\/\/blogsaverroes.juntadeandalucia.es\/ceipvaldeolletas\/wp-json\/wp\/v2\/pages\/871\/revisions\/2613"}],"wp:attachment":[{"href":"https:\/\/blogsaverroes.juntadeandalucia.es\/ceipvaldeolletas\/wp-json\/wp\/v2\/media?parent=871"}],"curies":[{"name":"wp","href":"https:\/\/api.w.org\/{rel}","templated":true}]}}