{"id":99,"date":"2015-03-16T07:22:54","date_gmt":"2015-03-16T07:22:54","guid":{"rendered":"http:\/\/blogsaverroes.juntadeandalucia.es\/pre\/ceip\/?page_id=99"},"modified":"2025-02-01T15:57:17","modified_gmt":"2025-02-01T15:57:17","slug":"comedor-escolar","status":"publish","type":"page","link":"https:\/\/blogsaverroes.juntadeandalucia.es\/ceipvaldeolletas\/comedor-escolar\/","title":{"rendered":"Comedor escolar"},"content":{"rendered":"<p style=\"text-align: justify\"><strong><span style=\"color: #339966\">Estimadas familias:<\/span><\/strong><\/p>\n<p style=\"text-align: justify\"><strong><span style=\"color: #339966\">Con el fin de facilitar los servicios del Comedor Escolar en el centro, cada mes ser\u00e1 publicado el men\u00fa en la web del colegio para todo el alumnado, excepto quienes tienen uno personalizado que deber\u00e1 ser consultado en la p\u00e1gina web de la empresa:&nbsp;<a class=\" link\" style=\"color: #339966\" title=\"Acceder a la Web &quot;Catering El C\u00e1ntaro&quot;\" href=\"http:\/\/www.cateringelcantaro.com\/3xl-login_padres.php\" target=\"_blank\" rel=\"noopener noreferrer\">\u00abCatering El C\u00e1ntaro\u00bb<\/a><\/span><\/strong><\/p>\n<p style=\"text-align: justify\"><strong><span style=\"color: #339966\">Para ayudar en la comunicaci\u00f3n directa con el servicio de comedor respecto a la ausencia o asistencia del alumnado puede realizarse por correo electr\u00f3nico o tel\u00e9fono con 3 d\u00edas de antelaci\u00f3n conforme a la&nbsp;<a class=\" link\" style=\"color: #339966\" title=\"PLIEGO DE PRESCRIPCIONES T\u00c9CNICAS\" href=\"http:\/\/ceipvaldeolletasmarbella.es\/data\/documents\/Comedor-Legislacion-Ausencia.pdf\" target=\"_blank\" rel=\"noopener noreferrer\">legislaci\u00f3n vigente<\/a>. Incluso pueden comunicar ausencias por semanas o d\u00edas concretos. Respecto a cualquier incidencia, en cualquier momento puede ser indicada.<\/span><\/strong><\/p>\n<p style=\"text-align: justify\"><strong><span style=\"color: #339966\">Por&nbsp;<span style=\"text-decoration: underline\">tel\u00e9fono<\/span>&nbsp;o en el&nbsp;<span style=\"text-decoration: underline\">asunto del correo<\/span>&nbsp;es necesario&nbsp;<span style=\"text-decoration: underline\">indicar<\/span>:<\/span><\/strong><\/p>\n<p style=\"text-align: justify\"><strong><span style=\"color: #339966\">&nbsp;&nbsp;&nbsp;&nbsp;&nbsp;&nbsp;&nbsp;&nbsp;CEIP Valdeolletas, Curso y nombre completo de la alumna\/o<\/span><\/strong><\/p>\n<p style=\"text-align: justify\"><strong><span style=\"color: #339966\"><span style=\"text-decoration: underline\">Tel\u00e9fonos<\/span>:<\/span><\/strong><\/p>\n<ul>\n<li><strong><span style=\"color: #339966\">Catering El C\u00e1ntaro: 951 102 748 (Atenci\u00f3n de 09:00 a 16:00 hr)<\/span><\/strong><\/li>\n<\/ul>\n<ul>\n<li><strong><span style=\"color: #339966\">Comedor: 663 26 79 48 (Atenci\u00f3n de 09:00 a 16:00 hr)<\/span><\/strong><\/li>\n<\/ul>\n<p style=\"text-align: justify\"><strong><span style=\"color: #339966\">Es recomendable enviar el correo a las dos direcciones indicadas a continuaci\u00f3n:<\/span><\/strong><\/p>\n<blockquote>\n<ul>\n<li><strong><span style=\"color: #339966\">cateringelcantaro@gmail.com<\/span><\/strong><\/li>\n<\/ul>\n<\/blockquote>\n<ul>\n<li><strong><span style=\"color: #339966\">info@cateringelcantaro.com<\/span><\/strong><\/li>\n<\/ul>\n<p><strong><span style=\"color: #339966\">&nbsp;<img loading=\"lazy\" decoding=\"async\" id=\"mce-4586\" class=\"image-block caption-over-image mceImage aligncenter\" src=\"https:\/\/pleskw2012-3.axarnet.es:8443\/sitebuilder\/sites\/c9\/c98fb054543d1d5e3734d7c12c1dfe47\/attachments\/Image\/menulogo-1-300x116_1.png?1680874485594\" alt=\"\" width=\"200\" height=\"77\"><\/span><\/strong><\/p>\n<p style=\"text-align: center\"><a href=\"https:\/\/blogsaverroes.juntadeandalucia.es\/ceipvaldeolletas\/files\/2025\/02\/Menu-febrero-2025.pdf\">Men\u00fa febrero 2025<\/a><\/p>\n<p>&nbsp;<\/p>\n<p><strong><span style=\"color: #339966\">Los comedores escolares son un servicio complementario que resulta de gran utilidad a padres y madres para ayudarles a&nbsp;conciliar la vida laboral y familiar. Tienen una duraci\u00f3n de hasta dos horas desde que acaba la jornada escolar de la ma\u00f1ana (de 14.00 a 16.00 horas).<\/span><\/strong><\/p>\n<p><strong><span style=\"color: #339966\">Los comedores son adem\u00e1s una pieza importante&nbsp;en todas las medidas dirigidas a mejorar los h\u00e1bitos alimenticios de los ni\u00f1os y ni\u00f1as y prevenir problemas de salud como la obesidad.<\/span><\/strong><\/p>\n<p><strong><span style=\"color: #339966\">Los comedores escolares de los centros p\u00fablicos andaluces promueven una alimentaci\u00f3n saludable que est\u00e1 supervisada por nutricionistas y que, entre otros aspectos, se caracteriza por:<\/span><\/strong><\/p>\n<p><strong><span style=\"color: #339966\">Una mayor proporci\u00f3n de verdura en los men\u00fas<\/span><\/strong><\/p>\n<p><strong><span style=\"color: #339966\">Fruta fresca como postre al menos cuatro d\u00edas a la semana<\/span><\/strong><\/p>\n<p><strong><span style=\"color: #339966\">Uso de aceite de oliva virgen extra<\/span><\/strong><\/p>\n<p><strong><span style=\"color: #339966\">M\u00e1s pescado que carne, que debe ser magra<\/span><\/strong><\/p>\n<p><strong><span style=\"color: #339966\">Prohibici\u00f3n de los alimentos precocinados y limitaci\u00f3n de los fritos<\/span><\/strong><\/p>\n<p><strong><span style=\"color: #339966\">Apuesta por la dieta mediterr\u00e1nea y los productos ecol\u00f3gicos<\/span><\/strong><\/p>\n<p>&nbsp;<\/p>\n<h3><a href=\"https:\/\/blogsaverroes.juntadeandalucia.es\/ceipvaldeolletas\/files\/2023\/04\/Normas-comedor-2022-2023.pdf\">Normas comedor 2023-2024<\/a><\/h3>\n","protected":false},"excerpt":{"rendered":"<p>Estimadas familias: Con el fin de facilitar los servicios del Comedor Escolar en el centro, cada mes ser\u00e1 publicado el men\u00fa en la web del colegio para todo el alumnado, excepto quienes tienen uno&#46;&#46;&#46;<\/p>\n","protected":false},"author":1,"featured_media":0,"parent":0,"menu_order":0,"comment_status":"closed","ping_status":"open","template":"page-cs.php","meta":{"ngg_post_thumbnail":0,"footnotes":"","_mc_calendar":[]},"aioseo_notices":[],"_links":{"self":[{"href":"https:\/\/blogsaverroes.juntadeandalucia.es\/ceipvaldeolletas\/wp-json\/wp\/v2\/pages\/99"}],"collection":[{"href":"https:\/\/blogsaverroes.juntadeandalucia.es\/ceipvaldeolletas\/wp-json\/wp\/v2\/pages"}],"about":[{"href":"https:\/\/blogsaverroes.juntadeandalucia.es\/ceipvaldeolletas\/wp-json\/wp\/v2\/types\/page"}],"author":[{"embeddable":true,"href":"https:\/\/blogsaverroes.juntadeandalucia.es\/ceipvaldeolletas\/wp-json\/wp\/v2\/users\/1"}],"replies":[{"embeddable":true,"href":"https:\/\/blogsaverroes.juntadeandalucia.es\/ceipvaldeolletas\/wp-json\/wp\/v2\/comments?post=99"}],"version-history":[{"count":17,"href":"https:\/\/blogsaverroes.juntadeandalucia.es\/ceipvaldeolletas\/wp-json\/wp\/v2\/pages\/99\/revisions"}],"predecessor-version":[{"id":2597,"href":"https:\/\/blogsaverroes.juntadeandalucia.es\/ceipvaldeolletas\/wp-json\/wp\/v2\/pages\/99\/revisions\/2597"}],"wp:attachment":[{"href":"https:\/\/blogsaverroes.juntadeandalucia.es\/ceipvaldeolletas\/wp-json\/wp\/v2\/media?parent=99"}],"curies":[{"name":"wp","href":"https:\/\/api.w.org\/{rel}","templated":true}]}}