{"id":141,"date":"2015-03-17T07:13:24","date_gmt":"2015-03-17T07:13:24","guid":{"rendered":"http:\/\/blogsaverroes.juntadeandalucia.es\/pre\/ceip\/?page_id=141"},"modified":"2026-03-02T16:59:58","modified_gmt":"2026-03-02T16:59:58","slug":"escolarizacion","status":"publish","type":"page","link":"https:\/\/blogsaverroes.juntadeandalucia.es\/ceipvaldesleal\/escolarizacion\/","title":{"rendered":"Escolarizaci\u00f3n"},"content":{"rendered":"<p>&nbsp;<\/p>\n<p>Enlace al <a href=\"https:\/\/www.juntadeandalucia.es\/educacion\/portales\/web\/escolarizacion\/infantil-a-bachillerato\" target=\"_blank\" rel=\"noopener noreferrer\"><strong>PORTAL DE ESCOLARIZACI\u00d3N<\/strong><\/a>.<\/p>\n<p><a href=\"https:\/\/www.juntadeandalucia.es\/educacion\/portales\/web\/escolarizacion\/infantil-a-bachillerato\/normativa\" target=\"_blank\" rel=\"noopener noreferrer\"><strong>Normativa<\/strong><\/a> sobre el proceso de escolarizaci\u00f3n.<\/p>\n<p>Enlace para consultar&nbsp;<a href=\"https:\/\/www.juntadeandalucia.es\/educacion\/educasig\/escolarizacion\/\" target=\"_blank\" rel=\"noopener noreferrer\">centro y \u00e1reas de influencia<\/a> admisi\u00f3n 2026-2027<\/p>\n<p><a href=\"https:\/\/drive.google.com\/file\/d\/1oZ4BCXawlVDcDd5qZt2NsbiHcKWw6prI\/view?usp=sharing\" target=\"_blank\" rel=\"noopener\">Informaci\u00f3n general ADMISI\u00d3N curso 26-27<\/a><\/p>\n<p><a href=\"https:\/\/drive.google.com\/file\/d\/1J9yhDYwVLVsyalTlHHflXICLWz7OmjMg\/view?usp=sharing\" target=\"_blank\" rel=\"noopener\">Documentaci\u00f3n inicial admisi\u00f3n<\/a><\/p>\n<p><a href=\"https:\/\/drive.google.com\/file\/d\/1d0g0Csg2M5ZQ4qmoeEASF3WrkfsQTFAB\/view?usp=sharing\" target=\"_blank\" rel=\"noopener\">Mapa de influencia<\/a><\/p>\n<p><a href=\"https:\/\/drive.google.com\/file\/d\/128hQIe6rrAXa0kuFEoOA8sXk9cJHmOeK\/view?usp=sharing\" target=\"_blank\" rel=\"noopener\">Callejero del \u00e1rea de influencia<\/a><\/p>\n<p><a href=\"https:\/\/www.juntadeandalucia.es\/educacion\/portales\/documents\/100629\/669352\/3_Anexo%20III_002535_5.pdf\/16050806-cd1f-89da-678f-001bb54aab73?version=1.1\" target=\"_blank\" rel=\"noopener\">Impreso Solicitud-Anexo III<\/a><\/p>\n<p>El horario de Secretar\u00eda es de 9:30 a 11:30.<\/p>\n<p>Si usted desea presentar solicitud de forma presencial, es necesario pedir cita previa pinchando en el enlace:<a href=\"https:\/\/calendar.app.google\/BFwqvLSUFBrGspwB8\" target=\"_blank\" rel=\"noopener\">https:\/\/calendar.app.google\/BFwqvLSUFBrGspwB8<\/a><\/p>\n<p>&nbsp;<\/p>\n<p>&nbsp;<\/p>\n<p><a href=\"https:\/\/blogsaverroes.juntadeandalucia.es\/ceipvaldesleal\/files\/2024\/09\/solicitud_baja_paf.pdf\" target=\"_blank\" rel=\"noopener\"><strong>Solicitud baja<\/strong><strong> servicios complementarios aula matinal, comedor, actividades extraescolares curso 25-26<\/strong><\/a><\/p>\n<p><span style=\"font-size: 14pt\"><strong><span style=\"font-size: 12pt\">&nbsp;Impreso bonificaciones Plan de Apertura<\/span> <a href=\"https:\/\/blogsaverroes.juntadeandalucia.es\/ceipvaldesleal\/files\/2025\/09\/002563-A05-V02-00.pdf\" target=\"_blank\" rel=\"noopener\">&nbsp;Anexo V Solicitud de bonificaci\u00f3n AM,CE y AAEE<\/a><\/strong><\/span><\/p>\n<p><a href=\"https:\/\/blogsaverroes.juntadeandalucia.es\/ceipvaldesleal\/files\/2024\/09\/ANEXO_II_SER.pdf\" target=\"_blank\" rel=\"noopener\"><strong>Anexo II&nbsp; solicitud servicio aula matinal, comedor escolar o actividades extraescolares curso 25-26<\/strong><\/a><\/p>\n<p>&nbsp;<\/p>\n<p>&nbsp;<\/p>\n<p>&nbsp;<\/p>\n<p>&nbsp;<\/p>\n<p>&nbsp;<\/p>\n<p>&nbsp;<\/p>\n<p>&nbsp;<\/p>\n<p><span style=\"font-size: 18pt\">Enlace para consultar&nbsp;<a href=\"https:\/\/www.juntadeandalucia.es\/educacion\/educasig\/escolarizacion\/\" target=\"_blank\" rel=\"noopener noreferrer\">centro y \u00e1reas de influencia<\/a> admisi\u00f3n 2025-2026<\/span><\/p>\n<p>&nbsp;<\/p>\n<p>&nbsp;<\/p>\n<p>&nbsp;<\/p>\n<p><strong>Impresos-Sobre de matriculaci\u00f3n alumnos nuevos infantil 3 a\u00f1os curso 25-26<\/strong><\/p>\n<p><strong>Impresos-Sobre de matriculaci\u00f3n resto del alumnado ya del centro (inf. 4 a\u00f1os a 6\u00baprimaria) curso 25-26<\/strong><\/p>\n<p>&nbsp;<\/p>\n<p>&nbsp;<\/p>\n<p>&nbsp;<\/p>\n<p>&nbsp;<\/p>\n<p>&nbsp;<\/p>\n<p>&nbsp;<\/p>\n<p>&nbsp;<\/p>\n<p>&nbsp;<\/p>\n<p>&nbsp;<\/p>\n<p>&nbsp;<\/p>\n","protected":false},"excerpt":{"rendered":"<p>&nbsp; Enlace al PORTAL DE ESCOLARIZACI\u00d3N. Normativa sobre el proceso de escolarizaci\u00f3n. Enlace para consultar&nbsp;centro y \u00e1reas de influencia admisi\u00f3n 2026-2027 Informaci\u00f3n general ADMISI\u00d3N curso 26-27 Documentaci\u00f3n inicial admisi\u00f3n Mapa de influencia Callejero del \u00e1rea de influencia Impreso Solicitud-Anexo III El horario de Secretar\u00eda es de 9:30 a 11:30. Si usted desea presentar solicitud de &hellip; <\/p>\n<p><a class=\"more-link btn\" href=\"https:\/\/blogsaverroes.juntadeandalucia.es\/ceipvaldesleal\/escolarizacion\/\">Seguir leyendo<\/a><\/p>\n","protected":false},"author":1,"featured_media":0,"parent":0,"menu_order":0,"comment_status":"closed","ping_status":"open","template":"","meta":{"ngg_post_thumbnail":0,"footnotes":"","_mc_calendar":[]},"aioseo_notices":[],"_links":{"self":[{"href":"https:\/\/blogsaverroes.juntadeandalucia.es\/ceipvaldesleal\/wp-json\/wp\/v2\/pages\/141"}],"collection":[{"href":"https:\/\/blogsaverroes.juntadeandalucia.es\/ceipvaldesleal\/wp-json\/wp\/v2\/pages"}],"about":[{"href":"https:\/\/blogsaverroes.juntadeandalucia.es\/ceipvaldesleal\/wp-json\/wp\/v2\/types\/page"}],"author":[{"embeddable":true,"href":"https:\/\/blogsaverroes.juntadeandalucia.es\/ceipvaldesleal\/wp-json\/wp\/v2\/users\/1"}],"replies":[{"embeddable":true,"href":"https:\/\/blogsaverroes.juntadeandalucia.es\/ceipvaldesleal\/wp-json\/wp\/v2\/comments?post=141"}],"version-history":[{"count":192,"href":"https:\/\/blogsaverroes.juntadeandalucia.es\/ceipvaldesleal\/wp-json\/wp\/v2\/pages\/141\/revisions"}],"predecessor-version":[{"id":6074,"href":"https:\/\/blogsaverroes.juntadeandalucia.es\/ceipvaldesleal\/wp-json\/wp\/v2\/pages\/141\/revisions\/6074"}],"wp:attachment":[{"href":"https:\/\/blogsaverroes.juntadeandalucia.es\/ceipvaldesleal\/wp-json\/wp\/v2\/media?parent=141"}],"curies":[{"name":"wp","href":"https:\/\/api.w.org\/{rel}","templated":true}]}}