{"id":49,"date":"2015-03-13T08:47:05","date_gmt":"2015-03-13T08:47:05","guid":{"rendered":"http:\/\/blogsaverroes.juntadeandalucia.es\/pre\/ceip\/?page_id=49"},"modified":"2024-11-22T19:25:08","modified_gmt":"2024-11-22T19:25:08","slug":"proyecto-educativo","status":"publish","type":"page","link":"https:\/\/blogsaverroes.juntadeandalucia.es\/ceipvaldesleal\/proyecto-educativo\/","title":{"rendered":"Plan de Centro"},"content":{"rendered":"<p>&nbsp;<\/p>\n<p>Un centro se define en gran medida por su <strong>Plan de Centro<\/strong>. En \u00e9l se plasma el modelo educativo y la concreci\u00f3n de la normativa que un centro realiza respecto a las ense\u00f1anzas que imparte. Aspectos tales como las finales educativas, objetivos, atenci\u00f3n a la diversidad, etc.<\/p>\n<p>Que la web de un centro informe de su Plan de Centro es una apuesta clara por la <strong>transparencia<\/strong>.<\/p>\n<p>&nbsp;<\/p>\n<p><strong>DOCUMENTACI\u00d3N<\/strong><\/p>\n<p>Enlace al<a href=\"https:\/\/blogsaverroes.juntadeandalucia.es\/ceipvaldesleal\/files\/2020\/12\/PROYECTO-EDUCATIVO-CEIP-VALD\u00c9S-LEAL-NOVIEMBRE-2019.pdf\" target=\"_blank\" rel=\"noopener noreferrer\">&nbsp;Proyecto Educativo CEIP Vald\u00e9s Leal<\/a><\/p>\n<p>Enlace al <a href=\"https:\/\/blogsaverroes.juntadeandalucia.es\/ceipvaldesleal\/files\/2020\/12\/ROF-Vald\u00e9s-Leal-2019.pdf\" target=\"_blank\" rel=\"noopener noreferrer\">ROF<\/a><\/p>\n<p>Enlace al <a href=\"https:\/\/blogsaverroes.juntadeandalucia.es\/ceipvaldesleal\/files\/2020\/12\/ProydeGestion_Vald\u00e9s_AprobdoClaus25_10_2011_Cons_08_11_11.pdf\" target=\"_blank\" rel=\"noopener noreferrer\">Proyecto de Gesti\u00f3n<\/a><\/p>\n<p>Enlace al&nbsp; <a href=\"https:\/\/blogsaverroes.juntadeandalucia.es\/ceipvaldesleal\/files\/2024\/11\/Plan-de-actuacion-Digital-curso-2024-25.docx.pdf\" target=\"_blank\" rel=\"noopener\">Plan de Actuaci\u00f3n Digital (PAD)<\/a><\/p>\n<p>Enlace a <a href=\"https:\/\/drive.google.com\/file\/d\/1yhwUHXlQianTWFLgQ0lVJTFytyAgACRo\/view?usp=sharing\" target=\"_blank\" rel=\"noopener\">Criterios de Evaluaci\u00f3n<\/a><\/p>\n<p>&nbsp;<\/p>\n<p>&nbsp;<\/p>\n","protected":false},"excerpt":{"rendered":"<p>&nbsp; Un centro se define en gran medida por su Plan de Centro. En \u00e9l se plasma el modelo educativo y la concreci\u00f3n de la normativa que un centro realiza respecto a las ense\u00f1anzas que imparte. Aspectos tales como las finales educativas, objetivos, atenci\u00f3n a la diversidad, etc. Que la web de un centro informe &hellip; <\/p>\n<p><a class=\"more-link btn\" href=\"https:\/\/blogsaverroes.juntadeandalucia.es\/ceipvaldesleal\/proyecto-educativo\/\">Seguir leyendo<\/a><\/p>\n","protected":false},"author":1,"featured_media":0,"parent":0,"menu_order":0,"comment_status":"closed","ping_status":"open","template":"","meta":{"ngg_post_thumbnail":0,"footnotes":"","_mc_calendar":[]},"aioseo_notices":[],"_links":{"self":[{"href":"https:\/\/blogsaverroes.juntadeandalucia.es\/ceipvaldesleal\/wp-json\/wp\/v2\/pages\/49"}],"collection":[{"href":"https:\/\/blogsaverroes.juntadeandalucia.es\/ceipvaldesleal\/wp-json\/wp\/v2\/pages"}],"about":[{"href":"https:\/\/blogsaverroes.juntadeandalucia.es\/ceipvaldesleal\/wp-json\/wp\/v2\/types\/page"}],"author":[{"embeddable":true,"href":"https:\/\/blogsaverroes.juntadeandalucia.es\/ceipvaldesleal\/wp-json\/wp\/v2\/users\/1"}],"replies":[{"embeddable":true,"href":"https:\/\/blogsaverroes.juntadeandalucia.es\/ceipvaldesleal\/wp-json\/wp\/v2\/comments?post=49"}],"version-history":[{"count":15,"href":"https:\/\/blogsaverroes.juntadeandalucia.es\/ceipvaldesleal\/wp-json\/wp\/v2\/pages\/49\/revisions"}],"predecessor-version":[{"id":5728,"href":"https:\/\/blogsaverroes.juntadeandalucia.es\/ceipvaldesleal\/wp-json\/wp\/v2\/pages\/49\/revisions\/5728"}],"wp:attachment":[{"href":"https:\/\/blogsaverroes.juntadeandalucia.es\/ceipvaldesleal\/wp-json\/wp\/v2\/media?parent=49"}],"curies":[{"name":"wp","href":"https:\/\/api.w.org\/{rel}","templated":true}]}}