{"id":1032,"date":"2019-05-24T08:55:14","date_gmt":"2019-05-24T07:55:14","guid":{"rendered":"http:\/\/www.colegiovalerianolopez.com\/?page_id=1032"},"modified":"2022-12-04T12:05:36","modified_gmt":"2022-12-04T11:05:36","slug":"programa-creciendo-en-salud","status":"publish","type":"page","link":"https:\/\/blogsaverroes.juntadeandalucia.es\/ceipvalerianolopez\/proyectos\/programa-creciendo-en-salud\/","title":{"rendered":"Creciendo en Salud"},"content":{"rendered":"<p><img loading=\"lazy\" decoding=\"async\" class=\"aligncenter wp-image-2019 size-large\" src=\"https:\/\/blogsaverroes.juntadeandalucia.es\/ceipvalerianolopez\/files\/2021\/11\/Creciendo-en-Salud-e1629993630188-1024x727.png\" alt=\"\" width=\"832\" height=\"591\" srcset=\"https:\/\/blogsaverroes.juntadeandalucia.es\/ceipvalerianolopez\/files\/2021\/11\/Creciendo-en-Salud-e1629993630188-1024x727.png 1024w, https:\/\/blogsaverroes.juntadeandalucia.es\/ceipvalerianolopez\/files\/2021\/11\/Creciendo-en-Salud-e1629993630188-300x213.png 300w, https:\/\/blogsaverroes.juntadeandalucia.es\/ceipvalerianolopez\/files\/2021\/11\/Creciendo-en-Salud-e1629993630188-768x545.png 768w, https:\/\/blogsaverroes.juntadeandalucia.es\/ceipvalerianolopez\/files\/2021\/11\/Creciendo-en-Salud-e1629993630188.png 1200w\" sizes=\"(max-width: 832px) 100vw, 832px\" \/><\/p>\n<p>Las personas podemos tomar decisiones sobre nuestros propios estilos y condiciones de vida, por ello, resulta fundamental capacitar al alumnado en esta toma de decisiones, para que la elecci\u00f3n m\u00e1s sencilla sea la m\u00e1s saludable, promoviendo el aprendizaje activo, la interacci\u00f3n y la integraci\u00f3n social, el desarrollo de la capacidad cr\u00edtica y creativa, as\u00ed como, la b\u00fasqueda de soluciones ante situaciones de riesgo para la salud.<\/p>\n<p>As\u00ed, una alimentaci\u00f3n sana es fundamental porque ayuda al cuerpo a recuperar la vitalidad para poder llevar a cabo las actividades diarias, esfuerzos f\u00edsicos y mentales de su d\u00eda a d\u00eda.<\/p>\n<p>Pero es ahora, en la complicada y extra\u00f1a realidad actual que nos toca vivir, donde hacemos frente a la Pandemia COVID 19, cuando m\u00e1s pendiente debemos estar de la salud f\u00edsica, mental y emocional. Para ello, debemos ser muy estrictos a la hora de tomar las medidas y precauciones necesarias y correctas en cuanto a seguridad se refiere. A lo largo de este curso las actividades se desarrollar\u00e1n siguiendo las medidas recogidas tanto en el protocolo del centro como aquellas nuevas medidas que la Junta de Andaluc\u00eda o a nivel central sugieran. Siendo objetivo primordial la seguridad de nuestro alumnado en estos tiempos dif\u00edciles.<\/p>\n<p>Pulsa aqu\u00ed para conocer las \u00faltimas actividades realizadas en el centro para este plan:<\/p>\n<p><a href=\"https:\/\/blogsaverroes.juntadeandalucia.es\/ceipvalerianolopez\/category\/planes-y-programas\/creciendo-en-salud\/\">https:\/\/blogsaverroes.juntadeandalucia.es\/ceipvalerianolopez\/category\/planes-y-programas\/creciendo-en-salud\/<\/a><\/p>\n","protected":false},"excerpt":{"rendered":"<p>Las personas podemos tomar decisiones sobre nuestros propios estilos y condiciones de vida, por ello, resulta fundamental capacitar al alumnado en esta toma de decisiones,&hellip;<\/p>\n","protected":false},"author":8377,"featured_media":0,"parent":202,"menu_order":0,"comment_status":"open","ping_status":"closed","template":"","meta":{"ngg_post_thumbnail":0,"footnotes":""},"aioseo_notices":[],"_links":{"self":[{"href":"https:\/\/blogsaverroes.juntadeandalucia.es\/ceipvalerianolopez\/wp-json\/wp\/v2\/pages\/1032"}],"collection":[{"href":"https:\/\/blogsaverroes.juntadeandalucia.es\/ceipvalerianolopez\/wp-json\/wp\/v2\/pages"}],"about":[{"href":"https:\/\/blogsaverroes.juntadeandalucia.es\/ceipvalerianolopez\/wp-json\/wp\/v2\/types\/page"}],"author":[{"embeddable":true,"href":"https:\/\/blogsaverroes.juntadeandalucia.es\/ceipvalerianolopez\/wp-json\/wp\/v2\/users\/8377"}],"replies":[{"embeddable":true,"href":"https:\/\/blogsaverroes.juntadeandalucia.es\/ceipvalerianolopez\/wp-json\/wp\/v2\/comments?post=1032"}],"version-history":[{"count":4,"href":"https:\/\/blogsaverroes.juntadeandalucia.es\/ceipvalerianolopez\/wp-json\/wp\/v2\/pages\/1032\/revisions"}],"predecessor-version":[{"id":3054,"href":"https:\/\/blogsaverroes.juntadeandalucia.es\/ceipvalerianolopez\/wp-json\/wp\/v2\/pages\/1032\/revisions\/3054"}],"up":[{"embeddable":true,"href":"https:\/\/blogsaverroes.juntadeandalucia.es\/ceipvalerianolopez\/wp-json\/wp\/v2\/pages\/202"}],"wp:attachment":[{"href":"https:\/\/blogsaverroes.juntadeandalucia.es\/ceipvalerianolopez\/wp-json\/wp\/v2\/media?parent=1032"}],"curies":[{"name":"wp","href":"https:\/\/api.w.org\/{rel}","templated":true}]}}